{"id":11561,"date":"2024-07-18T12:59:06","date_gmt":"2024-07-18T12:59:06","guid":{"rendered":"https:\/\/spectrebaltics.com\/projects\/cnc\/"},"modified":"2024-10-14T13:37:13","modified_gmt":"2024-10-14T13:37:13","slug":"cnc","status":"publish","type":"page","link":"https:\/\/spectrebaltics.com\/en\/projects\/cnc\/","title":{"rendered":"CNC"},"content":{"rendered":"<section class=\"l-section wpb_row height_medium\"><div class=\"l-section-h i-cf\"><div class=\"g-cols vc_row via_grid cols_1 laptops-cols_inherit tablets-cols_inherit mobiles-cols_1 valign_top type_default stacking_default\"><div class=\"wpb_column vc_column_container\"><div class=\"vc_column-inner\">[vc_custom_heading text=&#8221;CNC&#8221; font_container=&#8221;tag:h1|text_align:center&#8221; use_theme_fonts=&#8221;yes&#8221;]<div class=\"w-separator hide_on_tablets hide_on_mobiles size_small\"><\/div><div class=\"w-grid type_grid layout_11511 cols_4\" id=\"us_grid_1\" style=\"--gap:3vw;\" data-filterable=\"true\"><style>@media (max-width:1024px){#us_grid_1 .w-grid-item{width:33.3333%}}@media (max-width:600px){#us_grid_1 .w-grid-item{width:50%}}.layout_11511 .w-grid-item-h{}.layout_11511 .usg_post_title_1{font-family:var(--h1-font-family)!important;font-weight:600!important;margin-top:12px!important}<\/style><div class=\"w-grid-list\">\t<article class=\"w-grid-item size_1x1 post-12512 post type-post status-publish format-standard has-post-thumbnail hentry category-cnc\" data-id=\"12512\">\r\n\t\t<div class=\"w-grid-item-h\">\r\n\t\t\t\t\t\t<div class=\"w-post-elm post_image usg_post_image_1 has_ratio\"><div style=\"padding-bottom:100%\"><\/div><a href=\"https:\/\/spectrebaltics.com\/en\/2025-microstep-plasma-loikelauad-eestis\/\" aria-label=\"Microstep plasma l\u00f5ikelauad Eestis, paigaldatud 2025\"><img width=\"768\" height=\"1024\" src=\"https:\/\/spectrebaltics.com\/wp-content\/uploads\/2025\/08\/20253-768x1024.jpg\" class=\"attachment-large size-large wp-post-image\" alt=\"\" loading=\"lazy\" srcset=\"https:\/\/spectrebaltics.com\/wp-content\/uploads\/2025\/08\/20253-768x1024.jpg 768w, https:\/\/spectrebaltics.com\/wp-content\/uploads\/2025\/08\/20253-225x300.jpg 225w, https:\/\/spectrebaltics.com\/wp-content\/uploads\/2025\/08\/20253-600x800.jpg 600w, https:\/\/spectrebaltics.com\/wp-content\/uploads\/2025\/08\/20253-64x85.jpg 64w, https:\/\/spectrebaltics.com\/wp-content\/uploads\/2025\/08\/20253-scaled.jpg 1500w\" sizes=\"(max-width: 768px) 100vw, 768px\" \/><\/a><\/div><div class=\"w-post-elm post_title usg_post_title_1 align_center entry-title color_link_inherit\"><a href=\"https:\/\/spectrebaltics.com\/en\/2025-microstep-plasma-loikelauad-eestis\/\">Microstep plasma l\u00f5ikelauad Eestis, paigaldatud 2025<\/a><\/div>\t\t<\/div>\r\n\t\t\t<\/article>\r\n\t<article class=\"w-grid-item size_1x1 post-12485 post type-post status-publish format-standard has-post-thumbnail hentry category-cnc\" data-id=\"12485\">\r\n\t\t<div class=\"w-grid-item-h\">\r\n\t\t\t\t\t\t<div class=\"w-post-elm post_image usg_post_image_1 has_ratio\"><div style=\"padding-bottom:100%\"><\/div><a href=\"https:\/\/spectrebaltics.com\/en\/12485\/\" aria-label=\"Air Compressors Comprag in Estonia\"><img width=\"1024\" height=\"768\" src=\"https:\/\/spectrebaltics.com\/wp-content\/uploads\/2025\/06\/comp1-1024x768.jpg\" class=\"attachment-large size-large wp-post-image\" alt=\"\" loading=\"lazy\" srcset=\"https:\/\/spectrebaltics.com\/wp-content\/uploads\/2025\/06\/comp1-1024x768.jpg 1024w, https:\/\/spectrebaltics.com\/wp-content\/uploads\/2025\/06\/comp1-300x225.jpg 300w, https:\/\/spectrebaltics.com\/wp-content\/uploads\/2025\/06\/comp1-600x450.jpg 600w, https:\/\/spectrebaltics.com\/wp-content\/uploads\/2025\/06\/comp1-64x48.jpg 64w, https:\/\/spectrebaltics.com\/wp-content\/uploads\/2025\/06\/comp1-scaled.jpg 2000w\" sizes=\"(max-width: 1024px) 100vw, 1024px\" \/><\/a><\/div><div class=\"w-post-elm post_title usg_post_title_1 align_center entry-title color_link_inherit\"><a href=\"https:\/\/spectrebaltics.com\/en\/12485\/\">Air Compressors Comprag in Estonia<\/a><\/div>\t\t<\/div>\r\n\t\t\t<\/article>\r\n\t<article class=\"w-grid-item size_1x1 post-12051 post type-post status-publish format-standard has-post-thumbnail hentry category-cnc\" data-id=\"12051\">\r\n\t\t<div class=\"w-grid-item-h\">\r\n\t\t\t\t\t\t<div class=\"w-post-elm post_image usg_post_image_1 has_ratio\"><div style=\"padding-bottom:100%\"><\/div><a href=\"https:\/\/spectrebaltics.com\/en\/knuth-radiaalpuurimismasinad-r-60-vt-pro-paigaldatud-2024\/\" aria-label=\"Knuth Radiaalpuurimismasinad R 60 VT PRO , paigaldatud 2024\"><img width=\"600\" height=\"612\" src=\"https:\/\/spectrebaltics.com\/wp-content\/uploads\/2024\/11\/knuth3.jpg\" class=\"attachment-large size-large wp-post-image\" alt=\"\" loading=\"lazy\" srcset=\"https:\/\/spectrebaltics.com\/wp-content\/uploads\/2024\/11\/knuth3.jpg 600w, https:\/\/spectrebaltics.com\/wp-content\/uploads\/2024\/11\/knuth3-294x300.jpg 294w, https:\/\/spectrebaltics.com\/wp-content\/uploads\/2024\/11\/knuth3-64x65.jpg 64w\" sizes=\"(max-width: 600px) 100vw, 600px\" \/><\/a><\/div><div class=\"w-post-elm post_title usg_post_title_1 align_center entry-title color_link_inherit\"><a href=\"https:\/\/spectrebaltics.com\/en\/knuth-radiaalpuurimismasinad-r-60-vt-pro-paigaldatud-2024\/\">Knuth Radiaalpuurimismasinad R 60 VT PRO , paigaldatud 2024<\/a><\/div>\t\t<\/div>\r\n\t\t\t<\/article>\r\n\t<article class=\"w-grid-item size_1x1 post-12004 post type-post status-publish format-standard has-post-thumbnail hentry category-cnc\" data-id=\"12004\">\r\n\t\t<div class=\"w-grid-item-h\">\r\n\t\t\t\t\t\t<div class=\"w-post-elm post_image usg_post_image_1 has_ratio\"><div style=\"padding-bottom:100%\"><\/div><a href=\"https:\/\/spectrebaltics.com\/en\/lintsaepinki-karmetal-2024\/\" aria-label=\"Lintsaepinki Karmetal 2024\"><img width=\"950\" height=\"926\" src=\"https:\/\/spectrebaltics.com\/wp-content\/uploads\/2024\/11\/screenshot-2024-11-20-130716.png\" class=\"attachment-large size-large wp-post-image\" alt=\"\" loading=\"lazy\" srcset=\"https:\/\/spectrebaltics.com\/wp-content\/uploads\/2024\/11\/screenshot-2024-11-20-130716.png 950w, https:\/\/spectrebaltics.com\/wp-content\/uploads\/2024\/11\/screenshot-2024-11-20-130716-300x292.png 300w, https:\/\/spectrebaltics.com\/wp-content\/uploads\/2024\/11\/screenshot-2024-11-20-130716-600x585.png 600w, https:\/\/spectrebaltics.com\/wp-content\/uploads\/2024\/11\/screenshot-2024-11-20-130716-64x62.png 64w\" sizes=\"(max-width: 950px) 100vw, 950px\" \/><\/a><\/div><div class=\"w-post-elm post_title usg_post_title_1 align_center entry-title color_link_inherit\"><a href=\"https:\/\/spectrebaltics.com\/en\/lintsaepinki-karmetal-2024\/\">Lintsaepinki Karmetal 2024<\/a><\/div>\t\t<\/div>\r\n\t\t\t<\/article>\r\n\t<article class=\"w-grid-item size_1x1 post-11993 post type-post status-publish format-standard has-post-thumbnail hentry category-cnc\" data-id=\"11993\">\r\n\t\t<div class=\"w-grid-item-h\">\r\n\t\t\t\t\t\t<div class=\"w-post-elm post_image usg_post_image_1 has_ratio\"><div style=\"padding-bottom:100%\"><\/div><a href=\"https:\/\/spectrebaltics.com\/en\/kruvikompressorid-comprag-11-2024\/\" aria-label=\"Kruvikompressorid Comprag 11.2024\"><img width=\"1024\" height=\"768\" src=\"https:\/\/spectrebaltics.com\/wp-content\/uploads\/2024\/11\/whatsapp-image-2024-11-15-at-10.10.17_aa62e7c8-1024x768.jpg\" class=\"attachment-large size-large wp-post-image\" alt=\"\" loading=\"lazy\" srcset=\"https:\/\/spectrebaltics.com\/wp-content\/uploads\/2024\/11\/whatsapp-image-2024-11-15-at-10.10.17_aa62e7c8-1024x768.jpg 1024w, https:\/\/spectrebaltics.com\/wp-content\/uploads\/2024\/11\/whatsapp-image-2024-11-15-at-10.10.17_aa62e7c8-300x225.jpg 300w, https:\/\/spectrebaltics.com\/wp-content\/uploads\/2024\/11\/whatsapp-image-2024-11-15-at-10.10.17_aa62e7c8-600x450.jpg 600w, https:\/\/spectrebaltics.com\/wp-content\/uploads\/2024\/11\/whatsapp-image-2024-11-15-at-10.10.17_aa62e7c8-64x48.jpg 64w, https:\/\/spectrebaltics.com\/wp-content\/uploads\/2024\/11\/whatsapp-image-2024-11-15-at-10.10.17_aa62e7c8-scaled.jpg 2000w\" sizes=\"(max-width: 1024px) 100vw, 1024px\" \/><\/a><\/div><div class=\"w-post-elm post_title usg_post_title_1 align_center entry-title color_link_inherit\"><a href=\"https:\/\/spectrebaltics.com\/en\/kruvikompressorid-comprag-11-2024\/\">Kruvikompressorid Comprag 11.2024<\/a><\/div>\t\t<\/div>\r\n\t\t\t<\/article>\r\n\t<article class=\"w-grid-item size_1x1 post-11775 post type-post status-publish format-standard has-post-thumbnail hentry category-cnc\" data-id=\"11775\">\r\n\t\t<div class=\"w-grid-item-h\">\r\n\t\t\t\t\t\t<div class=\"w-post-elm post_image usg_post_image_1 has_ratio\"><div style=\"padding-bottom:100%\"><\/div><a href=\"https:\/\/spectrebaltics.com\/en\/kruvikompressorid-comprag\/\" aria-label=\"Kruvikompressorid Comprag\"><img width=\"800\" height=\"799\" src=\"https:\/\/spectrebaltics.com\/wp-content\/uploads\/2024\/11\/19_fser-1.jpg\" class=\"attachment-large size-large wp-post-image\" alt=\"\" loading=\"lazy\" srcset=\"https:\/\/spectrebaltics.com\/wp-content\/uploads\/2024\/11\/19_fser-1.jpg 800w, https:\/\/spectrebaltics.com\/wp-content\/uploads\/2024\/11\/19_fser-1-300x300.jpg 300w, https:\/\/spectrebaltics.com\/wp-content\/uploads\/2024\/11\/19_fser-1-150x150.jpg 150w, https:\/\/spectrebaltics.com\/wp-content\/uploads\/2024\/11\/19_fser-1-600x599.jpg 600w, https:\/\/spectrebaltics.com\/wp-content\/uploads\/2024\/11\/19_fser-1-64x64.jpg 64w\" sizes=\"(max-width: 800px) 100vw, 800px\" \/><\/a><\/div><div class=\"w-post-elm post_title usg_post_title_1 align_center entry-title color_link_inherit\"><a href=\"https:\/\/spectrebaltics.com\/en\/kruvikompressorid-comprag\/\">Kruvikompressorid Comprag<\/a><\/div>\t\t<\/div>\r\n\t\t\t<\/article>\r\n\t<article class=\"w-grid-item size_1x1 post-11706 post type-post status-publish format-standard has-post-thumbnail hentry category-cnc\" data-id=\"11706\">\r\n\t\t<div class=\"w-grid-item-h\">\r\n\t\t\t\t\t\t<div class=\"w-post-elm post_image usg_post_image_1 has_ratio\"><div style=\"padding-bottom:100%\"><\/div><a href=\"https:\/\/spectrebaltics.com\/en\/microstep-plasma-gaasi-loikelauad-eestis\/\" aria-label=\"Microstep plasma\/gaasi l\u00f5ikelauad Eestis\"><img width=\"1024\" height=\"768\" src=\"https:\/\/spectrebaltics.com\/wp-content\/uploads\/2024\/11\/cnc1-1024x768.jpg\" class=\"attachment-large size-large wp-post-image\" alt=\"\" loading=\"lazy\" srcset=\"https:\/\/spectrebaltics.com\/wp-content\/uploads\/2024\/11\/cnc1-1024x768.jpg 1024w, https:\/\/spectrebaltics.com\/wp-content\/uploads\/2024\/11\/cnc1-300x225.jpg 300w, https:\/\/spectrebaltics.com\/wp-content\/uploads\/2024\/11\/cnc1-600x450.jpg 600w, https:\/\/spectrebaltics.com\/wp-content\/uploads\/2024\/11\/cnc1-64x48.jpg 64w, https:\/\/spectrebaltics.com\/wp-content\/uploads\/2024\/11\/cnc1-scaled.jpg 2000w\" sizes=\"(max-width: 1024px) 100vw, 1024px\" \/><\/a><\/div><div class=\"w-post-elm post_title usg_post_title_1 align_center entry-title color_link_inherit\"><a href=\"https:\/\/spectrebaltics.com\/en\/microstep-plasma-gaasi-loikelauad-eestis\/\">Microstep plasma\/gaasi l\u00f5ikelauad Eestis<\/a><\/div>\t\t<\/div>\r\n\t\t\t<\/article>\r\n<\/div><div class=\"w-grid-preloader\">\t<div class=\"g-preloader type_1\">\r\n\t\t<div><\/div>\r\n\t<\/div>\r\n\t<\/div>\t<div class=\"w-grid-json hidden\" onclick='return {&quot;action&quot;:&quot;us_ajax_grid&quot;,&quot;infinite_scroll&quot;:0,&quot;max_num_pages&quot;:1,&quot;pagination&quot;:&quot;none&quot;,&quot;template_vars&quot;:{&quot;columns&quot;:&quot;4&quot;,&quot;exclude_items&quot;:&quot;none&quot;,&quot;img_size&quot;:&quot;default&quot;,&quot;ignore_items_size&quot;:0,&quot;items_layout&quot;:&quot;11511&quot;,&quot;items_offset&quot;:&quot;1&quot;,&quot;load_animation&quot;:&quot;none&quot;,&quot;overriding_link&quot;:&quot;%7B%22url%22%3A%22%22%7D&quot;,&quot;post_id&quot;:0,&quot;query_args&quot;:{&quot;post_type&quot;:[&quot;post&quot;],&quot;tax_query&quot;:[{&quot;taxonomy&quot;:&quot;category&quot;,&quot;field&quot;:&quot;slug&quot;,&quot;terms&quot;:[&quot;cnc-en&quot;]}],&quot;post_status&quot;:[&quot;publish&quot;],&quot;posts_per_page&quot;:999},&quot;orderby_query_args&quot;:{&quot;orderby&quot;:{&quot;date&quot;:&quot;DESC&quot;}},&quot;type&quot;:&quot;grid&quot;,&quot;us_grid_post_type&quot;:&quot;post&quot;,&quot;us_grid_ajax_index&quot;:1,&quot;us_grid_filter_params&quot;:[],&quot;us_grid_index&quot;:1,&quot;page_args&quot;:[],&quot;lang&quot;:&quot;en&quot;}}'><\/div>\r\n\t<\/div><div class=\"w-separator size_small\"><\/div><\/div><\/div><\/div><\/div><\/section>\n","protected":false},"excerpt":{"rendered":"MG-seeria on MicroStepi tippklassi CNC-l\u00f5ikepink, mis sobib pikaajaliseks t\u00f6\u00f6stuslikuks kasutamiseks ja vastab k\u00f5rgeimatele t\u00e4psuse, j\u00f5udluse ja h\u00f5lpsa kasutamise n\u00f5uetele. MG-masinad pakkuvad laia valikut lahendusi: plasma- ja gaasi kaldl\u00f5ikamine, torude, profiilide, kuplil\u00f5ikamine, puurimine automaatse t\u00f6\u00f6riista vahetusega, plaatide positsioneerimine lasersensori v\u00f5i CCD-kaameraga, mikrol\u00f6\u00f6km\u00e4rgistus. Portaali eriline k\u00f5rgendatud versioon v\u00f5imaldab gaasiga l\u00f5ikamist kuni 250 mm. Spectre Automation edukalt m\u00fc\u00fcb...","protected":false},"author":1,"featured_media":0,"parent":8690,"menu_order":0,"comment_status":"closed","ping_status":"closed","template":"","meta":[],"yoast_head":"<!-- This site is optimized with the Yoast SEO plugin v18.4.1 - https:\/\/yoast.com\/wordpress\/plugins\/seo\/ -->\n<title>CNC - Spectrebaltics<\/title>\n<meta name=\"robots\" content=\"index, follow, max-snippet:-1, max-image-preview:large, max-video-preview:-1\" \/>\n<link rel=\"canonical\" href=\"https:\/\/spectrebaltics.com\/en\/projects\/cnc\/\" \/>\n<meta property=\"og:locale\" content=\"en_US\" \/>\n<meta property=\"og:type\" content=\"article\" \/>\n<meta property=\"og:title\" content=\"CNC - Spectrebaltics\" \/>\n<meta property=\"og:url\" content=\"https:\/\/spectrebaltics.com\/en\/projects\/cnc\/\" \/>\n<meta property=\"og:site_name\" content=\"Spectrebaltics\" \/>\n<meta property=\"article:modified_time\" content=\"2024-10-14T13:37:13+00:00\" \/>\n<meta name=\"twitter:card\" content=\"summary_large_image\" \/>\n<script type=\"application\/ld+json\" class=\"yoast-schema-graph\">{\"@context\":\"https:\/\/schema.org\",\"@graph\":[{\"@type\":\"Organization\",\"@id\":\"https:\/\/spectrebaltics.com\/ru\/#organization\",\"name\":\"Spectrebaltics\",\"url\":\"https:\/\/spectrebaltics.com\/ru\/\",\"sameAs\":[],\"logo\":{\"@type\":\"ImageObject\",\"@id\":\"https:\/\/spectrebaltics.com\/ru\/#logo\",\"inLanguage\":\"en-US\",\"url\":\"https:\/\/spectrebaltics.com\/wp-content\/uploads\/2024\/03\/Spectrebaltics-logo.svg\",\"contentUrl\":\"https:\/\/spectrebaltics.com\/wp-content\/uploads\/2024\/03\/Spectrebaltics-logo.svg\",\"caption\":\"Spectrebaltics\"},\"image\":{\"@id\":\"https:\/\/spectrebaltics.com\/ru\/#logo\"}},{\"@type\":\"WebSite\",\"@id\":\"https:\/\/spectrebaltics.com\/ru\/#website\",\"url\":\"https:\/\/spectrebaltics.com\/ru\/\",\"name\":\"Spectrebaltics\",\"description\":\"\",\"publisher\":{\"@id\":\"https:\/\/spectrebaltics.com\/ru\/#organization\"},\"potentialAction\":[{\"@type\":\"SearchAction\",\"target\":{\"@type\":\"EntryPoint\",\"urlTemplate\":\"https:\/\/spectrebaltics.com\/ru\/?s={search_term_string}\"},\"query-input\":\"required name=search_term_string\"}],\"inLanguage\":\"en-US\"},{\"@type\":\"WebPage\",\"@id\":\"https:\/\/spectrebaltics.com\/en\/projects\/cnc\/#webpage\",\"url\":\"https:\/\/spectrebaltics.com\/en\/projects\/cnc\/\",\"name\":\"CNC - Spectrebaltics\",\"isPartOf\":{\"@id\":\"https:\/\/spectrebaltics.com\/ru\/#website\"},\"datePublished\":\"2024-07-18T12:59:06+00:00\",\"dateModified\":\"2024-10-14T13:37:13+00:00\",\"breadcrumb\":{\"@id\":\"https:\/\/spectrebaltics.com\/en\/projects\/cnc\/#breadcrumb\"},\"inLanguage\":\"en-US\",\"potentialAction\":[{\"@type\":\"ReadAction\",\"target\":[\"https:\/\/spectrebaltics.com\/en\/projects\/cnc\/\"]}]},{\"@type\":\"BreadcrumbList\",\"@id\":\"https:\/\/spectrebaltics.com\/en\/projects\/cnc\/#breadcrumb\",\"itemListElement\":[{\"@type\":\"ListItem\",\"position\":1,\"name\":\"Home\",\"item\":\"https:\/\/spectrebaltics.com\/en\/\"},{\"@type\":\"ListItem\",\"position\":2,\"name\":\"Projects\",\"item\":\"https:\/\/spectrebaltics.com\/en\/projects\/\"},{\"@type\":\"ListItem\",\"position\":3,\"name\":\"CNC\"}]}]}<\/script>\n<!-- \/ Yoast SEO plugin. -->","yoast_head_json":{"title":"CNC - Spectrebaltics","robots":{"index":"index","follow":"follow","max-snippet":"max-snippet:-1","max-image-preview":"max-image-preview:large","max-video-preview":"max-video-preview:-1"},"canonical":"https:\/\/spectrebaltics.com\/en\/projects\/cnc\/","og_locale":"en_US","og_type":"article","og_title":"CNC - Spectrebaltics","og_url":"https:\/\/spectrebaltics.com\/en\/projects\/cnc\/","og_site_name":"Spectrebaltics","article_modified_time":"2024-10-14T13:37:13+00:00","twitter_card":"summary_large_image","schema":{"@context":"https:\/\/schema.org","@graph":[{"@type":"Organization","@id":"https:\/\/spectrebaltics.com\/ru\/#organization","name":"Spectrebaltics","url":"https:\/\/spectrebaltics.com\/ru\/","sameAs":[],"logo":{"@type":"ImageObject","@id":"https:\/\/spectrebaltics.com\/ru\/#logo","inLanguage":"en-US","url":"https:\/\/spectrebaltics.com\/wp-content\/uploads\/2024\/03\/Spectrebaltics-logo.svg","contentUrl":"https:\/\/spectrebaltics.com\/wp-content\/uploads\/2024\/03\/Spectrebaltics-logo.svg","caption":"Spectrebaltics"},"image":{"@id":"https:\/\/spectrebaltics.com\/ru\/#logo"}},{"@type":"WebSite","@id":"https:\/\/spectrebaltics.com\/ru\/#website","url":"https:\/\/spectrebaltics.com\/ru\/","name":"Spectrebaltics","description":"","publisher":{"@id":"https:\/\/spectrebaltics.com\/ru\/#organization"},"potentialAction":[{"@type":"SearchAction","target":{"@type":"EntryPoint","urlTemplate":"https:\/\/spectrebaltics.com\/ru\/?s={search_term_string}"},"query-input":"required name=search_term_string"}],"inLanguage":"en-US"},{"@type":"WebPage","@id":"https:\/\/spectrebaltics.com\/en\/projects\/cnc\/#webpage","url":"https:\/\/spectrebaltics.com\/en\/projects\/cnc\/","name":"CNC - Spectrebaltics","isPartOf":{"@id":"https:\/\/spectrebaltics.com\/ru\/#website"},"datePublished":"2024-07-18T12:59:06+00:00","dateModified":"2024-10-14T13:37:13+00:00","breadcrumb":{"@id":"https:\/\/spectrebaltics.com\/en\/projects\/cnc\/#breadcrumb"},"inLanguage":"en-US","potentialAction":[{"@type":"ReadAction","target":["https:\/\/spectrebaltics.com\/en\/projects\/cnc\/"]}]},{"@type":"BreadcrumbList","@id":"https:\/\/spectrebaltics.com\/en\/projects\/cnc\/#breadcrumb","itemListElement":[{"@type":"ListItem","position":1,"name":"Home","item":"https:\/\/spectrebaltics.com\/en\/"},{"@type":"ListItem","position":2,"name":"Projects","item":"https:\/\/spectrebaltics.com\/en\/projects\/"},{"@type":"ListItem","position":3,"name":"CNC"}]}]}},"_links":{"self":[{"href":"https:\/\/spectrebaltics.com\/en\/wp-json\/wp\/v2\/pages\/11561"}],"collection":[{"href":"https:\/\/spectrebaltics.com\/en\/wp-json\/wp\/v2\/pages"}],"about":[{"href":"https:\/\/spectrebaltics.com\/en\/wp-json\/wp\/v2\/types\/page"}],"author":[{"embeddable":true,"href":"https:\/\/spectrebaltics.com\/en\/wp-json\/wp\/v2\/users\/1"}],"replies":[{"embeddable":true,"href":"https:\/\/spectrebaltics.com\/en\/wp-json\/wp\/v2\/comments?post=11561"}],"version-history":[{"count":3,"href":"https:\/\/spectrebaltics.com\/en\/wp-json\/wp\/v2\/pages\/11561\/revisions"}],"predecessor-version":[{"id":11624,"href":"https:\/\/spectrebaltics.com\/en\/wp-json\/wp\/v2\/pages\/11561\/revisions\/11624"}],"up":[{"embeddable":true,"href":"https:\/\/spectrebaltics.com\/en\/wp-json\/wp\/v2\/pages\/8690"}],"wp:attachment":[{"href":"https:\/\/spectrebaltics.com\/en\/wp-json\/wp\/v2\/media?parent=11561"}],"curies":[{"name":"wp","href":"https:\/\/api.w.org\/{rel}","templated":true}]}}