{"id":10131,"date":"2024-06-21T09:47:37","date_gmt":"2024-06-21T09:47:37","guid":{"rendered":"https:\/\/spectrebaltics.com\/?post_type=product&#038;p=10131"},"modified":"2024-06-21T10:14:30","modified_gmt":"2024-06-21T10:14:30","slug":"kjellberg-cathode-g002y-o2","status":"publish","type":"product","link":"https:\/\/spectrebaltics.com\/en\/toode\/kjellberg-cathode-g002y-o2\/","title":{"rendered":"Kjellberg Cathode G002Y O2"},"content":{"rendered":"<p>G002Y,\u00a0 on ette n\u00e4htud madala s\u00fcsinikusisaldusega terase ja alumiiniumi mehhaniseeritud plasmal\u00f5ikamiseks vooluga 20 kuni 200 amprit.<\/p>\n<p>Katoodi valmistamisel kasutatakse tehnoloogiaid ja materjale, mis suurendavad oluliselt selle t\u00f6\u00f6kindlust ja vastupidavust. Katoodi disain tagab selle vesijahutuse ja sellest tulenevalt k\u00f5rge vastupidavuse.<\/p>\n<p>See kulumaterjal on l\u00f5ikamise ajal k\u00f5ige vastuv\u00f5tlikum kulumisele, nagu ka otsik, mist\u00f5ttu on soovitatav seda vahetada koos l\u00f5ikevoolule vastava otsikuga.<\/p>\n","protected":false},"excerpt":{"rendered":"<p>G002Y,\u00a0 on ette n\u00e4htud madala s\u00fcsinikusisaldusega terase ja alumiiniumi mehhaniseeritud plasmal\u00f5ikamiseks vooluga 20 kuni 200 amprit. Katoodi valmistamisel kasutatakse tehnoloogiaid ja materjale, mis suurendavad oluliselt selle t\u00f6\u00f6kindlust ja vastupidavust. Katoodi disain tagab selle vesijahutuse ja sellest tulenevalt k\u00f5rge vastupidavuse. See kulumaterjal on l\u00f5ikamise ajal k\u00f5ige vastuv\u00f5tlikum kulumisele, nagu ka otsik, mist\u00f5ttu on soovitatav seda vahetada&#8230;<\/p>\n","protected":false},"featured_media":0,"template":"","meta":[],"product_cat":[78,79],"product_tag":[],"yoast_head":"<!-- This site is optimized with the Yoast SEO plugin v18.4.1 - https:\/\/yoast.com\/wordpress\/plugins\/seo\/ -->\n<title>Kjellberg Cathode G002Y O2<\/title>\n<meta name=\"robots\" content=\"index, follow, max-snippet:-1, max-image-preview:large, max-video-preview:-1\" \/>\n<link rel=\"canonical\" href=\"https:\/\/spectrebaltics.com\/toode\/kjellberg-cathode-g002y-o2\/\" \/>\n<meta property=\"og:locale\" content=\"en_US\" \/>\n<meta property=\"og:type\" content=\"article\" \/>\n<meta property=\"og:title\" content=\"Kjellberg Cathode G002Y O2\" \/>\n<meta property=\"og:description\" content=\"G002Y,\u00a0 on ette n\u00e4htud madala s\u00fcsinikusisaldusega terase ja alumiiniumi mehhaniseeritud plasmal\u00f5ikamiseks vooluga 20 kuni 200 amprit. Katoodi valmistamisel kasutatakse tehnoloogiaid ja materjale, mis suurendavad oluliselt selle t\u00f6\u00f6kindlust ja vastupidavust. Katoodi disain tagab selle vesijahutuse ja sellest tulenevalt k\u00f5rge vastupidavuse. See kulumaterjal on l\u00f5ikamise ajal k\u00f5ige vastuv\u00f5tlikum kulumisele, nagu ka otsik, mist\u00f5ttu on soovitatav seda vahetada...\" \/>\n<meta property=\"og:url\" content=\"https:\/\/spectrebaltics.com\/toode\/kjellberg-cathode-g002y-o2\/\" \/>\n<meta property=\"og:site_name\" content=\"Spectrebaltics\" \/>\n<meta property=\"article:modified_time\" content=\"2024-06-21T10:14:30+00:00\" \/>\n<meta name=\"twitter:card\" content=\"summary_large_image\" \/>\n<script type=\"application\/ld+json\" class=\"yoast-schema-graph\">{\"@context\":\"https:\/\/schema.org\",\"@graph\":[{\"@type\":\"Organization\",\"@id\":\"https:\/\/spectrebaltics.com\/ru\/#organization\",\"name\":\"Spectrebaltics\",\"url\":\"https:\/\/spectrebaltics.com\/ru\/\",\"sameAs\":[],\"logo\":{\"@type\":\"ImageObject\",\"@id\":\"https:\/\/spectrebaltics.com\/ru\/#logo\",\"inLanguage\":\"en-US\",\"url\":\"https:\/\/spectrebaltics.com\/wp-content\/uploads\/2024\/03\/Spectrebaltics-logo.svg\",\"contentUrl\":\"https:\/\/spectrebaltics.com\/wp-content\/uploads\/2024\/03\/Spectrebaltics-logo.svg\",\"caption\":\"Spectrebaltics\"},\"image\":{\"@id\":\"https:\/\/spectrebaltics.com\/ru\/#logo\"}},{\"@type\":\"WebSite\",\"@id\":\"https:\/\/spectrebaltics.com\/ru\/#website\",\"url\":\"https:\/\/spectrebaltics.com\/ru\/\",\"name\":\"Spectrebaltics\",\"description\":\"\",\"publisher\":{\"@id\":\"https:\/\/spectrebaltics.com\/ru\/#organization\"},\"potentialAction\":[{\"@type\":\"SearchAction\",\"target\":{\"@type\":\"EntryPoint\",\"urlTemplate\":\"https:\/\/spectrebaltics.com\/ru\/?s={search_term_string}\"},\"query-input\":\"required name=search_term_string\"}],\"inLanguage\":\"en-US\"},{\"@type\":\"WebPage\",\"@id\":\"https:\/\/spectrebaltics.com\/toode\/kjellberg-cathode-g002y-o2\/#webpage\",\"url\":\"https:\/\/spectrebaltics.com\/toode\/kjellberg-cathode-g002y-o2\/\",\"name\":\"Kjellberg Cathode G002Y O2\",\"isPartOf\":{\"@id\":\"https:\/\/spectrebaltics.com\/ru\/#website\"},\"datePublished\":\"2024-06-21T09:47:37+00:00\",\"dateModified\":\"2024-06-21T10:14:30+00:00\",\"breadcrumb\":{\"@id\":\"https:\/\/spectrebaltics.com\/toode\/kjellberg-cathode-g002y-o2\/#breadcrumb\"},\"inLanguage\":\"en-US\",\"potentialAction\":[{\"@type\":\"ReadAction\",\"target\":[\"https:\/\/spectrebaltics.com\/toode\/kjellberg-cathode-g002y-o2\/\"]}]},{\"@type\":\"BreadcrumbList\",\"@id\":\"https:\/\/spectrebaltics.com\/toode\/kjellberg-cathode-g002y-o2\/#breadcrumb\",\"itemListElement\":[{\"@type\":\"ListItem\",\"position\":1,\"name\":\"Home\",\"item\":\"https:\/\/spectrebaltics.com\/en\/\"},{\"@type\":\"ListItem\",\"position\":2,\"name\":\"Catalogue\",\"item\":\"https:\/\/spectrebaltics.com\/en\/catalogue\/\"},{\"@type\":\"ListItem\",\"position\":3,\"name\":\"Kjellberg Cathode G002Y O2\"}]}]}<\/script>\n<!-- \/ Yoast SEO plugin. -->","yoast_head_json":{"title":"Kjellberg Cathode G002Y O2","robots":{"index":"index","follow":"follow","max-snippet":"max-snippet:-1","max-image-preview":"max-image-preview:large","max-video-preview":"max-video-preview:-1"},"canonical":"https:\/\/spectrebaltics.com\/toode\/kjellberg-cathode-g002y-o2\/","og_locale":"en_US","og_type":"article","og_title":"Kjellberg Cathode G002Y O2","og_description":"G002Y,\u00a0 on ette n\u00e4htud madala s\u00fcsinikusisaldusega terase ja alumiiniumi mehhaniseeritud plasmal\u00f5ikamiseks vooluga 20 kuni 200 amprit. Katoodi valmistamisel kasutatakse tehnoloogiaid ja materjale, mis suurendavad oluliselt selle t\u00f6\u00f6kindlust ja vastupidavust. Katoodi disain tagab selle vesijahutuse ja sellest tulenevalt k\u00f5rge vastupidavuse. See kulumaterjal on l\u00f5ikamise ajal k\u00f5ige vastuv\u00f5tlikum kulumisele, nagu ka otsik, mist\u00f5ttu on soovitatav seda vahetada...","og_url":"https:\/\/spectrebaltics.com\/toode\/kjellberg-cathode-g002y-o2\/","og_site_name":"Spectrebaltics","article_modified_time":"2024-06-21T10:14:30+00:00","twitter_card":"summary_large_image","schema":{"@context":"https:\/\/schema.org","@graph":[{"@type":"Organization","@id":"https:\/\/spectrebaltics.com\/ru\/#organization","name":"Spectrebaltics","url":"https:\/\/spectrebaltics.com\/ru\/","sameAs":[],"logo":{"@type":"ImageObject","@id":"https:\/\/spectrebaltics.com\/ru\/#logo","inLanguage":"en-US","url":"https:\/\/spectrebaltics.com\/wp-content\/uploads\/2024\/03\/Spectrebaltics-logo.svg","contentUrl":"https:\/\/spectrebaltics.com\/wp-content\/uploads\/2024\/03\/Spectrebaltics-logo.svg","caption":"Spectrebaltics"},"image":{"@id":"https:\/\/spectrebaltics.com\/ru\/#logo"}},{"@type":"WebSite","@id":"https:\/\/spectrebaltics.com\/ru\/#website","url":"https:\/\/spectrebaltics.com\/ru\/","name":"Spectrebaltics","description":"","publisher":{"@id":"https:\/\/spectrebaltics.com\/ru\/#organization"},"potentialAction":[{"@type":"SearchAction","target":{"@type":"EntryPoint","urlTemplate":"https:\/\/spectrebaltics.com\/ru\/?s={search_term_string}"},"query-input":"required name=search_term_string"}],"inLanguage":"en-US"},{"@type":"WebPage","@id":"https:\/\/spectrebaltics.com\/toode\/kjellberg-cathode-g002y-o2\/#webpage","url":"https:\/\/spectrebaltics.com\/toode\/kjellberg-cathode-g002y-o2\/","name":"Kjellberg Cathode G002Y O2","isPartOf":{"@id":"https:\/\/spectrebaltics.com\/ru\/#website"},"datePublished":"2024-06-21T09:47:37+00:00","dateModified":"2024-06-21T10:14:30+00:00","breadcrumb":{"@id":"https:\/\/spectrebaltics.com\/toode\/kjellberg-cathode-g002y-o2\/#breadcrumb"},"inLanguage":"en-US","potentialAction":[{"@type":"ReadAction","target":["https:\/\/spectrebaltics.com\/toode\/kjellberg-cathode-g002y-o2\/"]}]},{"@type":"BreadcrumbList","@id":"https:\/\/spectrebaltics.com\/toode\/kjellberg-cathode-g002y-o2\/#breadcrumb","itemListElement":[{"@type":"ListItem","position":1,"name":"Home","item":"https:\/\/spectrebaltics.com\/en\/"},{"@type":"ListItem","position":2,"name":"Catalogue","item":"https:\/\/spectrebaltics.com\/en\/catalogue\/"},{"@type":"ListItem","position":3,"name":"Kjellberg Cathode G002Y O2"}]}]}},"_links":{"self":[{"href":"https:\/\/spectrebaltics.com\/en\/wp-json\/wp\/v2\/product\/10131"}],"collection":[{"href":"https:\/\/spectrebaltics.com\/en\/wp-json\/wp\/v2\/product"}],"about":[{"href":"https:\/\/spectrebaltics.com\/en\/wp-json\/wp\/v2\/types\/product"}],"wp:attachment":[{"href":"https:\/\/spectrebaltics.com\/en\/wp-json\/wp\/v2\/media?parent=10131"}],"wp:term":[{"taxonomy":"product_cat","embeddable":true,"href":"https:\/\/spectrebaltics.com\/en\/wp-json\/wp\/v2\/product_cat?post=10131"},{"taxonomy":"product_tag","embeddable":true,"href":"https:\/\/spectrebaltics.com\/en\/wp-json\/wp\/v2\/product_tag?post=10131"}],"curies":[{"name":"wp","href":"https:\/\/api.w.org\/{rel}","templated":true}]}}