{"id":10140,"date":"2024-06-21T10:44:56","date_gmt":"2024-06-21T10:44:56","guid":{"rendered":"https:\/\/spectrebaltics.com\/?post_type=product&#038;p=10140"},"modified":"2024-06-21T10:44:56","modified_gmt":"2024-06-21T10:44:56","slug":"kjellberg-cooling-tube-g902y","status":"publish","type":"product","link":"https:\/\/spectrebaltics.com\/en\/toode\/kjellberg-cooling-tube-g902y\/","title":{"rendered":"Kjellberg Cooling tube G902Y"},"content":{"rendered":"<p>G902Y on ette n\u00e4htud madala s\u00fcsinikusisaldusega terase mehhaniseeritud plasmal\u00f5ikamiseks vooluga 20 kuni 200 amprit. Toru on m\u00f5eldud elektroodi vesijahutuseks, mis omakorda puutub plasmal\u00f5ikamise ajal kuumusega kokku.<\/p>\n","protected":false},"excerpt":{"rendered":"<p>G902Y on ette n\u00e4htud madala s\u00fcsinikusisaldusega terase mehhaniseeritud plasmal\u00f5ikamiseks vooluga 20 kuni 200 amprit. Toru on m\u00f5eldud elektroodi vesijahutuseks, mis omakorda puutub plasmal\u00f5ikamise ajal kuumusega kokku.<\/p>\n","protected":false},"featured_media":0,"template":"","meta":[],"product_cat":[78,79],"product_tag":[],"yoast_head":"<!-- This site is optimized with the Yoast SEO plugin v18.4.1 - https:\/\/yoast.com\/wordpress\/plugins\/seo\/ -->\n<title>Kjellberg Cooling tube G902Y<\/title>\n<meta name=\"robots\" content=\"index, follow, max-snippet:-1, max-image-preview:large, max-video-preview:-1\" \/>\n<link rel=\"canonical\" href=\"https:\/\/spectrebaltics.com\/toode\/kjellberg-cooling-tube-g902y\/\" \/>\n<meta property=\"og:locale\" content=\"en_US\" \/>\n<meta property=\"og:type\" content=\"article\" \/>\n<meta property=\"og:title\" content=\"Kjellberg Cooling tube G902Y\" \/>\n<meta property=\"og:description\" content=\"G902Y on ette n\u00e4htud madala s\u00fcsinikusisaldusega terase mehhaniseeritud plasmal\u00f5ikamiseks vooluga 20 kuni 200 amprit. Toru on m\u00f5eldud elektroodi vesijahutuseks, mis omakorda puutub plasmal\u00f5ikamise ajal kuumusega kokku.\" \/>\n<meta property=\"og:url\" content=\"https:\/\/spectrebaltics.com\/toode\/kjellberg-cooling-tube-g902y\/\" \/>\n<meta property=\"og:site_name\" content=\"Spectrebaltics\" \/>\n<meta name=\"twitter:card\" content=\"summary_large_image\" \/>\n<script type=\"application\/ld+json\" class=\"yoast-schema-graph\">{\"@context\":\"https:\/\/schema.org\",\"@graph\":[{\"@type\":\"Organization\",\"@id\":\"https:\/\/spectrebaltics.com\/ru\/#organization\",\"name\":\"Spectrebaltics\",\"url\":\"https:\/\/spectrebaltics.com\/ru\/\",\"sameAs\":[],\"logo\":{\"@type\":\"ImageObject\",\"@id\":\"https:\/\/spectrebaltics.com\/ru\/#logo\",\"inLanguage\":\"en-US\",\"url\":\"https:\/\/spectrebaltics.com\/wp-content\/uploads\/2024\/03\/Spectrebaltics-logo.svg\",\"contentUrl\":\"https:\/\/spectrebaltics.com\/wp-content\/uploads\/2024\/03\/Spectrebaltics-logo.svg\",\"caption\":\"Spectrebaltics\"},\"image\":{\"@id\":\"https:\/\/spectrebaltics.com\/ru\/#logo\"}},{\"@type\":\"WebSite\",\"@id\":\"https:\/\/spectrebaltics.com\/ru\/#website\",\"url\":\"https:\/\/spectrebaltics.com\/ru\/\",\"name\":\"Spectrebaltics\",\"description\":\"\",\"publisher\":{\"@id\":\"https:\/\/spectrebaltics.com\/ru\/#organization\"},\"potentialAction\":[{\"@type\":\"SearchAction\",\"target\":{\"@type\":\"EntryPoint\",\"urlTemplate\":\"https:\/\/spectrebaltics.com\/ru\/?s={search_term_string}\"},\"query-input\":\"required name=search_term_string\"}],\"inLanguage\":\"en-US\"},{\"@type\":\"WebPage\",\"@id\":\"https:\/\/spectrebaltics.com\/toode\/kjellberg-cooling-tube-g902y\/#webpage\",\"url\":\"https:\/\/spectrebaltics.com\/toode\/kjellberg-cooling-tube-g902y\/\",\"name\":\"Kjellberg Cooling tube G902Y\",\"isPartOf\":{\"@id\":\"https:\/\/spectrebaltics.com\/ru\/#website\"},\"datePublished\":\"2024-06-21T10:44:56+00:00\",\"dateModified\":\"2024-06-21T10:44:56+00:00\",\"breadcrumb\":{\"@id\":\"https:\/\/spectrebaltics.com\/toode\/kjellberg-cooling-tube-g902y\/#breadcrumb\"},\"inLanguage\":\"en-US\",\"potentialAction\":[{\"@type\":\"ReadAction\",\"target\":[\"https:\/\/spectrebaltics.com\/toode\/kjellberg-cooling-tube-g902y\/\"]}]},{\"@type\":\"BreadcrumbList\",\"@id\":\"https:\/\/spectrebaltics.com\/toode\/kjellberg-cooling-tube-g902y\/#breadcrumb\",\"itemListElement\":[{\"@type\":\"ListItem\",\"position\":1,\"name\":\"Home\",\"item\":\"https:\/\/spectrebaltics.com\/en\/\"},{\"@type\":\"ListItem\",\"position\":2,\"name\":\"Catalogue\",\"item\":\"https:\/\/spectrebaltics.com\/en\/catalogue\/\"},{\"@type\":\"ListItem\",\"position\":3,\"name\":\"Kjellberg Cooling tube G902Y\"}]}]}<\/script>\n<!-- \/ Yoast SEO plugin. -->","yoast_head_json":{"title":"Kjellberg Cooling tube G902Y","robots":{"index":"index","follow":"follow","max-snippet":"max-snippet:-1","max-image-preview":"max-image-preview:large","max-video-preview":"max-video-preview:-1"},"canonical":"https:\/\/spectrebaltics.com\/toode\/kjellberg-cooling-tube-g902y\/","og_locale":"en_US","og_type":"article","og_title":"Kjellberg Cooling tube G902Y","og_description":"G902Y on ette n\u00e4htud madala s\u00fcsinikusisaldusega terase mehhaniseeritud plasmal\u00f5ikamiseks vooluga 20 kuni 200 amprit. Toru on m\u00f5eldud elektroodi vesijahutuseks, mis omakorda puutub plasmal\u00f5ikamise ajal kuumusega kokku.","og_url":"https:\/\/spectrebaltics.com\/toode\/kjellberg-cooling-tube-g902y\/","og_site_name":"Spectrebaltics","twitter_card":"summary_large_image","schema":{"@context":"https:\/\/schema.org","@graph":[{"@type":"Organization","@id":"https:\/\/spectrebaltics.com\/ru\/#organization","name":"Spectrebaltics","url":"https:\/\/spectrebaltics.com\/ru\/","sameAs":[],"logo":{"@type":"ImageObject","@id":"https:\/\/spectrebaltics.com\/ru\/#logo","inLanguage":"en-US","url":"https:\/\/spectrebaltics.com\/wp-content\/uploads\/2024\/03\/Spectrebaltics-logo.svg","contentUrl":"https:\/\/spectrebaltics.com\/wp-content\/uploads\/2024\/03\/Spectrebaltics-logo.svg","caption":"Spectrebaltics"},"image":{"@id":"https:\/\/spectrebaltics.com\/ru\/#logo"}},{"@type":"WebSite","@id":"https:\/\/spectrebaltics.com\/ru\/#website","url":"https:\/\/spectrebaltics.com\/ru\/","name":"Spectrebaltics","description":"","publisher":{"@id":"https:\/\/spectrebaltics.com\/ru\/#organization"},"potentialAction":[{"@type":"SearchAction","target":{"@type":"EntryPoint","urlTemplate":"https:\/\/spectrebaltics.com\/ru\/?s={search_term_string}"},"query-input":"required name=search_term_string"}],"inLanguage":"en-US"},{"@type":"WebPage","@id":"https:\/\/spectrebaltics.com\/toode\/kjellberg-cooling-tube-g902y\/#webpage","url":"https:\/\/spectrebaltics.com\/toode\/kjellberg-cooling-tube-g902y\/","name":"Kjellberg Cooling tube G902Y","isPartOf":{"@id":"https:\/\/spectrebaltics.com\/ru\/#website"},"datePublished":"2024-06-21T10:44:56+00:00","dateModified":"2024-06-21T10:44:56+00:00","breadcrumb":{"@id":"https:\/\/spectrebaltics.com\/toode\/kjellberg-cooling-tube-g902y\/#breadcrumb"},"inLanguage":"en-US","potentialAction":[{"@type":"ReadAction","target":["https:\/\/spectrebaltics.com\/toode\/kjellberg-cooling-tube-g902y\/"]}]},{"@type":"BreadcrumbList","@id":"https:\/\/spectrebaltics.com\/toode\/kjellberg-cooling-tube-g902y\/#breadcrumb","itemListElement":[{"@type":"ListItem","position":1,"name":"Home","item":"https:\/\/spectrebaltics.com\/en\/"},{"@type":"ListItem","position":2,"name":"Catalogue","item":"https:\/\/spectrebaltics.com\/en\/catalogue\/"},{"@type":"ListItem","position":3,"name":"Kjellberg Cooling tube G902Y"}]}]}},"_links":{"self":[{"href":"https:\/\/spectrebaltics.com\/en\/wp-json\/wp\/v2\/product\/10140"}],"collection":[{"href":"https:\/\/spectrebaltics.com\/en\/wp-json\/wp\/v2\/product"}],"about":[{"href":"https:\/\/spectrebaltics.com\/en\/wp-json\/wp\/v2\/types\/product"}],"wp:attachment":[{"href":"https:\/\/spectrebaltics.com\/en\/wp-json\/wp\/v2\/media?parent=10140"}],"wp:term":[{"taxonomy":"product_cat","embeddable":true,"href":"https:\/\/spectrebaltics.com\/en\/wp-json\/wp\/v2\/product_cat?post=10140"},{"taxonomy":"product_tag","embeddable":true,"href":"https:\/\/spectrebaltics.com\/en\/wp-json\/wp\/v2\/product_tag?post=10140"}],"curies":[{"name":"wp","href":"https:\/\/api.w.org\/{rel}","templated":true}]}}