{"id":10151,"date":"2024-06-21T11:34:13","date_gmt":"2024-06-21T11:34:13","guid":{"rendered":"https:\/\/spectrebaltics.com\/?post_type=product&#038;p=10151"},"modified":"2024-06-21T11:34:13","modified_gmt":"2024-06-21T11:34:13","slug":"kjellberg-nozzle-cap-g3209","status":"publish","type":"product","link":"https:\/\/spectrebaltics.com\/en\/toode\/kjellberg-nozzle-cap-g3209\/","title":{"rendered":"Kjellberg Nozzle cap G3209"},"content":{"rendered":"<p>D\u00fc\u00fcsi korpus G3209,\u00a0 on ette n\u00e4htud madala s\u00fcsinikusisaldusega ja roostevaba terase mehhaniseeritud CNC plasmal\u00f5ikamiseks vooluga 360 amprit.<\/p>\n","protected":false},"excerpt":{"rendered":"<p>D\u00fc\u00fcsi korpus G3209,\u00a0 on ette n\u00e4htud madala s\u00fcsinikusisaldusega ja roostevaba terase mehhaniseeritud CNC plasmal\u00f5ikamiseks vooluga 360 amprit.<\/p>\n","protected":false},"featured_media":0,"template":"","meta":[],"product_cat":[78,79],"product_tag":[],"yoast_head":"<!-- This site is optimized with the Yoast SEO plugin v18.4.1 - https:\/\/yoast.com\/wordpress\/plugins\/seo\/ -->\n<title>Kjellberg Nozzle cap G3209<\/title>\n<meta name=\"robots\" content=\"index, follow, max-snippet:-1, max-image-preview:large, max-video-preview:-1\" \/>\n<link rel=\"canonical\" href=\"https:\/\/spectrebaltics.com\/ru\/toode\/kjellberg-nozzle-cap-g3209\/\" \/>\n<meta property=\"og:locale\" content=\"en_US\" \/>\n<meta property=\"og:type\" content=\"article\" \/>\n<meta property=\"og:title\" content=\"Kjellberg Nozzle cap G3209\" \/>\n<meta property=\"og:description\" content=\"D\u00fc\u00fcsi korpus G3209,\u00a0 on ette n\u00e4htud madala s\u00fcsinikusisaldusega ja roostevaba terase mehhaniseeritud CNC plasmal\u00f5ikamiseks vooluga 360 amprit.\" \/>\n<meta property=\"og:url\" content=\"https:\/\/spectrebaltics.com\/ru\/toode\/kjellberg-nozzle-cap-g3209\/\" \/>\n<meta property=\"og:site_name\" content=\"Spectrebaltics\" \/>\n<meta name=\"twitter:card\" content=\"summary_large_image\" \/>\n<script type=\"application\/ld+json\" class=\"yoast-schema-graph\">{\"@context\":\"https:\/\/schema.org\",\"@graph\":[{\"@type\":\"Organization\",\"@id\":\"https:\/\/spectrebaltics.com\/ru\/#organization\",\"name\":\"Spectrebaltics\",\"url\":\"https:\/\/spectrebaltics.com\/ru\/\",\"sameAs\":[],\"logo\":{\"@type\":\"ImageObject\",\"@id\":\"https:\/\/spectrebaltics.com\/ru\/#logo\",\"inLanguage\":\"en-US\",\"url\":\"https:\/\/spectrebaltics.com\/wp-content\/uploads\/2024\/03\/Spectrebaltics-logo.svg\",\"contentUrl\":\"https:\/\/spectrebaltics.com\/wp-content\/uploads\/2024\/03\/Spectrebaltics-logo.svg\",\"caption\":\"Spectrebaltics\"},\"image\":{\"@id\":\"https:\/\/spectrebaltics.com\/ru\/#logo\"}},{\"@type\":\"WebSite\",\"@id\":\"https:\/\/spectrebaltics.com\/ru\/#website\",\"url\":\"https:\/\/spectrebaltics.com\/ru\/\",\"name\":\"Spectrebaltics\",\"description\":\"\",\"publisher\":{\"@id\":\"https:\/\/spectrebaltics.com\/ru\/#organization\"},\"potentialAction\":[{\"@type\":\"SearchAction\",\"target\":{\"@type\":\"EntryPoint\",\"urlTemplate\":\"https:\/\/spectrebaltics.com\/ru\/?s={search_term_string}\"},\"query-input\":\"required name=search_term_string\"}],\"inLanguage\":\"en-US\"},{\"@type\":\"WebPage\",\"@id\":\"https:\/\/spectrebaltics.com\/ru\/toode\/kjellberg-nozzle-cap-g3209\/#webpage\",\"url\":\"https:\/\/spectrebaltics.com\/ru\/toode\/kjellberg-nozzle-cap-g3209\/\",\"name\":\"Kjellberg Nozzle cap G3209\",\"isPartOf\":{\"@id\":\"https:\/\/spectrebaltics.com\/ru\/#website\"},\"datePublished\":\"2024-06-21T11:34:13+00:00\",\"dateModified\":\"2024-06-21T11:34:13+00:00\",\"breadcrumb\":{\"@id\":\"https:\/\/spectrebaltics.com\/ru\/toode\/kjellberg-nozzle-cap-g3209\/#breadcrumb\"},\"inLanguage\":\"en-US\",\"potentialAction\":[{\"@type\":\"ReadAction\",\"target\":[\"https:\/\/spectrebaltics.com\/ru\/toode\/kjellberg-nozzle-cap-g3209\/\"]}]},{\"@type\":\"BreadcrumbList\",\"@id\":\"https:\/\/spectrebaltics.com\/ru\/toode\/kjellberg-nozzle-cap-g3209\/#breadcrumb\",\"itemListElement\":[{\"@type\":\"ListItem\",\"position\":1,\"name\":\"Home\",\"item\":\"https:\/\/spectrebaltics.com\/en\/\"},{\"@type\":\"ListItem\",\"position\":2,\"name\":\"Catalogue\",\"item\":\"https:\/\/spectrebaltics.com\/en\/catalogue\/\"},{\"@type\":\"ListItem\",\"position\":3,\"name\":\"Kjellberg Nozzle cap G3209\"}]}]}<\/script>\n<!-- \/ Yoast SEO plugin. -->","yoast_head_json":{"title":"Kjellberg Nozzle cap G3209","robots":{"index":"index","follow":"follow","max-snippet":"max-snippet:-1","max-image-preview":"max-image-preview:large","max-video-preview":"max-video-preview:-1"},"canonical":"https:\/\/spectrebaltics.com\/ru\/toode\/kjellberg-nozzle-cap-g3209\/","og_locale":"en_US","og_type":"article","og_title":"Kjellberg Nozzle cap G3209","og_description":"D\u00fc\u00fcsi korpus G3209,\u00a0 on ette n\u00e4htud madala s\u00fcsinikusisaldusega ja roostevaba terase mehhaniseeritud CNC plasmal\u00f5ikamiseks vooluga 360 amprit.","og_url":"https:\/\/spectrebaltics.com\/ru\/toode\/kjellberg-nozzle-cap-g3209\/","og_site_name":"Spectrebaltics","twitter_card":"summary_large_image","schema":{"@context":"https:\/\/schema.org","@graph":[{"@type":"Organization","@id":"https:\/\/spectrebaltics.com\/ru\/#organization","name":"Spectrebaltics","url":"https:\/\/spectrebaltics.com\/ru\/","sameAs":[],"logo":{"@type":"ImageObject","@id":"https:\/\/spectrebaltics.com\/ru\/#logo","inLanguage":"en-US","url":"https:\/\/spectrebaltics.com\/wp-content\/uploads\/2024\/03\/Spectrebaltics-logo.svg","contentUrl":"https:\/\/spectrebaltics.com\/wp-content\/uploads\/2024\/03\/Spectrebaltics-logo.svg","caption":"Spectrebaltics"},"image":{"@id":"https:\/\/spectrebaltics.com\/ru\/#logo"}},{"@type":"WebSite","@id":"https:\/\/spectrebaltics.com\/ru\/#website","url":"https:\/\/spectrebaltics.com\/ru\/","name":"Spectrebaltics","description":"","publisher":{"@id":"https:\/\/spectrebaltics.com\/ru\/#organization"},"potentialAction":[{"@type":"SearchAction","target":{"@type":"EntryPoint","urlTemplate":"https:\/\/spectrebaltics.com\/ru\/?s={search_term_string}"},"query-input":"required name=search_term_string"}],"inLanguage":"en-US"},{"@type":"WebPage","@id":"https:\/\/spectrebaltics.com\/ru\/toode\/kjellberg-nozzle-cap-g3209\/#webpage","url":"https:\/\/spectrebaltics.com\/ru\/toode\/kjellberg-nozzle-cap-g3209\/","name":"Kjellberg Nozzle cap G3209","isPartOf":{"@id":"https:\/\/spectrebaltics.com\/ru\/#website"},"datePublished":"2024-06-21T11:34:13+00:00","dateModified":"2024-06-21T11:34:13+00:00","breadcrumb":{"@id":"https:\/\/spectrebaltics.com\/ru\/toode\/kjellberg-nozzle-cap-g3209\/#breadcrumb"},"inLanguage":"en-US","potentialAction":[{"@type":"ReadAction","target":["https:\/\/spectrebaltics.com\/ru\/toode\/kjellberg-nozzle-cap-g3209\/"]}]},{"@type":"BreadcrumbList","@id":"https:\/\/spectrebaltics.com\/ru\/toode\/kjellberg-nozzle-cap-g3209\/#breadcrumb","itemListElement":[{"@type":"ListItem","position":1,"name":"Home","item":"https:\/\/spectrebaltics.com\/en\/"},{"@type":"ListItem","position":2,"name":"Catalogue","item":"https:\/\/spectrebaltics.com\/en\/catalogue\/"},{"@type":"ListItem","position":3,"name":"Kjellberg Nozzle cap G3209"}]}]}},"_links":{"self":[{"href":"https:\/\/spectrebaltics.com\/en\/wp-json\/wp\/v2\/product\/10151"}],"collection":[{"href":"https:\/\/spectrebaltics.com\/en\/wp-json\/wp\/v2\/product"}],"about":[{"href":"https:\/\/spectrebaltics.com\/en\/wp-json\/wp\/v2\/types\/product"}],"wp:attachment":[{"href":"https:\/\/spectrebaltics.com\/en\/wp-json\/wp\/v2\/media?parent=10151"}],"wp:term":[{"taxonomy":"product_cat","embeddable":true,"href":"https:\/\/spectrebaltics.com\/en\/wp-json\/wp\/v2\/product_cat?post=10151"},{"taxonomy":"product_tag","embeddable":true,"href":"https:\/\/spectrebaltics.com\/en\/wp-json\/wp\/v2\/product_tag?post=10151"}],"curies":[{"name":"wp","href":"https:\/\/api.w.org\/{rel}","templated":true}]}}