{"id":10341,"date":"2024-06-27T07:37:18","date_gmt":"2024-06-27T07:37:18","guid":{"rendered":"https:\/\/spectrebaltics.com\/?post_type=product&#038;p=10341"},"modified":"2024-06-27T07:37:18","modified_gmt":"2024-06-27T07:37:18","slug":"3m-poolmask-silikonist-7503-large","status":"publish","type":"product","link":"https:\/\/spectrebaltics.com\/en\/toode\/3m-poolmask-silikonist-7503-large\/","title":{"rendered":"3M Poolmask silikonist 7503, large"},"content":{"rendered":"<p>3M\u2122 7500 seeria poolmask pakub t\u00f5husat hingamisteede kaitset aerosoolide, gaaside v\u00f5i kombineeritud saasteainete eest (olenevalt filtri valikust). Poolmaski tihe liibumine n\u00e4ole, nii filtrite k\u00f5rge kvaliteet kui ka filtrite maski k\u00fclge kinnitamine tagavad inimesele k\u00f5rgetasemelise kaitse reaalsetes tootmistingimustes.<\/p>\n","protected":false},"excerpt":{"rendered":"<p>3M\u2122 7500 seeria poolmask pakub t\u00f5husat hingamisteede kaitset aerosoolide, gaaside v\u00f5i kombineeritud saasteainete eest (olenevalt filtri valikust). Poolmaski tihe liibumine n\u00e4ole, nii filtrite k\u00f5rge kvaliteet kui ka filtrite maski k\u00fclge kinnitamine tagavad inimesele k\u00f5rgetasemelise kaitse reaalsetes tootmistingimustes.<\/p>\n","protected":false},"featured_media":10335,"template":"","meta":[],"product_cat":[106,108],"product_tag":[],"yoast_head":"<!-- This site is optimized with the Yoast SEO plugin v18.4.1 - https:\/\/yoast.com\/wordpress\/plugins\/seo\/ -->\n<title>3M Poolmask silikonist 7503, large<\/title>\n<meta name=\"robots\" content=\"index, follow, max-snippet:-1, max-image-preview:large, max-video-preview:-1\" \/>\n<link rel=\"canonical\" href=\"https:\/\/spectrebaltics.com\/toode\/3m-poolmask-silikonist-7503-large\/\" \/>\n<meta property=\"og:locale\" content=\"en_US\" \/>\n<meta property=\"og:type\" content=\"article\" \/>\n<meta property=\"og:title\" content=\"3M Poolmask silikonist 7503, large\" \/>\n<meta property=\"og:description\" content=\"3M\u2122 7500 seeria poolmask pakub t\u00f5husat hingamisteede kaitset aerosoolide, gaaside v\u00f5i kombineeritud saasteainete eest (olenevalt filtri valikust). Poolmaski tihe liibumine n\u00e4ole, nii filtrite k\u00f5rge kvaliteet kui ka filtrite maski k\u00fclge kinnitamine tagavad inimesele k\u00f5rgetasemelise kaitse reaalsetes tootmistingimustes.\" \/>\n<meta property=\"og:url\" content=\"https:\/\/spectrebaltics.com\/toode\/3m-poolmask-silikonist-7503-large\/\" \/>\n<meta property=\"og:site_name\" content=\"Spectrebaltics\" \/>\n<meta property=\"og:image\" content=\"https:\/\/spectrebaltics.com\/wp-content\/uploads\/2024\/06\/screenshot-2021-01-29-at-13.25.45.png\" \/>\n\t<meta property=\"og:image:width\" content=\"988\" \/>\n\t<meta property=\"og:image:height\" content=\"988\" \/>\n\t<meta property=\"og:image:type\" content=\"image\/png\" \/>\n<meta name=\"twitter:card\" content=\"summary_large_image\" \/>\n<script type=\"application\/ld+json\" class=\"yoast-schema-graph\">{\"@context\":\"https:\/\/schema.org\",\"@graph\":[{\"@type\":\"Organization\",\"@id\":\"https:\/\/spectrebaltics.com\/ru\/#organization\",\"name\":\"Spectrebaltics\",\"url\":\"https:\/\/spectrebaltics.com\/ru\/\",\"sameAs\":[],\"logo\":{\"@type\":\"ImageObject\",\"@id\":\"https:\/\/spectrebaltics.com\/ru\/#logo\",\"inLanguage\":\"en-US\",\"url\":\"https:\/\/spectrebaltics.com\/wp-content\/uploads\/2024\/03\/Spectrebaltics-logo.svg\",\"contentUrl\":\"https:\/\/spectrebaltics.com\/wp-content\/uploads\/2024\/03\/Spectrebaltics-logo.svg\",\"caption\":\"Spectrebaltics\"},\"image\":{\"@id\":\"https:\/\/spectrebaltics.com\/ru\/#logo\"}},{\"@type\":\"WebSite\",\"@id\":\"https:\/\/spectrebaltics.com\/ru\/#website\",\"url\":\"https:\/\/spectrebaltics.com\/ru\/\",\"name\":\"Spectrebaltics\",\"description\":\"\",\"publisher\":{\"@id\":\"https:\/\/spectrebaltics.com\/ru\/#organization\"},\"potentialAction\":[{\"@type\":\"SearchAction\",\"target\":{\"@type\":\"EntryPoint\",\"urlTemplate\":\"https:\/\/spectrebaltics.com\/ru\/?s={search_term_string}\"},\"query-input\":\"required name=search_term_string\"}],\"inLanguage\":\"en-US\"},{\"@type\":\"ImageObject\",\"@id\":\"https:\/\/spectrebaltics.com\/toode\/3m-poolmask-silikonist-7503-large\/#primaryimage\",\"inLanguage\":\"en-US\",\"url\":\"https:\/\/spectrebaltics.com\/wp-content\/uploads\/2024\/06\/screenshot-2021-01-29-at-13.25.45.png\",\"contentUrl\":\"https:\/\/spectrebaltics.com\/wp-content\/uploads\/2024\/06\/screenshot-2021-01-29-at-13.25.45.png\",\"width\":988,\"height\":988},{\"@type\":\"WebPage\",\"@id\":\"https:\/\/spectrebaltics.com\/toode\/3m-poolmask-silikonist-7503-large\/#webpage\",\"url\":\"https:\/\/spectrebaltics.com\/toode\/3m-poolmask-silikonist-7503-large\/\",\"name\":\"3M Poolmask silikonist 7503, large\",\"isPartOf\":{\"@id\":\"https:\/\/spectrebaltics.com\/ru\/#website\"},\"primaryImageOfPage\":{\"@id\":\"https:\/\/spectrebaltics.com\/toode\/3m-poolmask-silikonist-7503-large\/#primaryimage\"},\"datePublished\":\"2024-06-27T07:37:18+00:00\",\"dateModified\":\"2024-06-27T07:37:18+00:00\",\"breadcrumb\":{\"@id\":\"https:\/\/spectrebaltics.com\/toode\/3m-poolmask-silikonist-7503-large\/#breadcrumb\"},\"inLanguage\":\"en-US\",\"potentialAction\":[{\"@type\":\"ReadAction\",\"target\":[\"https:\/\/spectrebaltics.com\/toode\/3m-poolmask-silikonist-7503-large\/\"]}]},{\"@type\":\"BreadcrumbList\",\"@id\":\"https:\/\/spectrebaltics.com\/toode\/3m-poolmask-silikonist-7503-large\/#breadcrumb\",\"itemListElement\":[{\"@type\":\"ListItem\",\"position\":1,\"name\":\"Home\",\"item\":\"https:\/\/spectrebaltics.com\/en\/\"},{\"@type\":\"ListItem\",\"position\":2,\"name\":\"Catalogue\",\"item\":\"https:\/\/spectrebaltics.com\/en\/catalogue\/\"},{\"@type\":\"ListItem\",\"position\":3,\"name\":\"3M Poolmask silikonist 7503, large\"}]}]}<\/script>\n<!-- \/ Yoast SEO plugin. -->","yoast_head_json":{"title":"3M Poolmask silikonist 7503, large","robots":{"index":"index","follow":"follow","max-snippet":"max-snippet:-1","max-image-preview":"max-image-preview:large","max-video-preview":"max-video-preview:-1"},"canonical":"https:\/\/spectrebaltics.com\/toode\/3m-poolmask-silikonist-7503-large\/","og_locale":"en_US","og_type":"article","og_title":"3M Poolmask silikonist 7503, large","og_description":"3M\u2122 7500 seeria poolmask pakub t\u00f5husat hingamisteede kaitset aerosoolide, gaaside v\u00f5i kombineeritud saasteainete eest (olenevalt filtri valikust). Poolmaski tihe liibumine n\u00e4ole, nii filtrite k\u00f5rge kvaliteet kui ka filtrite maski k\u00fclge kinnitamine tagavad inimesele k\u00f5rgetasemelise kaitse reaalsetes tootmistingimustes.","og_url":"https:\/\/spectrebaltics.com\/toode\/3m-poolmask-silikonist-7503-large\/","og_site_name":"Spectrebaltics","og_image":[{"width":988,"height":988,"url":"https:\/\/spectrebaltics.com\/wp-content\/uploads\/2024\/06\/screenshot-2021-01-29-at-13.25.45.png","type":"image\/png"}],"twitter_card":"summary_large_image","schema":{"@context":"https:\/\/schema.org","@graph":[{"@type":"Organization","@id":"https:\/\/spectrebaltics.com\/ru\/#organization","name":"Spectrebaltics","url":"https:\/\/spectrebaltics.com\/ru\/","sameAs":[],"logo":{"@type":"ImageObject","@id":"https:\/\/spectrebaltics.com\/ru\/#logo","inLanguage":"en-US","url":"https:\/\/spectrebaltics.com\/wp-content\/uploads\/2024\/03\/Spectrebaltics-logo.svg","contentUrl":"https:\/\/spectrebaltics.com\/wp-content\/uploads\/2024\/03\/Spectrebaltics-logo.svg","caption":"Spectrebaltics"},"image":{"@id":"https:\/\/spectrebaltics.com\/ru\/#logo"}},{"@type":"WebSite","@id":"https:\/\/spectrebaltics.com\/ru\/#website","url":"https:\/\/spectrebaltics.com\/ru\/","name":"Spectrebaltics","description":"","publisher":{"@id":"https:\/\/spectrebaltics.com\/ru\/#organization"},"potentialAction":[{"@type":"SearchAction","target":{"@type":"EntryPoint","urlTemplate":"https:\/\/spectrebaltics.com\/ru\/?s={search_term_string}"},"query-input":"required name=search_term_string"}],"inLanguage":"en-US"},{"@type":"ImageObject","@id":"https:\/\/spectrebaltics.com\/toode\/3m-poolmask-silikonist-7503-large\/#primaryimage","inLanguage":"en-US","url":"https:\/\/spectrebaltics.com\/wp-content\/uploads\/2024\/06\/screenshot-2021-01-29-at-13.25.45.png","contentUrl":"https:\/\/spectrebaltics.com\/wp-content\/uploads\/2024\/06\/screenshot-2021-01-29-at-13.25.45.png","width":988,"height":988},{"@type":"WebPage","@id":"https:\/\/spectrebaltics.com\/toode\/3m-poolmask-silikonist-7503-large\/#webpage","url":"https:\/\/spectrebaltics.com\/toode\/3m-poolmask-silikonist-7503-large\/","name":"3M Poolmask silikonist 7503, large","isPartOf":{"@id":"https:\/\/spectrebaltics.com\/ru\/#website"},"primaryImageOfPage":{"@id":"https:\/\/spectrebaltics.com\/toode\/3m-poolmask-silikonist-7503-large\/#primaryimage"},"datePublished":"2024-06-27T07:37:18+00:00","dateModified":"2024-06-27T07:37:18+00:00","breadcrumb":{"@id":"https:\/\/spectrebaltics.com\/toode\/3m-poolmask-silikonist-7503-large\/#breadcrumb"},"inLanguage":"en-US","potentialAction":[{"@type":"ReadAction","target":["https:\/\/spectrebaltics.com\/toode\/3m-poolmask-silikonist-7503-large\/"]}]},{"@type":"BreadcrumbList","@id":"https:\/\/spectrebaltics.com\/toode\/3m-poolmask-silikonist-7503-large\/#breadcrumb","itemListElement":[{"@type":"ListItem","position":1,"name":"Home","item":"https:\/\/spectrebaltics.com\/en\/"},{"@type":"ListItem","position":2,"name":"Catalogue","item":"https:\/\/spectrebaltics.com\/en\/catalogue\/"},{"@type":"ListItem","position":3,"name":"3M Poolmask silikonist 7503, large"}]}]}},"_links":{"self":[{"href":"https:\/\/spectrebaltics.com\/en\/wp-json\/wp\/v2\/product\/10341"}],"collection":[{"href":"https:\/\/spectrebaltics.com\/en\/wp-json\/wp\/v2\/product"}],"about":[{"href":"https:\/\/spectrebaltics.com\/en\/wp-json\/wp\/v2\/types\/product"}],"wp:featuredmedia":[{"embeddable":true,"href":"https:\/\/spectrebaltics.com\/en\/wp-json\/wp\/v2\/media\/10335"}],"wp:attachment":[{"href":"https:\/\/spectrebaltics.com\/en\/wp-json\/wp\/v2\/media?parent=10341"}],"wp:term":[{"taxonomy":"product_cat","embeddable":true,"href":"https:\/\/spectrebaltics.com\/en\/wp-json\/wp\/v2\/product_cat?post=10341"},{"taxonomy":"product_tag","embeddable":true,"href":"https:\/\/spectrebaltics.com\/en\/wp-json\/wp\/v2\/product_tag?post=10341"}],"curies":[{"name":"wp","href":"https:\/\/api.w.org\/{rel}","templated":true}]}}