{"id":10393,"date":"2024-06-27T09:16:22","date_gmt":"2024-06-27T09:16:22","guid":{"rendered":"https:\/\/spectrebaltics.com\/?post_type=product&#038;p=10393"},"modified":"2024-06-27T09:16:22","modified_gmt":"2024-06-27T09:16:22","slug":"p271-ergonet-tolmumask-ffp2-klapiga","status":"publish","type":"product","link":"https:\/\/spectrebaltics.com\/en\/toode\/p271-ergonet-tolmumask-ffp2-klapiga\/","title":{"rendered":"P271 &#8211; ERGONET tolmumask FFP2 Klapiga"},"content":{"rendered":"<p>Sellel respiraatoril on ergonoomiliselt loodud sobima enamiku n\u00e4okujudega ning sellel on pehme v\u00e4limine v\u00f5rkkate, mis kaitseb ja s\u00e4ilitab selle kuju. Ultraheli keevitatud ja metallivaba respiraator v\u00e4hendab t\u00f5husalt kuumust maski sees ja pakub mugavust, kui seda kasutatakse kuumades ja niisketes tingimustes.<\/p>\n","protected":false},"excerpt":{"rendered":"<p>Sellel respiraatoril on ergonoomiliselt loodud sobima enamiku n\u00e4okujudega ning sellel on pehme v\u00e4limine v\u00f5rkkate, mis kaitseb ja s\u00e4ilitab selle kuju. Ultraheli keevitatud ja metallivaba respiraator v\u00e4hendab t\u00f5husalt kuumust maski sees ja pakub mugavust, kui seda kasutatakse kuumades ja niisketes tingimustes.<\/p>\n","protected":false},"featured_media":10394,"template":"","meta":[],"product_cat":[106,108],"product_tag":[],"yoast_head":"<!-- This site is optimized with the Yoast SEO plugin v18.4.1 - https:\/\/yoast.com\/wordpress\/plugins\/seo\/ -->\n<title>P271 - ERGONET tolmumask FFP2 Klapiga<\/title>\n<meta name=\"robots\" content=\"index, follow, max-snippet:-1, max-image-preview:large, max-video-preview:-1\" \/>\n<link rel=\"canonical\" href=\"https:\/\/spectrebaltics.com\/toode\/p271-ergonet-tolmumask-ffp2-klapiga\/\" \/>\n<meta property=\"og:locale\" content=\"en_US\" \/>\n<meta property=\"og:type\" content=\"article\" \/>\n<meta property=\"og:title\" content=\"P271 - ERGONET tolmumask FFP2 Klapiga\" \/>\n<meta property=\"og:description\" content=\"Sellel respiraatoril on ergonoomiliselt loodud sobima enamiku n\u00e4okujudega ning sellel on pehme v\u00e4limine v\u00f5rkkate, mis kaitseb ja s\u00e4ilitab selle kuju. Ultraheli keevitatud ja metallivaba respiraator v\u00e4hendab t\u00f5husalt kuumust maski sees ja pakub mugavust, kui seda kasutatakse kuumades ja niisketes tingimustes.\" \/>\n<meta property=\"og:url\" content=\"https:\/\/spectrebaltics.com\/toode\/p271-ergonet-tolmumask-ffp2-klapiga\/\" \/>\n<meta property=\"og:site_name\" content=\"Spectrebaltics\" \/>\n<meta property=\"og:image\" content=\"https:\/\/spectrebaltics.com\/wp-content\/uploads\/2024\/06\/p271whr.jpg\" \/>\n\t<meta property=\"og:image:width\" content=\"1100\" \/>\n\t<meta property=\"og:image:height\" content=\"1100\" \/>\n\t<meta property=\"og:image:type\" content=\"image\/jpeg\" \/>\n<meta name=\"twitter:card\" content=\"summary_large_image\" \/>\n<script type=\"application\/ld+json\" class=\"yoast-schema-graph\">{\"@context\":\"https:\/\/schema.org\",\"@graph\":[{\"@type\":\"Organization\",\"@id\":\"https:\/\/spectrebaltics.com\/ru\/#organization\",\"name\":\"Spectrebaltics\",\"url\":\"https:\/\/spectrebaltics.com\/ru\/\",\"sameAs\":[],\"logo\":{\"@type\":\"ImageObject\",\"@id\":\"https:\/\/spectrebaltics.com\/ru\/#logo\",\"inLanguage\":\"en-US\",\"url\":\"https:\/\/spectrebaltics.com\/wp-content\/uploads\/2024\/03\/Spectrebaltics-logo.svg\",\"contentUrl\":\"https:\/\/spectrebaltics.com\/wp-content\/uploads\/2024\/03\/Spectrebaltics-logo.svg\",\"caption\":\"Spectrebaltics\"},\"image\":{\"@id\":\"https:\/\/spectrebaltics.com\/ru\/#logo\"}},{\"@type\":\"WebSite\",\"@id\":\"https:\/\/spectrebaltics.com\/ru\/#website\",\"url\":\"https:\/\/spectrebaltics.com\/ru\/\",\"name\":\"Spectrebaltics\",\"description\":\"\",\"publisher\":{\"@id\":\"https:\/\/spectrebaltics.com\/ru\/#organization\"},\"potentialAction\":[{\"@type\":\"SearchAction\",\"target\":{\"@type\":\"EntryPoint\",\"urlTemplate\":\"https:\/\/spectrebaltics.com\/ru\/?s={search_term_string}\"},\"query-input\":\"required name=search_term_string\"}],\"inLanguage\":\"en-US\"},{\"@type\":\"ImageObject\",\"@id\":\"https:\/\/spectrebaltics.com\/toode\/p271-ergonet-tolmumask-ffp2-klapiga\/#primaryimage\",\"inLanguage\":\"en-US\",\"url\":\"https:\/\/spectrebaltics.com\/wp-content\/uploads\/2024\/06\/p271whr.jpg\",\"contentUrl\":\"https:\/\/spectrebaltics.com\/wp-content\/uploads\/2024\/06\/p271whr.jpg\",\"width\":1100,\"height\":1100},{\"@type\":\"WebPage\",\"@id\":\"https:\/\/spectrebaltics.com\/toode\/p271-ergonet-tolmumask-ffp2-klapiga\/#webpage\",\"url\":\"https:\/\/spectrebaltics.com\/toode\/p271-ergonet-tolmumask-ffp2-klapiga\/\",\"name\":\"P271 - ERGONET tolmumask FFP2 Klapiga\",\"isPartOf\":{\"@id\":\"https:\/\/spectrebaltics.com\/ru\/#website\"},\"primaryImageOfPage\":{\"@id\":\"https:\/\/spectrebaltics.com\/toode\/p271-ergonet-tolmumask-ffp2-klapiga\/#primaryimage\"},\"datePublished\":\"2024-06-27T09:16:22+00:00\",\"dateModified\":\"2024-06-27T09:16:22+00:00\",\"breadcrumb\":{\"@id\":\"https:\/\/spectrebaltics.com\/toode\/p271-ergonet-tolmumask-ffp2-klapiga\/#breadcrumb\"},\"inLanguage\":\"en-US\",\"potentialAction\":[{\"@type\":\"ReadAction\",\"target\":[\"https:\/\/spectrebaltics.com\/toode\/p271-ergonet-tolmumask-ffp2-klapiga\/\"]}]},{\"@type\":\"BreadcrumbList\",\"@id\":\"https:\/\/spectrebaltics.com\/toode\/p271-ergonet-tolmumask-ffp2-klapiga\/#breadcrumb\",\"itemListElement\":[{\"@type\":\"ListItem\",\"position\":1,\"name\":\"Home\",\"item\":\"https:\/\/spectrebaltics.com\/en\/\"},{\"@type\":\"ListItem\",\"position\":2,\"name\":\"Catalogue\",\"item\":\"https:\/\/spectrebaltics.com\/en\/catalogue\/\"},{\"@type\":\"ListItem\",\"position\":3,\"name\":\"P271 &#8211; ERGONET tolmumask FFP2 Klapiga\"}]}]}<\/script>\n<!-- \/ Yoast SEO plugin. -->","yoast_head_json":{"title":"P271 - ERGONET tolmumask FFP2 Klapiga","robots":{"index":"index","follow":"follow","max-snippet":"max-snippet:-1","max-image-preview":"max-image-preview:large","max-video-preview":"max-video-preview:-1"},"canonical":"https:\/\/spectrebaltics.com\/toode\/p271-ergonet-tolmumask-ffp2-klapiga\/","og_locale":"en_US","og_type":"article","og_title":"P271 - ERGONET tolmumask FFP2 Klapiga","og_description":"Sellel respiraatoril on ergonoomiliselt loodud sobima enamiku n\u00e4okujudega ning sellel on pehme v\u00e4limine v\u00f5rkkate, mis kaitseb ja s\u00e4ilitab selle kuju. Ultraheli keevitatud ja metallivaba respiraator v\u00e4hendab t\u00f5husalt kuumust maski sees ja pakub mugavust, kui seda kasutatakse kuumades ja niisketes tingimustes.","og_url":"https:\/\/spectrebaltics.com\/toode\/p271-ergonet-tolmumask-ffp2-klapiga\/","og_site_name":"Spectrebaltics","og_image":[{"width":1100,"height":1100,"url":"https:\/\/spectrebaltics.com\/wp-content\/uploads\/2024\/06\/p271whr.jpg","type":"image\/jpeg"}],"twitter_card":"summary_large_image","schema":{"@context":"https:\/\/schema.org","@graph":[{"@type":"Organization","@id":"https:\/\/spectrebaltics.com\/ru\/#organization","name":"Spectrebaltics","url":"https:\/\/spectrebaltics.com\/ru\/","sameAs":[],"logo":{"@type":"ImageObject","@id":"https:\/\/spectrebaltics.com\/ru\/#logo","inLanguage":"en-US","url":"https:\/\/spectrebaltics.com\/wp-content\/uploads\/2024\/03\/Spectrebaltics-logo.svg","contentUrl":"https:\/\/spectrebaltics.com\/wp-content\/uploads\/2024\/03\/Spectrebaltics-logo.svg","caption":"Spectrebaltics"},"image":{"@id":"https:\/\/spectrebaltics.com\/ru\/#logo"}},{"@type":"WebSite","@id":"https:\/\/spectrebaltics.com\/ru\/#website","url":"https:\/\/spectrebaltics.com\/ru\/","name":"Spectrebaltics","description":"","publisher":{"@id":"https:\/\/spectrebaltics.com\/ru\/#organization"},"potentialAction":[{"@type":"SearchAction","target":{"@type":"EntryPoint","urlTemplate":"https:\/\/spectrebaltics.com\/ru\/?s={search_term_string}"},"query-input":"required name=search_term_string"}],"inLanguage":"en-US"},{"@type":"ImageObject","@id":"https:\/\/spectrebaltics.com\/toode\/p271-ergonet-tolmumask-ffp2-klapiga\/#primaryimage","inLanguage":"en-US","url":"https:\/\/spectrebaltics.com\/wp-content\/uploads\/2024\/06\/p271whr.jpg","contentUrl":"https:\/\/spectrebaltics.com\/wp-content\/uploads\/2024\/06\/p271whr.jpg","width":1100,"height":1100},{"@type":"WebPage","@id":"https:\/\/spectrebaltics.com\/toode\/p271-ergonet-tolmumask-ffp2-klapiga\/#webpage","url":"https:\/\/spectrebaltics.com\/toode\/p271-ergonet-tolmumask-ffp2-klapiga\/","name":"P271 - ERGONET tolmumask FFP2 Klapiga","isPartOf":{"@id":"https:\/\/spectrebaltics.com\/ru\/#website"},"primaryImageOfPage":{"@id":"https:\/\/spectrebaltics.com\/toode\/p271-ergonet-tolmumask-ffp2-klapiga\/#primaryimage"},"datePublished":"2024-06-27T09:16:22+00:00","dateModified":"2024-06-27T09:16:22+00:00","breadcrumb":{"@id":"https:\/\/spectrebaltics.com\/toode\/p271-ergonet-tolmumask-ffp2-klapiga\/#breadcrumb"},"inLanguage":"en-US","potentialAction":[{"@type":"ReadAction","target":["https:\/\/spectrebaltics.com\/toode\/p271-ergonet-tolmumask-ffp2-klapiga\/"]}]},{"@type":"BreadcrumbList","@id":"https:\/\/spectrebaltics.com\/toode\/p271-ergonet-tolmumask-ffp2-klapiga\/#breadcrumb","itemListElement":[{"@type":"ListItem","position":1,"name":"Home","item":"https:\/\/spectrebaltics.com\/en\/"},{"@type":"ListItem","position":2,"name":"Catalogue","item":"https:\/\/spectrebaltics.com\/en\/catalogue\/"},{"@type":"ListItem","position":3,"name":"P271 &#8211; ERGONET tolmumask FFP2 Klapiga"}]}]}},"_links":{"self":[{"href":"https:\/\/spectrebaltics.com\/en\/wp-json\/wp\/v2\/product\/10393"}],"collection":[{"href":"https:\/\/spectrebaltics.com\/en\/wp-json\/wp\/v2\/product"}],"about":[{"href":"https:\/\/spectrebaltics.com\/en\/wp-json\/wp\/v2\/types\/product"}],"wp:featuredmedia":[{"embeddable":true,"href":"https:\/\/spectrebaltics.com\/en\/wp-json\/wp\/v2\/media\/10394"}],"wp:attachment":[{"href":"https:\/\/spectrebaltics.com\/en\/wp-json\/wp\/v2\/media?parent=10393"}],"wp:term":[{"taxonomy":"product_cat","embeddable":true,"href":"https:\/\/spectrebaltics.com\/en\/wp-json\/wp\/v2\/product_cat?post=10393"},{"taxonomy":"product_tag","embeddable":true,"href":"https:\/\/spectrebaltics.com\/en\/wp-json\/wp\/v2\/product_tag?post=10393"}],"curies":[{"name":"wp","href":"https:\/\/api.w.org\/{rel}","templated":true}]}}