{"id":10432,"date":"2024-06-27T10:00:22","date_gmt":"2024-06-27T10:00:22","guid":{"rendered":"https:\/\/spectrebaltics.com\/?post_type=product&#038;p=10432"},"modified":"2024-06-27T10:00:22","modified_gmt":"2024-06-27T10:00:22","slug":"max-400-korvaklapid-kollased","status":"publish","type":"product","link":"https:\/\/spectrebaltics.com\/en\/toode\/max-400-korvaklapid-kollased\/","title":{"rendered":"MAX 400 k\u00f5rvaklapid kollased"},"content":{"rendered":"<p><span>EARLINE MAX 400 k\u00f5rvaklapid 31040\u00a0sobivad keskmise ja n\u00f5rgema m\u00fcra summutamiseks. K\u00f5rvaklapid kaitsevad k\u00f5rvu kahjuliku m\u00fcra eest ning ennetavad kuulmiskahjustuste teket. Peav\u00f5rul on pehmendused ning neid saab erineva peakuju j\u00e4rgi reguleerida, mille t\u00f5ttu on need\u00a0mugav kanda ka pikema aja jooksul.<\/span><\/p>\n","protected":false},"excerpt":{"rendered":"<p>EARLINE MAX 400 k\u00f5rvaklapid 31040\u00a0sobivad keskmise ja n\u00f5rgema m\u00fcra summutamiseks. K\u00f5rvaklapid kaitsevad k\u00f5rvu kahjuliku m\u00fcra eest ning ennetavad kuulmiskahjustuste teket. Peav\u00f5rul on pehmendused ning neid saab erineva peakuju j\u00e4rgi reguleerida, mille t\u00f5ttu on need\u00a0mugav kanda ka pikema aja jooksul.<\/p>\n","protected":false},"featured_media":10433,"template":"","meta":[],"product_cat":[106,109],"product_tag":[],"yoast_head":"<!-- This site is optimized with the Yoast SEO plugin v18.4.1 - https:\/\/yoast.com\/wordpress\/plugins\/seo\/ -->\n<title>MAX 400 k\u00f5rvaklapid kollased<\/title>\n<meta name=\"robots\" content=\"index, follow, max-snippet:-1, max-image-preview:large, max-video-preview:-1\" \/>\n<link rel=\"canonical\" href=\"https:\/\/spectrebaltics.com\/toode\/max-400-korvaklapid-kollased\/\" \/>\n<meta property=\"og:locale\" content=\"en_US\" \/>\n<meta property=\"og:type\" content=\"article\" \/>\n<meta property=\"og:title\" content=\"MAX 400 k\u00f5rvaklapid kollased\" \/>\n<meta property=\"og:description\" content=\"EARLINE MAX 400 k\u00f5rvaklapid 31040\u00a0sobivad keskmise ja n\u00f5rgema m\u00fcra summutamiseks. K\u00f5rvaklapid kaitsevad k\u00f5rvu kahjuliku m\u00fcra eest ning ennetavad kuulmiskahjustuste teket. Peav\u00f5rul on pehmendused ning neid saab erineva peakuju j\u00e4rgi reguleerida, mille t\u00f5ttu on need\u00a0mugav kanda ka pikema aja jooksul.\" \/>\n<meta property=\"og:url\" content=\"https:\/\/spectrebaltics.com\/toode\/max-400-korvaklapid-kollased\/\" \/>\n<meta property=\"og:site_name\" content=\"Spectrebaltics\" \/>\n<meta name=\"twitter:card\" content=\"summary_large_image\" \/>\n<meta name=\"twitter:image\" content=\"https:\/\/spectrebaltics.com\/wp-content\/uploads\/2024\/06\/eca9cb69-91f0-11e6-8321-001e67ad91cb_88af8e7d-84e4-439d-a083-1938e02c1828-1.webp\" \/>\n<script type=\"application\/ld+json\" class=\"yoast-schema-graph\">{\"@context\":\"https:\/\/schema.org\",\"@graph\":[{\"@type\":\"Organization\",\"@id\":\"https:\/\/spectrebaltics.com\/ru\/#organization\",\"name\":\"Spectrebaltics\",\"url\":\"https:\/\/spectrebaltics.com\/ru\/\",\"sameAs\":[],\"logo\":{\"@type\":\"ImageObject\",\"@id\":\"https:\/\/spectrebaltics.com\/ru\/#logo\",\"inLanguage\":\"en-US\",\"url\":\"https:\/\/spectrebaltics.com\/wp-content\/uploads\/2024\/03\/Spectrebaltics-logo.svg\",\"contentUrl\":\"https:\/\/spectrebaltics.com\/wp-content\/uploads\/2024\/03\/Spectrebaltics-logo.svg\",\"caption\":\"Spectrebaltics\"},\"image\":{\"@id\":\"https:\/\/spectrebaltics.com\/ru\/#logo\"}},{\"@type\":\"WebSite\",\"@id\":\"https:\/\/spectrebaltics.com\/ru\/#website\",\"url\":\"https:\/\/spectrebaltics.com\/ru\/\",\"name\":\"Spectrebaltics\",\"description\":\"\",\"publisher\":{\"@id\":\"https:\/\/spectrebaltics.com\/ru\/#organization\"},\"potentialAction\":[{\"@type\":\"SearchAction\",\"target\":{\"@type\":\"EntryPoint\",\"urlTemplate\":\"https:\/\/spectrebaltics.com\/ru\/?s={search_term_string}\"},\"query-input\":\"required name=search_term_string\"}],\"inLanguage\":\"en-US\"},{\"@type\":\"ImageObject\",\"@id\":\"https:\/\/spectrebaltics.com\/toode\/max-400-korvaklapid-kollased\/#primaryimage\",\"inLanguage\":\"en-US\",\"url\":\"https:\/\/spectrebaltics.com\/wp-content\/uploads\/2024\/06\/eca9cb69-91f0-11e6-8321-001e67ad91cb_88af8e7d-84e4-439d-a083-1938e02c1828-1.webp\",\"contentUrl\":\"https:\/\/spectrebaltics.com\/wp-content\/uploads\/2024\/06\/eca9cb69-91f0-11e6-8321-001e67ad91cb_88af8e7d-84e4-439d-a083-1938e02c1828-1.webp\",\"width\":450,\"height\":450},{\"@type\":\"WebPage\",\"@id\":\"https:\/\/spectrebaltics.com\/toode\/max-400-korvaklapid-kollased\/#webpage\",\"url\":\"https:\/\/spectrebaltics.com\/toode\/max-400-korvaklapid-kollased\/\",\"name\":\"MAX 400 k\u00f5rvaklapid kollased\",\"isPartOf\":{\"@id\":\"https:\/\/spectrebaltics.com\/ru\/#website\"},\"primaryImageOfPage\":{\"@id\":\"https:\/\/spectrebaltics.com\/toode\/max-400-korvaklapid-kollased\/#primaryimage\"},\"datePublished\":\"2024-06-27T10:00:22+00:00\",\"dateModified\":\"2024-06-27T10:00:22+00:00\",\"breadcrumb\":{\"@id\":\"https:\/\/spectrebaltics.com\/toode\/max-400-korvaklapid-kollased\/#breadcrumb\"},\"inLanguage\":\"en-US\",\"potentialAction\":[{\"@type\":\"ReadAction\",\"target\":[\"https:\/\/spectrebaltics.com\/toode\/max-400-korvaklapid-kollased\/\"]}]},{\"@type\":\"BreadcrumbList\",\"@id\":\"https:\/\/spectrebaltics.com\/toode\/max-400-korvaklapid-kollased\/#breadcrumb\",\"itemListElement\":[{\"@type\":\"ListItem\",\"position\":1,\"name\":\"Home\",\"item\":\"https:\/\/spectrebaltics.com\/en\/\"},{\"@type\":\"ListItem\",\"position\":2,\"name\":\"Catalogue\",\"item\":\"https:\/\/spectrebaltics.com\/en\/catalogue\/\"},{\"@type\":\"ListItem\",\"position\":3,\"name\":\"MAX 400 k\u00f5rvaklapid kollased\"}]}]}<\/script>\n<!-- \/ Yoast SEO plugin. -->","yoast_head_json":{"title":"MAX 400 k\u00f5rvaklapid kollased","robots":{"index":"index","follow":"follow","max-snippet":"max-snippet:-1","max-image-preview":"max-image-preview:large","max-video-preview":"max-video-preview:-1"},"canonical":"https:\/\/spectrebaltics.com\/toode\/max-400-korvaklapid-kollased\/","og_locale":"en_US","og_type":"article","og_title":"MAX 400 k\u00f5rvaklapid kollased","og_description":"EARLINE MAX 400 k\u00f5rvaklapid 31040\u00a0sobivad keskmise ja n\u00f5rgema m\u00fcra summutamiseks. K\u00f5rvaklapid kaitsevad k\u00f5rvu kahjuliku m\u00fcra eest ning ennetavad kuulmiskahjustuste teket. Peav\u00f5rul on pehmendused ning neid saab erineva peakuju j\u00e4rgi reguleerida, mille t\u00f5ttu on need\u00a0mugav kanda ka pikema aja jooksul.","og_url":"https:\/\/spectrebaltics.com\/toode\/max-400-korvaklapid-kollased\/","og_site_name":"Spectrebaltics","twitter_card":"summary_large_image","twitter_image":"https:\/\/spectrebaltics.com\/wp-content\/uploads\/2024\/06\/eca9cb69-91f0-11e6-8321-001e67ad91cb_88af8e7d-84e4-439d-a083-1938e02c1828-1.webp","schema":{"@context":"https:\/\/schema.org","@graph":[{"@type":"Organization","@id":"https:\/\/spectrebaltics.com\/ru\/#organization","name":"Spectrebaltics","url":"https:\/\/spectrebaltics.com\/ru\/","sameAs":[],"logo":{"@type":"ImageObject","@id":"https:\/\/spectrebaltics.com\/ru\/#logo","inLanguage":"en-US","url":"https:\/\/spectrebaltics.com\/wp-content\/uploads\/2024\/03\/Spectrebaltics-logo.svg","contentUrl":"https:\/\/spectrebaltics.com\/wp-content\/uploads\/2024\/03\/Spectrebaltics-logo.svg","caption":"Spectrebaltics"},"image":{"@id":"https:\/\/spectrebaltics.com\/ru\/#logo"}},{"@type":"WebSite","@id":"https:\/\/spectrebaltics.com\/ru\/#website","url":"https:\/\/spectrebaltics.com\/ru\/","name":"Spectrebaltics","description":"","publisher":{"@id":"https:\/\/spectrebaltics.com\/ru\/#organization"},"potentialAction":[{"@type":"SearchAction","target":{"@type":"EntryPoint","urlTemplate":"https:\/\/spectrebaltics.com\/ru\/?s={search_term_string}"},"query-input":"required name=search_term_string"}],"inLanguage":"en-US"},{"@type":"ImageObject","@id":"https:\/\/spectrebaltics.com\/toode\/max-400-korvaklapid-kollased\/#primaryimage","inLanguage":"en-US","url":"https:\/\/spectrebaltics.com\/wp-content\/uploads\/2024\/06\/eca9cb69-91f0-11e6-8321-001e67ad91cb_88af8e7d-84e4-439d-a083-1938e02c1828-1.webp","contentUrl":"https:\/\/spectrebaltics.com\/wp-content\/uploads\/2024\/06\/eca9cb69-91f0-11e6-8321-001e67ad91cb_88af8e7d-84e4-439d-a083-1938e02c1828-1.webp","width":450,"height":450},{"@type":"WebPage","@id":"https:\/\/spectrebaltics.com\/toode\/max-400-korvaklapid-kollased\/#webpage","url":"https:\/\/spectrebaltics.com\/toode\/max-400-korvaklapid-kollased\/","name":"MAX 400 k\u00f5rvaklapid kollased","isPartOf":{"@id":"https:\/\/spectrebaltics.com\/ru\/#website"},"primaryImageOfPage":{"@id":"https:\/\/spectrebaltics.com\/toode\/max-400-korvaklapid-kollased\/#primaryimage"},"datePublished":"2024-06-27T10:00:22+00:00","dateModified":"2024-06-27T10:00:22+00:00","breadcrumb":{"@id":"https:\/\/spectrebaltics.com\/toode\/max-400-korvaklapid-kollased\/#breadcrumb"},"inLanguage":"en-US","potentialAction":[{"@type":"ReadAction","target":["https:\/\/spectrebaltics.com\/toode\/max-400-korvaklapid-kollased\/"]}]},{"@type":"BreadcrumbList","@id":"https:\/\/spectrebaltics.com\/toode\/max-400-korvaklapid-kollased\/#breadcrumb","itemListElement":[{"@type":"ListItem","position":1,"name":"Home","item":"https:\/\/spectrebaltics.com\/en\/"},{"@type":"ListItem","position":2,"name":"Catalogue","item":"https:\/\/spectrebaltics.com\/en\/catalogue\/"},{"@type":"ListItem","position":3,"name":"MAX 400 k\u00f5rvaklapid kollased"}]}]}},"_links":{"self":[{"href":"https:\/\/spectrebaltics.com\/en\/wp-json\/wp\/v2\/product\/10432"}],"collection":[{"href":"https:\/\/spectrebaltics.com\/en\/wp-json\/wp\/v2\/product"}],"about":[{"href":"https:\/\/spectrebaltics.com\/en\/wp-json\/wp\/v2\/types\/product"}],"wp:featuredmedia":[{"embeddable":true,"href":"https:\/\/spectrebaltics.com\/en\/wp-json\/wp\/v2\/media\/10433"}],"wp:attachment":[{"href":"https:\/\/spectrebaltics.com\/en\/wp-json\/wp\/v2\/media?parent=10432"}],"wp:term":[{"taxonomy":"product_cat","embeddable":true,"href":"https:\/\/spectrebaltics.com\/en\/wp-json\/wp\/v2\/product_cat?post=10432"},{"taxonomy":"product_tag","embeddable":true,"href":"https:\/\/spectrebaltics.com\/en\/wp-json\/wp\/v2\/product_tag?post=10432"}],"curies":[{"name":"wp","href":"https:\/\/api.w.org\/{rel}","templated":true}]}}