{"id":10436,"date":"2024-06-27T10:11:39","date_gmt":"2024-06-27T10:11:39","guid":{"rendered":"https:\/\/spectrebaltics.com\/?post_type=product&#038;p=10436"},"modified":"2024-06-27T10:11:39","modified_gmt":"2024-06-27T10:11:39","slug":"peltor-h510p3e-kiivriklapid-optime-i","status":"publish","type":"product","link":"https:\/\/spectrebaltics.com\/en\/toode\/peltor-h510p3e-kiivriklapid-optime-i\/","title":{"rendered":"Peltor H510P3E kiivriklapid Optime I"},"content":{"rendered":"<p>3M PELTOR OPTIME I k\u00f5rvaklapid kiivrile<span>\u00a0on kerged ja silmatorkamatu disainiga, mis parandab mugavust ja kantavust. Kapslite sees olev piisav t\u00fchi ruum aitab v\u00e4hendada niiskuse ja kuumuse kogunemist.\u00a0Kiivrile kinnitatavad universaalsed k\u00f5rvaklapid kaitsevad v\u00e4iksema m\u00fcra eest. Mugavad ja kerged k\u00f5rvaklapid sobivad nii pika- kui l\u00fchiajaliseks kasutamiseks. Mitte kasutada v\u00e4ga tugeva m\u00fcra korral<\/span><\/p>\n","protected":false},"excerpt":{"rendered":"<p>3M PELTOR OPTIME I k\u00f5rvaklapid kiivrile\u00a0on kerged ja silmatorkamatu disainiga, mis parandab mugavust ja kantavust. Kapslite sees olev piisav t\u00fchi ruum aitab v\u00e4hendada niiskuse ja kuumuse kogunemist.\u00a0Kiivrile kinnitatavad universaalsed k\u00f5rvaklapid kaitsevad v\u00e4iksema m\u00fcra eest. Mugavad ja kerged k\u00f5rvaklapid sobivad nii pika- kui l\u00fchiajaliseks kasutamiseks. Mitte kasutada v\u00e4ga tugeva m\u00fcra korral<\/p>\n","protected":false},"featured_media":10437,"template":"","meta":[],"product_cat":[106,109],"product_tag":[],"yoast_head":"<!-- This site is optimized with the Yoast SEO plugin v18.4.1 - https:\/\/yoast.com\/wordpress\/plugins\/seo\/ -->\n<title>Peltor H510P3E kiivriklapid Optime I<\/title>\n<meta name=\"robots\" content=\"index, follow, max-snippet:-1, max-image-preview:large, max-video-preview:-1\" \/>\n<link rel=\"canonical\" href=\"https:\/\/spectrebaltics.com\/toode\/peltor-h510p3e-kiivriklapid-optime-i\/\" \/>\n<meta property=\"og:locale\" content=\"en_US\" \/>\n<meta property=\"og:type\" content=\"article\" \/>\n<meta property=\"og:title\" content=\"Peltor H510P3E kiivriklapid Optime I\" \/>\n<meta property=\"og:description\" content=\"3M PELTOR OPTIME I k\u00f5rvaklapid kiivrile\u00a0on kerged ja silmatorkamatu disainiga, mis parandab mugavust ja kantavust. Kapslite sees olev piisav t\u00fchi ruum aitab v\u00e4hendada niiskuse ja kuumuse kogunemist.\u00a0Kiivrile kinnitatavad universaalsed k\u00f5rvaklapid kaitsevad v\u00e4iksema m\u00fcra eest. Mugavad ja kerged k\u00f5rvaklapid sobivad nii pika- kui l\u00fchiajaliseks kasutamiseks. Mitte kasutada v\u00e4ga tugeva m\u00fcra korral\" \/>\n<meta property=\"og:url\" content=\"https:\/\/spectrebaltics.com\/toode\/peltor-h510p3e-kiivriklapid-optime-i\/\" \/>\n<meta property=\"og:site_name\" content=\"Spectrebaltics\" \/>\n<meta property=\"og:image\" content=\"https:\/\/spectrebaltics.com\/wp-content\/uploads\/2024\/06\/snimok-ekrana-2024-06-27-130437.png\" \/>\n\t<meta property=\"og:image:width\" content=\"888\" \/>\n\t<meta property=\"og:image:height\" content=\"977\" \/>\n\t<meta property=\"og:image:type\" content=\"image\/png\" \/>\n<meta name=\"twitter:card\" content=\"summary_large_image\" \/>\n<script type=\"application\/ld+json\" class=\"yoast-schema-graph\">{\"@context\":\"https:\/\/schema.org\",\"@graph\":[{\"@type\":\"Organization\",\"@id\":\"https:\/\/spectrebaltics.com\/ru\/#organization\",\"name\":\"Spectrebaltics\",\"url\":\"https:\/\/spectrebaltics.com\/ru\/\",\"sameAs\":[],\"logo\":{\"@type\":\"ImageObject\",\"@id\":\"https:\/\/spectrebaltics.com\/ru\/#logo\",\"inLanguage\":\"en-US\",\"url\":\"https:\/\/spectrebaltics.com\/wp-content\/uploads\/2024\/03\/Spectrebaltics-logo.svg\",\"contentUrl\":\"https:\/\/spectrebaltics.com\/wp-content\/uploads\/2024\/03\/Spectrebaltics-logo.svg\",\"caption\":\"Spectrebaltics\"},\"image\":{\"@id\":\"https:\/\/spectrebaltics.com\/ru\/#logo\"}},{\"@type\":\"WebSite\",\"@id\":\"https:\/\/spectrebaltics.com\/ru\/#website\",\"url\":\"https:\/\/spectrebaltics.com\/ru\/\",\"name\":\"Spectrebaltics\",\"description\":\"\",\"publisher\":{\"@id\":\"https:\/\/spectrebaltics.com\/ru\/#organization\"},\"potentialAction\":[{\"@type\":\"SearchAction\",\"target\":{\"@type\":\"EntryPoint\",\"urlTemplate\":\"https:\/\/spectrebaltics.com\/ru\/?s={search_term_string}\"},\"query-input\":\"required name=search_term_string\"}],\"inLanguage\":\"en-US\"},{\"@type\":\"ImageObject\",\"@id\":\"https:\/\/spectrebaltics.com\/toode\/peltor-h510p3e-kiivriklapid-optime-i\/#primaryimage\",\"inLanguage\":\"en-US\",\"url\":\"https:\/\/spectrebaltics.com\/wp-content\/uploads\/2024\/06\/snimok-ekrana-2024-06-27-130437.png\",\"contentUrl\":\"https:\/\/spectrebaltics.com\/wp-content\/uploads\/2024\/06\/snimok-ekrana-2024-06-27-130437.png\",\"width\":888,\"height\":977},{\"@type\":\"WebPage\",\"@id\":\"https:\/\/spectrebaltics.com\/toode\/peltor-h510p3e-kiivriklapid-optime-i\/#webpage\",\"url\":\"https:\/\/spectrebaltics.com\/toode\/peltor-h510p3e-kiivriklapid-optime-i\/\",\"name\":\"Peltor H510P3E kiivriklapid Optime I\",\"isPartOf\":{\"@id\":\"https:\/\/spectrebaltics.com\/ru\/#website\"},\"primaryImageOfPage\":{\"@id\":\"https:\/\/spectrebaltics.com\/toode\/peltor-h510p3e-kiivriklapid-optime-i\/#primaryimage\"},\"datePublished\":\"2024-06-27T10:11:39+00:00\",\"dateModified\":\"2024-06-27T10:11:39+00:00\",\"breadcrumb\":{\"@id\":\"https:\/\/spectrebaltics.com\/toode\/peltor-h510p3e-kiivriklapid-optime-i\/#breadcrumb\"},\"inLanguage\":\"en-US\",\"potentialAction\":[{\"@type\":\"ReadAction\",\"target\":[\"https:\/\/spectrebaltics.com\/toode\/peltor-h510p3e-kiivriklapid-optime-i\/\"]}]},{\"@type\":\"BreadcrumbList\",\"@id\":\"https:\/\/spectrebaltics.com\/toode\/peltor-h510p3e-kiivriklapid-optime-i\/#breadcrumb\",\"itemListElement\":[{\"@type\":\"ListItem\",\"position\":1,\"name\":\"Home\",\"item\":\"https:\/\/spectrebaltics.com\/en\/\"},{\"@type\":\"ListItem\",\"position\":2,\"name\":\"Catalogue\",\"item\":\"https:\/\/spectrebaltics.com\/en\/catalogue\/\"},{\"@type\":\"ListItem\",\"position\":3,\"name\":\"Peltor H510P3E kiivriklapid Optime I\"}]}]}<\/script>\n<!-- \/ Yoast SEO plugin. -->","yoast_head_json":{"title":"Peltor H510P3E kiivriklapid Optime I","robots":{"index":"index","follow":"follow","max-snippet":"max-snippet:-1","max-image-preview":"max-image-preview:large","max-video-preview":"max-video-preview:-1"},"canonical":"https:\/\/spectrebaltics.com\/toode\/peltor-h510p3e-kiivriklapid-optime-i\/","og_locale":"en_US","og_type":"article","og_title":"Peltor H510P3E kiivriklapid Optime I","og_description":"3M PELTOR OPTIME I k\u00f5rvaklapid kiivrile\u00a0on kerged ja silmatorkamatu disainiga, mis parandab mugavust ja kantavust. Kapslite sees olev piisav t\u00fchi ruum aitab v\u00e4hendada niiskuse ja kuumuse kogunemist.\u00a0Kiivrile kinnitatavad universaalsed k\u00f5rvaklapid kaitsevad v\u00e4iksema m\u00fcra eest. Mugavad ja kerged k\u00f5rvaklapid sobivad nii pika- kui l\u00fchiajaliseks kasutamiseks. Mitte kasutada v\u00e4ga tugeva m\u00fcra korral","og_url":"https:\/\/spectrebaltics.com\/toode\/peltor-h510p3e-kiivriklapid-optime-i\/","og_site_name":"Spectrebaltics","og_image":[{"width":888,"height":977,"url":"https:\/\/spectrebaltics.com\/wp-content\/uploads\/2024\/06\/snimok-ekrana-2024-06-27-130437.png","type":"image\/png"}],"twitter_card":"summary_large_image","schema":{"@context":"https:\/\/schema.org","@graph":[{"@type":"Organization","@id":"https:\/\/spectrebaltics.com\/ru\/#organization","name":"Spectrebaltics","url":"https:\/\/spectrebaltics.com\/ru\/","sameAs":[],"logo":{"@type":"ImageObject","@id":"https:\/\/spectrebaltics.com\/ru\/#logo","inLanguage":"en-US","url":"https:\/\/spectrebaltics.com\/wp-content\/uploads\/2024\/03\/Spectrebaltics-logo.svg","contentUrl":"https:\/\/spectrebaltics.com\/wp-content\/uploads\/2024\/03\/Spectrebaltics-logo.svg","caption":"Spectrebaltics"},"image":{"@id":"https:\/\/spectrebaltics.com\/ru\/#logo"}},{"@type":"WebSite","@id":"https:\/\/spectrebaltics.com\/ru\/#website","url":"https:\/\/spectrebaltics.com\/ru\/","name":"Spectrebaltics","description":"","publisher":{"@id":"https:\/\/spectrebaltics.com\/ru\/#organization"},"potentialAction":[{"@type":"SearchAction","target":{"@type":"EntryPoint","urlTemplate":"https:\/\/spectrebaltics.com\/ru\/?s={search_term_string}"},"query-input":"required name=search_term_string"}],"inLanguage":"en-US"},{"@type":"ImageObject","@id":"https:\/\/spectrebaltics.com\/toode\/peltor-h510p3e-kiivriklapid-optime-i\/#primaryimage","inLanguage":"en-US","url":"https:\/\/spectrebaltics.com\/wp-content\/uploads\/2024\/06\/snimok-ekrana-2024-06-27-130437.png","contentUrl":"https:\/\/spectrebaltics.com\/wp-content\/uploads\/2024\/06\/snimok-ekrana-2024-06-27-130437.png","width":888,"height":977},{"@type":"WebPage","@id":"https:\/\/spectrebaltics.com\/toode\/peltor-h510p3e-kiivriklapid-optime-i\/#webpage","url":"https:\/\/spectrebaltics.com\/toode\/peltor-h510p3e-kiivriklapid-optime-i\/","name":"Peltor H510P3E kiivriklapid Optime I","isPartOf":{"@id":"https:\/\/spectrebaltics.com\/ru\/#website"},"primaryImageOfPage":{"@id":"https:\/\/spectrebaltics.com\/toode\/peltor-h510p3e-kiivriklapid-optime-i\/#primaryimage"},"datePublished":"2024-06-27T10:11:39+00:00","dateModified":"2024-06-27T10:11:39+00:00","breadcrumb":{"@id":"https:\/\/spectrebaltics.com\/toode\/peltor-h510p3e-kiivriklapid-optime-i\/#breadcrumb"},"inLanguage":"en-US","potentialAction":[{"@type":"ReadAction","target":["https:\/\/spectrebaltics.com\/toode\/peltor-h510p3e-kiivriklapid-optime-i\/"]}]},{"@type":"BreadcrumbList","@id":"https:\/\/spectrebaltics.com\/toode\/peltor-h510p3e-kiivriklapid-optime-i\/#breadcrumb","itemListElement":[{"@type":"ListItem","position":1,"name":"Home","item":"https:\/\/spectrebaltics.com\/en\/"},{"@type":"ListItem","position":2,"name":"Catalogue","item":"https:\/\/spectrebaltics.com\/en\/catalogue\/"},{"@type":"ListItem","position":3,"name":"Peltor H510P3E kiivriklapid Optime I"}]}]}},"_links":{"self":[{"href":"https:\/\/spectrebaltics.com\/en\/wp-json\/wp\/v2\/product\/10436"}],"collection":[{"href":"https:\/\/spectrebaltics.com\/en\/wp-json\/wp\/v2\/product"}],"about":[{"href":"https:\/\/spectrebaltics.com\/en\/wp-json\/wp\/v2\/types\/product"}],"wp:featuredmedia":[{"embeddable":true,"href":"https:\/\/spectrebaltics.com\/en\/wp-json\/wp\/v2\/media\/10437"}],"wp:attachment":[{"href":"https:\/\/spectrebaltics.com\/en\/wp-json\/wp\/v2\/media?parent=10436"}],"wp:term":[{"taxonomy":"product_cat","embeddable":true,"href":"https:\/\/spectrebaltics.com\/en\/wp-json\/wp\/v2\/product_cat?post=10436"},{"taxonomy":"product_tag","embeddable":true,"href":"https:\/\/spectrebaltics.com\/en\/wp-json\/wp\/v2\/product_tag?post=10436"}],"curies":[{"name":"wp","href":"https:\/\/api.w.org\/{rel}","templated":true}]}}