{"id":10443,"date":"2024-06-27T10:21:23","date_gmt":"2024-06-27T10:21:23","guid":{"rendered":"https:\/\/spectrebaltics.com\/?post_type=product&#038;p=10443"},"modified":"2024-06-27T10:21:23","modified_gmt":"2024-06-27T10:21:23","slug":"peltor-h540p3e-kiivriklapid-optime-iii","status":"publish","type":"product","link":"https:\/\/spectrebaltics.com\/en\/toode\/peltor-h540p3e-kiivriklapid-optime-iii\/","title":{"rendered":"Peltor H540P3E kiivriklapid Optime III"},"content":{"rendered":"<p>3M PELTOR OPTIME III k\u00f5rvaklapid kiivrile<span>\u00a0on v\u00e4ga suure summutusv\u00f5imega kuulmiskaitsevahendid, mis on m\u00f5eldud kasutamiseks \u00e4\u00e4rmiselt m\u00fcrarikkas keskkonnas,\u00a0milles domineerivad madala sagedusega helid. K\u00f5rvaklappidel on topelt kapsel, mis aitab parandada madala sagedusega helide summutust ning minimeerib kapsli sees tekkivat v\u00f5nkumist.<\/span><\/p>\n","protected":false},"excerpt":{"rendered":"<p>3M PELTOR OPTIME III k\u00f5rvaklapid kiivrile\u00a0on v\u00e4ga suure summutusv\u00f5imega kuulmiskaitsevahendid, mis on m\u00f5eldud kasutamiseks \u00e4\u00e4rmiselt m\u00fcrarikkas keskkonnas,\u00a0milles domineerivad madala sagedusega helid. K\u00f5rvaklappidel on topelt kapsel, mis aitab parandada madala sagedusega helide summutust ning minimeerib kapsli sees tekkivat v\u00f5nkumist.<\/p>\n","protected":false},"featured_media":10444,"template":"","meta":[],"product_cat":[106,109],"product_tag":[],"yoast_head":"<!-- This site is optimized with the Yoast SEO plugin v18.4.1 - https:\/\/yoast.com\/wordpress\/plugins\/seo\/ -->\n<title>Peltor H540P3E kiivriklapid Optime III<\/title>\n<meta name=\"robots\" content=\"index, follow, max-snippet:-1, max-image-preview:large, max-video-preview:-1\" \/>\n<link rel=\"canonical\" href=\"https:\/\/spectrebaltics.com\/toode\/peltor-h540p3e-kiivriklapid-optime-iii\/\" \/>\n<meta property=\"og:locale\" content=\"en_US\" \/>\n<meta property=\"og:type\" content=\"article\" \/>\n<meta property=\"og:title\" content=\"Peltor H540P3E kiivriklapid Optime III\" \/>\n<meta property=\"og:description\" content=\"3M PELTOR OPTIME III k\u00f5rvaklapid kiivrile\u00a0on v\u00e4ga suure summutusv\u00f5imega kuulmiskaitsevahendid, mis on m\u00f5eldud kasutamiseks \u00e4\u00e4rmiselt m\u00fcrarikkas keskkonnas,\u00a0milles domineerivad madala sagedusega helid. K\u00f5rvaklappidel on topelt kapsel, mis aitab parandada madala sagedusega helide summutust ning minimeerib kapsli sees tekkivat v\u00f5nkumist.\" \/>\n<meta property=\"og:url\" content=\"https:\/\/spectrebaltics.com\/toode\/peltor-h540p3e-kiivriklapid-optime-iii\/\" \/>\n<meta property=\"og:site_name\" content=\"Spectrebaltics\" \/>\n<meta property=\"og:image\" content=\"https:\/\/spectrebaltics.com\/wp-content\/uploads\/2024\/06\/snimok-ekrana-2024-06-27-132009.png\" \/>\n\t<meta property=\"og:image:width\" content=\"397\" \/>\n\t<meta property=\"og:image:height\" content=\"395\" \/>\n\t<meta property=\"og:image:type\" content=\"image\/png\" \/>\n<meta name=\"twitter:card\" content=\"summary_large_image\" \/>\n<script type=\"application\/ld+json\" class=\"yoast-schema-graph\">{\"@context\":\"https:\/\/schema.org\",\"@graph\":[{\"@type\":\"Organization\",\"@id\":\"https:\/\/spectrebaltics.com\/ru\/#organization\",\"name\":\"Spectrebaltics\",\"url\":\"https:\/\/spectrebaltics.com\/ru\/\",\"sameAs\":[],\"logo\":{\"@type\":\"ImageObject\",\"@id\":\"https:\/\/spectrebaltics.com\/ru\/#logo\",\"inLanguage\":\"en-US\",\"url\":\"https:\/\/spectrebaltics.com\/wp-content\/uploads\/2024\/03\/Spectrebaltics-logo.svg\",\"contentUrl\":\"https:\/\/spectrebaltics.com\/wp-content\/uploads\/2024\/03\/Spectrebaltics-logo.svg\",\"caption\":\"Spectrebaltics\"},\"image\":{\"@id\":\"https:\/\/spectrebaltics.com\/ru\/#logo\"}},{\"@type\":\"WebSite\",\"@id\":\"https:\/\/spectrebaltics.com\/ru\/#website\",\"url\":\"https:\/\/spectrebaltics.com\/ru\/\",\"name\":\"Spectrebaltics\",\"description\":\"\",\"publisher\":{\"@id\":\"https:\/\/spectrebaltics.com\/ru\/#organization\"},\"potentialAction\":[{\"@type\":\"SearchAction\",\"target\":{\"@type\":\"EntryPoint\",\"urlTemplate\":\"https:\/\/spectrebaltics.com\/ru\/?s={search_term_string}\"},\"query-input\":\"required name=search_term_string\"}],\"inLanguage\":\"en-US\"},{\"@type\":\"ImageObject\",\"@id\":\"https:\/\/spectrebaltics.com\/toode\/peltor-h540p3e-kiivriklapid-optime-iii\/#primaryimage\",\"inLanguage\":\"en-US\",\"url\":\"https:\/\/spectrebaltics.com\/wp-content\/uploads\/2024\/06\/snimok-ekrana-2024-06-27-132009.png\",\"contentUrl\":\"https:\/\/spectrebaltics.com\/wp-content\/uploads\/2024\/06\/snimok-ekrana-2024-06-27-132009.png\",\"width\":397,\"height\":395},{\"@type\":\"WebPage\",\"@id\":\"https:\/\/spectrebaltics.com\/toode\/peltor-h540p3e-kiivriklapid-optime-iii\/#webpage\",\"url\":\"https:\/\/spectrebaltics.com\/toode\/peltor-h540p3e-kiivriklapid-optime-iii\/\",\"name\":\"Peltor H540P3E kiivriklapid Optime III\",\"isPartOf\":{\"@id\":\"https:\/\/spectrebaltics.com\/ru\/#website\"},\"primaryImageOfPage\":{\"@id\":\"https:\/\/spectrebaltics.com\/toode\/peltor-h540p3e-kiivriklapid-optime-iii\/#primaryimage\"},\"datePublished\":\"2024-06-27T10:21:23+00:00\",\"dateModified\":\"2024-06-27T10:21:23+00:00\",\"breadcrumb\":{\"@id\":\"https:\/\/spectrebaltics.com\/toode\/peltor-h540p3e-kiivriklapid-optime-iii\/#breadcrumb\"},\"inLanguage\":\"en-US\",\"potentialAction\":[{\"@type\":\"ReadAction\",\"target\":[\"https:\/\/spectrebaltics.com\/toode\/peltor-h540p3e-kiivriklapid-optime-iii\/\"]}]},{\"@type\":\"BreadcrumbList\",\"@id\":\"https:\/\/spectrebaltics.com\/toode\/peltor-h540p3e-kiivriklapid-optime-iii\/#breadcrumb\",\"itemListElement\":[{\"@type\":\"ListItem\",\"position\":1,\"name\":\"Home\",\"item\":\"https:\/\/spectrebaltics.com\/en\/\"},{\"@type\":\"ListItem\",\"position\":2,\"name\":\"Catalogue\",\"item\":\"https:\/\/spectrebaltics.com\/en\/catalogue\/\"},{\"@type\":\"ListItem\",\"position\":3,\"name\":\"Peltor H540P3E kiivriklapid Optime III\"}]}]}<\/script>\n<!-- \/ Yoast SEO plugin. -->","yoast_head_json":{"title":"Peltor H540P3E kiivriklapid Optime III","robots":{"index":"index","follow":"follow","max-snippet":"max-snippet:-1","max-image-preview":"max-image-preview:large","max-video-preview":"max-video-preview:-1"},"canonical":"https:\/\/spectrebaltics.com\/toode\/peltor-h540p3e-kiivriklapid-optime-iii\/","og_locale":"en_US","og_type":"article","og_title":"Peltor H540P3E kiivriklapid Optime III","og_description":"3M PELTOR OPTIME III k\u00f5rvaklapid kiivrile\u00a0on v\u00e4ga suure summutusv\u00f5imega kuulmiskaitsevahendid, mis on m\u00f5eldud kasutamiseks \u00e4\u00e4rmiselt m\u00fcrarikkas keskkonnas,\u00a0milles domineerivad madala sagedusega helid. K\u00f5rvaklappidel on topelt kapsel, mis aitab parandada madala sagedusega helide summutust ning minimeerib kapsli sees tekkivat v\u00f5nkumist.","og_url":"https:\/\/spectrebaltics.com\/toode\/peltor-h540p3e-kiivriklapid-optime-iii\/","og_site_name":"Spectrebaltics","og_image":[{"width":397,"height":395,"url":"https:\/\/spectrebaltics.com\/wp-content\/uploads\/2024\/06\/snimok-ekrana-2024-06-27-132009.png","type":"image\/png"}],"twitter_card":"summary_large_image","schema":{"@context":"https:\/\/schema.org","@graph":[{"@type":"Organization","@id":"https:\/\/spectrebaltics.com\/ru\/#organization","name":"Spectrebaltics","url":"https:\/\/spectrebaltics.com\/ru\/","sameAs":[],"logo":{"@type":"ImageObject","@id":"https:\/\/spectrebaltics.com\/ru\/#logo","inLanguage":"en-US","url":"https:\/\/spectrebaltics.com\/wp-content\/uploads\/2024\/03\/Spectrebaltics-logo.svg","contentUrl":"https:\/\/spectrebaltics.com\/wp-content\/uploads\/2024\/03\/Spectrebaltics-logo.svg","caption":"Spectrebaltics"},"image":{"@id":"https:\/\/spectrebaltics.com\/ru\/#logo"}},{"@type":"WebSite","@id":"https:\/\/spectrebaltics.com\/ru\/#website","url":"https:\/\/spectrebaltics.com\/ru\/","name":"Spectrebaltics","description":"","publisher":{"@id":"https:\/\/spectrebaltics.com\/ru\/#organization"},"potentialAction":[{"@type":"SearchAction","target":{"@type":"EntryPoint","urlTemplate":"https:\/\/spectrebaltics.com\/ru\/?s={search_term_string}"},"query-input":"required name=search_term_string"}],"inLanguage":"en-US"},{"@type":"ImageObject","@id":"https:\/\/spectrebaltics.com\/toode\/peltor-h540p3e-kiivriklapid-optime-iii\/#primaryimage","inLanguage":"en-US","url":"https:\/\/spectrebaltics.com\/wp-content\/uploads\/2024\/06\/snimok-ekrana-2024-06-27-132009.png","contentUrl":"https:\/\/spectrebaltics.com\/wp-content\/uploads\/2024\/06\/snimok-ekrana-2024-06-27-132009.png","width":397,"height":395},{"@type":"WebPage","@id":"https:\/\/spectrebaltics.com\/toode\/peltor-h540p3e-kiivriklapid-optime-iii\/#webpage","url":"https:\/\/spectrebaltics.com\/toode\/peltor-h540p3e-kiivriklapid-optime-iii\/","name":"Peltor H540P3E kiivriklapid Optime III","isPartOf":{"@id":"https:\/\/spectrebaltics.com\/ru\/#website"},"primaryImageOfPage":{"@id":"https:\/\/spectrebaltics.com\/toode\/peltor-h540p3e-kiivriklapid-optime-iii\/#primaryimage"},"datePublished":"2024-06-27T10:21:23+00:00","dateModified":"2024-06-27T10:21:23+00:00","breadcrumb":{"@id":"https:\/\/spectrebaltics.com\/toode\/peltor-h540p3e-kiivriklapid-optime-iii\/#breadcrumb"},"inLanguage":"en-US","potentialAction":[{"@type":"ReadAction","target":["https:\/\/spectrebaltics.com\/toode\/peltor-h540p3e-kiivriklapid-optime-iii\/"]}]},{"@type":"BreadcrumbList","@id":"https:\/\/spectrebaltics.com\/toode\/peltor-h540p3e-kiivriklapid-optime-iii\/#breadcrumb","itemListElement":[{"@type":"ListItem","position":1,"name":"Home","item":"https:\/\/spectrebaltics.com\/en\/"},{"@type":"ListItem","position":2,"name":"Catalogue","item":"https:\/\/spectrebaltics.com\/en\/catalogue\/"},{"@type":"ListItem","position":3,"name":"Peltor H540P3E kiivriklapid Optime III"}]}]}},"_links":{"self":[{"href":"https:\/\/spectrebaltics.com\/en\/wp-json\/wp\/v2\/product\/10443"}],"collection":[{"href":"https:\/\/spectrebaltics.com\/en\/wp-json\/wp\/v2\/product"}],"about":[{"href":"https:\/\/spectrebaltics.com\/en\/wp-json\/wp\/v2\/types\/product"}],"wp:featuredmedia":[{"embeddable":true,"href":"https:\/\/spectrebaltics.com\/en\/wp-json\/wp\/v2\/media\/10444"}],"wp:attachment":[{"href":"https:\/\/spectrebaltics.com\/en\/wp-json\/wp\/v2\/media?parent=10443"}],"wp:term":[{"taxonomy":"product_cat","embeddable":true,"href":"https:\/\/spectrebaltics.com\/en\/wp-json\/wp\/v2\/product_cat?post=10443"},{"taxonomy":"product_tag","embeddable":true,"href":"https:\/\/spectrebaltics.com\/en\/wp-json\/wp\/v2\/product_tag?post=10443"}],"curies":[{"name":"wp","href":"https:\/\/api.w.org\/{rel}","templated":true}]}}