{"id":10486,"date":"2024-06-27T10:50:09","date_gmt":"2024-06-27T10:50:09","guid":{"rendered":"https:\/\/spectrebaltics.com\/?post_type=product&#038;p=10486"},"modified":"2024-06-27T10:50:09","modified_gmt":"2024-06-27T10:50:09","slug":"utopia-flex-s1p-turvasandaal","status":"publish","type":"product","link":"https:\/\/spectrebaltics.com\/en\/toode\/utopia-flex-s1p-turvasandaal\/","title":{"rendered":"UTOPIA FLEX S1P turvasandaal"},"content":{"rendered":"<p>MTS UTOPIA FLEX turvasandaalid S1P SRC<span>on metallivabad, kerged ja hingavad. Sandaalide pealismaterjal on vastupidavast nubuki nahast koos PUNTEX\u00ae tekstiiliga ning k\u00fclgedel on \u00f5hutusavad. Komposiitmaterjalist turvanina ja naelat\u00f5ke. Antistaatiliste omadustega sandaalidel on \u00f5likindel v\u00e4listald. Helkurelementidega sandaalid on kiire ja mugava takjakinnitusega.<\/span><\/p>\n","protected":false},"excerpt":{"rendered":"<p>MTS UTOPIA FLEX turvasandaalid S1P SRCon metallivabad, kerged ja hingavad. Sandaalide pealismaterjal on vastupidavast nubuki nahast koos PUNTEX\u00ae tekstiiliga ning k\u00fclgedel on \u00f5hutusavad. Komposiitmaterjalist turvanina ja naelat\u00f5ke. Antistaatiliste omadustega sandaalidel on \u00f5likindel v\u00e4listald. Helkurelementidega sandaalid on kiire ja mugava takjakinnitusega.<\/p>\n","protected":false},"featured_media":10487,"template":"","meta":[],"product_cat":[106,110],"product_tag":[],"yoast_head":"<!-- This site is optimized with the Yoast SEO plugin v18.4.1 - https:\/\/yoast.com\/wordpress\/plugins\/seo\/ -->\n<title>UTOPIA FLEX S1P turvasandaal<\/title>\n<meta name=\"robots\" content=\"index, follow, max-snippet:-1, max-image-preview:large, max-video-preview:-1\" \/>\n<link rel=\"canonical\" href=\"https:\/\/spectrebaltics.com\/toode\/utopia-flex-s1p-turvasandaal\/\" \/>\n<meta property=\"og:locale\" content=\"en_US\" \/>\n<meta property=\"og:type\" content=\"article\" \/>\n<meta property=\"og:title\" content=\"UTOPIA FLEX S1P turvasandaal\" \/>\n<meta property=\"og:description\" content=\"MTS UTOPIA FLEX turvasandaalid S1P SRCon metallivabad, kerged ja hingavad. Sandaalide pealismaterjal on vastupidavast nubuki nahast koos PUNTEX\u00ae tekstiiliga ning k\u00fclgedel on \u00f5hutusavad. Komposiitmaterjalist turvanina ja naelat\u00f5ke. Antistaatiliste omadustega sandaalidel on \u00f5likindel v\u00e4listald. Helkurelementidega sandaalid on kiire ja mugava takjakinnitusega.\" \/>\n<meta property=\"og:url\" content=\"https:\/\/spectrebaltics.com\/toode\/utopia-flex-s1p-turvasandaal\/\" \/>\n<meta property=\"og:site_name\" content=\"Spectrebaltics\" \/>\n<meta property=\"og:image\" content=\"https:\/\/spectrebaltics.com\/wp-content\/uploads\/2024\/06\/snimok-ekrana-2024-06-27-134938.png\" \/>\n\t<meta property=\"og:image:width\" content=\"596\" \/>\n\t<meta property=\"og:image:height\" content=\"593\" \/>\n\t<meta property=\"og:image:type\" content=\"image\/png\" \/>\n<meta name=\"twitter:card\" content=\"summary_large_image\" \/>\n<script type=\"application\/ld+json\" class=\"yoast-schema-graph\">{\"@context\":\"https:\/\/schema.org\",\"@graph\":[{\"@type\":\"Organization\",\"@id\":\"https:\/\/spectrebaltics.com\/ru\/#organization\",\"name\":\"Spectrebaltics\",\"url\":\"https:\/\/spectrebaltics.com\/ru\/\",\"sameAs\":[],\"logo\":{\"@type\":\"ImageObject\",\"@id\":\"https:\/\/spectrebaltics.com\/ru\/#logo\",\"inLanguage\":\"en-US\",\"url\":\"https:\/\/spectrebaltics.com\/wp-content\/uploads\/2024\/03\/Spectrebaltics-logo.svg\",\"contentUrl\":\"https:\/\/spectrebaltics.com\/wp-content\/uploads\/2024\/03\/Spectrebaltics-logo.svg\",\"caption\":\"Spectrebaltics\"},\"image\":{\"@id\":\"https:\/\/spectrebaltics.com\/ru\/#logo\"}},{\"@type\":\"WebSite\",\"@id\":\"https:\/\/spectrebaltics.com\/ru\/#website\",\"url\":\"https:\/\/spectrebaltics.com\/ru\/\",\"name\":\"Spectrebaltics\",\"description\":\"\",\"publisher\":{\"@id\":\"https:\/\/spectrebaltics.com\/ru\/#organization\"},\"potentialAction\":[{\"@type\":\"SearchAction\",\"target\":{\"@type\":\"EntryPoint\",\"urlTemplate\":\"https:\/\/spectrebaltics.com\/ru\/?s={search_term_string}\"},\"query-input\":\"required name=search_term_string\"}],\"inLanguage\":\"en-US\"},{\"@type\":\"ImageObject\",\"@id\":\"https:\/\/spectrebaltics.com\/toode\/utopia-flex-s1p-turvasandaal\/#primaryimage\",\"inLanguage\":\"en-US\",\"url\":\"https:\/\/spectrebaltics.com\/wp-content\/uploads\/2024\/06\/snimok-ekrana-2024-06-27-134938.png\",\"contentUrl\":\"https:\/\/spectrebaltics.com\/wp-content\/uploads\/2024\/06\/snimok-ekrana-2024-06-27-134938.png\",\"width\":596,\"height\":593},{\"@type\":\"WebPage\",\"@id\":\"https:\/\/spectrebaltics.com\/toode\/utopia-flex-s1p-turvasandaal\/#webpage\",\"url\":\"https:\/\/spectrebaltics.com\/toode\/utopia-flex-s1p-turvasandaal\/\",\"name\":\"UTOPIA FLEX S1P turvasandaal\",\"isPartOf\":{\"@id\":\"https:\/\/spectrebaltics.com\/ru\/#website\"},\"primaryImageOfPage\":{\"@id\":\"https:\/\/spectrebaltics.com\/toode\/utopia-flex-s1p-turvasandaal\/#primaryimage\"},\"datePublished\":\"2024-06-27T10:50:09+00:00\",\"dateModified\":\"2024-06-27T10:50:09+00:00\",\"breadcrumb\":{\"@id\":\"https:\/\/spectrebaltics.com\/toode\/utopia-flex-s1p-turvasandaal\/#breadcrumb\"},\"inLanguage\":\"en-US\",\"potentialAction\":[{\"@type\":\"ReadAction\",\"target\":[\"https:\/\/spectrebaltics.com\/toode\/utopia-flex-s1p-turvasandaal\/\"]}]},{\"@type\":\"BreadcrumbList\",\"@id\":\"https:\/\/spectrebaltics.com\/toode\/utopia-flex-s1p-turvasandaal\/#breadcrumb\",\"itemListElement\":[{\"@type\":\"ListItem\",\"position\":1,\"name\":\"Home\",\"item\":\"https:\/\/spectrebaltics.com\/en\/\"},{\"@type\":\"ListItem\",\"position\":2,\"name\":\"Catalogue\",\"item\":\"https:\/\/spectrebaltics.com\/en\/catalogue\/\"},{\"@type\":\"ListItem\",\"position\":3,\"name\":\"UTOPIA FLEX S1P turvasandaal\"}]}]}<\/script>\n<!-- \/ Yoast SEO plugin. -->","yoast_head_json":{"title":"UTOPIA FLEX S1P turvasandaal","robots":{"index":"index","follow":"follow","max-snippet":"max-snippet:-1","max-image-preview":"max-image-preview:large","max-video-preview":"max-video-preview:-1"},"canonical":"https:\/\/spectrebaltics.com\/toode\/utopia-flex-s1p-turvasandaal\/","og_locale":"en_US","og_type":"article","og_title":"UTOPIA FLEX S1P turvasandaal","og_description":"MTS UTOPIA FLEX turvasandaalid S1P SRCon metallivabad, kerged ja hingavad. Sandaalide pealismaterjal on vastupidavast nubuki nahast koos PUNTEX\u00ae tekstiiliga ning k\u00fclgedel on \u00f5hutusavad. Komposiitmaterjalist turvanina ja naelat\u00f5ke. Antistaatiliste omadustega sandaalidel on \u00f5likindel v\u00e4listald. Helkurelementidega sandaalid on kiire ja mugava takjakinnitusega.","og_url":"https:\/\/spectrebaltics.com\/toode\/utopia-flex-s1p-turvasandaal\/","og_site_name":"Spectrebaltics","og_image":[{"width":596,"height":593,"url":"https:\/\/spectrebaltics.com\/wp-content\/uploads\/2024\/06\/snimok-ekrana-2024-06-27-134938.png","type":"image\/png"}],"twitter_card":"summary_large_image","schema":{"@context":"https:\/\/schema.org","@graph":[{"@type":"Organization","@id":"https:\/\/spectrebaltics.com\/ru\/#organization","name":"Spectrebaltics","url":"https:\/\/spectrebaltics.com\/ru\/","sameAs":[],"logo":{"@type":"ImageObject","@id":"https:\/\/spectrebaltics.com\/ru\/#logo","inLanguage":"en-US","url":"https:\/\/spectrebaltics.com\/wp-content\/uploads\/2024\/03\/Spectrebaltics-logo.svg","contentUrl":"https:\/\/spectrebaltics.com\/wp-content\/uploads\/2024\/03\/Spectrebaltics-logo.svg","caption":"Spectrebaltics"},"image":{"@id":"https:\/\/spectrebaltics.com\/ru\/#logo"}},{"@type":"WebSite","@id":"https:\/\/spectrebaltics.com\/ru\/#website","url":"https:\/\/spectrebaltics.com\/ru\/","name":"Spectrebaltics","description":"","publisher":{"@id":"https:\/\/spectrebaltics.com\/ru\/#organization"},"potentialAction":[{"@type":"SearchAction","target":{"@type":"EntryPoint","urlTemplate":"https:\/\/spectrebaltics.com\/ru\/?s={search_term_string}"},"query-input":"required name=search_term_string"}],"inLanguage":"en-US"},{"@type":"ImageObject","@id":"https:\/\/spectrebaltics.com\/toode\/utopia-flex-s1p-turvasandaal\/#primaryimage","inLanguage":"en-US","url":"https:\/\/spectrebaltics.com\/wp-content\/uploads\/2024\/06\/snimok-ekrana-2024-06-27-134938.png","contentUrl":"https:\/\/spectrebaltics.com\/wp-content\/uploads\/2024\/06\/snimok-ekrana-2024-06-27-134938.png","width":596,"height":593},{"@type":"WebPage","@id":"https:\/\/spectrebaltics.com\/toode\/utopia-flex-s1p-turvasandaal\/#webpage","url":"https:\/\/spectrebaltics.com\/toode\/utopia-flex-s1p-turvasandaal\/","name":"UTOPIA FLEX S1P turvasandaal","isPartOf":{"@id":"https:\/\/spectrebaltics.com\/ru\/#website"},"primaryImageOfPage":{"@id":"https:\/\/spectrebaltics.com\/toode\/utopia-flex-s1p-turvasandaal\/#primaryimage"},"datePublished":"2024-06-27T10:50:09+00:00","dateModified":"2024-06-27T10:50:09+00:00","breadcrumb":{"@id":"https:\/\/spectrebaltics.com\/toode\/utopia-flex-s1p-turvasandaal\/#breadcrumb"},"inLanguage":"en-US","potentialAction":[{"@type":"ReadAction","target":["https:\/\/spectrebaltics.com\/toode\/utopia-flex-s1p-turvasandaal\/"]}]},{"@type":"BreadcrumbList","@id":"https:\/\/spectrebaltics.com\/toode\/utopia-flex-s1p-turvasandaal\/#breadcrumb","itemListElement":[{"@type":"ListItem","position":1,"name":"Home","item":"https:\/\/spectrebaltics.com\/en\/"},{"@type":"ListItem","position":2,"name":"Catalogue","item":"https:\/\/spectrebaltics.com\/en\/catalogue\/"},{"@type":"ListItem","position":3,"name":"UTOPIA FLEX S1P turvasandaal"}]}]}},"_links":{"self":[{"href":"https:\/\/spectrebaltics.com\/en\/wp-json\/wp\/v2\/product\/10486"}],"collection":[{"href":"https:\/\/spectrebaltics.com\/en\/wp-json\/wp\/v2\/product"}],"about":[{"href":"https:\/\/spectrebaltics.com\/en\/wp-json\/wp\/v2\/types\/product"}],"wp:featuredmedia":[{"embeddable":true,"href":"https:\/\/spectrebaltics.com\/en\/wp-json\/wp\/v2\/media\/10487"}],"wp:attachment":[{"href":"https:\/\/spectrebaltics.com\/en\/wp-json\/wp\/v2\/media?parent=10486"}],"wp:term":[{"taxonomy":"product_cat","embeddable":true,"href":"https:\/\/spectrebaltics.com\/en\/wp-json\/wp\/v2\/product_cat?post=10486"},{"taxonomy":"product_tag","embeddable":true,"href":"https:\/\/spectrebaltics.com\/en\/wp-json\/wp\/v2\/product_tag?post=10486"}],"curies":[{"name":"wp","href":"https:\/\/api.w.org\/{rel}","templated":true}]}}