{"id":10553,"date":"2024-06-28T08:56:41","date_gmt":"2024-06-28T08:56:41","guid":{"rendered":"https:\/\/spectrebaltics.com\/?post_type=product&#038;p=10553"},"modified":"2024-06-28T12:26:51","modified_gmt":"2024-06-28T12:26:51","slug":"weldas-randmekaitse-nahk-alumiinium-44-3006lb","status":"publish","type":"product","link":"https:\/\/spectrebaltics.com\/en\/toode\/weldas-randmekaitse-nahk-alumiinium-44-3006lb\/","title":{"rendered":"Weldas Randmekaitse nahk+ alumiinium. 44-3006LB"},"content":{"rendered":"<p><span>Talub suurt kuumust. <\/span><span>Sisek\u00fclje loomahahk ja v\u00e4lisel k\u00fcljel alumiiniumkate.<\/span><br \/>\n<span>Kevlar \u00f5mblused<\/span><\/p>\n","protected":false},"excerpt":{"rendered":"<p>Talub suurt kuumust. Sisek\u00fclje loomahahk ja v\u00e4lisel k\u00fcljel alumiiniumkate. Kevlar \u00f5mblused<\/p>\n","protected":false},"featured_media":10554,"template":"","meta":[],"product_cat":[106,107],"product_tag":[],"yoast_head":"<!-- This site is optimized with the Yoast SEO plugin v18.4.1 - https:\/\/yoast.com\/wordpress\/plugins\/seo\/ -->\n<title>Weldas Randmekaitse nahk+ alumiinium. 44-3006LB<\/title>\n<meta name=\"robots\" content=\"index, follow, max-snippet:-1, max-image-preview:large, max-video-preview:-1\" \/>\n<link rel=\"canonical\" href=\"https:\/\/spectrebaltics.com\/toode\/weldas-randmekaitse-nahk-alumiinium-44-3006lb\/\" \/>\n<meta property=\"og:locale\" content=\"en_US\" \/>\n<meta property=\"og:type\" content=\"article\" \/>\n<meta property=\"og:title\" content=\"Weldas Randmekaitse nahk+ alumiinium. 44-3006LB\" \/>\n<meta property=\"og:description\" content=\"Talub suurt kuumust. Sisek\u00fclje loomahahk ja v\u00e4lisel k\u00fcljel alumiiniumkate. Kevlar \u00f5mblused\" \/>\n<meta property=\"og:url\" content=\"https:\/\/spectrebaltics.com\/toode\/weldas-randmekaitse-nahk-alumiinium-44-3006lb\/\" \/>\n<meta property=\"og:site_name\" content=\"Spectrebaltics\" \/>\n<meta property=\"article:modified_time\" content=\"2024-06-28T12:26:51+00:00\" \/>\n<meta property=\"og:image\" content=\"https:\/\/spectrebaltics.com\/wp-content\/uploads\/2024\/06\/217658328.jpg\" \/>\n\t<meta property=\"og:image:width\" content=\"400\" \/>\n\t<meta property=\"og:image:height\" content=\"628\" \/>\n\t<meta property=\"og:image:type\" content=\"image\/jpeg\" \/>\n<meta name=\"twitter:card\" content=\"summary_large_image\" \/>\n<script type=\"application\/ld+json\" class=\"yoast-schema-graph\">{\"@context\":\"https:\/\/schema.org\",\"@graph\":[{\"@type\":\"Organization\",\"@id\":\"https:\/\/spectrebaltics.com\/ru\/#organization\",\"name\":\"Spectrebaltics\",\"url\":\"https:\/\/spectrebaltics.com\/ru\/\",\"sameAs\":[],\"logo\":{\"@type\":\"ImageObject\",\"@id\":\"https:\/\/spectrebaltics.com\/ru\/#logo\",\"inLanguage\":\"en-US\",\"url\":\"https:\/\/spectrebaltics.com\/wp-content\/uploads\/2024\/03\/Spectrebaltics-logo.svg\",\"contentUrl\":\"https:\/\/spectrebaltics.com\/wp-content\/uploads\/2024\/03\/Spectrebaltics-logo.svg\",\"caption\":\"Spectrebaltics\"},\"image\":{\"@id\":\"https:\/\/spectrebaltics.com\/ru\/#logo\"}},{\"@type\":\"WebSite\",\"@id\":\"https:\/\/spectrebaltics.com\/ru\/#website\",\"url\":\"https:\/\/spectrebaltics.com\/ru\/\",\"name\":\"Spectrebaltics\",\"description\":\"\",\"publisher\":{\"@id\":\"https:\/\/spectrebaltics.com\/ru\/#organization\"},\"potentialAction\":[{\"@type\":\"SearchAction\",\"target\":{\"@type\":\"EntryPoint\",\"urlTemplate\":\"https:\/\/spectrebaltics.com\/ru\/?s={search_term_string}\"},\"query-input\":\"required name=search_term_string\"}],\"inLanguage\":\"en-US\"},{\"@type\":\"ImageObject\",\"@id\":\"https:\/\/spectrebaltics.com\/toode\/weldas-randmekaitse-nahk-alumiinium-44-3006lb\/#primaryimage\",\"inLanguage\":\"en-US\",\"url\":\"https:\/\/spectrebaltics.com\/wp-content\/uploads\/2024\/06\/217658328.jpg\",\"contentUrl\":\"https:\/\/spectrebaltics.com\/wp-content\/uploads\/2024\/06\/217658328.jpg\",\"width\":400,\"height\":628},{\"@type\":\"WebPage\",\"@id\":\"https:\/\/spectrebaltics.com\/toode\/weldas-randmekaitse-nahk-alumiinium-44-3006lb\/#webpage\",\"url\":\"https:\/\/spectrebaltics.com\/toode\/weldas-randmekaitse-nahk-alumiinium-44-3006lb\/\",\"name\":\"Weldas Randmekaitse nahk+ alumiinium. 44-3006LB\",\"isPartOf\":{\"@id\":\"https:\/\/spectrebaltics.com\/ru\/#website\"},\"primaryImageOfPage\":{\"@id\":\"https:\/\/spectrebaltics.com\/toode\/weldas-randmekaitse-nahk-alumiinium-44-3006lb\/#primaryimage\"},\"datePublished\":\"2024-06-28T08:56:41+00:00\",\"dateModified\":\"2024-06-28T12:26:51+00:00\",\"breadcrumb\":{\"@id\":\"https:\/\/spectrebaltics.com\/toode\/weldas-randmekaitse-nahk-alumiinium-44-3006lb\/#breadcrumb\"},\"inLanguage\":\"en-US\",\"potentialAction\":[{\"@type\":\"ReadAction\",\"target\":[\"https:\/\/spectrebaltics.com\/toode\/weldas-randmekaitse-nahk-alumiinium-44-3006lb\/\"]}]},{\"@type\":\"BreadcrumbList\",\"@id\":\"https:\/\/spectrebaltics.com\/toode\/weldas-randmekaitse-nahk-alumiinium-44-3006lb\/#breadcrumb\",\"itemListElement\":[{\"@type\":\"ListItem\",\"position\":1,\"name\":\"Home\",\"item\":\"https:\/\/spectrebaltics.com\/en\/\"},{\"@type\":\"ListItem\",\"position\":2,\"name\":\"Catalogue\",\"item\":\"https:\/\/spectrebaltics.com\/en\/catalogue\/\"},{\"@type\":\"ListItem\",\"position\":3,\"name\":\"Weldas Randmekaitse nahk+ alumiinium. 44-3006LB\"}]}]}<\/script>\n<!-- \/ Yoast SEO plugin. -->","yoast_head_json":{"title":"Weldas Randmekaitse nahk+ alumiinium. 44-3006LB","robots":{"index":"index","follow":"follow","max-snippet":"max-snippet:-1","max-image-preview":"max-image-preview:large","max-video-preview":"max-video-preview:-1"},"canonical":"https:\/\/spectrebaltics.com\/toode\/weldas-randmekaitse-nahk-alumiinium-44-3006lb\/","og_locale":"en_US","og_type":"article","og_title":"Weldas Randmekaitse nahk+ alumiinium. 44-3006LB","og_description":"Talub suurt kuumust. Sisek\u00fclje loomahahk ja v\u00e4lisel k\u00fcljel alumiiniumkate. Kevlar \u00f5mblused","og_url":"https:\/\/spectrebaltics.com\/toode\/weldas-randmekaitse-nahk-alumiinium-44-3006lb\/","og_site_name":"Spectrebaltics","article_modified_time":"2024-06-28T12:26:51+00:00","og_image":[{"width":400,"height":628,"url":"https:\/\/spectrebaltics.com\/wp-content\/uploads\/2024\/06\/217658328.jpg","type":"image\/jpeg"}],"twitter_card":"summary_large_image","schema":{"@context":"https:\/\/schema.org","@graph":[{"@type":"Organization","@id":"https:\/\/spectrebaltics.com\/ru\/#organization","name":"Spectrebaltics","url":"https:\/\/spectrebaltics.com\/ru\/","sameAs":[],"logo":{"@type":"ImageObject","@id":"https:\/\/spectrebaltics.com\/ru\/#logo","inLanguage":"en-US","url":"https:\/\/spectrebaltics.com\/wp-content\/uploads\/2024\/03\/Spectrebaltics-logo.svg","contentUrl":"https:\/\/spectrebaltics.com\/wp-content\/uploads\/2024\/03\/Spectrebaltics-logo.svg","caption":"Spectrebaltics"},"image":{"@id":"https:\/\/spectrebaltics.com\/ru\/#logo"}},{"@type":"WebSite","@id":"https:\/\/spectrebaltics.com\/ru\/#website","url":"https:\/\/spectrebaltics.com\/ru\/","name":"Spectrebaltics","description":"","publisher":{"@id":"https:\/\/spectrebaltics.com\/ru\/#organization"},"potentialAction":[{"@type":"SearchAction","target":{"@type":"EntryPoint","urlTemplate":"https:\/\/spectrebaltics.com\/ru\/?s={search_term_string}"},"query-input":"required name=search_term_string"}],"inLanguage":"en-US"},{"@type":"ImageObject","@id":"https:\/\/spectrebaltics.com\/toode\/weldas-randmekaitse-nahk-alumiinium-44-3006lb\/#primaryimage","inLanguage":"en-US","url":"https:\/\/spectrebaltics.com\/wp-content\/uploads\/2024\/06\/217658328.jpg","contentUrl":"https:\/\/spectrebaltics.com\/wp-content\/uploads\/2024\/06\/217658328.jpg","width":400,"height":628},{"@type":"WebPage","@id":"https:\/\/spectrebaltics.com\/toode\/weldas-randmekaitse-nahk-alumiinium-44-3006lb\/#webpage","url":"https:\/\/spectrebaltics.com\/toode\/weldas-randmekaitse-nahk-alumiinium-44-3006lb\/","name":"Weldas Randmekaitse nahk+ alumiinium. 44-3006LB","isPartOf":{"@id":"https:\/\/spectrebaltics.com\/ru\/#website"},"primaryImageOfPage":{"@id":"https:\/\/spectrebaltics.com\/toode\/weldas-randmekaitse-nahk-alumiinium-44-3006lb\/#primaryimage"},"datePublished":"2024-06-28T08:56:41+00:00","dateModified":"2024-06-28T12:26:51+00:00","breadcrumb":{"@id":"https:\/\/spectrebaltics.com\/toode\/weldas-randmekaitse-nahk-alumiinium-44-3006lb\/#breadcrumb"},"inLanguage":"en-US","potentialAction":[{"@type":"ReadAction","target":["https:\/\/spectrebaltics.com\/toode\/weldas-randmekaitse-nahk-alumiinium-44-3006lb\/"]}]},{"@type":"BreadcrumbList","@id":"https:\/\/spectrebaltics.com\/toode\/weldas-randmekaitse-nahk-alumiinium-44-3006lb\/#breadcrumb","itemListElement":[{"@type":"ListItem","position":1,"name":"Home","item":"https:\/\/spectrebaltics.com\/en\/"},{"@type":"ListItem","position":2,"name":"Catalogue","item":"https:\/\/spectrebaltics.com\/en\/catalogue\/"},{"@type":"ListItem","position":3,"name":"Weldas Randmekaitse nahk+ alumiinium. 44-3006LB"}]}]}},"_links":{"self":[{"href":"https:\/\/spectrebaltics.com\/en\/wp-json\/wp\/v2\/product\/10553"}],"collection":[{"href":"https:\/\/spectrebaltics.com\/en\/wp-json\/wp\/v2\/product"}],"about":[{"href":"https:\/\/spectrebaltics.com\/en\/wp-json\/wp\/v2\/types\/product"}],"wp:featuredmedia":[{"embeddable":true,"href":"https:\/\/spectrebaltics.com\/en\/wp-json\/wp\/v2\/media\/10554"}],"wp:attachment":[{"href":"https:\/\/spectrebaltics.com\/en\/wp-json\/wp\/v2\/media?parent=10553"}],"wp:term":[{"taxonomy":"product_cat","embeddable":true,"href":"https:\/\/spectrebaltics.com\/en\/wp-json\/wp\/v2\/product_cat?post=10553"},{"taxonomy":"product_tag","embeddable":true,"href":"https:\/\/spectrebaltics.com\/en\/wp-json\/wp\/v2\/product_tag?post=10553"}],"curies":[{"name":"wp","href":"https:\/\/api.w.org\/{rel}","templated":true}]}}