{"id":10560,"date":"2024-06-28T09:05:16","date_gmt":"2024-06-28T09:05:16","guid":{"rendered":"https:\/\/spectrebaltics.com\/?post_type=product&#038;p=10560"},"modified":"2024-06-28T12:30:19","modified_gmt":"2024-06-28T12:30:19","slug":"turvamuts-sinine","status":"publish","type":"product","link":"https:\/\/spectrebaltics.com\/en\/toode\/turvamuts-sinine\/","title":{"rendered":"Turvam\u00fcts sinine"},"content":{"rendered":"<p>EARLINE turvam\u00fcts<span>\u00a0pakub piiratud kaitset tugevamate l\u00f6\u00f6kide eest. Kaitseb kergemate p\u00f5rutuste ja pindmiste vigastuste eest.\u00a0<\/span><span>M\u00fcts sobib kasutamiseks siseruumides, kus ei ole esemete kukkumise ohtu. M\u00fctsil on k\u00fclgedel \u00f5hutusavad.<\/span><\/p>\n","protected":false},"excerpt":{"rendered":"<p>EARLINE turvam\u00fcts\u00a0pakub piiratud kaitset tugevamate l\u00f6\u00f6kide eest. Kaitseb kergemate p\u00f5rutuste ja pindmiste vigastuste eest.\u00a0M\u00fcts sobib kasutamiseks siseruumides, kus ei ole esemete kukkumise ohtu. M\u00fctsil on k\u00fclgedel \u00f5hutusavad.<\/p>\n","protected":false},"featured_media":10561,"template":"","meta":[],"product_cat":[106,107],"product_tag":[],"yoast_head":"<!-- This site is optimized with the Yoast SEO plugin v18.4.1 - https:\/\/yoast.com\/wordpress\/plugins\/seo\/ -->\n<title>Turvam\u00fcts sinine<\/title>\n<meta name=\"robots\" content=\"index, follow, max-snippet:-1, max-image-preview:large, max-video-preview:-1\" \/>\n<link rel=\"canonical\" href=\"https:\/\/spectrebaltics.com\/toode\/turvamuts-sinine\/\" \/>\n<meta property=\"og:locale\" content=\"en_US\" \/>\n<meta property=\"og:type\" content=\"article\" \/>\n<meta property=\"og:title\" content=\"Turvam\u00fcts sinine\" \/>\n<meta property=\"og:description\" content=\"EARLINE turvam\u00fcts\u00a0pakub piiratud kaitset tugevamate l\u00f6\u00f6kide eest. Kaitseb kergemate p\u00f5rutuste ja pindmiste vigastuste eest.\u00a0M\u00fcts sobib kasutamiseks siseruumides, kus ei ole esemete kukkumise ohtu. M\u00fctsil on k\u00fclgedel \u00f5hutusavad.\" \/>\n<meta property=\"og:url\" content=\"https:\/\/spectrebaltics.com\/toode\/turvamuts-sinine\/\" \/>\n<meta property=\"og:site_name\" content=\"Spectrebaltics\" \/>\n<meta property=\"article:modified_time\" content=\"2024-06-28T12:30:19+00:00\" \/>\n<meta property=\"og:image\" content=\"https:\/\/spectrebaltics.com\/wp-content\/uploads\/2024\/06\/snimok-ekrana-2024-06-28-120049.png\" \/>\n\t<meta property=\"og:image:width\" content=\"457\" \/>\n\t<meta property=\"og:image:height\" content=\"453\" \/>\n\t<meta property=\"og:image:type\" content=\"image\/png\" \/>\n<meta name=\"twitter:card\" content=\"summary_large_image\" \/>\n<script type=\"application\/ld+json\" class=\"yoast-schema-graph\">{\"@context\":\"https:\/\/schema.org\",\"@graph\":[{\"@type\":\"Organization\",\"@id\":\"https:\/\/spectrebaltics.com\/ru\/#organization\",\"name\":\"Spectrebaltics\",\"url\":\"https:\/\/spectrebaltics.com\/ru\/\",\"sameAs\":[],\"logo\":{\"@type\":\"ImageObject\",\"@id\":\"https:\/\/spectrebaltics.com\/ru\/#logo\",\"inLanguage\":\"en-US\",\"url\":\"https:\/\/spectrebaltics.com\/wp-content\/uploads\/2024\/03\/Spectrebaltics-logo.svg\",\"contentUrl\":\"https:\/\/spectrebaltics.com\/wp-content\/uploads\/2024\/03\/Spectrebaltics-logo.svg\",\"caption\":\"Spectrebaltics\"},\"image\":{\"@id\":\"https:\/\/spectrebaltics.com\/ru\/#logo\"}},{\"@type\":\"WebSite\",\"@id\":\"https:\/\/spectrebaltics.com\/ru\/#website\",\"url\":\"https:\/\/spectrebaltics.com\/ru\/\",\"name\":\"Spectrebaltics\",\"description\":\"\",\"publisher\":{\"@id\":\"https:\/\/spectrebaltics.com\/ru\/#organization\"},\"potentialAction\":[{\"@type\":\"SearchAction\",\"target\":{\"@type\":\"EntryPoint\",\"urlTemplate\":\"https:\/\/spectrebaltics.com\/ru\/?s={search_term_string}\"},\"query-input\":\"required name=search_term_string\"}],\"inLanguage\":\"en-US\"},{\"@type\":\"ImageObject\",\"@id\":\"https:\/\/spectrebaltics.com\/toode\/turvamuts-sinine\/#primaryimage\",\"inLanguage\":\"en-US\",\"url\":\"https:\/\/spectrebaltics.com\/wp-content\/uploads\/2024\/06\/snimok-ekrana-2024-06-28-120049.png\",\"contentUrl\":\"https:\/\/spectrebaltics.com\/wp-content\/uploads\/2024\/06\/snimok-ekrana-2024-06-28-120049.png\",\"width\":457,\"height\":453},{\"@type\":\"WebPage\",\"@id\":\"https:\/\/spectrebaltics.com\/toode\/turvamuts-sinine\/#webpage\",\"url\":\"https:\/\/spectrebaltics.com\/toode\/turvamuts-sinine\/\",\"name\":\"Turvam\u00fcts sinine\",\"isPartOf\":{\"@id\":\"https:\/\/spectrebaltics.com\/ru\/#website\"},\"primaryImageOfPage\":{\"@id\":\"https:\/\/spectrebaltics.com\/toode\/turvamuts-sinine\/#primaryimage\"},\"datePublished\":\"2024-06-28T09:05:16+00:00\",\"dateModified\":\"2024-06-28T12:30:19+00:00\",\"breadcrumb\":{\"@id\":\"https:\/\/spectrebaltics.com\/toode\/turvamuts-sinine\/#breadcrumb\"},\"inLanguage\":\"en-US\",\"potentialAction\":[{\"@type\":\"ReadAction\",\"target\":[\"https:\/\/spectrebaltics.com\/toode\/turvamuts-sinine\/\"]}]},{\"@type\":\"BreadcrumbList\",\"@id\":\"https:\/\/spectrebaltics.com\/toode\/turvamuts-sinine\/#breadcrumb\",\"itemListElement\":[{\"@type\":\"ListItem\",\"position\":1,\"name\":\"Home\",\"item\":\"https:\/\/spectrebaltics.com\/en\/\"},{\"@type\":\"ListItem\",\"position\":2,\"name\":\"Catalogue\",\"item\":\"https:\/\/spectrebaltics.com\/en\/catalogue\/\"},{\"@type\":\"ListItem\",\"position\":3,\"name\":\"Turvam\u00fcts sinine\"}]}]}<\/script>\n<!-- \/ Yoast SEO plugin. -->","yoast_head_json":{"title":"Turvam\u00fcts sinine","robots":{"index":"index","follow":"follow","max-snippet":"max-snippet:-1","max-image-preview":"max-image-preview:large","max-video-preview":"max-video-preview:-1"},"canonical":"https:\/\/spectrebaltics.com\/toode\/turvamuts-sinine\/","og_locale":"en_US","og_type":"article","og_title":"Turvam\u00fcts sinine","og_description":"EARLINE turvam\u00fcts\u00a0pakub piiratud kaitset tugevamate l\u00f6\u00f6kide eest. Kaitseb kergemate p\u00f5rutuste ja pindmiste vigastuste eest.\u00a0M\u00fcts sobib kasutamiseks siseruumides, kus ei ole esemete kukkumise ohtu. M\u00fctsil on k\u00fclgedel \u00f5hutusavad.","og_url":"https:\/\/spectrebaltics.com\/toode\/turvamuts-sinine\/","og_site_name":"Spectrebaltics","article_modified_time":"2024-06-28T12:30:19+00:00","og_image":[{"width":457,"height":453,"url":"https:\/\/spectrebaltics.com\/wp-content\/uploads\/2024\/06\/snimok-ekrana-2024-06-28-120049.png","type":"image\/png"}],"twitter_card":"summary_large_image","schema":{"@context":"https:\/\/schema.org","@graph":[{"@type":"Organization","@id":"https:\/\/spectrebaltics.com\/ru\/#organization","name":"Spectrebaltics","url":"https:\/\/spectrebaltics.com\/ru\/","sameAs":[],"logo":{"@type":"ImageObject","@id":"https:\/\/spectrebaltics.com\/ru\/#logo","inLanguage":"en-US","url":"https:\/\/spectrebaltics.com\/wp-content\/uploads\/2024\/03\/Spectrebaltics-logo.svg","contentUrl":"https:\/\/spectrebaltics.com\/wp-content\/uploads\/2024\/03\/Spectrebaltics-logo.svg","caption":"Spectrebaltics"},"image":{"@id":"https:\/\/spectrebaltics.com\/ru\/#logo"}},{"@type":"WebSite","@id":"https:\/\/spectrebaltics.com\/ru\/#website","url":"https:\/\/spectrebaltics.com\/ru\/","name":"Spectrebaltics","description":"","publisher":{"@id":"https:\/\/spectrebaltics.com\/ru\/#organization"},"potentialAction":[{"@type":"SearchAction","target":{"@type":"EntryPoint","urlTemplate":"https:\/\/spectrebaltics.com\/ru\/?s={search_term_string}"},"query-input":"required name=search_term_string"}],"inLanguage":"en-US"},{"@type":"ImageObject","@id":"https:\/\/spectrebaltics.com\/toode\/turvamuts-sinine\/#primaryimage","inLanguage":"en-US","url":"https:\/\/spectrebaltics.com\/wp-content\/uploads\/2024\/06\/snimok-ekrana-2024-06-28-120049.png","contentUrl":"https:\/\/spectrebaltics.com\/wp-content\/uploads\/2024\/06\/snimok-ekrana-2024-06-28-120049.png","width":457,"height":453},{"@type":"WebPage","@id":"https:\/\/spectrebaltics.com\/toode\/turvamuts-sinine\/#webpage","url":"https:\/\/spectrebaltics.com\/toode\/turvamuts-sinine\/","name":"Turvam\u00fcts sinine","isPartOf":{"@id":"https:\/\/spectrebaltics.com\/ru\/#website"},"primaryImageOfPage":{"@id":"https:\/\/spectrebaltics.com\/toode\/turvamuts-sinine\/#primaryimage"},"datePublished":"2024-06-28T09:05:16+00:00","dateModified":"2024-06-28T12:30:19+00:00","breadcrumb":{"@id":"https:\/\/spectrebaltics.com\/toode\/turvamuts-sinine\/#breadcrumb"},"inLanguage":"en-US","potentialAction":[{"@type":"ReadAction","target":["https:\/\/spectrebaltics.com\/toode\/turvamuts-sinine\/"]}]},{"@type":"BreadcrumbList","@id":"https:\/\/spectrebaltics.com\/toode\/turvamuts-sinine\/#breadcrumb","itemListElement":[{"@type":"ListItem","position":1,"name":"Home","item":"https:\/\/spectrebaltics.com\/en\/"},{"@type":"ListItem","position":2,"name":"Catalogue","item":"https:\/\/spectrebaltics.com\/en\/catalogue\/"},{"@type":"ListItem","position":3,"name":"Turvam\u00fcts sinine"}]}]}},"_links":{"self":[{"href":"https:\/\/spectrebaltics.com\/en\/wp-json\/wp\/v2\/product\/10560"}],"collection":[{"href":"https:\/\/spectrebaltics.com\/en\/wp-json\/wp\/v2\/product"}],"about":[{"href":"https:\/\/spectrebaltics.com\/en\/wp-json\/wp\/v2\/types\/product"}],"wp:featuredmedia":[{"embeddable":true,"href":"https:\/\/spectrebaltics.com\/en\/wp-json\/wp\/v2\/media\/10561"}],"wp:attachment":[{"href":"https:\/\/spectrebaltics.com\/en\/wp-json\/wp\/v2\/media?parent=10560"}],"wp:term":[{"taxonomy":"product_cat","embeddable":true,"href":"https:\/\/spectrebaltics.com\/en\/wp-json\/wp\/v2\/product_cat?post=10560"},{"taxonomy":"product_tag","embeddable":true,"href":"https:\/\/spectrebaltics.com\/en\/wp-json\/wp\/v2\/product_tag?post=10560"}],"curies":[{"name":"wp","href":"https:\/\/api.w.org\/{rel}","templated":true}]}}