{"id":10568,"date":"2024-06-28T10:44:58","date_gmt":"2024-06-28T10:44:58","guid":{"rendered":"https:\/\/spectrebaltics.com\/?post_type=product&#038;p=10568"},"modified":"2024-06-28T10:44:58","modified_gmt":"2024-06-28T10:44:58","slug":"bizflame-voopuksid-keevitajale","status":"publish","type":"product","link":"https:\/\/spectrebaltics.com\/en\/toode\/bizflame-voopuksid-keevitajale\/","title":{"rendered":"BIZFLAME+ v\u00f6\u00f6p\u00fcksid keevitajale"},"content":{"rendered":"<p>PORTWEST FR56 keevitaja v\u00f6\u00f6p\u00fcksid\u00a0BIZFLAME<strong>+<\/strong><span>\u00a0on antistaatiliste omadustega. Kolmekordsed \u00f5mblused muudavad p\u00fcksid vastupidavamaks. Keevitaja p\u00fckstel on helkurribad s\u00e4\u00e4rte \u00fcmber. P\u00fckstel on mahukad k\u00fcljetaskud, p\u00f5lvetaskud, joonlauatasku ja tagataskud. Osaliselt elastne v\u00f6\u00f6koht annab liikumismugavust. Reguleeritavad s\u00e4\u00e4reotsad.<\/span><\/p>\n","protected":false},"excerpt":{"rendered":"<p>PORTWEST FR56 keevitaja v\u00f6\u00f6p\u00fcksid\u00a0BIZFLAME+\u00a0on antistaatiliste omadustega. Kolmekordsed \u00f5mblused muudavad p\u00fcksid vastupidavamaks. Keevitaja p\u00fckstel on helkurribad s\u00e4\u00e4rte \u00fcmber. P\u00fckstel on mahukad k\u00fcljetaskud, p\u00f5lvetaskud, joonlauatasku ja tagataskud. Osaliselt elastne v\u00f6\u00f6koht annab liikumismugavust. Reguleeritavad s\u00e4\u00e4reotsad.<\/p>\n","protected":false},"featured_media":10569,"template":"","meta":[],"product_cat":[106,111],"product_tag":[],"yoast_head":"<!-- This site is optimized with the Yoast SEO plugin v18.4.1 - https:\/\/yoast.com\/wordpress\/plugins\/seo\/ -->\n<title>BIZFLAME+ v\u00f6\u00f6p\u00fcksid keevitajale<\/title>\n<meta name=\"robots\" content=\"index, follow, max-snippet:-1, max-image-preview:large, max-video-preview:-1\" \/>\n<link rel=\"canonical\" href=\"https:\/\/spectrebaltics.com\/en\/toode\/bizflame-voopuksid-keevitajale\/\" \/>\n<meta property=\"og:locale\" content=\"en_US\" \/>\n<meta property=\"og:type\" content=\"article\" \/>\n<meta property=\"og:title\" content=\"BIZFLAME+ v\u00f6\u00f6p\u00fcksid keevitajale\" \/>\n<meta property=\"og:description\" content=\"PORTWEST FR56 keevitaja v\u00f6\u00f6p\u00fcksid\u00a0BIZFLAME+\u00a0on antistaatiliste omadustega. Kolmekordsed \u00f5mblused muudavad p\u00fcksid vastupidavamaks. Keevitaja p\u00fckstel on helkurribad s\u00e4\u00e4rte \u00fcmber. P\u00fckstel on mahukad k\u00fcljetaskud, p\u00f5lvetaskud, joonlauatasku ja tagataskud. Osaliselt elastne v\u00f6\u00f6koht annab liikumismugavust. Reguleeritavad s\u00e4\u00e4reotsad.\" \/>\n<meta property=\"og:url\" content=\"https:\/\/spectrebaltics.com\/en\/toode\/bizflame-voopuksid-keevitajale\/\" \/>\n<meta property=\"og:site_name\" content=\"Spectrebaltics\" \/>\n<meta property=\"og:image\" content=\"https:\/\/spectrebaltics.com\/wp-content\/uploads\/2024\/06\/snimok-ekrana-2024-06-28-134327.png\" \/>\n\t<meta property=\"og:image:width\" content=\"989\" \/>\n\t<meta property=\"og:image:height\" content=\"986\" \/>\n\t<meta property=\"og:image:type\" content=\"image\/png\" \/>\n<meta name=\"twitter:card\" content=\"summary_large_image\" \/>\n<script type=\"application\/ld+json\" class=\"yoast-schema-graph\">{\"@context\":\"https:\/\/schema.org\",\"@graph\":[{\"@type\":\"Organization\",\"@id\":\"https:\/\/spectrebaltics.com\/ru\/#organization\",\"name\":\"Spectrebaltics\",\"url\":\"https:\/\/spectrebaltics.com\/ru\/\",\"sameAs\":[],\"logo\":{\"@type\":\"ImageObject\",\"@id\":\"https:\/\/spectrebaltics.com\/ru\/#logo\",\"inLanguage\":\"en-US\",\"url\":\"https:\/\/spectrebaltics.com\/wp-content\/uploads\/2024\/03\/Spectrebaltics-logo.svg\",\"contentUrl\":\"https:\/\/spectrebaltics.com\/wp-content\/uploads\/2024\/03\/Spectrebaltics-logo.svg\",\"caption\":\"Spectrebaltics\"},\"image\":{\"@id\":\"https:\/\/spectrebaltics.com\/ru\/#logo\"}},{\"@type\":\"WebSite\",\"@id\":\"https:\/\/spectrebaltics.com\/ru\/#website\",\"url\":\"https:\/\/spectrebaltics.com\/ru\/\",\"name\":\"Spectrebaltics\",\"description\":\"\",\"publisher\":{\"@id\":\"https:\/\/spectrebaltics.com\/ru\/#organization\"},\"potentialAction\":[{\"@type\":\"SearchAction\",\"target\":{\"@type\":\"EntryPoint\",\"urlTemplate\":\"https:\/\/spectrebaltics.com\/ru\/?s={search_term_string}\"},\"query-input\":\"required name=search_term_string\"}],\"inLanguage\":\"en-US\"},{\"@type\":\"ImageObject\",\"@id\":\"https:\/\/spectrebaltics.com\/en\/toode\/bizflame-voopuksid-keevitajale\/#primaryimage\",\"inLanguage\":\"en-US\",\"url\":\"https:\/\/spectrebaltics.com\/wp-content\/uploads\/2024\/06\/snimok-ekrana-2024-06-28-134327.png\",\"contentUrl\":\"https:\/\/spectrebaltics.com\/wp-content\/uploads\/2024\/06\/snimok-ekrana-2024-06-28-134327.png\",\"width\":989,\"height\":986},{\"@type\":\"WebPage\",\"@id\":\"https:\/\/spectrebaltics.com\/en\/toode\/bizflame-voopuksid-keevitajale\/#webpage\",\"url\":\"https:\/\/spectrebaltics.com\/en\/toode\/bizflame-voopuksid-keevitajale\/\",\"name\":\"BIZFLAME+ v\u00f6\u00f6p\u00fcksid keevitajale\",\"isPartOf\":{\"@id\":\"https:\/\/spectrebaltics.com\/ru\/#website\"},\"primaryImageOfPage\":{\"@id\":\"https:\/\/spectrebaltics.com\/en\/toode\/bizflame-voopuksid-keevitajale\/#primaryimage\"},\"datePublished\":\"2024-06-28T10:44:58+00:00\",\"dateModified\":\"2024-06-28T10:44:58+00:00\",\"breadcrumb\":{\"@id\":\"https:\/\/spectrebaltics.com\/en\/toode\/bizflame-voopuksid-keevitajale\/#breadcrumb\"},\"inLanguage\":\"en-US\",\"potentialAction\":[{\"@type\":\"ReadAction\",\"target\":[\"https:\/\/spectrebaltics.com\/en\/toode\/bizflame-voopuksid-keevitajale\/\"]}]},{\"@type\":\"BreadcrumbList\",\"@id\":\"https:\/\/spectrebaltics.com\/en\/toode\/bizflame-voopuksid-keevitajale\/#breadcrumb\",\"itemListElement\":[{\"@type\":\"ListItem\",\"position\":1,\"name\":\"Home\",\"item\":\"https:\/\/spectrebaltics.com\/en\/\"},{\"@type\":\"ListItem\",\"position\":2,\"name\":\"Catalogue\",\"item\":\"https:\/\/spectrebaltics.com\/en\/catalogue\/\"},{\"@type\":\"ListItem\",\"position\":3,\"name\":\"BIZFLAME+ v\u00f6\u00f6p\u00fcksid keevitajale\"}]}]}<\/script>\n<!-- \/ Yoast SEO plugin. -->","yoast_head_json":{"title":"BIZFLAME+ v\u00f6\u00f6p\u00fcksid keevitajale","robots":{"index":"index","follow":"follow","max-snippet":"max-snippet:-1","max-image-preview":"max-image-preview:large","max-video-preview":"max-video-preview:-1"},"canonical":"https:\/\/spectrebaltics.com\/en\/toode\/bizflame-voopuksid-keevitajale\/","og_locale":"en_US","og_type":"article","og_title":"BIZFLAME+ v\u00f6\u00f6p\u00fcksid keevitajale","og_description":"PORTWEST FR56 keevitaja v\u00f6\u00f6p\u00fcksid\u00a0BIZFLAME+\u00a0on antistaatiliste omadustega. Kolmekordsed \u00f5mblused muudavad p\u00fcksid vastupidavamaks. Keevitaja p\u00fckstel on helkurribad s\u00e4\u00e4rte \u00fcmber. P\u00fckstel on mahukad k\u00fcljetaskud, p\u00f5lvetaskud, joonlauatasku ja tagataskud. Osaliselt elastne v\u00f6\u00f6koht annab liikumismugavust. Reguleeritavad s\u00e4\u00e4reotsad.","og_url":"https:\/\/spectrebaltics.com\/en\/toode\/bizflame-voopuksid-keevitajale\/","og_site_name":"Spectrebaltics","og_image":[{"width":989,"height":986,"url":"https:\/\/spectrebaltics.com\/wp-content\/uploads\/2024\/06\/snimok-ekrana-2024-06-28-134327.png","type":"image\/png"}],"twitter_card":"summary_large_image","schema":{"@context":"https:\/\/schema.org","@graph":[{"@type":"Organization","@id":"https:\/\/spectrebaltics.com\/ru\/#organization","name":"Spectrebaltics","url":"https:\/\/spectrebaltics.com\/ru\/","sameAs":[],"logo":{"@type":"ImageObject","@id":"https:\/\/spectrebaltics.com\/ru\/#logo","inLanguage":"en-US","url":"https:\/\/spectrebaltics.com\/wp-content\/uploads\/2024\/03\/Spectrebaltics-logo.svg","contentUrl":"https:\/\/spectrebaltics.com\/wp-content\/uploads\/2024\/03\/Spectrebaltics-logo.svg","caption":"Spectrebaltics"},"image":{"@id":"https:\/\/spectrebaltics.com\/ru\/#logo"}},{"@type":"WebSite","@id":"https:\/\/spectrebaltics.com\/ru\/#website","url":"https:\/\/spectrebaltics.com\/ru\/","name":"Spectrebaltics","description":"","publisher":{"@id":"https:\/\/spectrebaltics.com\/ru\/#organization"},"potentialAction":[{"@type":"SearchAction","target":{"@type":"EntryPoint","urlTemplate":"https:\/\/spectrebaltics.com\/ru\/?s={search_term_string}"},"query-input":"required name=search_term_string"}],"inLanguage":"en-US"},{"@type":"ImageObject","@id":"https:\/\/spectrebaltics.com\/en\/toode\/bizflame-voopuksid-keevitajale\/#primaryimage","inLanguage":"en-US","url":"https:\/\/spectrebaltics.com\/wp-content\/uploads\/2024\/06\/snimok-ekrana-2024-06-28-134327.png","contentUrl":"https:\/\/spectrebaltics.com\/wp-content\/uploads\/2024\/06\/snimok-ekrana-2024-06-28-134327.png","width":989,"height":986},{"@type":"WebPage","@id":"https:\/\/spectrebaltics.com\/en\/toode\/bizflame-voopuksid-keevitajale\/#webpage","url":"https:\/\/spectrebaltics.com\/en\/toode\/bizflame-voopuksid-keevitajale\/","name":"BIZFLAME+ v\u00f6\u00f6p\u00fcksid keevitajale","isPartOf":{"@id":"https:\/\/spectrebaltics.com\/ru\/#website"},"primaryImageOfPage":{"@id":"https:\/\/spectrebaltics.com\/en\/toode\/bizflame-voopuksid-keevitajale\/#primaryimage"},"datePublished":"2024-06-28T10:44:58+00:00","dateModified":"2024-06-28T10:44:58+00:00","breadcrumb":{"@id":"https:\/\/spectrebaltics.com\/en\/toode\/bizflame-voopuksid-keevitajale\/#breadcrumb"},"inLanguage":"en-US","potentialAction":[{"@type":"ReadAction","target":["https:\/\/spectrebaltics.com\/en\/toode\/bizflame-voopuksid-keevitajale\/"]}]},{"@type":"BreadcrumbList","@id":"https:\/\/spectrebaltics.com\/en\/toode\/bizflame-voopuksid-keevitajale\/#breadcrumb","itemListElement":[{"@type":"ListItem","position":1,"name":"Home","item":"https:\/\/spectrebaltics.com\/en\/"},{"@type":"ListItem","position":2,"name":"Catalogue","item":"https:\/\/spectrebaltics.com\/en\/catalogue\/"},{"@type":"ListItem","position":3,"name":"BIZFLAME+ v\u00f6\u00f6p\u00fcksid keevitajale"}]}]}},"_links":{"self":[{"href":"https:\/\/spectrebaltics.com\/en\/wp-json\/wp\/v2\/product\/10568"}],"collection":[{"href":"https:\/\/spectrebaltics.com\/en\/wp-json\/wp\/v2\/product"}],"about":[{"href":"https:\/\/spectrebaltics.com\/en\/wp-json\/wp\/v2\/types\/product"}],"wp:featuredmedia":[{"embeddable":true,"href":"https:\/\/spectrebaltics.com\/en\/wp-json\/wp\/v2\/media\/10569"}],"wp:attachment":[{"href":"https:\/\/spectrebaltics.com\/en\/wp-json\/wp\/v2\/media?parent=10568"}],"wp:term":[{"taxonomy":"product_cat","embeddable":true,"href":"https:\/\/spectrebaltics.com\/en\/wp-json\/wp\/v2\/product_cat?post=10568"},{"taxonomy":"product_tag","embeddable":true,"href":"https:\/\/spectrebaltics.com\/en\/wp-json\/wp\/v2\/product_tag?post=10568"}],"curies":[{"name":"wp","href":"https:\/\/api.w.org\/{rel}","templated":true}]}}