{"id":10583,"date":"2024-06-28T11:01:32","date_gmt":"2024-06-28T11:01:32","guid":{"rendered":"https:\/\/spectrebaltics.com\/?post_type=product&#038;p=10583"},"modified":"2024-06-28T11:01:32","modified_gmt":"2024-06-28T11:01:32","slug":"norfin-winter-line-termopesu-302500","status":"publish","type":"product","link":"https:\/\/spectrebaltics.com\/en\/toode\/norfin-winter-line-termopesu-302500\/","title":{"rendered":"Norfin Winter Line termopesu 302500"},"content":{"rendered":"<p>NORFIN WINTER 302500 Winter Line termopesu.\u00a0<span>See fliismaterjalist valmistatud kerge ja hingav kaheosaline termopesu on v\u00e4ga pehme ja mugav, seet\u00f5ttu sobib see ideaalselt esimese v\u00f5i teise kihina kandmiseks.<\/span><\/p>\n","protected":false},"excerpt":{"rendered":"<p>NORFIN WINTER 302500 Winter Line termopesu.\u00a0See fliismaterjalist valmistatud kerge ja hingav kaheosaline termopesu on v\u00e4ga pehme ja mugav, seet\u00f5ttu sobib see ideaalselt esimese v\u00f5i teise kihina kandmiseks.<\/p>\n","protected":false},"featured_media":10584,"template":"","meta":[],"product_cat":[106,111],"product_tag":[],"yoast_head":"<!-- This site is optimized with the Yoast SEO plugin v18.4.1 - https:\/\/yoast.com\/wordpress\/plugins\/seo\/ -->\n<title>Norfin Winter Line termopesu 302500<\/title>\n<meta name=\"robots\" content=\"index, follow, max-snippet:-1, max-image-preview:large, max-video-preview:-1\" \/>\n<link rel=\"canonical\" href=\"https:\/\/spectrebaltics.com\/toode\/norfin-winter-line-termopesu-302500\/\" \/>\n<meta property=\"og:locale\" content=\"en_US\" \/>\n<meta property=\"og:type\" content=\"article\" \/>\n<meta property=\"og:title\" content=\"Norfin Winter Line termopesu 302500\" \/>\n<meta property=\"og:description\" content=\"NORFIN WINTER 302500 Winter Line termopesu.\u00a0See fliismaterjalist valmistatud kerge ja hingav kaheosaline termopesu on v\u00e4ga pehme ja mugav, seet\u00f5ttu sobib see ideaalselt esimese v\u00f5i teise kihina kandmiseks.\" \/>\n<meta property=\"og:url\" content=\"https:\/\/spectrebaltics.com\/toode\/norfin-winter-line-termopesu-302500\/\" \/>\n<meta property=\"og:site_name\" content=\"Spectrebaltics\" \/>\n<meta property=\"og:image\" content=\"https:\/\/spectrebaltics.com\/wp-content\/uploads\/2024\/06\/snimok-ekrana-2024-06-28-140050.png\" \/>\n\t<meta property=\"og:image:width\" content=\"976\" \/>\n\t<meta property=\"og:image:height\" content=\"982\" \/>\n\t<meta property=\"og:image:type\" content=\"image\/png\" \/>\n<meta name=\"twitter:card\" content=\"summary_large_image\" \/>\n<script type=\"application\/ld+json\" class=\"yoast-schema-graph\">{\"@context\":\"https:\/\/schema.org\",\"@graph\":[{\"@type\":\"Organization\",\"@id\":\"https:\/\/spectrebaltics.com\/ru\/#organization\",\"name\":\"Spectrebaltics\",\"url\":\"https:\/\/spectrebaltics.com\/ru\/\",\"sameAs\":[],\"logo\":{\"@type\":\"ImageObject\",\"@id\":\"https:\/\/spectrebaltics.com\/ru\/#logo\",\"inLanguage\":\"en-US\",\"url\":\"https:\/\/spectrebaltics.com\/wp-content\/uploads\/2024\/03\/Spectrebaltics-logo.svg\",\"contentUrl\":\"https:\/\/spectrebaltics.com\/wp-content\/uploads\/2024\/03\/Spectrebaltics-logo.svg\",\"caption\":\"Spectrebaltics\"},\"image\":{\"@id\":\"https:\/\/spectrebaltics.com\/ru\/#logo\"}},{\"@type\":\"WebSite\",\"@id\":\"https:\/\/spectrebaltics.com\/ru\/#website\",\"url\":\"https:\/\/spectrebaltics.com\/ru\/\",\"name\":\"Spectrebaltics\",\"description\":\"\",\"publisher\":{\"@id\":\"https:\/\/spectrebaltics.com\/ru\/#organization\"},\"potentialAction\":[{\"@type\":\"SearchAction\",\"target\":{\"@type\":\"EntryPoint\",\"urlTemplate\":\"https:\/\/spectrebaltics.com\/ru\/?s={search_term_string}\"},\"query-input\":\"required name=search_term_string\"}],\"inLanguage\":\"en-US\"},{\"@type\":\"ImageObject\",\"@id\":\"https:\/\/spectrebaltics.com\/toode\/norfin-winter-line-termopesu-302500\/#primaryimage\",\"inLanguage\":\"en-US\",\"url\":\"https:\/\/spectrebaltics.com\/wp-content\/uploads\/2024\/06\/snimok-ekrana-2024-06-28-140050.png\",\"contentUrl\":\"https:\/\/spectrebaltics.com\/wp-content\/uploads\/2024\/06\/snimok-ekrana-2024-06-28-140050.png\",\"width\":976,\"height\":982},{\"@type\":\"WebPage\",\"@id\":\"https:\/\/spectrebaltics.com\/toode\/norfin-winter-line-termopesu-302500\/#webpage\",\"url\":\"https:\/\/spectrebaltics.com\/toode\/norfin-winter-line-termopesu-302500\/\",\"name\":\"Norfin Winter Line termopesu 302500\",\"isPartOf\":{\"@id\":\"https:\/\/spectrebaltics.com\/ru\/#website\"},\"primaryImageOfPage\":{\"@id\":\"https:\/\/spectrebaltics.com\/toode\/norfin-winter-line-termopesu-302500\/#primaryimage\"},\"datePublished\":\"2024-06-28T11:01:32+00:00\",\"dateModified\":\"2024-06-28T11:01:32+00:00\",\"breadcrumb\":{\"@id\":\"https:\/\/spectrebaltics.com\/toode\/norfin-winter-line-termopesu-302500\/#breadcrumb\"},\"inLanguage\":\"en-US\",\"potentialAction\":[{\"@type\":\"ReadAction\",\"target\":[\"https:\/\/spectrebaltics.com\/toode\/norfin-winter-line-termopesu-302500\/\"]}]},{\"@type\":\"BreadcrumbList\",\"@id\":\"https:\/\/spectrebaltics.com\/toode\/norfin-winter-line-termopesu-302500\/#breadcrumb\",\"itemListElement\":[{\"@type\":\"ListItem\",\"position\":1,\"name\":\"Home\",\"item\":\"https:\/\/spectrebaltics.com\/en\/\"},{\"@type\":\"ListItem\",\"position\":2,\"name\":\"Catalogue\",\"item\":\"https:\/\/spectrebaltics.com\/en\/catalogue\/\"},{\"@type\":\"ListItem\",\"position\":3,\"name\":\"Norfin Winter Line termopesu 302500\"}]}]}<\/script>\n<!-- \/ Yoast SEO plugin. -->","yoast_head_json":{"title":"Norfin Winter Line termopesu 302500","robots":{"index":"index","follow":"follow","max-snippet":"max-snippet:-1","max-image-preview":"max-image-preview:large","max-video-preview":"max-video-preview:-1"},"canonical":"https:\/\/spectrebaltics.com\/toode\/norfin-winter-line-termopesu-302500\/","og_locale":"en_US","og_type":"article","og_title":"Norfin Winter Line termopesu 302500","og_description":"NORFIN WINTER 302500 Winter Line termopesu.\u00a0See fliismaterjalist valmistatud kerge ja hingav kaheosaline termopesu on v\u00e4ga pehme ja mugav, seet\u00f5ttu sobib see ideaalselt esimese v\u00f5i teise kihina kandmiseks.","og_url":"https:\/\/spectrebaltics.com\/toode\/norfin-winter-line-termopesu-302500\/","og_site_name":"Spectrebaltics","og_image":[{"width":976,"height":982,"url":"https:\/\/spectrebaltics.com\/wp-content\/uploads\/2024\/06\/snimok-ekrana-2024-06-28-140050.png","type":"image\/png"}],"twitter_card":"summary_large_image","schema":{"@context":"https:\/\/schema.org","@graph":[{"@type":"Organization","@id":"https:\/\/spectrebaltics.com\/ru\/#organization","name":"Spectrebaltics","url":"https:\/\/spectrebaltics.com\/ru\/","sameAs":[],"logo":{"@type":"ImageObject","@id":"https:\/\/spectrebaltics.com\/ru\/#logo","inLanguage":"en-US","url":"https:\/\/spectrebaltics.com\/wp-content\/uploads\/2024\/03\/Spectrebaltics-logo.svg","contentUrl":"https:\/\/spectrebaltics.com\/wp-content\/uploads\/2024\/03\/Spectrebaltics-logo.svg","caption":"Spectrebaltics"},"image":{"@id":"https:\/\/spectrebaltics.com\/ru\/#logo"}},{"@type":"WebSite","@id":"https:\/\/spectrebaltics.com\/ru\/#website","url":"https:\/\/spectrebaltics.com\/ru\/","name":"Spectrebaltics","description":"","publisher":{"@id":"https:\/\/spectrebaltics.com\/ru\/#organization"},"potentialAction":[{"@type":"SearchAction","target":{"@type":"EntryPoint","urlTemplate":"https:\/\/spectrebaltics.com\/ru\/?s={search_term_string}"},"query-input":"required name=search_term_string"}],"inLanguage":"en-US"},{"@type":"ImageObject","@id":"https:\/\/spectrebaltics.com\/toode\/norfin-winter-line-termopesu-302500\/#primaryimage","inLanguage":"en-US","url":"https:\/\/spectrebaltics.com\/wp-content\/uploads\/2024\/06\/snimok-ekrana-2024-06-28-140050.png","contentUrl":"https:\/\/spectrebaltics.com\/wp-content\/uploads\/2024\/06\/snimok-ekrana-2024-06-28-140050.png","width":976,"height":982},{"@type":"WebPage","@id":"https:\/\/spectrebaltics.com\/toode\/norfin-winter-line-termopesu-302500\/#webpage","url":"https:\/\/spectrebaltics.com\/toode\/norfin-winter-line-termopesu-302500\/","name":"Norfin Winter Line termopesu 302500","isPartOf":{"@id":"https:\/\/spectrebaltics.com\/ru\/#website"},"primaryImageOfPage":{"@id":"https:\/\/spectrebaltics.com\/toode\/norfin-winter-line-termopesu-302500\/#primaryimage"},"datePublished":"2024-06-28T11:01:32+00:00","dateModified":"2024-06-28T11:01:32+00:00","breadcrumb":{"@id":"https:\/\/spectrebaltics.com\/toode\/norfin-winter-line-termopesu-302500\/#breadcrumb"},"inLanguage":"en-US","potentialAction":[{"@type":"ReadAction","target":["https:\/\/spectrebaltics.com\/toode\/norfin-winter-line-termopesu-302500\/"]}]},{"@type":"BreadcrumbList","@id":"https:\/\/spectrebaltics.com\/toode\/norfin-winter-line-termopesu-302500\/#breadcrumb","itemListElement":[{"@type":"ListItem","position":1,"name":"Home","item":"https:\/\/spectrebaltics.com\/en\/"},{"@type":"ListItem","position":2,"name":"Catalogue","item":"https:\/\/spectrebaltics.com\/en\/catalogue\/"},{"@type":"ListItem","position":3,"name":"Norfin Winter Line termopesu 302500"}]}]}},"_links":{"self":[{"href":"https:\/\/spectrebaltics.com\/en\/wp-json\/wp\/v2\/product\/10583"}],"collection":[{"href":"https:\/\/spectrebaltics.com\/en\/wp-json\/wp\/v2\/product"}],"about":[{"href":"https:\/\/spectrebaltics.com\/en\/wp-json\/wp\/v2\/types\/product"}],"wp:featuredmedia":[{"embeddable":true,"href":"https:\/\/spectrebaltics.com\/en\/wp-json\/wp\/v2\/media\/10584"}],"wp:attachment":[{"href":"https:\/\/spectrebaltics.com\/en\/wp-json\/wp\/v2\/media?parent=10583"}],"wp:term":[{"taxonomy":"product_cat","embeddable":true,"href":"https:\/\/spectrebaltics.com\/en\/wp-json\/wp\/v2\/product_cat?post=10583"},{"taxonomy":"product_tag","embeddable":true,"href":"https:\/\/spectrebaltics.com\/en\/wp-json\/wp\/v2\/product_tag?post=10583"}],"curies":[{"name":"wp","href":"https:\/\/api.w.org\/{rel}","templated":true}]}}