{"id":10594,"date":"2024-06-28T11:08:28","date_gmt":"2024-06-28T11:08:28","guid":{"rendered":"https:\/\/spectrebaltics.com\/?post_type=product&#038;p=10594"},"modified":"2024-06-28T11:08:28","modified_gmt":"2024-06-28T11:08:28","slug":"pw3-hiviz-t-sark-pikkade-varrukatega-kollane","status":"publish","type":"product","link":"https:\/\/spectrebaltics.com\/en\/toode\/pw3-hiviz-t-sark-pikkade-varrukatega-kollane\/","title":{"rendered":"PW3 hiviz t-s\u00e4rk pikkade varrukatega, kollane"},"content":{"rendered":"<p>T185 k\u00f5rgn\u00e4htav s\u00e4rk<span>\u00a0on kerge, suurep\u00e4rase hingavusega ja stiilne valik. Pikavarrukaga s\u00e4rgil on\u00a0kasutud Premium HiVisTex Pro helkurmaterjali. Katkendlikud helkurribad on s\u00e4rgile kuumliimitud, t\u00e4nu millele on s\u00e4rki mugav kanda ning see ei piira liikumist. Pehme ja kvaliteetne kangas juhib nahalt kehaniiskuse eemale ja hoiab kandja kuiva ja v\u00e4rskena. Mugavust suurendavad s\u00e4rgi k\u00fclgedel asuvad ventilatsiooniavad.<\/span><\/p>\n","protected":false},"excerpt":{"rendered":"<p>T185 k\u00f5rgn\u00e4htav s\u00e4rk\u00a0on kerge, suurep\u00e4rase hingavusega ja stiilne valik. Pikavarrukaga s\u00e4rgil on\u00a0kasutud Premium HiVisTex Pro helkurmaterjali. Katkendlikud helkurribad on s\u00e4rgile kuumliimitud, t\u00e4nu millele on s\u00e4rki mugav kanda ning see ei piira liikumist. Pehme ja kvaliteetne kangas juhib nahalt kehaniiskuse eemale ja hoiab kandja kuiva ja v\u00e4rskena. Mugavust suurendavad s\u00e4rgi k\u00fclgedel asuvad ventilatsiooniavad.<\/p>\n","protected":false},"featured_media":10595,"template":"","meta":[],"product_cat":[106,111],"product_tag":[],"yoast_head":"<!-- This site is optimized with the Yoast SEO plugin v18.4.1 - https:\/\/yoast.com\/wordpress\/plugins\/seo\/ -->\n<title>PW3 hiviz t-s\u00e4rk pikkade varrukatega, kollane<\/title>\n<meta name=\"robots\" content=\"index, follow, max-snippet:-1, max-image-preview:large, max-video-preview:-1\" \/>\n<link rel=\"canonical\" href=\"https:\/\/spectrebaltics.com\/toode\/pw3-hiviz-t-sark-pikkade-varrukatega-kollane\/\" \/>\n<meta property=\"og:locale\" content=\"en_US\" \/>\n<meta property=\"og:type\" content=\"article\" \/>\n<meta property=\"og:title\" content=\"PW3 hiviz t-s\u00e4rk pikkade varrukatega, kollane\" \/>\n<meta property=\"og:description\" content=\"T185 k\u00f5rgn\u00e4htav s\u00e4rk\u00a0on kerge, suurep\u00e4rase hingavusega ja stiilne valik. Pikavarrukaga s\u00e4rgil on\u00a0kasutud Premium HiVisTex Pro helkurmaterjali. Katkendlikud helkurribad on s\u00e4rgile kuumliimitud, t\u00e4nu millele on s\u00e4rki mugav kanda ning see ei piira liikumist. Pehme ja kvaliteetne kangas juhib nahalt kehaniiskuse eemale ja hoiab kandja kuiva ja v\u00e4rskena. Mugavust suurendavad s\u00e4rgi k\u00fclgedel asuvad ventilatsiooniavad.\" \/>\n<meta property=\"og:url\" content=\"https:\/\/spectrebaltics.com\/toode\/pw3-hiviz-t-sark-pikkade-varrukatega-kollane\/\" \/>\n<meta property=\"og:site_name\" content=\"Spectrebaltics\" \/>\n<meta property=\"og:image\" content=\"https:\/\/spectrebaltics.com\/wp-content\/uploads\/2024\/06\/snimok-ekrana-2024-06-28-140720.png\" \/>\n\t<meta property=\"og:image:width\" content=\"981\" \/>\n\t<meta property=\"og:image:height\" content=\"975\" \/>\n\t<meta property=\"og:image:type\" content=\"image\/png\" \/>\n<meta name=\"twitter:card\" content=\"summary_large_image\" \/>\n<script type=\"application\/ld+json\" class=\"yoast-schema-graph\">{\"@context\":\"https:\/\/schema.org\",\"@graph\":[{\"@type\":\"Organization\",\"@id\":\"https:\/\/spectrebaltics.com\/ru\/#organization\",\"name\":\"Spectrebaltics\",\"url\":\"https:\/\/spectrebaltics.com\/ru\/\",\"sameAs\":[],\"logo\":{\"@type\":\"ImageObject\",\"@id\":\"https:\/\/spectrebaltics.com\/ru\/#logo\",\"inLanguage\":\"en-US\",\"url\":\"https:\/\/spectrebaltics.com\/wp-content\/uploads\/2024\/03\/Spectrebaltics-logo.svg\",\"contentUrl\":\"https:\/\/spectrebaltics.com\/wp-content\/uploads\/2024\/03\/Spectrebaltics-logo.svg\",\"caption\":\"Spectrebaltics\"},\"image\":{\"@id\":\"https:\/\/spectrebaltics.com\/ru\/#logo\"}},{\"@type\":\"WebSite\",\"@id\":\"https:\/\/spectrebaltics.com\/ru\/#website\",\"url\":\"https:\/\/spectrebaltics.com\/ru\/\",\"name\":\"Spectrebaltics\",\"description\":\"\",\"publisher\":{\"@id\":\"https:\/\/spectrebaltics.com\/ru\/#organization\"},\"potentialAction\":[{\"@type\":\"SearchAction\",\"target\":{\"@type\":\"EntryPoint\",\"urlTemplate\":\"https:\/\/spectrebaltics.com\/ru\/?s={search_term_string}\"},\"query-input\":\"required name=search_term_string\"}],\"inLanguage\":\"en-US\"},{\"@type\":\"ImageObject\",\"@id\":\"https:\/\/spectrebaltics.com\/toode\/pw3-hiviz-t-sark-pikkade-varrukatega-kollane\/#primaryimage\",\"inLanguage\":\"en-US\",\"url\":\"https:\/\/spectrebaltics.com\/wp-content\/uploads\/2024\/06\/snimok-ekrana-2024-06-28-140720.png\",\"contentUrl\":\"https:\/\/spectrebaltics.com\/wp-content\/uploads\/2024\/06\/snimok-ekrana-2024-06-28-140720.png\",\"width\":981,\"height\":975},{\"@type\":\"WebPage\",\"@id\":\"https:\/\/spectrebaltics.com\/toode\/pw3-hiviz-t-sark-pikkade-varrukatega-kollane\/#webpage\",\"url\":\"https:\/\/spectrebaltics.com\/toode\/pw3-hiviz-t-sark-pikkade-varrukatega-kollane\/\",\"name\":\"PW3 hiviz t-s\u00e4rk pikkade varrukatega, kollane\",\"isPartOf\":{\"@id\":\"https:\/\/spectrebaltics.com\/ru\/#website\"},\"primaryImageOfPage\":{\"@id\":\"https:\/\/spectrebaltics.com\/toode\/pw3-hiviz-t-sark-pikkade-varrukatega-kollane\/#primaryimage\"},\"datePublished\":\"2024-06-28T11:08:28+00:00\",\"dateModified\":\"2024-06-28T11:08:28+00:00\",\"breadcrumb\":{\"@id\":\"https:\/\/spectrebaltics.com\/toode\/pw3-hiviz-t-sark-pikkade-varrukatega-kollane\/#breadcrumb\"},\"inLanguage\":\"en-US\",\"potentialAction\":[{\"@type\":\"ReadAction\",\"target\":[\"https:\/\/spectrebaltics.com\/toode\/pw3-hiviz-t-sark-pikkade-varrukatega-kollane\/\"]}]},{\"@type\":\"BreadcrumbList\",\"@id\":\"https:\/\/spectrebaltics.com\/toode\/pw3-hiviz-t-sark-pikkade-varrukatega-kollane\/#breadcrumb\",\"itemListElement\":[{\"@type\":\"ListItem\",\"position\":1,\"name\":\"Home\",\"item\":\"https:\/\/spectrebaltics.com\/en\/\"},{\"@type\":\"ListItem\",\"position\":2,\"name\":\"Catalogue\",\"item\":\"https:\/\/spectrebaltics.com\/en\/catalogue\/\"},{\"@type\":\"ListItem\",\"position\":3,\"name\":\"PW3 hiviz t-s\u00e4rk pikkade varrukatega, kollane\"}]}]}<\/script>\n<!-- \/ Yoast SEO plugin. -->","yoast_head_json":{"title":"PW3 hiviz t-s\u00e4rk pikkade varrukatega, kollane","robots":{"index":"index","follow":"follow","max-snippet":"max-snippet:-1","max-image-preview":"max-image-preview:large","max-video-preview":"max-video-preview:-1"},"canonical":"https:\/\/spectrebaltics.com\/toode\/pw3-hiviz-t-sark-pikkade-varrukatega-kollane\/","og_locale":"en_US","og_type":"article","og_title":"PW3 hiviz t-s\u00e4rk pikkade varrukatega, kollane","og_description":"T185 k\u00f5rgn\u00e4htav s\u00e4rk\u00a0on kerge, suurep\u00e4rase hingavusega ja stiilne valik. Pikavarrukaga s\u00e4rgil on\u00a0kasutud Premium HiVisTex Pro helkurmaterjali. Katkendlikud helkurribad on s\u00e4rgile kuumliimitud, t\u00e4nu millele on s\u00e4rki mugav kanda ning see ei piira liikumist. Pehme ja kvaliteetne kangas juhib nahalt kehaniiskuse eemale ja hoiab kandja kuiva ja v\u00e4rskena. Mugavust suurendavad s\u00e4rgi k\u00fclgedel asuvad ventilatsiooniavad.","og_url":"https:\/\/spectrebaltics.com\/toode\/pw3-hiviz-t-sark-pikkade-varrukatega-kollane\/","og_site_name":"Spectrebaltics","og_image":[{"width":981,"height":975,"url":"https:\/\/spectrebaltics.com\/wp-content\/uploads\/2024\/06\/snimok-ekrana-2024-06-28-140720.png","type":"image\/png"}],"twitter_card":"summary_large_image","schema":{"@context":"https:\/\/schema.org","@graph":[{"@type":"Organization","@id":"https:\/\/spectrebaltics.com\/ru\/#organization","name":"Spectrebaltics","url":"https:\/\/spectrebaltics.com\/ru\/","sameAs":[],"logo":{"@type":"ImageObject","@id":"https:\/\/spectrebaltics.com\/ru\/#logo","inLanguage":"en-US","url":"https:\/\/spectrebaltics.com\/wp-content\/uploads\/2024\/03\/Spectrebaltics-logo.svg","contentUrl":"https:\/\/spectrebaltics.com\/wp-content\/uploads\/2024\/03\/Spectrebaltics-logo.svg","caption":"Spectrebaltics"},"image":{"@id":"https:\/\/spectrebaltics.com\/ru\/#logo"}},{"@type":"WebSite","@id":"https:\/\/spectrebaltics.com\/ru\/#website","url":"https:\/\/spectrebaltics.com\/ru\/","name":"Spectrebaltics","description":"","publisher":{"@id":"https:\/\/spectrebaltics.com\/ru\/#organization"},"potentialAction":[{"@type":"SearchAction","target":{"@type":"EntryPoint","urlTemplate":"https:\/\/spectrebaltics.com\/ru\/?s={search_term_string}"},"query-input":"required name=search_term_string"}],"inLanguage":"en-US"},{"@type":"ImageObject","@id":"https:\/\/spectrebaltics.com\/toode\/pw3-hiviz-t-sark-pikkade-varrukatega-kollane\/#primaryimage","inLanguage":"en-US","url":"https:\/\/spectrebaltics.com\/wp-content\/uploads\/2024\/06\/snimok-ekrana-2024-06-28-140720.png","contentUrl":"https:\/\/spectrebaltics.com\/wp-content\/uploads\/2024\/06\/snimok-ekrana-2024-06-28-140720.png","width":981,"height":975},{"@type":"WebPage","@id":"https:\/\/spectrebaltics.com\/toode\/pw3-hiviz-t-sark-pikkade-varrukatega-kollane\/#webpage","url":"https:\/\/spectrebaltics.com\/toode\/pw3-hiviz-t-sark-pikkade-varrukatega-kollane\/","name":"PW3 hiviz t-s\u00e4rk pikkade varrukatega, kollane","isPartOf":{"@id":"https:\/\/spectrebaltics.com\/ru\/#website"},"primaryImageOfPage":{"@id":"https:\/\/spectrebaltics.com\/toode\/pw3-hiviz-t-sark-pikkade-varrukatega-kollane\/#primaryimage"},"datePublished":"2024-06-28T11:08:28+00:00","dateModified":"2024-06-28T11:08:28+00:00","breadcrumb":{"@id":"https:\/\/spectrebaltics.com\/toode\/pw3-hiviz-t-sark-pikkade-varrukatega-kollane\/#breadcrumb"},"inLanguage":"en-US","potentialAction":[{"@type":"ReadAction","target":["https:\/\/spectrebaltics.com\/toode\/pw3-hiviz-t-sark-pikkade-varrukatega-kollane\/"]}]},{"@type":"BreadcrumbList","@id":"https:\/\/spectrebaltics.com\/toode\/pw3-hiviz-t-sark-pikkade-varrukatega-kollane\/#breadcrumb","itemListElement":[{"@type":"ListItem","position":1,"name":"Home","item":"https:\/\/spectrebaltics.com\/en\/"},{"@type":"ListItem","position":2,"name":"Catalogue","item":"https:\/\/spectrebaltics.com\/en\/catalogue\/"},{"@type":"ListItem","position":3,"name":"PW3 hiviz t-s\u00e4rk pikkade varrukatega, kollane"}]}]}},"_links":{"self":[{"href":"https:\/\/spectrebaltics.com\/en\/wp-json\/wp\/v2\/product\/10594"}],"collection":[{"href":"https:\/\/spectrebaltics.com\/en\/wp-json\/wp\/v2\/product"}],"about":[{"href":"https:\/\/spectrebaltics.com\/en\/wp-json\/wp\/v2\/types\/product"}],"wp:featuredmedia":[{"embeddable":true,"href":"https:\/\/spectrebaltics.com\/en\/wp-json\/wp\/v2\/media\/10595"}],"wp:attachment":[{"href":"https:\/\/spectrebaltics.com\/en\/wp-json\/wp\/v2\/media?parent=10594"}],"wp:term":[{"taxonomy":"product_cat","embeddable":true,"href":"https:\/\/spectrebaltics.com\/en\/wp-json\/wp\/v2\/product_cat?post=10594"},{"taxonomy":"product_tag","embeddable":true,"href":"https:\/\/spectrebaltics.com\/en\/wp-json\/wp\/v2\/product_tag?post=10594"}],"curies":[{"name":"wp","href":"https:\/\/api.w.org\/{rel}","templated":true}]}}