{"id":10667,"date":"2024-07-01T09:14:31","date_gmt":"2024-07-01T09:14:31","guid":{"rendered":"https:\/\/spectrebaltics.com\/?post_type=product&#038;p=10667"},"modified":"2024-07-01T09:39:16","modified_gmt":"2024-07-01T09:39:16","slug":"tetu-106-kitse-pealisnahast-keevitamiseks-suurus-9","status":"publish","type":"product","link":"https:\/\/spectrebaltics.com\/en\/toode\/tetu-106-kitse-pealisnahast-keevitamiseks-suurus-9\/","title":{"rendered":"TETU 106 Kitse Pealisnahast Keevitamiseks"},"content":{"rendered":"<p>106 nahast TIG keevituskindad<span>\u00a0on \u00f5hukesed ja vastupidavad.\u00a0Sobivad TIG keevituseks, kus esitatakse k\u00f5rgeid n\u00f5udmisi s\u00f5rmeotsa tundlikkusele.\u00a0Kuumakindlad KEVLAR niidiga \u00f5mblused, veise alusnahast lai randmeosa.\u00a0Kindad omavad head vastupidavust s\u00fcttimisele ja sulametalli v\u00e4ikestele piiskadele.<\/span><\/p>\n<p>Suurused: 9-11<\/p>\n","protected":false},"excerpt":{"rendered":"<p>106 nahast TIG keevituskindad\u00a0on \u00f5hukesed ja vastupidavad.\u00a0Sobivad TIG keevituseks, kus esitatakse k\u00f5rgeid n\u00f5udmisi s\u00f5rmeotsa tundlikkusele.\u00a0Kuumakindlad KEVLAR niidiga \u00f5mblused, veise alusnahast lai randmeosa.\u00a0Kindad omavad head vastupidavust s\u00fcttimisele ja sulametalli v\u00e4ikestele piiskadele. Suurused: 9-11<\/p>\n","protected":false},"featured_media":10668,"template":"","meta":[],"product_cat":[106,111],"product_tag":[],"yoast_head":"<!-- This site is optimized with the Yoast SEO plugin v18.4.1 - https:\/\/yoast.com\/wordpress\/plugins\/seo\/ -->\n<title>TETU 106 Kitse Pealisnahast Keevitamiseks<\/title>\n<meta name=\"robots\" content=\"index, follow, max-snippet:-1, max-image-preview:large, max-video-preview:-1\" \/>\n<link rel=\"canonical\" href=\"https:\/\/spectrebaltics.com\/toode\/tetu-106-kitse-pealisnahast-keevitamiseks-suurus-9\/\" \/>\n<meta property=\"og:locale\" content=\"en_US\" \/>\n<meta property=\"og:type\" content=\"article\" \/>\n<meta property=\"og:title\" content=\"TETU 106 Kitse Pealisnahast Keevitamiseks\" \/>\n<meta property=\"og:description\" content=\"106 nahast TIG keevituskindad\u00a0on \u00f5hukesed ja vastupidavad.\u00a0Sobivad TIG keevituseks, kus esitatakse k\u00f5rgeid n\u00f5udmisi s\u00f5rmeotsa tundlikkusele.\u00a0Kuumakindlad KEVLAR niidiga \u00f5mblused, veise alusnahast lai randmeosa.\u00a0Kindad omavad head vastupidavust s\u00fcttimisele ja sulametalli v\u00e4ikestele piiskadele. Suurused: 9-11\" \/>\n<meta property=\"og:url\" content=\"https:\/\/spectrebaltics.com\/toode\/tetu-106-kitse-pealisnahast-keevitamiseks-suurus-9\/\" \/>\n<meta property=\"og:site_name\" content=\"Spectrebaltics\" \/>\n<meta property=\"article:modified_time\" content=\"2024-07-01T09:39:16+00:00\" \/>\n<meta name=\"twitter:card\" content=\"summary_large_image\" \/>\n<meta name=\"twitter:image\" content=\"https:\/\/spectrebaltics.com\/wp-content\/uploads\/2024\/07\/a8db5b18-3a2e-4382-8bf5-96c8b5233a7d_510x.progressive.webp\" \/>\n<script type=\"application\/ld+json\" class=\"yoast-schema-graph\">{\"@context\":\"https:\/\/schema.org\",\"@graph\":[{\"@type\":\"Organization\",\"@id\":\"https:\/\/spectrebaltics.com\/ru\/#organization\",\"name\":\"Spectrebaltics\",\"url\":\"https:\/\/spectrebaltics.com\/ru\/\",\"sameAs\":[],\"logo\":{\"@type\":\"ImageObject\",\"@id\":\"https:\/\/spectrebaltics.com\/ru\/#logo\",\"inLanguage\":\"en-US\",\"url\":\"https:\/\/spectrebaltics.com\/wp-content\/uploads\/2024\/03\/Spectrebaltics-logo.svg\",\"contentUrl\":\"https:\/\/spectrebaltics.com\/wp-content\/uploads\/2024\/03\/Spectrebaltics-logo.svg\",\"caption\":\"Spectrebaltics\"},\"image\":{\"@id\":\"https:\/\/spectrebaltics.com\/ru\/#logo\"}},{\"@type\":\"WebSite\",\"@id\":\"https:\/\/spectrebaltics.com\/ru\/#website\",\"url\":\"https:\/\/spectrebaltics.com\/ru\/\",\"name\":\"Spectrebaltics\",\"description\":\"\",\"publisher\":{\"@id\":\"https:\/\/spectrebaltics.com\/ru\/#organization\"},\"potentialAction\":[{\"@type\":\"SearchAction\",\"target\":{\"@type\":\"EntryPoint\",\"urlTemplate\":\"https:\/\/spectrebaltics.com\/ru\/?s={search_term_string}\"},\"query-input\":\"required name=search_term_string\"}],\"inLanguage\":\"en-US\"},{\"@type\":\"ImageObject\",\"@id\":\"https:\/\/spectrebaltics.com\/toode\/tetu-106-kitse-pealisnahast-keevitamiseks-suurus-9\/#primaryimage\",\"inLanguage\":\"en-US\",\"url\":\"https:\/\/spectrebaltics.com\/wp-content\/uploads\/2024\/07\/a8db5b18-3a2e-4382-8bf5-96c8b5233a7d_510x.progressive.webp\",\"contentUrl\":\"https:\/\/spectrebaltics.com\/wp-content\/uploads\/2024\/07\/a8db5b18-3a2e-4382-8bf5-96c8b5233a7d_510x.progressive.webp\",\"width\":510,\"height\":510},{\"@type\":\"WebPage\",\"@id\":\"https:\/\/spectrebaltics.com\/toode\/tetu-106-kitse-pealisnahast-keevitamiseks-suurus-9\/#webpage\",\"url\":\"https:\/\/spectrebaltics.com\/toode\/tetu-106-kitse-pealisnahast-keevitamiseks-suurus-9\/\",\"name\":\"TETU 106 Kitse Pealisnahast Keevitamiseks\",\"isPartOf\":{\"@id\":\"https:\/\/spectrebaltics.com\/ru\/#website\"},\"primaryImageOfPage\":{\"@id\":\"https:\/\/spectrebaltics.com\/toode\/tetu-106-kitse-pealisnahast-keevitamiseks-suurus-9\/#primaryimage\"},\"datePublished\":\"2024-07-01T09:14:31+00:00\",\"dateModified\":\"2024-07-01T09:39:16+00:00\",\"breadcrumb\":{\"@id\":\"https:\/\/spectrebaltics.com\/toode\/tetu-106-kitse-pealisnahast-keevitamiseks-suurus-9\/#breadcrumb\"},\"inLanguage\":\"en-US\",\"potentialAction\":[{\"@type\":\"ReadAction\",\"target\":[\"https:\/\/spectrebaltics.com\/toode\/tetu-106-kitse-pealisnahast-keevitamiseks-suurus-9\/\"]}]},{\"@type\":\"BreadcrumbList\",\"@id\":\"https:\/\/spectrebaltics.com\/toode\/tetu-106-kitse-pealisnahast-keevitamiseks-suurus-9\/#breadcrumb\",\"itemListElement\":[{\"@type\":\"ListItem\",\"position\":1,\"name\":\"Home\",\"item\":\"https:\/\/spectrebaltics.com\/en\/\"},{\"@type\":\"ListItem\",\"position\":2,\"name\":\"Catalogue\",\"item\":\"https:\/\/spectrebaltics.com\/en\/catalogue\/\"},{\"@type\":\"ListItem\",\"position\":3,\"name\":\"TETU 106 Kitse Pealisnahast Keevitamiseks\"}]}]}<\/script>\n<!-- \/ Yoast SEO plugin. -->","yoast_head_json":{"title":"TETU 106 Kitse Pealisnahast Keevitamiseks","robots":{"index":"index","follow":"follow","max-snippet":"max-snippet:-1","max-image-preview":"max-image-preview:large","max-video-preview":"max-video-preview:-1"},"canonical":"https:\/\/spectrebaltics.com\/toode\/tetu-106-kitse-pealisnahast-keevitamiseks-suurus-9\/","og_locale":"en_US","og_type":"article","og_title":"TETU 106 Kitse Pealisnahast Keevitamiseks","og_description":"106 nahast TIG keevituskindad\u00a0on \u00f5hukesed ja vastupidavad.\u00a0Sobivad TIG keevituseks, kus esitatakse k\u00f5rgeid n\u00f5udmisi s\u00f5rmeotsa tundlikkusele.\u00a0Kuumakindlad KEVLAR niidiga \u00f5mblused, veise alusnahast lai randmeosa.\u00a0Kindad omavad head vastupidavust s\u00fcttimisele ja sulametalli v\u00e4ikestele piiskadele. Suurused: 9-11","og_url":"https:\/\/spectrebaltics.com\/toode\/tetu-106-kitse-pealisnahast-keevitamiseks-suurus-9\/","og_site_name":"Spectrebaltics","article_modified_time":"2024-07-01T09:39:16+00:00","twitter_card":"summary_large_image","twitter_image":"https:\/\/spectrebaltics.com\/wp-content\/uploads\/2024\/07\/a8db5b18-3a2e-4382-8bf5-96c8b5233a7d_510x.progressive.webp","schema":{"@context":"https:\/\/schema.org","@graph":[{"@type":"Organization","@id":"https:\/\/spectrebaltics.com\/ru\/#organization","name":"Spectrebaltics","url":"https:\/\/spectrebaltics.com\/ru\/","sameAs":[],"logo":{"@type":"ImageObject","@id":"https:\/\/spectrebaltics.com\/ru\/#logo","inLanguage":"en-US","url":"https:\/\/spectrebaltics.com\/wp-content\/uploads\/2024\/03\/Spectrebaltics-logo.svg","contentUrl":"https:\/\/spectrebaltics.com\/wp-content\/uploads\/2024\/03\/Spectrebaltics-logo.svg","caption":"Spectrebaltics"},"image":{"@id":"https:\/\/spectrebaltics.com\/ru\/#logo"}},{"@type":"WebSite","@id":"https:\/\/spectrebaltics.com\/ru\/#website","url":"https:\/\/spectrebaltics.com\/ru\/","name":"Spectrebaltics","description":"","publisher":{"@id":"https:\/\/spectrebaltics.com\/ru\/#organization"},"potentialAction":[{"@type":"SearchAction","target":{"@type":"EntryPoint","urlTemplate":"https:\/\/spectrebaltics.com\/ru\/?s={search_term_string}"},"query-input":"required name=search_term_string"}],"inLanguage":"en-US"},{"@type":"ImageObject","@id":"https:\/\/spectrebaltics.com\/toode\/tetu-106-kitse-pealisnahast-keevitamiseks-suurus-9\/#primaryimage","inLanguage":"en-US","url":"https:\/\/spectrebaltics.com\/wp-content\/uploads\/2024\/07\/a8db5b18-3a2e-4382-8bf5-96c8b5233a7d_510x.progressive.webp","contentUrl":"https:\/\/spectrebaltics.com\/wp-content\/uploads\/2024\/07\/a8db5b18-3a2e-4382-8bf5-96c8b5233a7d_510x.progressive.webp","width":510,"height":510},{"@type":"WebPage","@id":"https:\/\/spectrebaltics.com\/toode\/tetu-106-kitse-pealisnahast-keevitamiseks-suurus-9\/#webpage","url":"https:\/\/spectrebaltics.com\/toode\/tetu-106-kitse-pealisnahast-keevitamiseks-suurus-9\/","name":"TETU 106 Kitse Pealisnahast Keevitamiseks","isPartOf":{"@id":"https:\/\/spectrebaltics.com\/ru\/#website"},"primaryImageOfPage":{"@id":"https:\/\/spectrebaltics.com\/toode\/tetu-106-kitse-pealisnahast-keevitamiseks-suurus-9\/#primaryimage"},"datePublished":"2024-07-01T09:14:31+00:00","dateModified":"2024-07-01T09:39:16+00:00","breadcrumb":{"@id":"https:\/\/spectrebaltics.com\/toode\/tetu-106-kitse-pealisnahast-keevitamiseks-suurus-9\/#breadcrumb"},"inLanguage":"en-US","potentialAction":[{"@type":"ReadAction","target":["https:\/\/spectrebaltics.com\/toode\/tetu-106-kitse-pealisnahast-keevitamiseks-suurus-9\/"]}]},{"@type":"BreadcrumbList","@id":"https:\/\/spectrebaltics.com\/toode\/tetu-106-kitse-pealisnahast-keevitamiseks-suurus-9\/#breadcrumb","itemListElement":[{"@type":"ListItem","position":1,"name":"Home","item":"https:\/\/spectrebaltics.com\/en\/"},{"@type":"ListItem","position":2,"name":"Catalogue","item":"https:\/\/spectrebaltics.com\/en\/catalogue\/"},{"@type":"ListItem","position":3,"name":"TETU 106 Kitse Pealisnahast Keevitamiseks"}]}]}},"_links":{"self":[{"href":"https:\/\/spectrebaltics.com\/en\/wp-json\/wp\/v2\/product\/10667"}],"collection":[{"href":"https:\/\/spectrebaltics.com\/en\/wp-json\/wp\/v2\/product"}],"about":[{"href":"https:\/\/spectrebaltics.com\/en\/wp-json\/wp\/v2\/types\/product"}],"wp:featuredmedia":[{"embeddable":true,"href":"https:\/\/spectrebaltics.com\/en\/wp-json\/wp\/v2\/media\/10668"}],"wp:attachment":[{"href":"https:\/\/spectrebaltics.com\/en\/wp-json\/wp\/v2\/media?parent=10667"}],"wp:term":[{"taxonomy":"product_cat","embeddable":true,"href":"https:\/\/spectrebaltics.com\/en\/wp-json\/wp\/v2\/product_cat?post=10667"},{"taxonomy":"product_tag","embeddable":true,"href":"https:\/\/spectrebaltics.com\/en\/wp-json\/wp\/v2\/product_tag?post=10667"}],"curies":[{"name":"wp","href":"https:\/\/api.w.org\/{rel}","templated":true}]}}