{"id":10675,"date":"2024-07-01T09:38:29","date_gmt":"2024-07-01T09:38:29","guid":{"rendered":"https:\/\/spectrebaltics.com\/?post_type=product&#038;p=10675"},"modified":"2024-07-01T09:38:30","modified_gmt":"2024-07-01T09:38:30","slug":"tetu-252-nahk-riie-talvekindad","status":"publish","type":"product","link":"https:\/\/spectrebaltics.com\/en\/toode\/tetu-252-nahk-riie-talvekindad\/","title":{"rendered":"TETU 252 nahk-riie talvekindad"},"content":{"rendered":"<p>Nahk-riie talvekindad\u00a0<span>on elastsed ja vastupidavad. Kitse pealisnahast t\u00f6\u00f6kindad on sooja ja pehme fliisvoodriga ning k\u00e4eseljal on puuvillase ja pol\u00fcestri seguga hingav kangas. Peopesas, s\u00f5rmedel ja p\u00f6idlaosas on elastne kitse pealisnahk. Randmeosa on reguleeritava takjakinnitusega. Kindas sobivad kasutamiseks k\u00fclmades tingimustes igap\u00e4evat\u00f6\u00f6deks. <\/span><\/p>\n<p><span>Suurused: 07-12<\/span><\/p>\n","protected":false},"excerpt":{"rendered":"<p>Nahk-riie talvekindad\u00a0on elastsed ja vastupidavad. Kitse pealisnahast t\u00f6\u00f6kindad on sooja ja pehme fliisvoodriga ning k\u00e4eseljal on puuvillase ja pol\u00fcestri seguga hingav kangas. Peopesas, s\u00f5rmedel ja p\u00f6idlaosas on elastne kitse pealisnahk. Randmeosa on reguleeritava takjakinnitusega. Kindas sobivad kasutamiseks k\u00fclmades tingimustes igap\u00e4evat\u00f6\u00f6deks. Suurused: 07-12<\/p>\n","protected":false},"featured_media":10679,"template":"","meta":[],"product_cat":[106,111],"product_tag":[],"yoast_head":"<!-- This site is optimized with the Yoast SEO plugin v18.4.1 - https:\/\/yoast.com\/wordpress\/plugins\/seo\/ -->\n<title>TETU 252 nahk-riie talvekindad<\/title>\n<meta name=\"robots\" content=\"index, follow, max-snippet:-1, max-image-preview:large, max-video-preview:-1\" \/>\n<link rel=\"canonical\" href=\"https:\/\/spectrebaltics.com\/toode\/tetu-252-nahk-riie-talvekindad\/\" \/>\n<meta property=\"og:locale\" content=\"en_US\" \/>\n<meta property=\"og:type\" content=\"article\" \/>\n<meta property=\"og:title\" content=\"TETU 252 nahk-riie talvekindad\" \/>\n<meta property=\"og:description\" content=\"Nahk-riie talvekindad\u00a0on elastsed ja vastupidavad. Kitse pealisnahast t\u00f6\u00f6kindad on sooja ja pehme fliisvoodriga ning k\u00e4eseljal on puuvillase ja pol\u00fcestri seguga hingav kangas. Peopesas, s\u00f5rmedel ja p\u00f6idlaosas on elastne kitse pealisnahk. Randmeosa on reguleeritava takjakinnitusega. Kindas sobivad kasutamiseks k\u00fclmades tingimustes igap\u00e4evat\u00f6\u00f6deks. Suurused: 07-12\" \/>\n<meta property=\"og:url\" content=\"https:\/\/spectrebaltics.com\/toode\/tetu-252-nahk-riie-talvekindad\/\" \/>\n<meta property=\"og:site_name\" content=\"Spectrebaltics\" \/>\n<meta property=\"article:modified_time\" content=\"2024-07-01T09:38:30+00:00\" \/>\n<meta property=\"og:image\" content=\"https:\/\/spectrebaltics.com\/wp-content\/uploads\/2024\/07\/koos400x400.jpg\" \/>\n\t<meta property=\"og:image:width\" content=\"400\" \/>\n\t<meta property=\"og:image:height\" content=\"400\" \/>\n\t<meta property=\"og:image:type\" content=\"image\/jpeg\" \/>\n<meta name=\"twitter:card\" content=\"summary_large_image\" \/>\n<script type=\"application\/ld+json\" class=\"yoast-schema-graph\">{\"@context\":\"https:\/\/schema.org\",\"@graph\":[{\"@type\":\"Organization\",\"@id\":\"https:\/\/spectrebaltics.com\/ru\/#organization\",\"name\":\"Spectrebaltics\",\"url\":\"https:\/\/spectrebaltics.com\/ru\/\",\"sameAs\":[],\"logo\":{\"@type\":\"ImageObject\",\"@id\":\"https:\/\/spectrebaltics.com\/ru\/#logo\",\"inLanguage\":\"en-US\",\"url\":\"https:\/\/spectrebaltics.com\/wp-content\/uploads\/2024\/03\/Spectrebaltics-logo.svg\",\"contentUrl\":\"https:\/\/spectrebaltics.com\/wp-content\/uploads\/2024\/03\/Spectrebaltics-logo.svg\",\"caption\":\"Spectrebaltics\"},\"image\":{\"@id\":\"https:\/\/spectrebaltics.com\/ru\/#logo\"}},{\"@type\":\"WebSite\",\"@id\":\"https:\/\/spectrebaltics.com\/ru\/#website\",\"url\":\"https:\/\/spectrebaltics.com\/ru\/\",\"name\":\"Spectrebaltics\",\"description\":\"\",\"publisher\":{\"@id\":\"https:\/\/spectrebaltics.com\/ru\/#organization\"},\"potentialAction\":[{\"@type\":\"SearchAction\",\"target\":{\"@type\":\"EntryPoint\",\"urlTemplate\":\"https:\/\/spectrebaltics.com\/ru\/?s={search_term_string}\"},\"query-input\":\"required name=search_term_string\"}],\"inLanguage\":\"en-US\"},{\"@type\":\"ImageObject\",\"@id\":\"https:\/\/spectrebaltics.com\/toode\/tetu-252-nahk-riie-talvekindad\/#primaryimage\",\"inLanguage\":\"en-US\",\"url\":\"https:\/\/spectrebaltics.com\/wp-content\/uploads\/2024\/07\/koos400x400.jpg\",\"contentUrl\":\"https:\/\/spectrebaltics.com\/wp-content\/uploads\/2024\/07\/koos400x400.jpg\",\"width\":400,\"height\":400},{\"@type\":\"WebPage\",\"@id\":\"https:\/\/spectrebaltics.com\/toode\/tetu-252-nahk-riie-talvekindad\/#webpage\",\"url\":\"https:\/\/spectrebaltics.com\/toode\/tetu-252-nahk-riie-talvekindad\/\",\"name\":\"TETU 252 nahk-riie talvekindad\",\"isPartOf\":{\"@id\":\"https:\/\/spectrebaltics.com\/ru\/#website\"},\"primaryImageOfPage\":{\"@id\":\"https:\/\/spectrebaltics.com\/toode\/tetu-252-nahk-riie-talvekindad\/#primaryimage\"},\"datePublished\":\"2024-07-01T09:38:29+00:00\",\"dateModified\":\"2024-07-01T09:38:30+00:00\",\"breadcrumb\":{\"@id\":\"https:\/\/spectrebaltics.com\/toode\/tetu-252-nahk-riie-talvekindad\/#breadcrumb\"},\"inLanguage\":\"en-US\",\"potentialAction\":[{\"@type\":\"ReadAction\",\"target\":[\"https:\/\/spectrebaltics.com\/toode\/tetu-252-nahk-riie-talvekindad\/\"]}]},{\"@type\":\"BreadcrumbList\",\"@id\":\"https:\/\/spectrebaltics.com\/toode\/tetu-252-nahk-riie-talvekindad\/#breadcrumb\",\"itemListElement\":[{\"@type\":\"ListItem\",\"position\":1,\"name\":\"Home\",\"item\":\"https:\/\/spectrebaltics.com\/en\/\"},{\"@type\":\"ListItem\",\"position\":2,\"name\":\"Catalogue\",\"item\":\"https:\/\/spectrebaltics.com\/en\/catalogue\/\"},{\"@type\":\"ListItem\",\"position\":3,\"name\":\"TETU 252 nahk-riie talvekindad\"}]}]}<\/script>\n<!-- \/ Yoast SEO plugin. -->","yoast_head_json":{"title":"TETU 252 nahk-riie talvekindad","robots":{"index":"index","follow":"follow","max-snippet":"max-snippet:-1","max-image-preview":"max-image-preview:large","max-video-preview":"max-video-preview:-1"},"canonical":"https:\/\/spectrebaltics.com\/toode\/tetu-252-nahk-riie-talvekindad\/","og_locale":"en_US","og_type":"article","og_title":"TETU 252 nahk-riie talvekindad","og_description":"Nahk-riie talvekindad\u00a0on elastsed ja vastupidavad. Kitse pealisnahast t\u00f6\u00f6kindad on sooja ja pehme fliisvoodriga ning k\u00e4eseljal on puuvillase ja pol\u00fcestri seguga hingav kangas. Peopesas, s\u00f5rmedel ja p\u00f6idlaosas on elastne kitse pealisnahk. Randmeosa on reguleeritava takjakinnitusega. Kindas sobivad kasutamiseks k\u00fclmades tingimustes igap\u00e4evat\u00f6\u00f6deks. Suurused: 07-12","og_url":"https:\/\/spectrebaltics.com\/toode\/tetu-252-nahk-riie-talvekindad\/","og_site_name":"Spectrebaltics","article_modified_time":"2024-07-01T09:38:30+00:00","og_image":[{"width":400,"height":400,"url":"https:\/\/spectrebaltics.com\/wp-content\/uploads\/2024\/07\/koos400x400.jpg","type":"image\/jpeg"}],"twitter_card":"summary_large_image","schema":{"@context":"https:\/\/schema.org","@graph":[{"@type":"Organization","@id":"https:\/\/spectrebaltics.com\/ru\/#organization","name":"Spectrebaltics","url":"https:\/\/spectrebaltics.com\/ru\/","sameAs":[],"logo":{"@type":"ImageObject","@id":"https:\/\/spectrebaltics.com\/ru\/#logo","inLanguage":"en-US","url":"https:\/\/spectrebaltics.com\/wp-content\/uploads\/2024\/03\/Spectrebaltics-logo.svg","contentUrl":"https:\/\/spectrebaltics.com\/wp-content\/uploads\/2024\/03\/Spectrebaltics-logo.svg","caption":"Spectrebaltics"},"image":{"@id":"https:\/\/spectrebaltics.com\/ru\/#logo"}},{"@type":"WebSite","@id":"https:\/\/spectrebaltics.com\/ru\/#website","url":"https:\/\/spectrebaltics.com\/ru\/","name":"Spectrebaltics","description":"","publisher":{"@id":"https:\/\/spectrebaltics.com\/ru\/#organization"},"potentialAction":[{"@type":"SearchAction","target":{"@type":"EntryPoint","urlTemplate":"https:\/\/spectrebaltics.com\/ru\/?s={search_term_string}"},"query-input":"required name=search_term_string"}],"inLanguage":"en-US"},{"@type":"ImageObject","@id":"https:\/\/spectrebaltics.com\/toode\/tetu-252-nahk-riie-talvekindad\/#primaryimage","inLanguage":"en-US","url":"https:\/\/spectrebaltics.com\/wp-content\/uploads\/2024\/07\/koos400x400.jpg","contentUrl":"https:\/\/spectrebaltics.com\/wp-content\/uploads\/2024\/07\/koos400x400.jpg","width":400,"height":400},{"@type":"WebPage","@id":"https:\/\/spectrebaltics.com\/toode\/tetu-252-nahk-riie-talvekindad\/#webpage","url":"https:\/\/spectrebaltics.com\/toode\/tetu-252-nahk-riie-talvekindad\/","name":"TETU 252 nahk-riie talvekindad","isPartOf":{"@id":"https:\/\/spectrebaltics.com\/ru\/#website"},"primaryImageOfPage":{"@id":"https:\/\/spectrebaltics.com\/toode\/tetu-252-nahk-riie-talvekindad\/#primaryimage"},"datePublished":"2024-07-01T09:38:29+00:00","dateModified":"2024-07-01T09:38:30+00:00","breadcrumb":{"@id":"https:\/\/spectrebaltics.com\/toode\/tetu-252-nahk-riie-talvekindad\/#breadcrumb"},"inLanguage":"en-US","potentialAction":[{"@type":"ReadAction","target":["https:\/\/spectrebaltics.com\/toode\/tetu-252-nahk-riie-talvekindad\/"]}]},{"@type":"BreadcrumbList","@id":"https:\/\/spectrebaltics.com\/toode\/tetu-252-nahk-riie-talvekindad\/#breadcrumb","itemListElement":[{"@type":"ListItem","position":1,"name":"Home","item":"https:\/\/spectrebaltics.com\/en\/"},{"@type":"ListItem","position":2,"name":"Catalogue","item":"https:\/\/spectrebaltics.com\/en\/catalogue\/"},{"@type":"ListItem","position":3,"name":"TETU 252 nahk-riie talvekindad"}]}]}},"_links":{"self":[{"href":"https:\/\/spectrebaltics.com\/en\/wp-json\/wp\/v2\/product\/10675"}],"collection":[{"href":"https:\/\/spectrebaltics.com\/en\/wp-json\/wp\/v2\/product"}],"about":[{"href":"https:\/\/spectrebaltics.com\/en\/wp-json\/wp\/v2\/types\/product"}],"wp:featuredmedia":[{"embeddable":true,"href":"https:\/\/spectrebaltics.com\/en\/wp-json\/wp\/v2\/media\/10679"}],"wp:attachment":[{"href":"https:\/\/spectrebaltics.com\/en\/wp-json\/wp\/v2\/media?parent=10675"}],"wp:term":[{"taxonomy":"product_cat","embeddable":true,"href":"https:\/\/spectrebaltics.com\/en\/wp-json\/wp\/v2\/product_cat?post=10675"},{"taxonomy":"product_tag","embeddable":true,"href":"https:\/\/spectrebaltics.com\/en\/wp-json\/wp\/v2\/product_tag?post=10675"}],"curies":[{"name":"wp","href":"https:\/\/api.w.org\/{rel}","templated":true}]}}