{"id":10713,"date":"2024-07-01T11:57:23","date_gmt":"2024-07-01T11:57:23","guid":{"rendered":"https:\/\/spectrebaltics.com\/?post_type=product&#038;p=10713"},"modified":"2024-07-01T11:57:23","modified_gmt":"2024-07-01T11:57:23","slug":"wortex-6709-kattega-fiiberkiust-sormikloikekindlus-5","status":"publish","type":"product","link":"https:\/\/spectrebaltics.com\/en\/toode\/wortex-6709-kattega-fiiberkiust-sormikloikekindlus-5\/","title":{"rendered":"WORTEX 6709 kattega fiiberkiust s\u00f5rmik,l\u00f5ikekindlus 5"},"content":{"rendered":"<p>PU kattega kindad<span>on suurendatud l\u00f5ikekindlusega mille peopesa on kaetud pol\u00fcuretaaniga. PU kate tagab hea haarde ja kaitseb h\u00e4sti mehhaanilise kulumise eest. S\u00f5rmeotsad on v\u00e4ga hea tundlikkusega, elastsed ja vastupidavad. Hea sobivus ja mugavus. Hingav k\u00e4eselg.<\/span><\/p>\n<p>Suurused: 9-10<\/p>\n","protected":false},"excerpt":{"rendered":"<p>PU kattega kindadon suurendatud l\u00f5ikekindlusega mille peopesa on kaetud pol\u00fcuretaaniga. PU kate tagab hea haarde ja kaitseb h\u00e4sti mehhaanilise kulumise eest. S\u00f5rmeotsad on v\u00e4ga hea tundlikkusega, elastsed ja vastupidavad. Hea sobivus ja mugavus. Hingav k\u00e4eselg. Suurused: 9-10<\/p>\n","protected":false},"featured_media":10717,"template":"","meta":[],"product_cat":[106,111],"product_tag":[],"yoast_head":"<!-- This site is optimized with the Yoast SEO plugin v18.4.1 - https:\/\/yoast.com\/wordpress\/plugins\/seo\/ -->\n<title>WORTEX 6709 kattega fiiberkiust s\u00f5rmik,l\u00f5ikekindlus 5<\/title>\n<meta name=\"robots\" content=\"index, follow, max-snippet:-1, max-image-preview:large, max-video-preview:-1\" \/>\n<link rel=\"canonical\" href=\"https:\/\/spectrebaltics.com\/toode\/wortex-6709-kattega-fiiberkiust-sormikloikekindlus-5\/\" \/>\n<meta property=\"og:locale\" content=\"en_US\" \/>\n<meta property=\"og:type\" content=\"article\" \/>\n<meta property=\"og:title\" content=\"WORTEX 6709 kattega fiiberkiust s\u00f5rmik,l\u00f5ikekindlus 5\" \/>\n<meta property=\"og:description\" content=\"PU kattega kindadon suurendatud l\u00f5ikekindlusega mille peopesa on kaetud pol\u00fcuretaaniga. PU kate tagab hea haarde ja kaitseb h\u00e4sti mehhaanilise kulumise eest. S\u00f5rmeotsad on v\u00e4ga hea tundlikkusega, elastsed ja vastupidavad. Hea sobivus ja mugavus. Hingav k\u00e4eselg. Suurused: 9-10\" \/>\n<meta property=\"og:url\" content=\"https:\/\/spectrebaltics.com\/toode\/wortex-6709-kattega-fiiberkiust-sormikloikekindlus-5\/\" \/>\n<meta property=\"og:site_name\" content=\"Spectrebaltics\" \/>\n<meta property=\"og:image\" content=\"https:\/\/spectrebaltics.com\/wp-content\/uploads\/2024\/07\/60176018601960206021_wortex_tookindad_loikekindlad_pu_kattega-600x600-1.png\" \/>\n\t<meta property=\"og:image:width\" content=\"600\" \/>\n\t<meta property=\"og:image:height\" content=\"600\" \/>\n\t<meta property=\"og:image:type\" content=\"image\/png\" \/>\n<meta name=\"twitter:card\" content=\"summary_large_image\" \/>\n<script type=\"application\/ld+json\" class=\"yoast-schema-graph\">{\"@context\":\"https:\/\/schema.org\",\"@graph\":[{\"@type\":\"Organization\",\"@id\":\"https:\/\/spectrebaltics.com\/ru\/#organization\",\"name\":\"Spectrebaltics\",\"url\":\"https:\/\/spectrebaltics.com\/ru\/\",\"sameAs\":[],\"logo\":{\"@type\":\"ImageObject\",\"@id\":\"https:\/\/spectrebaltics.com\/ru\/#logo\",\"inLanguage\":\"en-US\",\"url\":\"https:\/\/spectrebaltics.com\/wp-content\/uploads\/2024\/03\/Spectrebaltics-logo.svg\",\"contentUrl\":\"https:\/\/spectrebaltics.com\/wp-content\/uploads\/2024\/03\/Spectrebaltics-logo.svg\",\"caption\":\"Spectrebaltics\"},\"image\":{\"@id\":\"https:\/\/spectrebaltics.com\/ru\/#logo\"}},{\"@type\":\"WebSite\",\"@id\":\"https:\/\/spectrebaltics.com\/ru\/#website\",\"url\":\"https:\/\/spectrebaltics.com\/ru\/\",\"name\":\"Spectrebaltics\",\"description\":\"\",\"publisher\":{\"@id\":\"https:\/\/spectrebaltics.com\/ru\/#organization\"},\"potentialAction\":[{\"@type\":\"SearchAction\",\"target\":{\"@type\":\"EntryPoint\",\"urlTemplate\":\"https:\/\/spectrebaltics.com\/ru\/?s={search_term_string}\"},\"query-input\":\"required name=search_term_string\"}],\"inLanguage\":\"en-US\"},{\"@type\":\"ImageObject\",\"@id\":\"https:\/\/spectrebaltics.com\/toode\/wortex-6709-kattega-fiiberkiust-sormikloikekindlus-5\/#primaryimage\",\"inLanguage\":\"en-US\",\"url\":\"https:\/\/spectrebaltics.com\/wp-content\/uploads\/2024\/07\/60176018601960206021_wortex_tookindad_loikekindlad_pu_kattega-600x600-1.png\",\"contentUrl\":\"https:\/\/spectrebaltics.com\/wp-content\/uploads\/2024\/07\/60176018601960206021_wortex_tookindad_loikekindlad_pu_kattega-600x600-1.png\",\"width\":600,\"height\":600},{\"@type\":\"WebPage\",\"@id\":\"https:\/\/spectrebaltics.com\/toode\/wortex-6709-kattega-fiiberkiust-sormikloikekindlus-5\/#webpage\",\"url\":\"https:\/\/spectrebaltics.com\/toode\/wortex-6709-kattega-fiiberkiust-sormikloikekindlus-5\/\",\"name\":\"WORTEX 6709 kattega fiiberkiust s\u00f5rmik,l\u00f5ikekindlus 5\",\"isPartOf\":{\"@id\":\"https:\/\/spectrebaltics.com\/ru\/#website\"},\"primaryImageOfPage\":{\"@id\":\"https:\/\/spectrebaltics.com\/toode\/wortex-6709-kattega-fiiberkiust-sormikloikekindlus-5\/#primaryimage\"},\"datePublished\":\"2024-07-01T11:57:23+00:00\",\"dateModified\":\"2024-07-01T11:57:23+00:00\",\"breadcrumb\":{\"@id\":\"https:\/\/spectrebaltics.com\/toode\/wortex-6709-kattega-fiiberkiust-sormikloikekindlus-5\/#breadcrumb\"},\"inLanguage\":\"en-US\",\"potentialAction\":[{\"@type\":\"ReadAction\",\"target\":[\"https:\/\/spectrebaltics.com\/toode\/wortex-6709-kattega-fiiberkiust-sormikloikekindlus-5\/\"]}]},{\"@type\":\"BreadcrumbList\",\"@id\":\"https:\/\/spectrebaltics.com\/toode\/wortex-6709-kattega-fiiberkiust-sormikloikekindlus-5\/#breadcrumb\",\"itemListElement\":[{\"@type\":\"ListItem\",\"position\":1,\"name\":\"Home\",\"item\":\"https:\/\/spectrebaltics.com\/en\/\"},{\"@type\":\"ListItem\",\"position\":2,\"name\":\"Catalogue\",\"item\":\"https:\/\/spectrebaltics.com\/en\/catalogue\/\"},{\"@type\":\"ListItem\",\"position\":3,\"name\":\"WORTEX 6709 kattega fiiberkiust s\u00f5rmik,l\u00f5ikekindlus 5\"}]}]}<\/script>\n<!-- \/ Yoast SEO plugin. -->","yoast_head_json":{"title":"WORTEX 6709 kattega fiiberkiust s\u00f5rmik,l\u00f5ikekindlus 5","robots":{"index":"index","follow":"follow","max-snippet":"max-snippet:-1","max-image-preview":"max-image-preview:large","max-video-preview":"max-video-preview:-1"},"canonical":"https:\/\/spectrebaltics.com\/toode\/wortex-6709-kattega-fiiberkiust-sormikloikekindlus-5\/","og_locale":"en_US","og_type":"article","og_title":"WORTEX 6709 kattega fiiberkiust s\u00f5rmik,l\u00f5ikekindlus 5","og_description":"PU kattega kindadon suurendatud l\u00f5ikekindlusega mille peopesa on kaetud pol\u00fcuretaaniga. PU kate tagab hea haarde ja kaitseb h\u00e4sti mehhaanilise kulumise eest. S\u00f5rmeotsad on v\u00e4ga hea tundlikkusega, elastsed ja vastupidavad. Hea sobivus ja mugavus. Hingav k\u00e4eselg. Suurused: 9-10","og_url":"https:\/\/spectrebaltics.com\/toode\/wortex-6709-kattega-fiiberkiust-sormikloikekindlus-5\/","og_site_name":"Spectrebaltics","og_image":[{"width":600,"height":600,"url":"https:\/\/spectrebaltics.com\/wp-content\/uploads\/2024\/07\/60176018601960206021_wortex_tookindad_loikekindlad_pu_kattega-600x600-1.png","type":"image\/png"}],"twitter_card":"summary_large_image","schema":{"@context":"https:\/\/schema.org","@graph":[{"@type":"Organization","@id":"https:\/\/spectrebaltics.com\/ru\/#organization","name":"Spectrebaltics","url":"https:\/\/spectrebaltics.com\/ru\/","sameAs":[],"logo":{"@type":"ImageObject","@id":"https:\/\/spectrebaltics.com\/ru\/#logo","inLanguage":"en-US","url":"https:\/\/spectrebaltics.com\/wp-content\/uploads\/2024\/03\/Spectrebaltics-logo.svg","contentUrl":"https:\/\/spectrebaltics.com\/wp-content\/uploads\/2024\/03\/Spectrebaltics-logo.svg","caption":"Spectrebaltics"},"image":{"@id":"https:\/\/spectrebaltics.com\/ru\/#logo"}},{"@type":"WebSite","@id":"https:\/\/spectrebaltics.com\/ru\/#website","url":"https:\/\/spectrebaltics.com\/ru\/","name":"Spectrebaltics","description":"","publisher":{"@id":"https:\/\/spectrebaltics.com\/ru\/#organization"},"potentialAction":[{"@type":"SearchAction","target":{"@type":"EntryPoint","urlTemplate":"https:\/\/spectrebaltics.com\/ru\/?s={search_term_string}"},"query-input":"required name=search_term_string"}],"inLanguage":"en-US"},{"@type":"ImageObject","@id":"https:\/\/spectrebaltics.com\/toode\/wortex-6709-kattega-fiiberkiust-sormikloikekindlus-5\/#primaryimage","inLanguage":"en-US","url":"https:\/\/spectrebaltics.com\/wp-content\/uploads\/2024\/07\/60176018601960206021_wortex_tookindad_loikekindlad_pu_kattega-600x600-1.png","contentUrl":"https:\/\/spectrebaltics.com\/wp-content\/uploads\/2024\/07\/60176018601960206021_wortex_tookindad_loikekindlad_pu_kattega-600x600-1.png","width":600,"height":600},{"@type":"WebPage","@id":"https:\/\/spectrebaltics.com\/toode\/wortex-6709-kattega-fiiberkiust-sormikloikekindlus-5\/#webpage","url":"https:\/\/spectrebaltics.com\/toode\/wortex-6709-kattega-fiiberkiust-sormikloikekindlus-5\/","name":"WORTEX 6709 kattega fiiberkiust s\u00f5rmik,l\u00f5ikekindlus 5","isPartOf":{"@id":"https:\/\/spectrebaltics.com\/ru\/#website"},"primaryImageOfPage":{"@id":"https:\/\/spectrebaltics.com\/toode\/wortex-6709-kattega-fiiberkiust-sormikloikekindlus-5\/#primaryimage"},"datePublished":"2024-07-01T11:57:23+00:00","dateModified":"2024-07-01T11:57:23+00:00","breadcrumb":{"@id":"https:\/\/spectrebaltics.com\/toode\/wortex-6709-kattega-fiiberkiust-sormikloikekindlus-5\/#breadcrumb"},"inLanguage":"en-US","potentialAction":[{"@type":"ReadAction","target":["https:\/\/spectrebaltics.com\/toode\/wortex-6709-kattega-fiiberkiust-sormikloikekindlus-5\/"]}]},{"@type":"BreadcrumbList","@id":"https:\/\/spectrebaltics.com\/toode\/wortex-6709-kattega-fiiberkiust-sormikloikekindlus-5\/#breadcrumb","itemListElement":[{"@type":"ListItem","position":1,"name":"Home","item":"https:\/\/spectrebaltics.com\/en\/"},{"@type":"ListItem","position":2,"name":"Catalogue","item":"https:\/\/spectrebaltics.com\/en\/catalogue\/"},{"@type":"ListItem","position":3,"name":"WORTEX 6709 kattega fiiberkiust s\u00f5rmik,l\u00f5ikekindlus 5"}]}]}},"_links":{"self":[{"href":"https:\/\/spectrebaltics.com\/en\/wp-json\/wp\/v2\/product\/10713"}],"collection":[{"href":"https:\/\/spectrebaltics.com\/en\/wp-json\/wp\/v2\/product"}],"about":[{"href":"https:\/\/spectrebaltics.com\/en\/wp-json\/wp\/v2\/types\/product"}],"wp:featuredmedia":[{"embeddable":true,"href":"https:\/\/spectrebaltics.com\/en\/wp-json\/wp\/v2\/media\/10717"}],"wp:attachment":[{"href":"https:\/\/spectrebaltics.com\/en\/wp-json\/wp\/v2\/media?parent=10713"}],"wp:term":[{"taxonomy":"product_cat","embeddable":true,"href":"https:\/\/spectrebaltics.com\/en\/wp-json\/wp\/v2\/product_cat?post=10713"},{"taxonomy":"product_tag","embeddable":true,"href":"https:\/\/spectrebaltics.com\/en\/wp-json\/wp\/v2\/product_tag?post=10713"}],"curies":[{"name":"wp","href":"https:\/\/api.w.org\/{rel}","templated":true}]}}