{"id":11029,"date":"2024-07-03T11:50:10","date_gmt":"2024-07-03T11:50:10","guid":{"rendered":"https:\/\/spectrebaltics.com\/?post_type=product&#038;p=11029"},"modified":"2024-07-03T11:57:52","modified_gmt":"2024-07-03T11:57:52","slug":"binzel-keraamiline-gaasiduus-25-5-size-6-abitig-9-20-701-0319","status":"publish","type":"product","link":"https:\/\/spectrebaltics.com\/en\/toode\/binzel-keraamiline-gaasiduus-25-5-size-6-abitig-9-20-701-0319\/","title":{"rendered":"Binzel Keraamiline gaasid\u00fc\u00fcs 25.5 size 6 ABITIG 9\/20  (701.0319)"},"content":{"rendered":"<p>P\u00f5leti t\u00fc\u00fcp<br \/>\n9\/20, ABITIG\u00ae GRIP 24<br \/>\nGaasi otsik<br \/>\nNr 6 \u1d139,5 mm<\/p>\n","protected":false},"excerpt":{"rendered":"<p>P\u00f5leti t\u00fc\u00fcp 9\/20, ABITIG\u00ae GRIP 24 Gaasi otsik Nr 6 \u1d139,5 mm<\/p>\n","protected":false},"featured_media":11044,"template":"","meta":[],"product_cat":[65,73],"product_tag":[],"yoast_head":"<!-- This site is optimized with the Yoast SEO plugin v18.4.1 - https:\/\/yoast.com\/wordpress\/plugins\/seo\/ -->\n<title>Binzel Keraamiline gaasid\u00fc\u00fcs 25.5 size 6 ABITIG 9\/20 (701.0319)<\/title>\n<meta name=\"robots\" content=\"index, follow, max-snippet:-1, max-image-preview:large, max-video-preview:-1\" \/>\n<link rel=\"canonical\" href=\"https:\/\/spectrebaltics.com\/toode\/binzel-keraamiline-gaasiduus-25-5-size-6-abitig-9-20-701-0319\/\" \/>\n<meta property=\"og:locale\" content=\"en_US\" \/>\n<meta property=\"og:type\" content=\"article\" \/>\n<meta property=\"og:title\" content=\"Binzel Keraamiline gaasid\u00fc\u00fcs 25.5 size 6 ABITIG 9\/20 (701.0319)\" \/>\n<meta property=\"og:description\" content=\"P\u00f5leti t\u00fc\u00fcp 9\/20, ABITIG\u00ae GRIP 24 Gaasi otsik Nr 6 \u1d139,5 mm\" \/>\n<meta property=\"og:url\" content=\"https:\/\/spectrebaltics.com\/toode\/binzel-keraamiline-gaasiduus-25-5-size-6-abitig-9-20-701-0319\/\" \/>\n<meta property=\"og:site_name\" content=\"Spectrebaltics\" \/>\n<meta property=\"article:modified_time\" content=\"2024-07-03T11:57:52+00:00\" \/>\n<meta name=\"twitter:card\" content=\"summary_large_image\" \/>\n<meta name=\"twitter:image\" content=\"https:\/\/spectrebaltics.com\/wp-content\/uploads\/2024\/07\/img_2370.webp\" \/>\n<script type=\"application\/ld+json\" class=\"yoast-schema-graph\">{\"@context\":\"https:\/\/schema.org\",\"@graph\":[{\"@type\":\"Organization\",\"@id\":\"https:\/\/spectrebaltics.com\/ru\/#organization\",\"name\":\"Spectrebaltics\",\"url\":\"https:\/\/spectrebaltics.com\/ru\/\",\"sameAs\":[],\"logo\":{\"@type\":\"ImageObject\",\"@id\":\"https:\/\/spectrebaltics.com\/ru\/#logo\",\"inLanguage\":\"en-US\",\"url\":\"https:\/\/spectrebaltics.com\/wp-content\/uploads\/2024\/03\/Spectrebaltics-logo.svg\",\"contentUrl\":\"https:\/\/spectrebaltics.com\/wp-content\/uploads\/2024\/03\/Spectrebaltics-logo.svg\",\"caption\":\"Spectrebaltics\"},\"image\":{\"@id\":\"https:\/\/spectrebaltics.com\/ru\/#logo\"}},{\"@type\":\"WebSite\",\"@id\":\"https:\/\/spectrebaltics.com\/ru\/#website\",\"url\":\"https:\/\/spectrebaltics.com\/ru\/\",\"name\":\"Spectrebaltics\",\"description\":\"\",\"publisher\":{\"@id\":\"https:\/\/spectrebaltics.com\/ru\/#organization\"},\"potentialAction\":[{\"@type\":\"SearchAction\",\"target\":{\"@type\":\"EntryPoint\",\"urlTemplate\":\"https:\/\/spectrebaltics.com\/ru\/?s={search_term_string}\"},\"query-input\":\"required name=search_term_string\"}],\"inLanguage\":\"en-US\"},{\"@type\":\"ImageObject\",\"@id\":\"https:\/\/spectrebaltics.com\/toode\/binzel-keraamiline-gaasiduus-25-5-size-6-abitig-9-20-701-0319\/#primaryimage\",\"inLanguage\":\"en-US\",\"url\":\"https:\/\/spectrebaltics.com\/wp-content\/uploads\/2024\/07\/img_2370.webp\",\"contentUrl\":\"https:\/\/spectrebaltics.com\/wp-content\/uploads\/2024\/07\/img_2370.webp\",\"width\":1280,\"height\":1004},{\"@type\":\"WebPage\",\"@id\":\"https:\/\/spectrebaltics.com\/toode\/binzel-keraamiline-gaasiduus-25-5-size-6-abitig-9-20-701-0319\/#webpage\",\"url\":\"https:\/\/spectrebaltics.com\/toode\/binzel-keraamiline-gaasiduus-25-5-size-6-abitig-9-20-701-0319\/\",\"name\":\"Binzel Keraamiline gaasid\u00fc\u00fcs 25.5 size 6 ABITIG 9\/20 (701.0319)\",\"isPartOf\":{\"@id\":\"https:\/\/spectrebaltics.com\/ru\/#website\"},\"primaryImageOfPage\":{\"@id\":\"https:\/\/spectrebaltics.com\/toode\/binzel-keraamiline-gaasiduus-25-5-size-6-abitig-9-20-701-0319\/#primaryimage\"},\"datePublished\":\"2024-07-03T11:50:10+00:00\",\"dateModified\":\"2024-07-03T11:57:52+00:00\",\"breadcrumb\":{\"@id\":\"https:\/\/spectrebaltics.com\/toode\/binzel-keraamiline-gaasiduus-25-5-size-6-abitig-9-20-701-0319\/#breadcrumb\"},\"inLanguage\":\"en-US\",\"potentialAction\":[{\"@type\":\"ReadAction\",\"target\":[\"https:\/\/spectrebaltics.com\/toode\/binzel-keraamiline-gaasiduus-25-5-size-6-abitig-9-20-701-0319\/\"]}]},{\"@type\":\"BreadcrumbList\",\"@id\":\"https:\/\/spectrebaltics.com\/toode\/binzel-keraamiline-gaasiduus-25-5-size-6-abitig-9-20-701-0319\/#breadcrumb\",\"itemListElement\":[{\"@type\":\"ListItem\",\"position\":1,\"name\":\"Home\",\"item\":\"https:\/\/spectrebaltics.com\/en\/\"},{\"@type\":\"ListItem\",\"position\":2,\"name\":\"Catalogue\",\"item\":\"https:\/\/spectrebaltics.com\/en\/catalogue\/\"},{\"@type\":\"ListItem\",\"position\":3,\"name\":\"Binzel Keraamiline gaasid\u00fc\u00fcs 25.5 size 6 ABITIG 9\/20 (701.0319)\"}]}]}<\/script>\n<!-- \/ Yoast SEO plugin. -->","yoast_head_json":{"title":"Binzel Keraamiline gaasid\u00fc\u00fcs 25.5 size 6 ABITIG 9\/20 (701.0319)","robots":{"index":"index","follow":"follow","max-snippet":"max-snippet:-1","max-image-preview":"max-image-preview:large","max-video-preview":"max-video-preview:-1"},"canonical":"https:\/\/spectrebaltics.com\/toode\/binzel-keraamiline-gaasiduus-25-5-size-6-abitig-9-20-701-0319\/","og_locale":"en_US","og_type":"article","og_title":"Binzel Keraamiline gaasid\u00fc\u00fcs 25.5 size 6 ABITIG 9\/20 (701.0319)","og_description":"P\u00f5leti t\u00fc\u00fcp 9\/20, ABITIG\u00ae GRIP 24 Gaasi otsik Nr 6 \u1d139,5 mm","og_url":"https:\/\/spectrebaltics.com\/toode\/binzel-keraamiline-gaasiduus-25-5-size-6-abitig-9-20-701-0319\/","og_site_name":"Spectrebaltics","article_modified_time":"2024-07-03T11:57:52+00:00","twitter_card":"summary_large_image","twitter_image":"https:\/\/spectrebaltics.com\/wp-content\/uploads\/2024\/07\/img_2370.webp","schema":{"@context":"https:\/\/schema.org","@graph":[{"@type":"Organization","@id":"https:\/\/spectrebaltics.com\/ru\/#organization","name":"Spectrebaltics","url":"https:\/\/spectrebaltics.com\/ru\/","sameAs":[],"logo":{"@type":"ImageObject","@id":"https:\/\/spectrebaltics.com\/ru\/#logo","inLanguage":"en-US","url":"https:\/\/spectrebaltics.com\/wp-content\/uploads\/2024\/03\/Spectrebaltics-logo.svg","contentUrl":"https:\/\/spectrebaltics.com\/wp-content\/uploads\/2024\/03\/Spectrebaltics-logo.svg","caption":"Spectrebaltics"},"image":{"@id":"https:\/\/spectrebaltics.com\/ru\/#logo"}},{"@type":"WebSite","@id":"https:\/\/spectrebaltics.com\/ru\/#website","url":"https:\/\/spectrebaltics.com\/ru\/","name":"Spectrebaltics","description":"","publisher":{"@id":"https:\/\/spectrebaltics.com\/ru\/#organization"},"potentialAction":[{"@type":"SearchAction","target":{"@type":"EntryPoint","urlTemplate":"https:\/\/spectrebaltics.com\/ru\/?s={search_term_string}"},"query-input":"required name=search_term_string"}],"inLanguage":"en-US"},{"@type":"ImageObject","@id":"https:\/\/spectrebaltics.com\/toode\/binzel-keraamiline-gaasiduus-25-5-size-6-abitig-9-20-701-0319\/#primaryimage","inLanguage":"en-US","url":"https:\/\/spectrebaltics.com\/wp-content\/uploads\/2024\/07\/img_2370.webp","contentUrl":"https:\/\/spectrebaltics.com\/wp-content\/uploads\/2024\/07\/img_2370.webp","width":1280,"height":1004},{"@type":"WebPage","@id":"https:\/\/spectrebaltics.com\/toode\/binzel-keraamiline-gaasiduus-25-5-size-6-abitig-9-20-701-0319\/#webpage","url":"https:\/\/spectrebaltics.com\/toode\/binzel-keraamiline-gaasiduus-25-5-size-6-abitig-9-20-701-0319\/","name":"Binzel Keraamiline gaasid\u00fc\u00fcs 25.5 size 6 ABITIG 9\/20 (701.0319)","isPartOf":{"@id":"https:\/\/spectrebaltics.com\/ru\/#website"},"primaryImageOfPage":{"@id":"https:\/\/spectrebaltics.com\/toode\/binzel-keraamiline-gaasiduus-25-5-size-6-abitig-9-20-701-0319\/#primaryimage"},"datePublished":"2024-07-03T11:50:10+00:00","dateModified":"2024-07-03T11:57:52+00:00","breadcrumb":{"@id":"https:\/\/spectrebaltics.com\/toode\/binzel-keraamiline-gaasiduus-25-5-size-6-abitig-9-20-701-0319\/#breadcrumb"},"inLanguage":"en-US","potentialAction":[{"@type":"ReadAction","target":["https:\/\/spectrebaltics.com\/toode\/binzel-keraamiline-gaasiduus-25-5-size-6-abitig-9-20-701-0319\/"]}]},{"@type":"BreadcrumbList","@id":"https:\/\/spectrebaltics.com\/toode\/binzel-keraamiline-gaasiduus-25-5-size-6-abitig-9-20-701-0319\/#breadcrumb","itemListElement":[{"@type":"ListItem","position":1,"name":"Home","item":"https:\/\/spectrebaltics.com\/en\/"},{"@type":"ListItem","position":2,"name":"Catalogue","item":"https:\/\/spectrebaltics.com\/en\/catalogue\/"},{"@type":"ListItem","position":3,"name":"Binzel Keraamiline gaasid\u00fc\u00fcs 25.5 size 6 ABITIG 9\/20 (701.0319)"}]}]}},"_links":{"self":[{"href":"https:\/\/spectrebaltics.com\/en\/wp-json\/wp\/v2\/product\/11029"}],"collection":[{"href":"https:\/\/spectrebaltics.com\/en\/wp-json\/wp\/v2\/product"}],"about":[{"href":"https:\/\/spectrebaltics.com\/en\/wp-json\/wp\/v2\/types\/product"}],"wp:featuredmedia":[{"embeddable":true,"href":"https:\/\/spectrebaltics.com\/en\/wp-json\/wp\/v2\/media\/11044"}],"wp:attachment":[{"href":"https:\/\/spectrebaltics.com\/en\/wp-json\/wp\/v2\/media?parent=11029"}],"wp:term":[{"taxonomy":"product_cat","embeddable":true,"href":"https:\/\/spectrebaltics.com\/en\/wp-json\/wp\/v2\/product_cat?post=11029"},{"taxonomy":"product_tag","embeddable":true,"href":"https:\/\/spectrebaltics.com\/en\/wp-json\/wp\/v2\/product_tag?post=11029"}],"curies":[{"name":"wp","href":"https:\/\/api.w.org\/{rel}","templated":true}]}}