{"id":11048,"date":"2024-07-03T12:00:38","date_gmt":"2024-07-03T12:00:38","guid":{"rendered":"https:\/\/spectrebaltics.com\/?post_type=product&#038;p=11048"},"modified":"2024-07-03T12:00:38","modified_gmt":"2024-07-03T12:00:38","slug":"binzel-keraamiline-gaasiduus-25-5-size-7-abitig-9-20-701-0320","status":"publish","type":"product","link":"https:\/\/spectrebaltics.com\/en\/toode\/binzel-keraamiline-gaasiduus-25-5-size-7-abitig-9-20-701-0320\/","title":{"rendered":"Binzel Keraamiline gaasid\u00fc\u00fcs 25.5 size 7 ABITIG 9\/20  (701.0320)"},"content":{"rendered":"<p>Keevitusp\u00f5leti \u00fcks vajalikke osi, ilma milleta pole suurep\u00e4rane t\u00f6\u00f6 v\u00f5imalik, on keraamiline otsik. T\u00e4nu d\u00fc\u00fcsi \u00f5igele toele moodustub suurep\u00e4rane keevis\u00f5mblus ilma defektideta, nagu oksiid v\u00f5i mittev\u00e4\u00e4rismetalli \u00fclekuumenemine ja muud.<\/p>\n","protected":false},"excerpt":{"rendered":"<p>Keevitusp\u00f5leti \u00fcks vajalikke osi, ilma milleta pole suurep\u00e4rane t\u00f6\u00f6 v\u00f5imalik, on keraamiline otsik. T\u00e4nu d\u00fc\u00fcsi \u00f5igele toele moodustub suurep\u00e4rane keevis\u00f5mblus ilma defektideta, nagu oksiid v\u00f5i mittev\u00e4\u00e4rismetalli \u00fclekuumenemine ja muud.<\/p>\n","protected":false},"featured_media":11049,"template":"","meta":[],"product_cat":[65,73],"product_tag":[],"yoast_head":"<!-- This site is optimized with the Yoast SEO plugin v18.4.1 - https:\/\/yoast.com\/wordpress\/plugins\/seo\/ -->\n<title>Binzel Keraamiline gaasid\u00fc\u00fcs 25.5 size 7 ABITIG 9\/20 (701.0320)<\/title>\n<meta name=\"robots\" content=\"index, follow, max-snippet:-1, max-image-preview:large, max-video-preview:-1\" \/>\n<link rel=\"canonical\" href=\"https:\/\/spectrebaltics.com\/toode\/binzel-keraamiline-gaasiduus-25-5-size-7-abitig-9-20-701-0320\/\" \/>\n<meta property=\"og:locale\" content=\"en_US\" \/>\n<meta property=\"og:type\" content=\"article\" \/>\n<meta property=\"og:title\" content=\"Binzel Keraamiline gaasid\u00fc\u00fcs 25.5 size 7 ABITIG 9\/20 (701.0320)\" \/>\n<meta property=\"og:description\" content=\"Keevitusp\u00f5leti \u00fcks vajalikke osi, ilma milleta pole suurep\u00e4rane t\u00f6\u00f6 v\u00f5imalik, on keraamiline otsik. T\u00e4nu d\u00fc\u00fcsi \u00f5igele toele moodustub suurep\u00e4rane keevis\u00f5mblus ilma defektideta, nagu oksiid v\u00f5i mittev\u00e4\u00e4rismetalli \u00fclekuumenemine ja muud.\" \/>\n<meta property=\"og:url\" content=\"https:\/\/spectrebaltics.com\/toode\/binzel-keraamiline-gaasiduus-25-5-size-7-abitig-9-20-701-0320\/\" \/>\n<meta property=\"og:site_name\" content=\"Spectrebaltics\" \/>\n<meta property=\"og:image\" content=\"https:\/\/spectrebaltics.com\/wp-content\/uploads\/2024\/07\/snimok-ekrana-2024-07-03-145947.png\" \/>\n\t<meta property=\"og:image:width\" content=\"782\" \/>\n\t<meta property=\"og:image:height\" content=\"831\" \/>\n\t<meta property=\"og:image:type\" content=\"image\/png\" \/>\n<meta name=\"twitter:card\" content=\"summary_large_image\" \/>\n<script type=\"application\/ld+json\" class=\"yoast-schema-graph\">{\"@context\":\"https:\/\/schema.org\",\"@graph\":[{\"@type\":\"Organization\",\"@id\":\"https:\/\/spectrebaltics.com\/ru\/#organization\",\"name\":\"Spectrebaltics\",\"url\":\"https:\/\/spectrebaltics.com\/ru\/\",\"sameAs\":[],\"logo\":{\"@type\":\"ImageObject\",\"@id\":\"https:\/\/spectrebaltics.com\/ru\/#logo\",\"inLanguage\":\"en-US\",\"url\":\"https:\/\/spectrebaltics.com\/wp-content\/uploads\/2024\/03\/Spectrebaltics-logo.svg\",\"contentUrl\":\"https:\/\/spectrebaltics.com\/wp-content\/uploads\/2024\/03\/Spectrebaltics-logo.svg\",\"caption\":\"Spectrebaltics\"},\"image\":{\"@id\":\"https:\/\/spectrebaltics.com\/ru\/#logo\"}},{\"@type\":\"WebSite\",\"@id\":\"https:\/\/spectrebaltics.com\/ru\/#website\",\"url\":\"https:\/\/spectrebaltics.com\/ru\/\",\"name\":\"Spectrebaltics\",\"description\":\"\",\"publisher\":{\"@id\":\"https:\/\/spectrebaltics.com\/ru\/#organization\"},\"potentialAction\":[{\"@type\":\"SearchAction\",\"target\":{\"@type\":\"EntryPoint\",\"urlTemplate\":\"https:\/\/spectrebaltics.com\/ru\/?s={search_term_string}\"},\"query-input\":\"required name=search_term_string\"}],\"inLanguage\":\"en-US\"},{\"@type\":\"ImageObject\",\"@id\":\"https:\/\/spectrebaltics.com\/toode\/binzel-keraamiline-gaasiduus-25-5-size-7-abitig-9-20-701-0320\/#primaryimage\",\"inLanguage\":\"en-US\",\"url\":\"https:\/\/spectrebaltics.com\/wp-content\/uploads\/2024\/07\/snimok-ekrana-2024-07-03-145947.png\",\"contentUrl\":\"https:\/\/spectrebaltics.com\/wp-content\/uploads\/2024\/07\/snimok-ekrana-2024-07-03-145947.png\",\"width\":782,\"height\":831},{\"@type\":\"WebPage\",\"@id\":\"https:\/\/spectrebaltics.com\/toode\/binzel-keraamiline-gaasiduus-25-5-size-7-abitig-9-20-701-0320\/#webpage\",\"url\":\"https:\/\/spectrebaltics.com\/toode\/binzel-keraamiline-gaasiduus-25-5-size-7-abitig-9-20-701-0320\/\",\"name\":\"Binzel Keraamiline gaasid\u00fc\u00fcs 25.5 size 7 ABITIG 9\/20 (701.0320)\",\"isPartOf\":{\"@id\":\"https:\/\/spectrebaltics.com\/ru\/#website\"},\"primaryImageOfPage\":{\"@id\":\"https:\/\/spectrebaltics.com\/toode\/binzel-keraamiline-gaasiduus-25-5-size-7-abitig-9-20-701-0320\/#primaryimage\"},\"datePublished\":\"2024-07-03T12:00:38+00:00\",\"dateModified\":\"2024-07-03T12:00:38+00:00\",\"breadcrumb\":{\"@id\":\"https:\/\/spectrebaltics.com\/toode\/binzel-keraamiline-gaasiduus-25-5-size-7-abitig-9-20-701-0320\/#breadcrumb\"},\"inLanguage\":\"en-US\",\"potentialAction\":[{\"@type\":\"ReadAction\",\"target\":[\"https:\/\/spectrebaltics.com\/toode\/binzel-keraamiline-gaasiduus-25-5-size-7-abitig-9-20-701-0320\/\"]}]},{\"@type\":\"BreadcrumbList\",\"@id\":\"https:\/\/spectrebaltics.com\/toode\/binzel-keraamiline-gaasiduus-25-5-size-7-abitig-9-20-701-0320\/#breadcrumb\",\"itemListElement\":[{\"@type\":\"ListItem\",\"position\":1,\"name\":\"Home\",\"item\":\"https:\/\/spectrebaltics.com\/en\/\"},{\"@type\":\"ListItem\",\"position\":2,\"name\":\"Catalogue\",\"item\":\"https:\/\/spectrebaltics.com\/en\/catalogue\/\"},{\"@type\":\"ListItem\",\"position\":3,\"name\":\"Binzel Keraamiline gaasid\u00fc\u00fcs 25.5 size 7 ABITIG 9\/20 (701.0320)\"}]}]}<\/script>\n<!-- \/ Yoast SEO plugin. -->","yoast_head_json":{"title":"Binzel Keraamiline gaasid\u00fc\u00fcs 25.5 size 7 ABITIG 9\/20 (701.0320)","robots":{"index":"index","follow":"follow","max-snippet":"max-snippet:-1","max-image-preview":"max-image-preview:large","max-video-preview":"max-video-preview:-1"},"canonical":"https:\/\/spectrebaltics.com\/toode\/binzel-keraamiline-gaasiduus-25-5-size-7-abitig-9-20-701-0320\/","og_locale":"en_US","og_type":"article","og_title":"Binzel Keraamiline gaasid\u00fc\u00fcs 25.5 size 7 ABITIG 9\/20 (701.0320)","og_description":"Keevitusp\u00f5leti \u00fcks vajalikke osi, ilma milleta pole suurep\u00e4rane t\u00f6\u00f6 v\u00f5imalik, on keraamiline otsik. T\u00e4nu d\u00fc\u00fcsi \u00f5igele toele moodustub suurep\u00e4rane keevis\u00f5mblus ilma defektideta, nagu oksiid v\u00f5i mittev\u00e4\u00e4rismetalli \u00fclekuumenemine ja muud.","og_url":"https:\/\/spectrebaltics.com\/toode\/binzel-keraamiline-gaasiduus-25-5-size-7-abitig-9-20-701-0320\/","og_site_name":"Spectrebaltics","og_image":[{"width":782,"height":831,"url":"https:\/\/spectrebaltics.com\/wp-content\/uploads\/2024\/07\/snimok-ekrana-2024-07-03-145947.png","type":"image\/png"}],"twitter_card":"summary_large_image","schema":{"@context":"https:\/\/schema.org","@graph":[{"@type":"Organization","@id":"https:\/\/spectrebaltics.com\/ru\/#organization","name":"Spectrebaltics","url":"https:\/\/spectrebaltics.com\/ru\/","sameAs":[],"logo":{"@type":"ImageObject","@id":"https:\/\/spectrebaltics.com\/ru\/#logo","inLanguage":"en-US","url":"https:\/\/spectrebaltics.com\/wp-content\/uploads\/2024\/03\/Spectrebaltics-logo.svg","contentUrl":"https:\/\/spectrebaltics.com\/wp-content\/uploads\/2024\/03\/Spectrebaltics-logo.svg","caption":"Spectrebaltics"},"image":{"@id":"https:\/\/spectrebaltics.com\/ru\/#logo"}},{"@type":"WebSite","@id":"https:\/\/spectrebaltics.com\/ru\/#website","url":"https:\/\/spectrebaltics.com\/ru\/","name":"Spectrebaltics","description":"","publisher":{"@id":"https:\/\/spectrebaltics.com\/ru\/#organization"},"potentialAction":[{"@type":"SearchAction","target":{"@type":"EntryPoint","urlTemplate":"https:\/\/spectrebaltics.com\/ru\/?s={search_term_string}"},"query-input":"required name=search_term_string"}],"inLanguage":"en-US"},{"@type":"ImageObject","@id":"https:\/\/spectrebaltics.com\/toode\/binzel-keraamiline-gaasiduus-25-5-size-7-abitig-9-20-701-0320\/#primaryimage","inLanguage":"en-US","url":"https:\/\/spectrebaltics.com\/wp-content\/uploads\/2024\/07\/snimok-ekrana-2024-07-03-145947.png","contentUrl":"https:\/\/spectrebaltics.com\/wp-content\/uploads\/2024\/07\/snimok-ekrana-2024-07-03-145947.png","width":782,"height":831},{"@type":"WebPage","@id":"https:\/\/spectrebaltics.com\/toode\/binzel-keraamiline-gaasiduus-25-5-size-7-abitig-9-20-701-0320\/#webpage","url":"https:\/\/spectrebaltics.com\/toode\/binzel-keraamiline-gaasiduus-25-5-size-7-abitig-9-20-701-0320\/","name":"Binzel Keraamiline gaasid\u00fc\u00fcs 25.5 size 7 ABITIG 9\/20 (701.0320)","isPartOf":{"@id":"https:\/\/spectrebaltics.com\/ru\/#website"},"primaryImageOfPage":{"@id":"https:\/\/spectrebaltics.com\/toode\/binzel-keraamiline-gaasiduus-25-5-size-7-abitig-9-20-701-0320\/#primaryimage"},"datePublished":"2024-07-03T12:00:38+00:00","dateModified":"2024-07-03T12:00:38+00:00","breadcrumb":{"@id":"https:\/\/spectrebaltics.com\/toode\/binzel-keraamiline-gaasiduus-25-5-size-7-abitig-9-20-701-0320\/#breadcrumb"},"inLanguage":"en-US","potentialAction":[{"@type":"ReadAction","target":["https:\/\/spectrebaltics.com\/toode\/binzel-keraamiline-gaasiduus-25-5-size-7-abitig-9-20-701-0320\/"]}]},{"@type":"BreadcrumbList","@id":"https:\/\/spectrebaltics.com\/toode\/binzel-keraamiline-gaasiduus-25-5-size-7-abitig-9-20-701-0320\/#breadcrumb","itemListElement":[{"@type":"ListItem","position":1,"name":"Home","item":"https:\/\/spectrebaltics.com\/en\/"},{"@type":"ListItem","position":2,"name":"Catalogue","item":"https:\/\/spectrebaltics.com\/en\/catalogue\/"},{"@type":"ListItem","position":3,"name":"Binzel Keraamiline gaasid\u00fc\u00fcs 25.5 size 7 ABITIG 9\/20 (701.0320)"}]}]}},"_links":{"self":[{"href":"https:\/\/spectrebaltics.com\/en\/wp-json\/wp\/v2\/product\/11048"}],"collection":[{"href":"https:\/\/spectrebaltics.com\/en\/wp-json\/wp\/v2\/product"}],"about":[{"href":"https:\/\/spectrebaltics.com\/en\/wp-json\/wp\/v2\/types\/product"}],"wp:featuredmedia":[{"embeddable":true,"href":"https:\/\/spectrebaltics.com\/en\/wp-json\/wp\/v2\/media\/11049"}],"wp:attachment":[{"href":"https:\/\/spectrebaltics.com\/en\/wp-json\/wp\/v2\/media?parent=11048"}],"wp:term":[{"taxonomy":"product_cat","embeddable":true,"href":"https:\/\/spectrebaltics.com\/en\/wp-json\/wp\/v2\/product_cat?post=11048"},{"taxonomy":"product_tag","embeddable":true,"href":"https:\/\/spectrebaltics.com\/en\/wp-json\/wp\/v2\/product_tag?post=11048"}],"curies":[{"name":"wp","href":"https:\/\/api.w.org\/{rel}","templated":true}]}}