{"id":11077,"date":"2024-07-03T12:14:16","date_gmt":"2024-07-03T12:14:16","guid":{"rendered":"https:\/\/spectrebaltics.com\/?post_type=product&#038;p=11077"},"modified":"2024-07-03T12:14:16","modified_gmt":"2024-07-03T12:14:16","slug":"xtw-3000-kaeshoitav-fiberlaserpuhastusseade-1500w-2000w3000w","status":"publish","type":"product","link":"https:\/\/spectrebaltics.com\/en\/toode\/xtw-3000-kaeshoitav-fiberlaserpuhastusseade-1500w-2000w3000w\/","title":{"rendered":"XTW-3000 k\u00e4eshoitav fiberlaserpuhastusseade 1500W\/2000W3000W"},"content":{"rendered":"<p>Lihtne eemaldada vaiguplekid, v\u00e4rvikiht, rooste, kattematerjal ja v\u00e4rv.<br \/>\nV\u00f5rreldes traditsiooniliste puhastusvahenditega on Fiber laserpuhastusmasinal suured eelised<\/p>\n<p>V\u00e4ike suurus, kerge kaal, mugav k\u00e4sitsi kasutamiseks.<br \/>\nEesmine tugiraam suudab saavutada t\u00e4pse puhastamise ja l\u00f5petada puhastust\u00f6\u00f6 fookustasandil.<br \/>\nToiming on lihtne, lihtsalt l\u00fclitage toide sisse ja automaatse puhastamise saavutamiseks saab seda k\u00e4es hoida v\u00f5i kasutada koos robotiga.<br \/>\nLaserpuhastusvalgusti joone laius ja kiirus<br \/>\ngalvanomeetri p\u00f6\u00f6rdeid saab reguleerida, vajutades nuppu<br \/>\nnupp k\u00e4sirelva peas.<br \/>\nLaserpuhastusp\u00fcstoli peal on k\u00f5rge vibratsioonivastane stabiilsus.<\/p>\n<p><img src=\"https:\/\/www.xtlaser.com\/wp-content\/uploads\/2022\/01\/2022011062.jpg\" \/><\/p>\n<p><img src=\"https:\/\/www.xtlaser.com\/wp-content\/uploads\/2023\/11\/2023110312.jpg\" \/><\/p>\n<p>&nbsp;<\/p>\n","protected":false},"excerpt":{"rendered":"<p>Lihtne eemaldada vaiguplekid, v\u00e4rvikiht, rooste, kattematerjal ja v\u00e4rv. V\u00f5rreldes traditsiooniliste puhastusvahenditega on Fiber laserpuhastusmasinal suured eelised V\u00e4ike suurus, kerge kaal, mugav k\u00e4sitsi kasutamiseks. Eesmine tugiraam suudab saavutada t\u00e4pse puhastamise ja l\u00f5petada puhastust\u00f6\u00f6 fookustasandil. Toiming on lihtne, lihtsalt l\u00fclitage toide sisse ja automaatse puhastamise saavutamiseks saab seda k\u00e4es hoida v\u00f5i kasutada koos robotiga. Laserpuhastusvalgusti joone laius&#8230;<\/p>\n","protected":false},"featured_media":11084,"template":"","meta":[],"product_cat":[59,63],"product_tag":[],"yoast_head":"<!-- This site is optimized with the Yoast SEO plugin v18.4.1 - https:\/\/yoast.com\/wordpress\/plugins\/seo\/ -->\n<title>XTW-3000 k\u00e4eshoitav fiberlaserpuhastusseade 1500W\/2000W3000W<\/title>\n<meta name=\"robots\" content=\"index, follow, max-snippet:-1, max-image-preview:large, max-video-preview:-1\" \/>\n<link rel=\"canonical\" href=\"https:\/\/spectrebaltics.com\/toode\/xtw-3000-kaeshoitav-fiberlaserpuhastusseade-1500w-2000w3000w\/\" \/>\n<meta property=\"og:locale\" content=\"en_US\" \/>\n<meta property=\"og:type\" content=\"article\" \/>\n<meta property=\"og:title\" content=\"XTW-3000 k\u00e4eshoitav fiberlaserpuhastusseade 1500W\/2000W3000W\" \/>\n<meta property=\"og:description\" content=\"Lihtne eemaldada vaiguplekid, v\u00e4rvikiht, rooste, kattematerjal ja v\u00e4rv. V\u00f5rreldes traditsiooniliste puhastusvahenditega on Fiber laserpuhastusmasinal suured eelised V\u00e4ike suurus, kerge kaal, mugav k\u00e4sitsi kasutamiseks. Eesmine tugiraam suudab saavutada t\u00e4pse puhastamise ja l\u00f5petada puhastust\u00f6\u00f6 fookustasandil. Toiming on lihtne, lihtsalt l\u00fclitage toide sisse ja automaatse puhastamise saavutamiseks saab seda k\u00e4es hoida v\u00f5i kasutada koos robotiga. Laserpuhastusvalgusti joone laius...\" \/>\n<meta property=\"og:url\" content=\"https:\/\/spectrebaltics.com\/toode\/xtw-3000-kaeshoitav-fiberlaserpuhastusseade-1500w-2000w3000w\/\" \/>\n<meta property=\"og:site_name\" content=\"Spectrebaltics\" \/>\n<meta property=\"og:image\" content=\"https:\/\/spectrebaltics.com\/wp-content\/uploads\/2024\/07\/clean1.png\" \/>\n\t<meta property=\"og:image:width\" content=\"321\" \/>\n\t<meta property=\"og:image:height\" content=\"353\" \/>\n\t<meta property=\"og:image:type\" content=\"image\/png\" \/>\n<meta name=\"twitter:card\" content=\"summary_large_image\" \/>\n<script type=\"application\/ld+json\" class=\"yoast-schema-graph\">{\"@context\":\"https:\/\/schema.org\",\"@graph\":[{\"@type\":\"Organization\",\"@id\":\"https:\/\/spectrebaltics.com\/ru\/#organization\",\"name\":\"Spectrebaltics\",\"url\":\"https:\/\/spectrebaltics.com\/ru\/\",\"sameAs\":[],\"logo\":{\"@type\":\"ImageObject\",\"@id\":\"https:\/\/spectrebaltics.com\/ru\/#logo\",\"inLanguage\":\"en-US\",\"url\":\"https:\/\/spectrebaltics.com\/wp-content\/uploads\/2024\/03\/Spectrebaltics-logo.svg\",\"contentUrl\":\"https:\/\/spectrebaltics.com\/wp-content\/uploads\/2024\/03\/Spectrebaltics-logo.svg\",\"caption\":\"Spectrebaltics\"},\"image\":{\"@id\":\"https:\/\/spectrebaltics.com\/ru\/#logo\"}},{\"@type\":\"WebSite\",\"@id\":\"https:\/\/spectrebaltics.com\/ru\/#website\",\"url\":\"https:\/\/spectrebaltics.com\/ru\/\",\"name\":\"Spectrebaltics\",\"description\":\"\",\"publisher\":{\"@id\":\"https:\/\/spectrebaltics.com\/ru\/#organization\"},\"potentialAction\":[{\"@type\":\"SearchAction\",\"target\":{\"@type\":\"EntryPoint\",\"urlTemplate\":\"https:\/\/spectrebaltics.com\/ru\/?s={search_term_string}\"},\"query-input\":\"required name=search_term_string\"}],\"inLanguage\":\"en-US\"},{\"@type\":\"ImageObject\",\"@id\":\"https:\/\/spectrebaltics.com\/toode\/xtw-3000-kaeshoitav-fiberlaserpuhastusseade-1500w-2000w3000w\/#primaryimage\",\"inLanguage\":\"en-US\",\"url\":\"https:\/\/spectrebaltics.com\/wp-content\/uploads\/2024\/07\/clean1.png\",\"contentUrl\":\"https:\/\/spectrebaltics.com\/wp-content\/uploads\/2024\/07\/clean1.png\",\"width\":321,\"height\":353},{\"@type\":\"WebPage\",\"@id\":\"https:\/\/spectrebaltics.com\/toode\/xtw-3000-kaeshoitav-fiberlaserpuhastusseade-1500w-2000w3000w\/#webpage\",\"url\":\"https:\/\/spectrebaltics.com\/toode\/xtw-3000-kaeshoitav-fiberlaserpuhastusseade-1500w-2000w3000w\/\",\"name\":\"XTW-3000 k\u00e4eshoitav fiberlaserpuhastusseade 1500W\/2000W3000W\",\"isPartOf\":{\"@id\":\"https:\/\/spectrebaltics.com\/ru\/#website\"},\"primaryImageOfPage\":{\"@id\":\"https:\/\/spectrebaltics.com\/toode\/xtw-3000-kaeshoitav-fiberlaserpuhastusseade-1500w-2000w3000w\/#primaryimage\"},\"datePublished\":\"2024-07-03T12:14:16+00:00\",\"dateModified\":\"2024-07-03T12:14:16+00:00\",\"breadcrumb\":{\"@id\":\"https:\/\/spectrebaltics.com\/toode\/xtw-3000-kaeshoitav-fiberlaserpuhastusseade-1500w-2000w3000w\/#breadcrumb\"},\"inLanguage\":\"en-US\",\"potentialAction\":[{\"@type\":\"ReadAction\",\"target\":[\"https:\/\/spectrebaltics.com\/toode\/xtw-3000-kaeshoitav-fiberlaserpuhastusseade-1500w-2000w3000w\/\"]}]},{\"@type\":\"BreadcrumbList\",\"@id\":\"https:\/\/spectrebaltics.com\/toode\/xtw-3000-kaeshoitav-fiberlaserpuhastusseade-1500w-2000w3000w\/#breadcrumb\",\"itemListElement\":[{\"@type\":\"ListItem\",\"position\":1,\"name\":\"Home\",\"item\":\"https:\/\/spectrebaltics.com\/en\/\"},{\"@type\":\"ListItem\",\"position\":2,\"name\":\"Catalogue\",\"item\":\"https:\/\/spectrebaltics.com\/en\/catalogue\/\"},{\"@type\":\"ListItem\",\"position\":3,\"name\":\"XTW-3000 k\u00e4eshoitav fiberlaserpuhastusseade 1500W\/2000W3000W\"}]}]}<\/script>\n<!-- \/ Yoast SEO plugin. -->","yoast_head_json":{"title":"XTW-3000 k\u00e4eshoitav fiberlaserpuhastusseade 1500W\/2000W3000W","robots":{"index":"index","follow":"follow","max-snippet":"max-snippet:-1","max-image-preview":"max-image-preview:large","max-video-preview":"max-video-preview:-1"},"canonical":"https:\/\/spectrebaltics.com\/toode\/xtw-3000-kaeshoitav-fiberlaserpuhastusseade-1500w-2000w3000w\/","og_locale":"en_US","og_type":"article","og_title":"XTW-3000 k\u00e4eshoitav fiberlaserpuhastusseade 1500W\/2000W3000W","og_description":"Lihtne eemaldada vaiguplekid, v\u00e4rvikiht, rooste, kattematerjal ja v\u00e4rv. V\u00f5rreldes traditsiooniliste puhastusvahenditega on Fiber laserpuhastusmasinal suured eelised V\u00e4ike suurus, kerge kaal, mugav k\u00e4sitsi kasutamiseks. Eesmine tugiraam suudab saavutada t\u00e4pse puhastamise ja l\u00f5petada puhastust\u00f6\u00f6 fookustasandil. Toiming on lihtne, lihtsalt l\u00fclitage toide sisse ja automaatse puhastamise saavutamiseks saab seda k\u00e4es hoida v\u00f5i kasutada koos robotiga. Laserpuhastusvalgusti joone laius...","og_url":"https:\/\/spectrebaltics.com\/toode\/xtw-3000-kaeshoitav-fiberlaserpuhastusseade-1500w-2000w3000w\/","og_site_name":"Spectrebaltics","og_image":[{"width":321,"height":353,"url":"https:\/\/spectrebaltics.com\/wp-content\/uploads\/2024\/07\/clean1.png","type":"image\/png"}],"twitter_card":"summary_large_image","schema":{"@context":"https:\/\/schema.org","@graph":[{"@type":"Organization","@id":"https:\/\/spectrebaltics.com\/ru\/#organization","name":"Spectrebaltics","url":"https:\/\/spectrebaltics.com\/ru\/","sameAs":[],"logo":{"@type":"ImageObject","@id":"https:\/\/spectrebaltics.com\/ru\/#logo","inLanguage":"en-US","url":"https:\/\/spectrebaltics.com\/wp-content\/uploads\/2024\/03\/Spectrebaltics-logo.svg","contentUrl":"https:\/\/spectrebaltics.com\/wp-content\/uploads\/2024\/03\/Spectrebaltics-logo.svg","caption":"Spectrebaltics"},"image":{"@id":"https:\/\/spectrebaltics.com\/ru\/#logo"}},{"@type":"WebSite","@id":"https:\/\/spectrebaltics.com\/ru\/#website","url":"https:\/\/spectrebaltics.com\/ru\/","name":"Spectrebaltics","description":"","publisher":{"@id":"https:\/\/spectrebaltics.com\/ru\/#organization"},"potentialAction":[{"@type":"SearchAction","target":{"@type":"EntryPoint","urlTemplate":"https:\/\/spectrebaltics.com\/ru\/?s={search_term_string}"},"query-input":"required name=search_term_string"}],"inLanguage":"en-US"},{"@type":"ImageObject","@id":"https:\/\/spectrebaltics.com\/toode\/xtw-3000-kaeshoitav-fiberlaserpuhastusseade-1500w-2000w3000w\/#primaryimage","inLanguage":"en-US","url":"https:\/\/spectrebaltics.com\/wp-content\/uploads\/2024\/07\/clean1.png","contentUrl":"https:\/\/spectrebaltics.com\/wp-content\/uploads\/2024\/07\/clean1.png","width":321,"height":353},{"@type":"WebPage","@id":"https:\/\/spectrebaltics.com\/toode\/xtw-3000-kaeshoitav-fiberlaserpuhastusseade-1500w-2000w3000w\/#webpage","url":"https:\/\/spectrebaltics.com\/toode\/xtw-3000-kaeshoitav-fiberlaserpuhastusseade-1500w-2000w3000w\/","name":"XTW-3000 k\u00e4eshoitav fiberlaserpuhastusseade 1500W\/2000W3000W","isPartOf":{"@id":"https:\/\/spectrebaltics.com\/ru\/#website"},"primaryImageOfPage":{"@id":"https:\/\/spectrebaltics.com\/toode\/xtw-3000-kaeshoitav-fiberlaserpuhastusseade-1500w-2000w3000w\/#primaryimage"},"datePublished":"2024-07-03T12:14:16+00:00","dateModified":"2024-07-03T12:14:16+00:00","breadcrumb":{"@id":"https:\/\/spectrebaltics.com\/toode\/xtw-3000-kaeshoitav-fiberlaserpuhastusseade-1500w-2000w3000w\/#breadcrumb"},"inLanguage":"en-US","potentialAction":[{"@type":"ReadAction","target":["https:\/\/spectrebaltics.com\/toode\/xtw-3000-kaeshoitav-fiberlaserpuhastusseade-1500w-2000w3000w\/"]}]},{"@type":"BreadcrumbList","@id":"https:\/\/spectrebaltics.com\/toode\/xtw-3000-kaeshoitav-fiberlaserpuhastusseade-1500w-2000w3000w\/#breadcrumb","itemListElement":[{"@type":"ListItem","position":1,"name":"Home","item":"https:\/\/spectrebaltics.com\/en\/"},{"@type":"ListItem","position":2,"name":"Catalogue","item":"https:\/\/spectrebaltics.com\/en\/catalogue\/"},{"@type":"ListItem","position":3,"name":"XTW-3000 k\u00e4eshoitav fiberlaserpuhastusseade 1500W\/2000W3000W"}]}]}},"_links":{"self":[{"href":"https:\/\/spectrebaltics.com\/en\/wp-json\/wp\/v2\/product\/11077"}],"collection":[{"href":"https:\/\/spectrebaltics.com\/en\/wp-json\/wp\/v2\/product"}],"about":[{"href":"https:\/\/spectrebaltics.com\/en\/wp-json\/wp\/v2\/types\/product"}],"wp:featuredmedia":[{"embeddable":true,"href":"https:\/\/spectrebaltics.com\/en\/wp-json\/wp\/v2\/media\/11084"}],"wp:attachment":[{"href":"https:\/\/spectrebaltics.com\/en\/wp-json\/wp\/v2\/media?parent=11077"}],"wp:term":[{"taxonomy":"product_cat","embeddable":true,"href":"https:\/\/spectrebaltics.com\/en\/wp-json\/wp\/v2\/product_cat?post=11077"},{"taxonomy":"product_tag","embeddable":true,"href":"https:\/\/spectrebaltics.com\/en\/wp-json\/wp\/v2\/product_tag?post=11077"}],"curies":[{"name":"wp","href":"https:\/\/api.w.org\/{rel}","templated":true}]}}