{"id":11078,"date":"2024-07-03T12:10:17","date_gmt":"2024-07-03T12:10:17","guid":{"rendered":"https:\/\/spectrebaltics.com\/?post_type=product&#038;p=11078"},"modified":"2024-07-03T12:10:17","modified_gmt":"2024-07-03T12:10:17","slug":"binzel-keraamiline-gaasiduus-42mm-size-7-701-0423","status":"publish","type":"product","link":"https:\/\/spectrebaltics.com\/en\/toode\/binzel-keraamiline-gaasiduus-42mm-size-7-701-0423\/","title":{"rendered":"Binzel Keraamiline gaasid\u00fc\u00fcs 42mm size 7 701.0423"},"content":{"rendered":"<p>Keraamiline otsik argoonkaarega keevitamiseks, see argoonp\u00f5leti osa on loodud tekitama TIG-keevituse ajal kaitsegaasi voolu. Otsik on p\u00f5leti p\u00f5hiosa, t\u00e4nu millele juhitakse gaas otse keevisvanni, mis aitab kaitsta tekkinud \u00f5mblust oks\u00fcdeerumise eest. See mudel on standardne gaasil\u00e4\u00e4tsega p\u00f5leti kasutamiseks.<\/p>\n","protected":false},"excerpt":{"rendered":"<p>Keraamiline otsik argoonkaarega keevitamiseks, see argoonp\u00f5leti osa on loodud tekitama TIG-keevituse ajal kaitsegaasi voolu. Otsik on p\u00f5leti p\u00f5hiosa, t\u00e4nu millele juhitakse gaas otse keevisvanni, mis aitab kaitsta tekkinud \u00f5mblust oks\u00fcdeerumise eest. See mudel on standardne gaasil\u00e4\u00e4tsega p\u00f5leti kasutamiseks.<\/p>\n","protected":false},"featured_media":11079,"template":"","meta":[],"product_cat":[65,73],"product_tag":[],"yoast_head":"<!-- This site is optimized with the Yoast SEO plugin v18.4.1 - https:\/\/yoast.com\/wordpress\/plugins\/seo\/ -->\n<title>Binzel Keraamiline gaasid\u00fc\u00fcs 42mm size 7 701.0423<\/title>\n<meta name=\"robots\" content=\"index, follow, max-snippet:-1, max-image-preview:large, max-video-preview:-1\" \/>\n<link rel=\"canonical\" href=\"https:\/\/spectrebaltics.com\/toode\/binzel-keraamiline-gaasiduus-42mm-size-7-701-0423\/\" \/>\n<meta property=\"og:locale\" content=\"en_US\" \/>\n<meta property=\"og:type\" content=\"article\" \/>\n<meta property=\"og:title\" content=\"Binzel Keraamiline gaasid\u00fc\u00fcs 42mm size 7 701.0423\" \/>\n<meta property=\"og:description\" content=\"Keraamiline otsik argoonkaarega keevitamiseks, see argoonp\u00f5leti osa on loodud tekitama TIG-keevituse ajal kaitsegaasi voolu. Otsik on p\u00f5leti p\u00f5hiosa, t\u00e4nu millele juhitakse gaas otse keevisvanni, mis aitab kaitsta tekkinud \u00f5mblust oks\u00fcdeerumise eest. See mudel on standardne gaasil\u00e4\u00e4tsega p\u00f5leti kasutamiseks.\" \/>\n<meta property=\"og:url\" content=\"https:\/\/spectrebaltics.com\/toode\/binzel-keraamiline-gaasiduus-42mm-size-7-701-0423\/\" \/>\n<meta property=\"og:site_name\" content=\"Spectrebaltics\" \/>\n<meta property=\"og:image\" content=\"https:\/\/spectrebaltics.com\/wp-content\/uploads\/2024\/07\/snimok-ekrana-2024-07-03-150940.png\" \/>\n\t<meta property=\"og:image:width\" content=\"786\" \/>\n\t<meta property=\"og:image:height\" content=\"825\" \/>\n\t<meta property=\"og:image:type\" content=\"image\/png\" \/>\n<meta name=\"twitter:card\" content=\"summary_large_image\" \/>\n<script type=\"application\/ld+json\" class=\"yoast-schema-graph\">{\"@context\":\"https:\/\/schema.org\",\"@graph\":[{\"@type\":\"Organization\",\"@id\":\"https:\/\/spectrebaltics.com\/ru\/#organization\",\"name\":\"Spectrebaltics\",\"url\":\"https:\/\/spectrebaltics.com\/ru\/\",\"sameAs\":[],\"logo\":{\"@type\":\"ImageObject\",\"@id\":\"https:\/\/spectrebaltics.com\/ru\/#logo\",\"inLanguage\":\"en-US\",\"url\":\"https:\/\/spectrebaltics.com\/wp-content\/uploads\/2024\/03\/Spectrebaltics-logo.svg\",\"contentUrl\":\"https:\/\/spectrebaltics.com\/wp-content\/uploads\/2024\/03\/Spectrebaltics-logo.svg\",\"caption\":\"Spectrebaltics\"},\"image\":{\"@id\":\"https:\/\/spectrebaltics.com\/ru\/#logo\"}},{\"@type\":\"WebSite\",\"@id\":\"https:\/\/spectrebaltics.com\/ru\/#website\",\"url\":\"https:\/\/spectrebaltics.com\/ru\/\",\"name\":\"Spectrebaltics\",\"description\":\"\",\"publisher\":{\"@id\":\"https:\/\/spectrebaltics.com\/ru\/#organization\"},\"potentialAction\":[{\"@type\":\"SearchAction\",\"target\":{\"@type\":\"EntryPoint\",\"urlTemplate\":\"https:\/\/spectrebaltics.com\/ru\/?s={search_term_string}\"},\"query-input\":\"required name=search_term_string\"}],\"inLanguage\":\"en-US\"},{\"@type\":\"ImageObject\",\"@id\":\"https:\/\/spectrebaltics.com\/toode\/binzel-keraamiline-gaasiduus-42mm-size-7-701-0423\/#primaryimage\",\"inLanguage\":\"en-US\",\"url\":\"https:\/\/spectrebaltics.com\/wp-content\/uploads\/2024\/07\/snimok-ekrana-2024-07-03-150940.png\",\"contentUrl\":\"https:\/\/spectrebaltics.com\/wp-content\/uploads\/2024\/07\/snimok-ekrana-2024-07-03-150940.png\",\"width\":786,\"height\":825},{\"@type\":\"WebPage\",\"@id\":\"https:\/\/spectrebaltics.com\/toode\/binzel-keraamiline-gaasiduus-42mm-size-7-701-0423\/#webpage\",\"url\":\"https:\/\/spectrebaltics.com\/toode\/binzel-keraamiline-gaasiduus-42mm-size-7-701-0423\/\",\"name\":\"Binzel Keraamiline gaasid\u00fc\u00fcs 42mm size 7 701.0423\",\"isPartOf\":{\"@id\":\"https:\/\/spectrebaltics.com\/ru\/#website\"},\"primaryImageOfPage\":{\"@id\":\"https:\/\/spectrebaltics.com\/toode\/binzel-keraamiline-gaasiduus-42mm-size-7-701-0423\/#primaryimage\"},\"datePublished\":\"2024-07-03T12:10:17+00:00\",\"dateModified\":\"2024-07-03T12:10:17+00:00\",\"breadcrumb\":{\"@id\":\"https:\/\/spectrebaltics.com\/toode\/binzel-keraamiline-gaasiduus-42mm-size-7-701-0423\/#breadcrumb\"},\"inLanguage\":\"en-US\",\"potentialAction\":[{\"@type\":\"ReadAction\",\"target\":[\"https:\/\/spectrebaltics.com\/toode\/binzel-keraamiline-gaasiduus-42mm-size-7-701-0423\/\"]}]},{\"@type\":\"BreadcrumbList\",\"@id\":\"https:\/\/spectrebaltics.com\/toode\/binzel-keraamiline-gaasiduus-42mm-size-7-701-0423\/#breadcrumb\",\"itemListElement\":[{\"@type\":\"ListItem\",\"position\":1,\"name\":\"Home\",\"item\":\"https:\/\/spectrebaltics.com\/en\/\"},{\"@type\":\"ListItem\",\"position\":2,\"name\":\"Catalogue\",\"item\":\"https:\/\/spectrebaltics.com\/en\/catalogue\/\"},{\"@type\":\"ListItem\",\"position\":3,\"name\":\"Binzel Keraamiline gaasid\u00fc\u00fcs 42mm size 7 701.0423\"}]}]}<\/script>\n<!-- \/ Yoast SEO plugin. -->","yoast_head_json":{"title":"Binzel Keraamiline gaasid\u00fc\u00fcs 42mm size 7 701.0423","robots":{"index":"index","follow":"follow","max-snippet":"max-snippet:-1","max-image-preview":"max-image-preview:large","max-video-preview":"max-video-preview:-1"},"canonical":"https:\/\/spectrebaltics.com\/toode\/binzel-keraamiline-gaasiduus-42mm-size-7-701-0423\/","og_locale":"en_US","og_type":"article","og_title":"Binzel Keraamiline gaasid\u00fc\u00fcs 42mm size 7 701.0423","og_description":"Keraamiline otsik argoonkaarega keevitamiseks, see argoonp\u00f5leti osa on loodud tekitama TIG-keevituse ajal kaitsegaasi voolu. Otsik on p\u00f5leti p\u00f5hiosa, t\u00e4nu millele juhitakse gaas otse keevisvanni, mis aitab kaitsta tekkinud \u00f5mblust oks\u00fcdeerumise eest. See mudel on standardne gaasil\u00e4\u00e4tsega p\u00f5leti kasutamiseks.","og_url":"https:\/\/spectrebaltics.com\/toode\/binzel-keraamiline-gaasiduus-42mm-size-7-701-0423\/","og_site_name":"Spectrebaltics","og_image":[{"width":786,"height":825,"url":"https:\/\/spectrebaltics.com\/wp-content\/uploads\/2024\/07\/snimok-ekrana-2024-07-03-150940.png","type":"image\/png"}],"twitter_card":"summary_large_image","schema":{"@context":"https:\/\/schema.org","@graph":[{"@type":"Organization","@id":"https:\/\/spectrebaltics.com\/ru\/#organization","name":"Spectrebaltics","url":"https:\/\/spectrebaltics.com\/ru\/","sameAs":[],"logo":{"@type":"ImageObject","@id":"https:\/\/spectrebaltics.com\/ru\/#logo","inLanguage":"en-US","url":"https:\/\/spectrebaltics.com\/wp-content\/uploads\/2024\/03\/Spectrebaltics-logo.svg","contentUrl":"https:\/\/spectrebaltics.com\/wp-content\/uploads\/2024\/03\/Spectrebaltics-logo.svg","caption":"Spectrebaltics"},"image":{"@id":"https:\/\/spectrebaltics.com\/ru\/#logo"}},{"@type":"WebSite","@id":"https:\/\/spectrebaltics.com\/ru\/#website","url":"https:\/\/spectrebaltics.com\/ru\/","name":"Spectrebaltics","description":"","publisher":{"@id":"https:\/\/spectrebaltics.com\/ru\/#organization"},"potentialAction":[{"@type":"SearchAction","target":{"@type":"EntryPoint","urlTemplate":"https:\/\/spectrebaltics.com\/ru\/?s={search_term_string}"},"query-input":"required name=search_term_string"}],"inLanguage":"en-US"},{"@type":"ImageObject","@id":"https:\/\/spectrebaltics.com\/toode\/binzel-keraamiline-gaasiduus-42mm-size-7-701-0423\/#primaryimage","inLanguage":"en-US","url":"https:\/\/spectrebaltics.com\/wp-content\/uploads\/2024\/07\/snimok-ekrana-2024-07-03-150940.png","contentUrl":"https:\/\/spectrebaltics.com\/wp-content\/uploads\/2024\/07\/snimok-ekrana-2024-07-03-150940.png","width":786,"height":825},{"@type":"WebPage","@id":"https:\/\/spectrebaltics.com\/toode\/binzel-keraamiline-gaasiduus-42mm-size-7-701-0423\/#webpage","url":"https:\/\/spectrebaltics.com\/toode\/binzel-keraamiline-gaasiduus-42mm-size-7-701-0423\/","name":"Binzel Keraamiline gaasid\u00fc\u00fcs 42mm size 7 701.0423","isPartOf":{"@id":"https:\/\/spectrebaltics.com\/ru\/#website"},"primaryImageOfPage":{"@id":"https:\/\/spectrebaltics.com\/toode\/binzel-keraamiline-gaasiduus-42mm-size-7-701-0423\/#primaryimage"},"datePublished":"2024-07-03T12:10:17+00:00","dateModified":"2024-07-03T12:10:17+00:00","breadcrumb":{"@id":"https:\/\/spectrebaltics.com\/toode\/binzel-keraamiline-gaasiduus-42mm-size-7-701-0423\/#breadcrumb"},"inLanguage":"en-US","potentialAction":[{"@type":"ReadAction","target":["https:\/\/spectrebaltics.com\/toode\/binzel-keraamiline-gaasiduus-42mm-size-7-701-0423\/"]}]},{"@type":"BreadcrumbList","@id":"https:\/\/spectrebaltics.com\/toode\/binzel-keraamiline-gaasiduus-42mm-size-7-701-0423\/#breadcrumb","itemListElement":[{"@type":"ListItem","position":1,"name":"Home","item":"https:\/\/spectrebaltics.com\/en\/"},{"@type":"ListItem","position":2,"name":"Catalogue","item":"https:\/\/spectrebaltics.com\/en\/catalogue\/"},{"@type":"ListItem","position":3,"name":"Binzel Keraamiline gaasid\u00fc\u00fcs 42mm size 7 701.0423"}]}]}},"_links":{"self":[{"href":"https:\/\/spectrebaltics.com\/en\/wp-json\/wp\/v2\/product\/11078"}],"collection":[{"href":"https:\/\/spectrebaltics.com\/en\/wp-json\/wp\/v2\/product"}],"about":[{"href":"https:\/\/spectrebaltics.com\/en\/wp-json\/wp\/v2\/types\/product"}],"wp:featuredmedia":[{"embeddable":true,"href":"https:\/\/spectrebaltics.com\/en\/wp-json\/wp\/v2\/media\/11079"}],"wp:attachment":[{"href":"https:\/\/spectrebaltics.com\/en\/wp-json\/wp\/v2\/media?parent=11078"}],"wp:term":[{"taxonomy":"product_cat","embeddable":true,"href":"https:\/\/spectrebaltics.com\/en\/wp-json\/wp\/v2\/product_cat?post=11078"},{"taxonomy":"product_tag","embeddable":true,"href":"https:\/\/spectrebaltics.com\/en\/wp-json\/wp\/v2\/product_tag?post=11078"}],"curies":[{"name":"wp","href":"https:\/\/api.w.org\/{rel}","templated":true}]}}