{"id":11160,"date":"2024-07-04T07:16:11","date_gmt":"2024-07-04T07:16:11","guid":{"rendered":"https:\/\/spectrebaltics.com\/?post_type=product&#038;p=11160"},"modified":"2024-07-04T07:16:11","modified_gmt":"2024-07-04T07:16:11","slug":"binzel-tig-el-kaitse-pikk-abitig-9-20-701-0247","status":"publish","type":"product","link":"https:\/\/spectrebaltics.com\/en\/toode\/binzel-tig-el-kaitse-pikk-abitig-9-20-701-0247\/","title":{"rendered":"Binzel Tig el kaitse pikk ABITIG 9\/20  701.0247"},"content":{"rendered":"<p>Pikk kork 701.0247 (41V24) on argoonkeevitusp\u00f5leti ABITIG 9, ABITIG 20, ABITIG GRIP 9, ABITIG GRIP 20 kuluv osa. Kork on ette n\u00e4htud standardse pikkusega volframelektroodi kinnitamiseks argoonkeevituskaare peas. t\u00f5rvik. Kasutatud p\u00f5letitega ABITIG GRIP 9, ABITIG GRIP 20.<\/p>\n","protected":false},"excerpt":{"rendered":"<p>Pikk kork 701.0247 (41V24) on argoonkeevitusp\u00f5leti ABITIG 9, ABITIG 20, ABITIG GRIP 9, ABITIG GRIP 20 kuluv osa. Kork on ette n\u00e4htud standardse pikkusega volframelektroodi kinnitamiseks argoonkeevituskaare peas. t\u00f5rvik. Kasutatud p\u00f5letitega ABITIG GRIP 9, ABITIG GRIP 20.<\/p>\n","protected":false},"featured_media":11161,"template":"","meta":[],"product_cat":[65,73],"product_tag":[],"yoast_head":"<!-- This site is optimized with the Yoast SEO plugin v18.4.1 - https:\/\/yoast.com\/wordpress\/plugins\/seo\/ -->\n<title>Binzel Tig el kaitse pikk ABITIG 9\/20 701.0247<\/title>\n<meta name=\"robots\" content=\"index, follow, max-snippet:-1, max-image-preview:large, max-video-preview:-1\" \/>\n<link rel=\"canonical\" href=\"https:\/\/spectrebaltics.com\/toode\/binzel-tig-el-kaitse-pikk-abitig-9-20-701-0247\/\" \/>\n<meta property=\"og:locale\" content=\"en_US\" \/>\n<meta property=\"og:type\" content=\"article\" \/>\n<meta property=\"og:title\" content=\"Binzel Tig el kaitse pikk ABITIG 9\/20 701.0247\" \/>\n<meta property=\"og:description\" content=\"Pikk kork 701.0247 (41V24) on argoonkeevitusp\u00f5leti ABITIG 9, ABITIG 20, ABITIG GRIP 9, ABITIG GRIP 20 kuluv osa. Kork on ette n\u00e4htud standardse pikkusega volframelektroodi kinnitamiseks argoonkeevituskaare peas. t\u00f5rvik. Kasutatud p\u00f5letitega ABITIG GRIP 9, ABITIG GRIP 20.\" \/>\n<meta property=\"og:url\" content=\"https:\/\/spectrebaltics.com\/toode\/binzel-tig-el-kaitse-pikk-abitig-9-20-701-0247\/\" \/>\n<meta property=\"og:site_name\" content=\"Spectrebaltics\" \/>\n<meta property=\"og:image\" content=\"https:\/\/spectrebaltics.com\/wp-content\/uploads\/2024\/07\/snimok-ekrana-2024-07-04-101351.png\" \/>\n\t<meta property=\"og:image:width\" content=\"784\" \/>\n\t<meta property=\"og:image:height\" content=\"842\" \/>\n\t<meta property=\"og:image:type\" content=\"image\/png\" \/>\n<meta name=\"twitter:card\" content=\"summary_large_image\" \/>\n<script type=\"application\/ld+json\" class=\"yoast-schema-graph\">{\"@context\":\"https:\/\/schema.org\",\"@graph\":[{\"@type\":\"Organization\",\"@id\":\"https:\/\/spectrebaltics.com\/ru\/#organization\",\"name\":\"Spectrebaltics\",\"url\":\"https:\/\/spectrebaltics.com\/ru\/\",\"sameAs\":[],\"logo\":{\"@type\":\"ImageObject\",\"@id\":\"https:\/\/spectrebaltics.com\/ru\/#logo\",\"inLanguage\":\"en-US\",\"url\":\"https:\/\/spectrebaltics.com\/wp-content\/uploads\/2024\/03\/Spectrebaltics-logo.svg\",\"contentUrl\":\"https:\/\/spectrebaltics.com\/wp-content\/uploads\/2024\/03\/Spectrebaltics-logo.svg\",\"caption\":\"Spectrebaltics\"},\"image\":{\"@id\":\"https:\/\/spectrebaltics.com\/ru\/#logo\"}},{\"@type\":\"WebSite\",\"@id\":\"https:\/\/spectrebaltics.com\/ru\/#website\",\"url\":\"https:\/\/spectrebaltics.com\/ru\/\",\"name\":\"Spectrebaltics\",\"description\":\"\",\"publisher\":{\"@id\":\"https:\/\/spectrebaltics.com\/ru\/#organization\"},\"potentialAction\":[{\"@type\":\"SearchAction\",\"target\":{\"@type\":\"EntryPoint\",\"urlTemplate\":\"https:\/\/spectrebaltics.com\/ru\/?s={search_term_string}\"},\"query-input\":\"required name=search_term_string\"}],\"inLanguage\":\"en-US\"},{\"@type\":\"ImageObject\",\"@id\":\"https:\/\/spectrebaltics.com\/toode\/binzel-tig-el-kaitse-pikk-abitig-9-20-701-0247\/#primaryimage\",\"inLanguage\":\"en-US\",\"url\":\"https:\/\/spectrebaltics.com\/wp-content\/uploads\/2024\/07\/snimok-ekrana-2024-07-04-101351.png\",\"contentUrl\":\"https:\/\/spectrebaltics.com\/wp-content\/uploads\/2024\/07\/snimok-ekrana-2024-07-04-101351.png\",\"width\":784,\"height\":842},{\"@type\":\"WebPage\",\"@id\":\"https:\/\/spectrebaltics.com\/toode\/binzel-tig-el-kaitse-pikk-abitig-9-20-701-0247\/#webpage\",\"url\":\"https:\/\/spectrebaltics.com\/toode\/binzel-tig-el-kaitse-pikk-abitig-9-20-701-0247\/\",\"name\":\"Binzel Tig el kaitse pikk ABITIG 9\/20 701.0247\",\"isPartOf\":{\"@id\":\"https:\/\/spectrebaltics.com\/ru\/#website\"},\"primaryImageOfPage\":{\"@id\":\"https:\/\/spectrebaltics.com\/toode\/binzel-tig-el-kaitse-pikk-abitig-9-20-701-0247\/#primaryimage\"},\"datePublished\":\"2024-07-04T07:16:11+00:00\",\"dateModified\":\"2024-07-04T07:16:11+00:00\",\"breadcrumb\":{\"@id\":\"https:\/\/spectrebaltics.com\/toode\/binzel-tig-el-kaitse-pikk-abitig-9-20-701-0247\/#breadcrumb\"},\"inLanguage\":\"en-US\",\"potentialAction\":[{\"@type\":\"ReadAction\",\"target\":[\"https:\/\/spectrebaltics.com\/toode\/binzel-tig-el-kaitse-pikk-abitig-9-20-701-0247\/\"]}]},{\"@type\":\"BreadcrumbList\",\"@id\":\"https:\/\/spectrebaltics.com\/toode\/binzel-tig-el-kaitse-pikk-abitig-9-20-701-0247\/#breadcrumb\",\"itemListElement\":[{\"@type\":\"ListItem\",\"position\":1,\"name\":\"Home\",\"item\":\"https:\/\/spectrebaltics.com\/en\/\"},{\"@type\":\"ListItem\",\"position\":2,\"name\":\"Catalogue\",\"item\":\"https:\/\/spectrebaltics.com\/en\/catalogue\/\"},{\"@type\":\"ListItem\",\"position\":3,\"name\":\"Binzel Tig el kaitse pikk ABITIG 9\/20 701.0247\"}]}]}<\/script>\n<!-- \/ Yoast SEO plugin. -->","yoast_head_json":{"title":"Binzel Tig el kaitse pikk ABITIG 9\/20 701.0247","robots":{"index":"index","follow":"follow","max-snippet":"max-snippet:-1","max-image-preview":"max-image-preview:large","max-video-preview":"max-video-preview:-1"},"canonical":"https:\/\/spectrebaltics.com\/toode\/binzel-tig-el-kaitse-pikk-abitig-9-20-701-0247\/","og_locale":"en_US","og_type":"article","og_title":"Binzel Tig el kaitse pikk ABITIG 9\/20 701.0247","og_description":"Pikk kork 701.0247 (41V24) on argoonkeevitusp\u00f5leti ABITIG 9, ABITIG 20, ABITIG GRIP 9, ABITIG GRIP 20 kuluv osa. Kork on ette n\u00e4htud standardse pikkusega volframelektroodi kinnitamiseks argoonkeevituskaare peas. t\u00f5rvik. Kasutatud p\u00f5letitega ABITIG GRIP 9, ABITIG GRIP 20.","og_url":"https:\/\/spectrebaltics.com\/toode\/binzel-tig-el-kaitse-pikk-abitig-9-20-701-0247\/","og_site_name":"Spectrebaltics","og_image":[{"width":784,"height":842,"url":"https:\/\/spectrebaltics.com\/wp-content\/uploads\/2024\/07\/snimok-ekrana-2024-07-04-101351.png","type":"image\/png"}],"twitter_card":"summary_large_image","schema":{"@context":"https:\/\/schema.org","@graph":[{"@type":"Organization","@id":"https:\/\/spectrebaltics.com\/ru\/#organization","name":"Spectrebaltics","url":"https:\/\/spectrebaltics.com\/ru\/","sameAs":[],"logo":{"@type":"ImageObject","@id":"https:\/\/spectrebaltics.com\/ru\/#logo","inLanguage":"en-US","url":"https:\/\/spectrebaltics.com\/wp-content\/uploads\/2024\/03\/Spectrebaltics-logo.svg","contentUrl":"https:\/\/spectrebaltics.com\/wp-content\/uploads\/2024\/03\/Spectrebaltics-logo.svg","caption":"Spectrebaltics"},"image":{"@id":"https:\/\/spectrebaltics.com\/ru\/#logo"}},{"@type":"WebSite","@id":"https:\/\/spectrebaltics.com\/ru\/#website","url":"https:\/\/spectrebaltics.com\/ru\/","name":"Spectrebaltics","description":"","publisher":{"@id":"https:\/\/spectrebaltics.com\/ru\/#organization"},"potentialAction":[{"@type":"SearchAction","target":{"@type":"EntryPoint","urlTemplate":"https:\/\/spectrebaltics.com\/ru\/?s={search_term_string}"},"query-input":"required name=search_term_string"}],"inLanguage":"en-US"},{"@type":"ImageObject","@id":"https:\/\/spectrebaltics.com\/toode\/binzel-tig-el-kaitse-pikk-abitig-9-20-701-0247\/#primaryimage","inLanguage":"en-US","url":"https:\/\/spectrebaltics.com\/wp-content\/uploads\/2024\/07\/snimok-ekrana-2024-07-04-101351.png","contentUrl":"https:\/\/spectrebaltics.com\/wp-content\/uploads\/2024\/07\/snimok-ekrana-2024-07-04-101351.png","width":784,"height":842},{"@type":"WebPage","@id":"https:\/\/spectrebaltics.com\/toode\/binzel-tig-el-kaitse-pikk-abitig-9-20-701-0247\/#webpage","url":"https:\/\/spectrebaltics.com\/toode\/binzel-tig-el-kaitse-pikk-abitig-9-20-701-0247\/","name":"Binzel Tig el kaitse pikk ABITIG 9\/20 701.0247","isPartOf":{"@id":"https:\/\/spectrebaltics.com\/ru\/#website"},"primaryImageOfPage":{"@id":"https:\/\/spectrebaltics.com\/toode\/binzel-tig-el-kaitse-pikk-abitig-9-20-701-0247\/#primaryimage"},"datePublished":"2024-07-04T07:16:11+00:00","dateModified":"2024-07-04T07:16:11+00:00","breadcrumb":{"@id":"https:\/\/spectrebaltics.com\/toode\/binzel-tig-el-kaitse-pikk-abitig-9-20-701-0247\/#breadcrumb"},"inLanguage":"en-US","potentialAction":[{"@type":"ReadAction","target":["https:\/\/spectrebaltics.com\/toode\/binzel-tig-el-kaitse-pikk-abitig-9-20-701-0247\/"]}]},{"@type":"BreadcrumbList","@id":"https:\/\/spectrebaltics.com\/toode\/binzel-tig-el-kaitse-pikk-abitig-9-20-701-0247\/#breadcrumb","itemListElement":[{"@type":"ListItem","position":1,"name":"Home","item":"https:\/\/spectrebaltics.com\/en\/"},{"@type":"ListItem","position":2,"name":"Catalogue","item":"https:\/\/spectrebaltics.com\/en\/catalogue\/"},{"@type":"ListItem","position":3,"name":"Binzel Tig el kaitse pikk ABITIG 9\/20 701.0247"}]}]}},"_links":{"self":[{"href":"https:\/\/spectrebaltics.com\/en\/wp-json\/wp\/v2\/product\/11160"}],"collection":[{"href":"https:\/\/spectrebaltics.com\/en\/wp-json\/wp\/v2\/product"}],"about":[{"href":"https:\/\/spectrebaltics.com\/en\/wp-json\/wp\/v2\/types\/product"}],"wp:featuredmedia":[{"embeddable":true,"href":"https:\/\/spectrebaltics.com\/en\/wp-json\/wp\/v2\/media\/11161"}],"wp:attachment":[{"href":"https:\/\/spectrebaltics.com\/en\/wp-json\/wp\/v2\/media?parent=11160"}],"wp:term":[{"taxonomy":"product_cat","embeddable":true,"href":"https:\/\/spectrebaltics.com\/en\/wp-json\/wp\/v2\/product_cat?post=11160"},{"taxonomy":"product_tag","embeddable":true,"href":"https:\/\/spectrebaltics.com\/en\/wp-json\/wp\/v2\/product_tag?post=11160"}],"curies":[{"name":"wp","href":"https:\/\/api.w.org\/{rel}","templated":true}]}}