{"id":11164,"date":"2024-07-04T07:19:39","date_gmt":"2024-07-04T07:19:39","guid":{"rendered":"https:\/\/spectrebaltics.com\/?post_type=product&#038;p=11164"},"modified":"2024-07-04T07:19:39","modified_gmt":"2024-07-04T07:19:39","slug":"binzel-tig-el-kaitse-vaike-abitig-9-20-701-0240","status":"publish","type":"product","link":"https:\/\/spectrebaltics.com\/en\/toode\/binzel-tig-el-kaitse-vaike-abitig-9-20-701-0240\/","title":{"rendered":"Binzel Tig el kaitse v\u00e4ike ABITIG 9\/20 701.0240"},"content":{"rendered":"<p>Oma suuruse t\u00f5ttu on kork l\u00fchike ja seda kasutatakse kitsastes ruumides keevitamiseks.<\/p>\n<p>T\u00e4ielik nimetus: L\u00fchike kork ABITIG 9\/20<\/p>\n","protected":false},"excerpt":{"rendered":"<p>Oma suuruse t\u00f5ttu on kork l\u00fchike ja seda kasutatakse kitsastes ruumides keevitamiseks. T\u00e4ielik nimetus: L\u00fchike kork ABITIG 9\/20<\/p>\n","protected":false},"featured_media":11165,"template":"","meta":[],"product_cat":[65,73],"product_tag":[],"yoast_head":"<!-- This site is optimized with the Yoast SEO plugin v18.4.1 - https:\/\/yoast.com\/wordpress\/plugins\/seo\/ -->\n<title>Binzel Tig el kaitse v\u00e4ike ABITIG 9\/20 701.0240<\/title>\n<meta name=\"robots\" content=\"index, follow, max-snippet:-1, max-image-preview:large, max-video-preview:-1\" \/>\n<link rel=\"canonical\" href=\"https:\/\/spectrebaltics.com\/en\/toode\/binzel-tig-el-kaitse-vaike-abitig-9-20-701-0240\/\" \/>\n<meta property=\"og:locale\" content=\"en_US\" \/>\n<meta property=\"og:type\" content=\"article\" \/>\n<meta property=\"og:title\" content=\"Binzel Tig el kaitse v\u00e4ike ABITIG 9\/20 701.0240\" \/>\n<meta property=\"og:description\" content=\"Oma suuruse t\u00f5ttu on kork l\u00fchike ja seda kasutatakse kitsastes ruumides keevitamiseks. T\u00e4ielik nimetus: L\u00fchike kork ABITIG 9\/20\" \/>\n<meta property=\"og:url\" content=\"https:\/\/spectrebaltics.com\/en\/toode\/binzel-tig-el-kaitse-vaike-abitig-9-20-701-0240\/\" \/>\n<meta property=\"og:site_name\" content=\"Spectrebaltics\" \/>\n<meta property=\"og:image\" content=\"https:\/\/spectrebaltics.com\/wp-content\/uploads\/2024\/07\/snimok-ekrana-2024-07-04-101901.png\" \/>\n\t<meta property=\"og:image:width\" content=\"780\" \/>\n\t<meta property=\"og:image:height\" content=\"818\" \/>\n\t<meta property=\"og:image:type\" content=\"image\/png\" \/>\n<meta name=\"twitter:card\" content=\"summary_large_image\" \/>\n<script type=\"application\/ld+json\" class=\"yoast-schema-graph\">{\"@context\":\"https:\/\/schema.org\",\"@graph\":[{\"@type\":\"Organization\",\"@id\":\"https:\/\/spectrebaltics.com\/ru\/#organization\",\"name\":\"Spectrebaltics\",\"url\":\"https:\/\/spectrebaltics.com\/ru\/\",\"sameAs\":[],\"logo\":{\"@type\":\"ImageObject\",\"@id\":\"https:\/\/spectrebaltics.com\/ru\/#logo\",\"inLanguage\":\"en-US\",\"url\":\"https:\/\/spectrebaltics.com\/wp-content\/uploads\/2024\/03\/Spectrebaltics-logo.svg\",\"contentUrl\":\"https:\/\/spectrebaltics.com\/wp-content\/uploads\/2024\/03\/Spectrebaltics-logo.svg\",\"caption\":\"Spectrebaltics\"},\"image\":{\"@id\":\"https:\/\/spectrebaltics.com\/ru\/#logo\"}},{\"@type\":\"WebSite\",\"@id\":\"https:\/\/spectrebaltics.com\/ru\/#website\",\"url\":\"https:\/\/spectrebaltics.com\/ru\/\",\"name\":\"Spectrebaltics\",\"description\":\"\",\"publisher\":{\"@id\":\"https:\/\/spectrebaltics.com\/ru\/#organization\"},\"potentialAction\":[{\"@type\":\"SearchAction\",\"target\":{\"@type\":\"EntryPoint\",\"urlTemplate\":\"https:\/\/spectrebaltics.com\/ru\/?s={search_term_string}\"},\"query-input\":\"required name=search_term_string\"}],\"inLanguage\":\"en-US\"},{\"@type\":\"ImageObject\",\"@id\":\"https:\/\/spectrebaltics.com\/en\/toode\/binzel-tig-el-kaitse-vaike-abitig-9-20-701-0240\/#primaryimage\",\"inLanguage\":\"en-US\",\"url\":\"https:\/\/spectrebaltics.com\/wp-content\/uploads\/2024\/07\/snimok-ekrana-2024-07-04-101901.png\",\"contentUrl\":\"https:\/\/spectrebaltics.com\/wp-content\/uploads\/2024\/07\/snimok-ekrana-2024-07-04-101901.png\",\"width\":780,\"height\":818},{\"@type\":\"WebPage\",\"@id\":\"https:\/\/spectrebaltics.com\/en\/toode\/binzel-tig-el-kaitse-vaike-abitig-9-20-701-0240\/#webpage\",\"url\":\"https:\/\/spectrebaltics.com\/en\/toode\/binzel-tig-el-kaitse-vaike-abitig-9-20-701-0240\/\",\"name\":\"Binzel Tig el kaitse v\u00e4ike ABITIG 9\/20 701.0240\",\"isPartOf\":{\"@id\":\"https:\/\/spectrebaltics.com\/ru\/#website\"},\"primaryImageOfPage\":{\"@id\":\"https:\/\/spectrebaltics.com\/en\/toode\/binzel-tig-el-kaitse-vaike-abitig-9-20-701-0240\/#primaryimage\"},\"datePublished\":\"2024-07-04T07:19:39+00:00\",\"dateModified\":\"2024-07-04T07:19:39+00:00\",\"breadcrumb\":{\"@id\":\"https:\/\/spectrebaltics.com\/en\/toode\/binzel-tig-el-kaitse-vaike-abitig-9-20-701-0240\/#breadcrumb\"},\"inLanguage\":\"en-US\",\"potentialAction\":[{\"@type\":\"ReadAction\",\"target\":[\"https:\/\/spectrebaltics.com\/en\/toode\/binzel-tig-el-kaitse-vaike-abitig-9-20-701-0240\/\"]}]},{\"@type\":\"BreadcrumbList\",\"@id\":\"https:\/\/spectrebaltics.com\/en\/toode\/binzel-tig-el-kaitse-vaike-abitig-9-20-701-0240\/#breadcrumb\",\"itemListElement\":[{\"@type\":\"ListItem\",\"position\":1,\"name\":\"Home\",\"item\":\"https:\/\/spectrebaltics.com\/en\/\"},{\"@type\":\"ListItem\",\"position\":2,\"name\":\"Catalogue\",\"item\":\"https:\/\/spectrebaltics.com\/en\/catalogue\/\"},{\"@type\":\"ListItem\",\"position\":3,\"name\":\"Binzel Tig el kaitse v\u00e4ike ABITIG 9\/20 701.0240\"}]}]}<\/script>\n<!-- \/ Yoast SEO plugin. -->","yoast_head_json":{"title":"Binzel Tig el kaitse v\u00e4ike ABITIG 9\/20 701.0240","robots":{"index":"index","follow":"follow","max-snippet":"max-snippet:-1","max-image-preview":"max-image-preview:large","max-video-preview":"max-video-preview:-1"},"canonical":"https:\/\/spectrebaltics.com\/en\/toode\/binzel-tig-el-kaitse-vaike-abitig-9-20-701-0240\/","og_locale":"en_US","og_type":"article","og_title":"Binzel Tig el kaitse v\u00e4ike ABITIG 9\/20 701.0240","og_description":"Oma suuruse t\u00f5ttu on kork l\u00fchike ja seda kasutatakse kitsastes ruumides keevitamiseks. T\u00e4ielik nimetus: L\u00fchike kork ABITIG 9\/20","og_url":"https:\/\/spectrebaltics.com\/en\/toode\/binzel-tig-el-kaitse-vaike-abitig-9-20-701-0240\/","og_site_name":"Spectrebaltics","og_image":[{"width":780,"height":818,"url":"https:\/\/spectrebaltics.com\/wp-content\/uploads\/2024\/07\/snimok-ekrana-2024-07-04-101901.png","type":"image\/png"}],"twitter_card":"summary_large_image","schema":{"@context":"https:\/\/schema.org","@graph":[{"@type":"Organization","@id":"https:\/\/spectrebaltics.com\/ru\/#organization","name":"Spectrebaltics","url":"https:\/\/spectrebaltics.com\/ru\/","sameAs":[],"logo":{"@type":"ImageObject","@id":"https:\/\/spectrebaltics.com\/ru\/#logo","inLanguage":"en-US","url":"https:\/\/spectrebaltics.com\/wp-content\/uploads\/2024\/03\/Spectrebaltics-logo.svg","contentUrl":"https:\/\/spectrebaltics.com\/wp-content\/uploads\/2024\/03\/Spectrebaltics-logo.svg","caption":"Spectrebaltics"},"image":{"@id":"https:\/\/spectrebaltics.com\/ru\/#logo"}},{"@type":"WebSite","@id":"https:\/\/spectrebaltics.com\/ru\/#website","url":"https:\/\/spectrebaltics.com\/ru\/","name":"Spectrebaltics","description":"","publisher":{"@id":"https:\/\/spectrebaltics.com\/ru\/#organization"},"potentialAction":[{"@type":"SearchAction","target":{"@type":"EntryPoint","urlTemplate":"https:\/\/spectrebaltics.com\/ru\/?s={search_term_string}"},"query-input":"required name=search_term_string"}],"inLanguage":"en-US"},{"@type":"ImageObject","@id":"https:\/\/spectrebaltics.com\/en\/toode\/binzel-tig-el-kaitse-vaike-abitig-9-20-701-0240\/#primaryimage","inLanguage":"en-US","url":"https:\/\/spectrebaltics.com\/wp-content\/uploads\/2024\/07\/snimok-ekrana-2024-07-04-101901.png","contentUrl":"https:\/\/spectrebaltics.com\/wp-content\/uploads\/2024\/07\/snimok-ekrana-2024-07-04-101901.png","width":780,"height":818},{"@type":"WebPage","@id":"https:\/\/spectrebaltics.com\/en\/toode\/binzel-tig-el-kaitse-vaike-abitig-9-20-701-0240\/#webpage","url":"https:\/\/spectrebaltics.com\/en\/toode\/binzel-tig-el-kaitse-vaike-abitig-9-20-701-0240\/","name":"Binzel Tig el kaitse v\u00e4ike ABITIG 9\/20 701.0240","isPartOf":{"@id":"https:\/\/spectrebaltics.com\/ru\/#website"},"primaryImageOfPage":{"@id":"https:\/\/spectrebaltics.com\/en\/toode\/binzel-tig-el-kaitse-vaike-abitig-9-20-701-0240\/#primaryimage"},"datePublished":"2024-07-04T07:19:39+00:00","dateModified":"2024-07-04T07:19:39+00:00","breadcrumb":{"@id":"https:\/\/spectrebaltics.com\/en\/toode\/binzel-tig-el-kaitse-vaike-abitig-9-20-701-0240\/#breadcrumb"},"inLanguage":"en-US","potentialAction":[{"@type":"ReadAction","target":["https:\/\/spectrebaltics.com\/en\/toode\/binzel-tig-el-kaitse-vaike-abitig-9-20-701-0240\/"]}]},{"@type":"BreadcrumbList","@id":"https:\/\/spectrebaltics.com\/en\/toode\/binzel-tig-el-kaitse-vaike-abitig-9-20-701-0240\/#breadcrumb","itemListElement":[{"@type":"ListItem","position":1,"name":"Home","item":"https:\/\/spectrebaltics.com\/en\/"},{"@type":"ListItem","position":2,"name":"Catalogue","item":"https:\/\/spectrebaltics.com\/en\/catalogue\/"},{"@type":"ListItem","position":3,"name":"Binzel Tig el kaitse v\u00e4ike ABITIG 9\/20 701.0240"}]}]}},"_links":{"self":[{"href":"https:\/\/spectrebaltics.com\/en\/wp-json\/wp\/v2\/product\/11164"}],"collection":[{"href":"https:\/\/spectrebaltics.com\/en\/wp-json\/wp\/v2\/product"}],"about":[{"href":"https:\/\/spectrebaltics.com\/en\/wp-json\/wp\/v2\/types\/product"}],"wp:featuredmedia":[{"embeddable":true,"href":"https:\/\/spectrebaltics.com\/en\/wp-json\/wp\/v2\/media\/11165"}],"wp:attachment":[{"href":"https:\/\/spectrebaltics.com\/en\/wp-json\/wp\/v2\/media?parent=11164"}],"wp:term":[{"taxonomy":"product_cat","embeddable":true,"href":"https:\/\/spectrebaltics.com\/en\/wp-json\/wp\/v2\/product_cat?post=11164"},{"taxonomy":"product_tag","embeddable":true,"href":"https:\/\/spectrebaltics.com\/en\/wp-json\/wp\/v2\/product_tag?post=11164"}],"curies":[{"name":"wp","href":"https:\/\/api.w.org\/{rel}","templated":true}]}}