{"id":11192,"date":"2024-07-04T07:38:48","date_gmt":"2024-07-04T07:38:48","guid":{"rendered":"https:\/\/spectrebaltics.com\/?post_type=product&#038;p=11192"},"modified":"2024-07-04T07:38:48","modified_gmt":"2024-07-04T07:38:48","slug":"binzel-tig-tsang-2-450-0mm-17-18-26-702-0009","status":"publish","type":"product","link":"https:\/\/spectrebaltics.com\/en\/toode\/binzel-tig-tsang-2-450-0mm-17-18-26-702-0009\/","title":{"rendered":"Binzel TIG-tsang 2.4*50.0mm 17\/18\/26 702.0009"},"content":{"rendered":"<p>Keevitusp\u00f5leti pesa on ette n\u00e4htud volframelektroodi kinnitamiseks p\u00f5leti peasse. Kinnitus toimub tsangi v\u00e4limisele koonilisele osale rakendatava teljesuunalise j\u00f5u toimel. Keevitusp\u00f5leti pesa on ette n\u00e4htud 2,4 mm volframelektroodi jaoks. Keevitusp\u00f5leti tsang on valmistatud kvaliteetsest messingist ja seda saab kasutada paljudes ABITIG seeria keevitusp\u00f5letites.<\/p>\n","protected":false},"excerpt":{"rendered":"<p>Keevitusp\u00f5leti pesa on ette n\u00e4htud volframelektroodi kinnitamiseks p\u00f5leti peasse. Kinnitus toimub tsangi v\u00e4limisele koonilisele osale rakendatava teljesuunalise j\u00f5u toimel. Keevitusp\u00f5leti pesa on ette n\u00e4htud 2,4 mm volframelektroodi jaoks. Keevitusp\u00f5leti tsang on valmistatud kvaliteetsest messingist ja seda saab kasutada paljudes ABITIG seeria keevitusp\u00f5letites.<\/p>\n","protected":false},"featured_media":11193,"template":"","meta":[],"product_cat":[65,73],"product_tag":[],"yoast_head":"<!-- This site is optimized with the Yoast SEO plugin v18.4.1 - https:\/\/yoast.com\/wordpress\/plugins\/seo\/ -->\n<title>Binzel TIG-tsang 2.4*50.0mm 17\/18\/26 702.0009<\/title>\n<meta name=\"robots\" content=\"index, follow, max-snippet:-1, max-image-preview:large, max-video-preview:-1\" \/>\n<link rel=\"canonical\" href=\"https:\/\/spectrebaltics.com\/toode\/binzel-tig-tsang-2-450-0mm-17-18-26-702-0009\/\" \/>\n<meta property=\"og:locale\" content=\"en_US\" \/>\n<meta property=\"og:type\" content=\"article\" \/>\n<meta property=\"og:title\" content=\"Binzel TIG-tsang 2.4*50.0mm 17\/18\/26 702.0009\" \/>\n<meta property=\"og:description\" content=\"Keevitusp\u00f5leti pesa on ette n\u00e4htud volframelektroodi kinnitamiseks p\u00f5leti peasse. Kinnitus toimub tsangi v\u00e4limisele koonilisele osale rakendatava teljesuunalise j\u00f5u toimel. Keevitusp\u00f5leti pesa on ette n\u00e4htud 2,4 mm volframelektroodi jaoks. Keevitusp\u00f5leti tsang on valmistatud kvaliteetsest messingist ja seda saab kasutada paljudes ABITIG seeria keevitusp\u00f5letites.\" \/>\n<meta property=\"og:url\" content=\"https:\/\/spectrebaltics.com\/toode\/binzel-tig-tsang-2-450-0mm-17-18-26-702-0009\/\" \/>\n<meta property=\"og:site_name\" content=\"Spectrebaltics\" \/>\n<meta property=\"og:image\" content=\"https:\/\/spectrebaltics.com\/wp-content\/uploads\/2024\/07\/snimok-ekrana-2024-07-04-103814.png\" \/>\n\t<meta property=\"og:image:width\" content=\"781\" \/>\n\t<meta property=\"og:image:height\" content=\"818\" \/>\n\t<meta property=\"og:image:type\" content=\"image\/png\" \/>\n<meta name=\"twitter:card\" content=\"summary_large_image\" \/>\n<script type=\"application\/ld+json\" class=\"yoast-schema-graph\">{\"@context\":\"https:\/\/schema.org\",\"@graph\":[{\"@type\":\"Organization\",\"@id\":\"https:\/\/spectrebaltics.com\/ru\/#organization\",\"name\":\"Spectrebaltics\",\"url\":\"https:\/\/spectrebaltics.com\/ru\/\",\"sameAs\":[],\"logo\":{\"@type\":\"ImageObject\",\"@id\":\"https:\/\/spectrebaltics.com\/ru\/#logo\",\"inLanguage\":\"en-US\",\"url\":\"https:\/\/spectrebaltics.com\/wp-content\/uploads\/2024\/03\/Spectrebaltics-logo.svg\",\"contentUrl\":\"https:\/\/spectrebaltics.com\/wp-content\/uploads\/2024\/03\/Spectrebaltics-logo.svg\",\"caption\":\"Spectrebaltics\"},\"image\":{\"@id\":\"https:\/\/spectrebaltics.com\/ru\/#logo\"}},{\"@type\":\"WebSite\",\"@id\":\"https:\/\/spectrebaltics.com\/ru\/#website\",\"url\":\"https:\/\/spectrebaltics.com\/ru\/\",\"name\":\"Spectrebaltics\",\"description\":\"\",\"publisher\":{\"@id\":\"https:\/\/spectrebaltics.com\/ru\/#organization\"},\"potentialAction\":[{\"@type\":\"SearchAction\",\"target\":{\"@type\":\"EntryPoint\",\"urlTemplate\":\"https:\/\/spectrebaltics.com\/ru\/?s={search_term_string}\"},\"query-input\":\"required name=search_term_string\"}],\"inLanguage\":\"en-US\"},{\"@type\":\"ImageObject\",\"@id\":\"https:\/\/spectrebaltics.com\/toode\/binzel-tig-tsang-2-450-0mm-17-18-26-702-0009\/#primaryimage\",\"inLanguage\":\"en-US\",\"url\":\"https:\/\/spectrebaltics.com\/wp-content\/uploads\/2024\/07\/snimok-ekrana-2024-07-04-103814.png\",\"contentUrl\":\"https:\/\/spectrebaltics.com\/wp-content\/uploads\/2024\/07\/snimok-ekrana-2024-07-04-103814.png\",\"width\":781,\"height\":818},{\"@type\":\"WebPage\",\"@id\":\"https:\/\/spectrebaltics.com\/toode\/binzel-tig-tsang-2-450-0mm-17-18-26-702-0009\/#webpage\",\"url\":\"https:\/\/spectrebaltics.com\/toode\/binzel-tig-tsang-2-450-0mm-17-18-26-702-0009\/\",\"name\":\"Binzel TIG-tsang 2.4*50.0mm 17\/18\/26 702.0009\",\"isPartOf\":{\"@id\":\"https:\/\/spectrebaltics.com\/ru\/#website\"},\"primaryImageOfPage\":{\"@id\":\"https:\/\/spectrebaltics.com\/toode\/binzel-tig-tsang-2-450-0mm-17-18-26-702-0009\/#primaryimage\"},\"datePublished\":\"2024-07-04T07:38:48+00:00\",\"dateModified\":\"2024-07-04T07:38:48+00:00\",\"breadcrumb\":{\"@id\":\"https:\/\/spectrebaltics.com\/toode\/binzel-tig-tsang-2-450-0mm-17-18-26-702-0009\/#breadcrumb\"},\"inLanguage\":\"en-US\",\"potentialAction\":[{\"@type\":\"ReadAction\",\"target\":[\"https:\/\/spectrebaltics.com\/toode\/binzel-tig-tsang-2-450-0mm-17-18-26-702-0009\/\"]}]},{\"@type\":\"BreadcrumbList\",\"@id\":\"https:\/\/spectrebaltics.com\/toode\/binzel-tig-tsang-2-450-0mm-17-18-26-702-0009\/#breadcrumb\",\"itemListElement\":[{\"@type\":\"ListItem\",\"position\":1,\"name\":\"Home\",\"item\":\"https:\/\/spectrebaltics.com\/en\/\"},{\"@type\":\"ListItem\",\"position\":2,\"name\":\"Catalogue\",\"item\":\"https:\/\/spectrebaltics.com\/en\/catalogue\/\"},{\"@type\":\"ListItem\",\"position\":3,\"name\":\"Binzel TIG-tsang 2.4*50.0mm 17\/18\/26 702.0009\"}]}]}<\/script>\n<!-- \/ Yoast SEO plugin. -->","yoast_head_json":{"title":"Binzel TIG-tsang 2.4*50.0mm 17\/18\/26 702.0009","robots":{"index":"index","follow":"follow","max-snippet":"max-snippet:-1","max-image-preview":"max-image-preview:large","max-video-preview":"max-video-preview:-1"},"canonical":"https:\/\/spectrebaltics.com\/toode\/binzel-tig-tsang-2-450-0mm-17-18-26-702-0009\/","og_locale":"en_US","og_type":"article","og_title":"Binzel TIG-tsang 2.4*50.0mm 17\/18\/26 702.0009","og_description":"Keevitusp\u00f5leti pesa on ette n\u00e4htud volframelektroodi kinnitamiseks p\u00f5leti peasse. Kinnitus toimub tsangi v\u00e4limisele koonilisele osale rakendatava teljesuunalise j\u00f5u toimel. Keevitusp\u00f5leti pesa on ette n\u00e4htud 2,4 mm volframelektroodi jaoks. Keevitusp\u00f5leti tsang on valmistatud kvaliteetsest messingist ja seda saab kasutada paljudes ABITIG seeria keevitusp\u00f5letites.","og_url":"https:\/\/spectrebaltics.com\/toode\/binzel-tig-tsang-2-450-0mm-17-18-26-702-0009\/","og_site_name":"Spectrebaltics","og_image":[{"width":781,"height":818,"url":"https:\/\/spectrebaltics.com\/wp-content\/uploads\/2024\/07\/snimok-ekrana-2024-07-04-103814.png","type":"image\/png"}],"twitter_card":"summary_large_image","schema":{"@context":"https:\/\/schema.org","@graph":[{"@type":"Organization","@id":"https:\/\/spectrebaltics.com\/ru\/#organization","name":"Spectrebaltics","url":"https:\/\/spectrebaltics.com\/ru\/","sameAs":[],"logo":{"@type":"ImageObject","@id":"https:\/\/spectrebaltics.com\/ru\/#logo","inLanguage":"en-US","url":"https:\/\/spectrebaltics.com\/wp-content\/uploads\/2024\/03\/Spectrebaltics-logo.svg","contentUrl":"https:\/\/spectrebaltics.com\/wp-content\/uploads\/2024\/03\/Spectrebaltics-logo.svg","caption":"Spectrebaltics"},"image":{"@id":"https:\/\/spectrebaltics.com\/ru\/#logo"}},{"@type":"WebSite","@id":"https:\/\/spectrebaltics.com\/ru\/#website","url":"https:\/\/spectrebaltics.com\/ru\/","name":"Spectrebaltics","description":"","publisher":{"@id":"https:\/\/spectrebaltics.com\/ru\/#organization"},"potentialAction":[{"@type":"SearchAction","target":{"@type":"EntryPoint","urlTemplate":"https:\/\/spectrebaltics.com\/ru\/?s={search_term_string}"},"query-input":"required name=search_term_string"}],"inLanguage":"en-US"},{"@type":"ImageObject","@id":"https:\/\/spectrebaltics.com\/toode\/binzel-tig-tsang-2-450-0mm-17-18-26-702-0009\/#primaryimage","inLanguage":"en-US","url":"https:\/\/spectrebaltics.com\/wp-content\/uploads\/2024\/07\/snimok-ekrana-2024-07-04-103814.png","contentUrl":"https:\/\/spectrebaltics.com\/wp-content\/uploads\/2024\/07\/snimok-ekrana-2024-07-04-103814.png","width":781,"height":818},{"@type":"WebPage","@id":"https:\/\/spectrebaltics.com\/toode\/binzel-tig-tsang-2-450-0mm-17-18-26-702-0009\/#webpage","url":"https:\/\/spectrebaltics.com\/toode\/binzel-tig-tsang-2-450-0mm-17-18-26-702-0009\/","name":"Binzel TIG-tsang 2.4*50.0mm 17\/18\/26 702.0009","isPartOf":{"@id":"https:\/\/spectrebaltics.com\/ru\/#website"},"primaryImageOfPage":{"@id":"https:\/\/spectrebaltics.com\/toode\/binzel-tig-tsang-2-450-0mm-17-18-26-702-0009\/#primaryimage"},"datePublished":"2024-07-04T07:38:48+00:00","dateModified":"2024-07-04T07:38:48+00:00","breadcrumb":{"@id":"https:\/\/spectrebaltics.com\/toode\/binzel-tig-tsang-2-450-0mm-17-18-26-702-0009\/#breadcrumb"},"inLanguage":"en-US","potentialAction":[{"@type":"ReadAction","target":["https:\/\/spectrebaltics.com\/toode\/binzel-tig-tsang-2-450-0mm-17-18-26-702-0009\/"]}]},{"@type":"BreadcrumbList","@id":"https:\/\/spectrebaltics.com\/toode\/binzel-tig-tsang-2-450-0mm-17-18-26-702-0009\/#breadcrumb","itemListElement":[{"@type":"ListItem","position":1,"name":"Home","item":"https:\/\/spectrebaltics.com\/en\/"},{"@type":"ListItem","position":2,"name":"Catalogue","item":"https:\/\/spectrebaltics.com\/en\/catalogue\/"},{"@type":"ListItem","position":3,"name":"Binzel TIG-tsang 2.4*50.0mm 17\/18\/26 702.0009"}]}]}},"_links":{"self":[{"href":"https:\/\/spectrebaltics.com\/en\/wp-json\/wp\/v2\/product\/11192"}],"collection":[{"href":"https:\/\/spectrebaltics.com\/en\/wp-json\/wp\/v2\/product"}],"about":[{"href":"https:\/\/spectrebaltics.com\/en\/wp-json\/wp\/v2\/types\/product"}],"wp:featuredmedia":[{"embeddable":true,"href":"https:\/\/spectrebaltics.com\/en\/wp-json\/wp\/v2\/media\/11193"}],"wp:attachment":[{"href":"https:\/\/spectrebaltics.com\/en\/wp-json\/wp\/v2\/media?parent=11192"}],"wp:term":[{"taxonomy":"product_cat","embeddable":true,"href":"https:\/\/spectrebaltics.com\/en\/wp-json\/wp\/v2\/product_cat?post=11192"},{"taxonomy":"product_tag","embeddable":true,"href":"https:\/\/spectrebaltics.com\/en\/wp-json\/wp\/v2\/product_tag?post=11192"}],"curies":[{"name":"wp","href":"https:\/\/api.w.org\/{rel}","templated":true}]}}