{"id":11240,"date":"2024-07-04T09:14:44","date_gmt":"2024-07-04T09:14:44","guid":{"rendered":"https:\/\/spectrebaltics.com\/?post_type=product&#038;p=11240"},"modified":"2024-07-04T09:14:44","modified_gmt":"2024-07-04T09:14:44","slug":"nw-volframelektrood-kuldne-wl15-4-8x175-golden","status":"publish","type":"product","link":"https:\/\/spectrebaltics.com\/en\/toode\/nw-volframelektrood-kuldne-wl15-4-8x175-golden\/","title":{"rendered":"NW Volframelektrood kuldne WL15 4.8&#215;175 Golden"},"content":{"rendered":"<p>Sulam: volfram 98,5%, lantaanoksiid 1,5%<\/p>\n<p>Kasutusalad: madala s\u00fcsinikusisaldusega teras, k\u00f5rge s\u00fcsinikusisaldusega teras, alumiinium, titaan, nikkel, vask ja magneesiumi sulamid<\/p>\n","protected":false},"excerpt":{"rendered":"<p>Sulam: volfram 98,5%, lantaanoksiid 1,5% Kasutusalad: madala s\u00fcsinikusisaldusega teras, k\u00f5rge s\u00fcsinikusisaldusega teras, alumiinium, titaan, nikkel, vask ja magneesiumi sulamid<\/p>\n","protected":false},"featured_media":11237,"template":"","meta":[],"product_cat":[65,73],"product_tag":[],"yoast_head":"<!-- This site is optimized with the Yoast SEO plugin v18.4.1 - https:\/\/yoast.com\/wordpress\/plugins\/seo\/ -->\n<title>NW Volframelektrood kuldne WL15 4.8x175 Golden<\/title>\n<meta name=\"robots\" content=\"index, follow, max-snippet:-1, max-image-preview:large, max-video-preview:-1\" \/>\n<link rel=\"canonical\" href=\"https:\/\/spectrebaltics.com\/toode\/nw-volframelektrood-kuldne-wl15-4-8x175-golden\/\" \/>\n<meta property=\"og:locale\" content=\"en_US\" \/>\n<meta property=\"og:type\" content=\"article\" \/>\n<meta property=\"og:title\" content=\"NW Volframelektrood kuldne WL15 4.8x175 Golden\" \/>\n<meta property=\"og:description\" content=\"Sulam: volfram 98,5%, lantaanoksiid 1,5% Kasutusalad: madala s\u00fcsinikusisaldusega teras, k\u00f5rge s\u00fcsinikusisaldusega teras, alumiinium, titaan, nikkel, vask ja magneesiumi sulamid\" \/>\n<meta property=\"og:url\" content=\"https:\/\/spectrebaltics.com\/toode\/nw-volframelektrood-kuldne-wl15-4-8x175-golden\/\" \/>\n<meta property=\"og:site_name\" content=\"Spectrebaltics\" \/>\n<meta property=\"og:image\" content=\"https:\/\/spectrebaltics.com\/wp-content\/uploads\/2024\/07\/snimok-ekrana-2024-07-04-121109.png\" \/>\n\t<meta property=\"og:image:width\" content=\"675\" \/>\n\t<meta property=\"og:image:height\" content=\"528\" \/>\n\t<meta property=\"og:image:type\" content=\"image\/png\" \/>\n<meta name=\"twitter:card\" content=\"summary_large_image\" \/>\n<script type=\"application\/ld+json\" class=\"yoast-schema-graph\">{\"@context\":\"https:\/\/schema.org\",\"@graph\":[{\"@type\":\"Organization\",\"@id\":\"https:\/\/spectrebaltics.com\/ru\/#organization\",\"name\":\"Spectrebaltics\",\"url\":\"https:\/\/spectrebaltics.com\/ru\/\",\"sameAs\":[],\"logo\":{\"@type\":\"ImageObject\",\"@id\":\"https:\/\/spectrebaltics.com\/ru\/#logo\",\"inLanguage\":\"en-US\",\"url\":\"https:\/\/spectrebaltics.com\/wp-content\/uploads\/2024\/03\/Spectrebaltics-logo.svg\",\"contentUrl\":\"https:\/\/spectrebaltics.com\/wp-content\/uploads\/2024\/03\/Spectrebaltics-logo.svg\",\"caption\":\"Spectrebaltics\"},\"image\":{\"@id\":\"https:\/\/spectrebaltics.com\/ru\/#logo\"}},{\"@type\":\"WebSite\",\"@id\":\"https:\/\/spectrebaltics.com\/ru\/#website\",\"url\":\"https:\/\/spectrebaltics.com\/ru\/\",\"name\":\"Spectrebaltics\",\"description\":\"\",\"publisher\":{\"@id\":\"https:\/\/spectrebaltics.com\/ru\/#organization\"},\"potentialAction\":[{\"@type\":\"SearchAction\",\"target\":{\"@type\":\"EntryPoint\",\"urlTemplate\":\"https:\/\/spectrebaltics.com\/ru\/?s={search_term_string}\"},\"query-input\":\"required name=search_term_string\"}],\"inLanguage\":\"en-US\"},{\"@type\":\"ImageObject\",\"@id\":\"https:\/\/spectrebaltics.com\/toode\/nw-volframelektrood-kuldne-wl15-4-8x175-golden\/#primaryimage\",\"inLanguage\":\"en-US\",\"url\":\"https:\/\/spectrebaltics.com\/wp-content\/uploads\/2024\/07\/snimok-ekrana-2024-07-04-121109.png\",\"contentUrl\":\"https:\/\/spectrebaltics.com\/wp-content\/uploads\/2024\/07\/snimok-ekrana-2024-07-04-121109.png\",\"width\":675,\"height\":528},{\"@type\":\"WebPage\",\"@id\":\"https:\/\/spectrebaltics.com\/toode\/nw-volframelektrood-kuldne-wl15-4-8x175-golden\/#webpage\",\"url\":\"https:\/\/spectrebaltics.com\/toode\/nw-volframelektrood-kuldne-wl15-4-8x175-golden\/\",\"name\":\"NW Volframelektrood kuldne WL15 4.8x175 Golden\",\"isPartOf\":{\"@id\":\"https:\/\/spectrebaltics.com\/ru\/#website\"},\"primaryImageOfPage\":{\"@id\":\"https:\/\/spectrebaltics.com\/toode\/nw-volframelektrood-kuldne-wl15-4-8x175-golden\/#primaryimage\"},\"datePublished\":\"2024-07-04T09:14:44+00:00\",\"dateModified\":\"2024-07-04T09:14:44+00:00\",\"breadcrumb\":{\"@id\":\"https:\/\/spectrebaltics.com\/toode\/nw-volframelektrood-kuldne-wl15-4-8x175-golden\/#breadcrumb\"},\"inLanguage\":\"en-US\",\"potentialAction\":[{\"@type\":\"ReadAction\",\"target\":[\"https:\/\/spectrebaltics.com\/toode\/nw-volframelektrood-kuldne-wl15-4-8x175-golden\/\"]}]},{\"@type\":\"BreadcrumbList\",\"@id\":\"https:\/\/spectrebaltics.com\/toode\/nw-volframelektrood-kuldne-wl15-4-8x175-golden\/#breadcrumb\",\"itemListElement\":[{\"@type\":\"ListItem\",\"position\":1,\"name\":\"Home\",\"item\":\"https:\/\/spectrebaltics.com\/en\/\"},{\"@type\":\"ListItem\",\"position\":2,\"name\":\"Catalogue\",\"item\":\"https:\/\/spectrebaltics.com\/en\/catalogue\/\"},{\"@type\":\"ListItem\",\"position\":3,\"name\":\"NW Volframelektrood kuldne WL15 4.8&#215;175 Golden\"}]}]}<\/script>\n<!-- \/ Yoast SEO plugin. -->","yoast_head_json":{"title":"NW Volframelektrood kuldne WL15 4.8x175 Golden","robots":{"index":"index","follow":"follow","max-snippet":"max-snippet:-1","max-image-preview":"max-image-preview:large","max-video-preview":"max-video-preview:-1"},"canonical":"https:\/\/spectrebaltics.com\/toode\/nw-volframelektrood-kuldne-wl15-4-8x175-golden\/","og_locale":"en_US","og_type":"article","og_title":"NW Volframelektrood kuldne WL15 4.8x175 Golden","og_description":"Sulam: volfram 98,5%, lantaanoksiid 1,5% Kasutusalad: madala s\u00fcsinikusisaldusega teras, k\u00f5rge s\u00fcsinikusisaldusega teras, alumiinium, titaan, nikkel, vask ja magneesiumi sulamid","og_url":"https:\/\/spectrebaltics.com\/toode\/nw-volframelektrood-kuldne-wl15-4-8x175-golden\/","og_site_name":"Spectrebaltics","og_image":[{"width":675,"height":528,"url":"https:\/\/spectrebaltics.com\/wp-content\/uploads\/2024\/07\/snimok-ekrana-2024-07-04-121109.png","type":"image\/png"}],"twitter_card":"summary_large_image","schema":{"@context":"https:\/\/schema.org","@graph":[{"@type":"Organization","@id":"https:\/\/spectrebaltics.com\/ru\/#organization","name":"Spectrebaltics","url":"https:\/\/spectrebaltics.com\/ru\/","sameAs":[],"logo":{"@type":"ImageObject","@id":"https:\/\/spectrebaltics.com\/ru\/#logo","inLanguage":"en-US","url":"https:\/\/spectrebaltics.com\/wp-content\/uploads\/2024\/03\/Spectrebaltics-logo.svg","contentUrl":"https:\/\/spectrebaltics.com\/wp-content\/uploads\/2024\/03\/Spectrebaltics-logo.svg","caption":"Spectrebaltics"},"image":{"@id":"https:\/\/spectrebaltics.com\/ru\/#logo"}},{"@type":"WebSite","@id":"https:\/\/spectrebaltics.com\/ru\/#website","url":"https:\/\/spectrebaltics.com\/ru\/","name":"Spectrebaltics","description":"","publisher":{"@id":"https:\/\/spectrebaltics.com\/ru\/#organization"},"potentialAction":[{"@type":"SearchAction","target":{"@type":"EntryPoint","urlTemplate":"https:\/\/spectrebaltics.com\/ru\/?s={search_term_string}"},"query-input":"required name=search_term_string"}],"inLanguage":"en-US"},{"@type":"ImageObject","@id":"https:\/\/spectrebaltics.com\/toode\/nw-volframelektrood-kuldne-wl15-4-8x175-golden\/#primaryimage","inLanguage":"en-US","url":"https:\/\/spectrebaltics.com\/wp-content\/uploads\/2024\/07\/snimok-ekrana-2024-07-04-121109.png","contentUrl":"https:\/\/spectrebaltics.com\/wp-content\/uploads\/2024\/07\/snimok-ekrana-2024-07-04-121109.png","width":675,"height":528},{"@type":"WebPage","@id":"https:\/\/spectrebaltics.com\/toode\/nw-volframelektrood-kuldne-wl15-4-8x175-golden\/#webpage","url":"https:\/\/spectrebaltics.com\/toode\/nw-volframelektrood-kuldne-wl15-4-8x175-golden\/","name":"NW Volframelektrood kuldne WL15 4.8x175 Golden","isPartOf":{"@id":"https:\/\/spectrebaltics.com\/ru\/#website"},"primaryImageOfPage":{"@id":"https:\/\/spectrebaltics.com\/toode\/nw-volframelektrood-kuldne-wl15-4-8x175-golden\/#primaryimage"},"datePublished":"2024-07-04T09:14:44+00:00","dateModified":"2024-07-04T09:14:44+00:00","breadcrumb":{"@id":"https:\/\/spectrebaltics.com\/toode\/nw-volframelektrood-kuldne-wl15-4-8x175-golden\/#breadcrumb"},"inLanguage":"en-US","potentialAction":[{"@type":"ReadAction","target":["https:\/\/spectrebaltics.com\/toode\/nw-volframelektrood-kuldne-wl15-4-8x175-golden\/"]}]},{"@type":"BreadcrumbList","@id":"https:\/\/spectrebaltics.com\/toode\/nw-volframelektrood-kuldne-wl15-4-8x175-golden\/#breadcrumb","itemListElement":[{"@type":"ListItem","position":1,"name":"Home","item":"https:\/\/spectrebaltics.com\/en\/"},{"@type":"ListItem","position":2,"name":"Catalogue","item":"https:\/\/spectrebaltics.com\/en\/catalogue\/"},{"@type":"ListItem","position":3,"name":"NW Volframelektrood kuldne WL15 4.8&#215;175 Golden"}]}]}},"_links":{"self":[{"href":"https:\/\/spectrebaltics.com\/en\/wp-json\/wp\/v2\/product\/11240"}],"collection":[{"href":"https:\/\/spectrebaltics.com\/en\/wp-json\/wp\/v2\/product"}],"about":[{"href":"https:\/\/spectrebaltics.com\/en\/wp-json\/wp\/v2\/types\/product"}],"wp:featuredmedia":[{"embeddable":true,"href":"https:\/\/spectrebaltics.com\/en\/wp-json\/wp\/v2\/media\/11237"}],"wp:attachment":[{"href":"https:\/\/spectrebaltics.com\/en\/wp-json\/wp\/v2\/media?parent=11240"}],"wp:term":[{"taxonomy":"product_cat","embeddable":true,"href":"https:\/\/spectrebaltics.com\/en\/wp-json\/wp\/v2\/product_cat?post=11240"},{"taxonomy":"product_tag","embeddable":true,"href":"https:\/\/spectrebaltics.com\/en\/wp-json\/wp\/v2\/product_tag?post=11240"}],"curies":[{"name":"wp","href":"https:\/\/api.w.org\/{rel}","templated":true}]}}