{"id":11258,"date":"2024-07-04T09:26:49","date_gmt":"2024-07-04T09:26:49","guid":{"rendered":"https:\/\/spectrebaltics.com\/?post_type=product&#038;p=11258"},"modified":"2024-07-04T09:26:49","modified_gmt":"2024-07-04T09:26:49","slug":"binzel-volframelektroodi-hoidik-vaike-17-18-26-712-1053","status":"publish","type":"product","link":"https:\/\/spectrebaltics.com\/en\/toode\/binzel-volframelektroodi-hoidik-vaike-17-18-26-712-1053\/","title":{"rendered":"Binzel Volframelektroodi hoidik v\u00e4ike 17\/18\/26, 712.1053"},"content":{"rendered":"<p>L\u00fchike kork Abicor Binzel L\u00fchikest korki kasutatakse selle suuruse t\u00f5ttu keevitusp\u00f5letite SRT 17, SRT 18, SRT 26 keevitamiseks kitsastes kohtades.<\/p>\n<p>SRT l\u00fchike kork 17\/18\/26<\/p>\n","protected":false},"excerpt":{"rendered":"<p>L\u00fchike kork Abicor Binzel L\u00fchikest korki kasutatakse selle suuruse t\u00f5ttu keevitusp\u00f5letite SRT 17, SRT 18, SRT 26 keevitamiseks kitsastes kohtades. SRT l\u00fchike kork 17\/18\/26<\/p>\n","protected":false},"featured_media":11259,"template":"","meta":[],"product_cat":[65,73],"product_tag":[],"yoast_head":"<!-- This site is optimized with the Yoast SEO plugin v18.4.1 - https:\/\/yoast.com\/wordpress\/plugins\/seo\/ -->\n<title>Binzel Volframelektroodi hoidik v\u00e4ike 17\/18\/26, 712.1053<\/title>\n<meta name=\"robots\" content=\"index, follow, max-snippet:-1, max-image-preview:large, max-video-preview:-1\" \/>\n<link rel=\"canonical\" href=\"https:\/\/spectrebaltics.com\/toode\/binzel-volframelektroodi-hoidik-vaike-17-18-26-712-1053\/\" \/>\n<meta property=\"og:locale\" content=\"en_US\" \/>\n<meta property=\"og:type\" content=\"article\" \/>\n<meta property=\"og:title\" content=\"Binzel Volframelektroodi hoidik v\u00e4ike 17\/18\/26, 712.1053\" \/>\n<meta property=\"og:description\" content=\"L\u00fchike kork Abicor Binzel L\u00fchikest korki kasutatakse selle suuruse t\u00f5ttu keevitusp\u00f5letite SRT 17, SRT 18, SRT 26 keevitamiseks kitsastes kohtades. SRT l\u00fchike kork 17\/18\/26\" \/>\n<meta property=\"og:url\" content=\"https:\/\/spectrebaltics.com\/toode\/binzel-volframelektroodi-hoidik-vaike-17-18-26-712-1053\/\" \/>\n<meta property=\"og:site_name\" content=\"Spectrebaltics\" \/>\n<meta property=\"og:image\" content=\"https:\/\/spectrebaltics.com\/wp-content\/uploads\/2024\/07\/snimok-ekrana-2024-07-04-122435.png\" \/>\n\t<meta property=\"og:image:width\" content=\"781\" \/>\n\t<meta property=\"og:image:height\" content=\"841\" \/>\n\t<meta property=\"og:image:type\" content=\"image\/png\" \/>\n<meta name=\"twitter:card\" content=\"summary_large_image\" \/>\n<script type=\"application\/ld+json\" class=\"yoast-schema-graph\">{\"@context\":\"https:\/\/schema.org\",\"@graph\":[{\"@type\":\"Organization\",\"@id\":\"https:\/\/spectrebaltics.com\/ru\/#organization\",\"name\":\"Spectrebaltics\",\"url\":\"https:\/\/spectrebaltics.com\/ru\/\",\"sameAs\":[],\"logo\":{\"@type\":\"ImageObject\",\"@id\":\"https:\/\/spectrebaltics.com\/ru\/#logo\",\"inLanguage\":\"en-US\",\"url\":\"https:\/\/spectrebaltics.com\/wp-content\/uploads\/2024\/03\/Spectrebaltics-logo.svg\",\"contentUrl\":\"https:\/\/spectrebaltics.com\/wp-content\/uploads\/2024\/03\/Spectrebaltics-logo.svg\",\"caption\":\"Spectrebaltics\"},\"image\":{\"@id\":\"https:\/\/spectrebaltics.com\/ru\/#logo\"}},{\"@type\":\"WebSite\",\"@id\":\"https:\/\/spectrebaltics.com\/ru\/#website\",\"url\":\"https:\/\/spectrebaltics.com\/ru\/\",\"name\":\"Spectrebaltics\",\"description\":\"\",\"publisher\":{\"@id\":\"https:\/\/spectrebaltics.com\/ru\/#organization\"},\"potentialAction\":[{\"@type\":\"SearchAction\",\"target\":{\"@type\":\"EntryPoint\",\"urlTemplate\":\"https:\/\/spectrebaltics.com\/ru\/?s={search_term_string}\"},\"query-input\":\"required name=search_term_string\"}],\"inLanguage\":\"en-US\"},{\"@type\":\"ImageObject\",\"@id\":\"https:\/\/spectrebaltics.com\/toode\/binzel-volframelektroodi-hoidik-vaike-17-18-26-712-1053\/#primaryimage\",\"inLanguage\":\"en-US\",\"url\":\"https:\/\/spectrebaltics.com\/wp-content\/uploads\/2024\/07\/snimok-ekrana-2024-07-04-122435.png\",\"contentUrl\":\"https:\/\/spectrebaltics.com\/wp-content\/uploads\/2024\/07\/snimok-ekrana-2024-07-04-122435.png\",\"width\":781,\"height\":841},{\"@type\":\"WebPage\",\"@id\":\"https:\/\/spectrebaltics.com\/toode\/binzel-volframelektroodi-hoidik-vaike-17-18-26-712-1053\/#webpage\",\"url\":\"https:\/\/spectrebaltics.com\/toode\/binzel-volframelektroodi-hoidik-vaike-17-18-26-712-1053\/\",\"name\":\"Binzel Volframelektroodi hoidik v\u00e4ike 17\/18\/26, 712.1053\",\"isPartOf\":{\"@id\":\"https:\/\/spectrebaltics.com\/ru\/#website\"},\"primaryImageOfPage\":{\"@id\":\"https:\/\/spectrebaltics.com\/toode\/binzel-volframelektroodi-hoidik-vaike-17-18-26-712-1053\/#primaryimage\"},\"datePublished\":\"2024-07-04T09:26:49+00:00\",\"dateModified\":\"2024-07-04T09:26:49+00:00\",\"breadcrumb\":{\"@id\":\"https:\/\/spectrebaltics.com\/toode\/binzel-volframelektroodi-hoidik-vaike-17-18-26-712-1053\/#breadcrumb\"},\"inLanguage\":\"en-US\",\"potentialAction\":[{\"@type\":\"ReadAction\",\"target\":[\"https:\/\/spectrebaltics.com\/toode\/binzel-volframelektroodi-hoidik-vaike-17-18-26-712-1053\/\"]}]},{\"@type\":\"BreadcrumbList\",\"@id\":\"https:\/\/spectrebaltics.com\/toode\/binzel-volframelektroodi-hoidik-vaike-17-18-26-712-1053\/#breadcrumb\",\"itemListElement\":[{\"@type\":\"ListItem\",\"position\":1,\"name\":\"Home\",\"item\":\"https:\/\/spectrebaltics.com\/en\/\"},{\"@type\":\"ListItem\",\"position\":2,\"name\":\"Catalogue\",\"item\":\"https:\/\/spectrebaltics.com\/en\/catalogue\/\"},{\"@type\":\"ListItem\",\"position\":3,\"name\":\"Binzel Volframelektroodi hoidik v\u00e4ike 17\/18\/26, 712.1053\"}]}]}<\/script>\n<!-- \/ Yoast SEO plugin. -->","yoast_head_json":{"title":"Binzel Volframelektroodi hoidik v\u00e4ike 17\/18\/26, 712.1053","robots":{"index":"index","follow":"follow","max-snippet":"max-snippet:-1","max-image-preview":"max-image-preview:large","max-video-preview":"max-video-preview:-1"},"canonical":"https:\/\/spectrebaltics.com\/toode\/binzel-volframelektroodi-hoidik-vaike-17-18-26-712-1053\/","og_locale":"en_US","og_type":"article","og_title":"Binzel Volframelektroodi hoidik v\u00e4ike 17\/18\/26, 712.1053","og_description":"L\u00fchike kork Abicor Binzel L\u00fchikest korki kasutatakse selle suuruse t\u00f5ttu keevitusp\u00f5letite SRT 17, SRT 18, SRT 26 keevitamiseks kitsastes kohtades. SRT l\u00fchike kork 17\/18\/26","og_url":"https:\/\/spectrebaltics.com\/toode\/binzel-volframelektroodi-hoidik-vaike-17-18-26-712-1053\/","og_site_name":"Spectrebaltics","og_image":[{"width":781,"height":841,"url":"https:\/\/spectrebaltics.com\/wp-content\/uploads\/2024\/07\/snimok-ekrana-2024-07-04-122435.png","type":"image\/png"}],"twitter_card":"summary_large_image","schema":{"@context":"https:\/\/schema.org","@graph":[{"@type":"Organization","@id":"https:\/\/spectrebaltics.com\/ru\/#organization","name":"Spectrebaltics","url":"https:\/\/spectrebaltics.com\/ru\/","sameAs":[],"logo":{"@type":"ImageObject","@id":"https:\/\/spectrebaltics.com\/ru\/#logo","inLanguage":"en-US","url":"https:\/\/spectrebaltics.com\/wp-content\/uploads\/2024\/03\/Spectrebaltics-logo.svg","contentUrl":"https:\/\/spectrebaltics.com\/wp-content\/uploads\/2024\/03\/Spectrebaltics-logo.svg","caption":"Spectrebaltics"},"image":{"@id":"https:\/\/spectrebaltics.com\/ru\/#logo"}},{"@type":"WebSite","@id":"https:\/\/spectrebaltics.com\/ru\/#website","url":"https:\/\/spectrebaltics.com\/ru\/","name":"Spectrebaltics","description":"","publisher":{"@id":"https:\/\/spectrebaltics.com\/ru\/#organization"},"potentialAction":[{"@type":"SearchAction","target":{"@type":"EntryPoint","urlTemplate":"https:\/\/spectrebaltics.com\/ru\/?s={search_term_string}"},"query-input":"required name=search_term_string"}],"inLanguage":"en-US"},{"@type":"ImageObject","@id":"https:\/\/spectrebaltics.com\/toode\/binzel-volframelektroodi-hoidik-vaike-17-18-26-712-1053\/#primaryimage","inLanguage":"en-US","url":"https:\/\/spectrebaltics.com\/wp-content\/uploads\/2024\/07\/snimok-ekrana-2024-07-04-122435.png","contentUrl":"https:\/\/spectrebaltics.com\/wp-content\/uploads\/2024\/07\/snimok-ekrana-2024-07-04-122435.png","width":781,"height":841},{"@type":"WebPage","@id":"https:\/\/spectrebaltics.com\/toode\/binzel-volframelektroodi-hoidik-vaike-17-18-26-712-1053\/#webpage","url":"https:\/\/spectrebaltics.com\/toode\/binzel-volframelektroodi-hoidik-vaike-17-18-26-712-1053\/","name":"Binzel Volframelektroodi hoidik v\u00e4ike 17\/18\/26, 712.1053","isPartOf":{"@id":"https:\/\/spectrebaltics.com\/ru\/#website"},"primaryImageOfPage":{"@id":"https:\/\/spectrebaltics.com\/toode\/binzel-volframelektroodi-hoidik-vaike-17-18-26-712-1053\/#primaryimage"},"datePublished":"2024-07-04T09:26:49+00:00","dateModified":"2024-07-04T09:26:49+00:00","breadcrumb":{"@id":"https:\/\/spectrebaltics.com\/toode\/binzel-volframelektroodi-hoidik-vaike-17-18-26-712-1053\/#breadcrumb"},"inLanguage":"en-US","potentialAction":[{"@type":"ReadAction","target":["https:\/\/spectrebaltics.com\/toode\/binzel-volframelektroodi-hoidik-vaike-17-18-26-712-1053\/"]}]},{"@type":"BreadcrumbList","@id":"https:\/\/spectrebaltics.com\/toode\/binzel-volframelektroodi-hoidik-vaike-17-18-26-712-1053\/#breadcrumb","itemListElement":[{"@type":"ListItem","position":1,"name":"Home","item":"https:\/\/spectrebaltics.com\/en\/"},{"@type":"ListItem","position":2,"name":"Catalogue","item":"https:\/\/spectrebaltics.com\/en\/catalogue\/"},{"@type":"ListItem","position":3,"name":"Binzel Volframelektroodi hoidik v\u00e4ike 17\/18\/26, 712.1053"}]}]}},"_links":{"self":[{"href":"https:\/\/spectrebaltics.com\/en\/wp-json\/wp\/v2\/product\/11258"}],"collection":[{"href":"https:\/\/spectrebaltics.com\/en\/wp-json\/wp\/v2\/product"}],"about":[{"href":"https:\/\/spectrebaltics.com\/en\/wp-json\/wp\/v2\/types\/product"}],"wp:featuredmedia":[{"embeddable":true,"href":"https:\/\/spectrebaltics.com\/en\/wp-json\/wp\/v2\/media\/11259"}],"wp:attachment":[{"href":"https:\/\/spectrebaltics.com\/en\/wp-json\/wp\/v2\/media?parent=11258"}],"wp:term":[{"taxonomy":"product_cat","embeddable":true,"href":"https:\/\/spectrebaltics.com\/en\/wp-json\/wp\/v2\/product_cat?post=11258"},{"taxonomy":"product_tag","embeddable":true,"href":"https:\/\/spectrebaltics.com\/en\/wp-json\/wp\/v2\/product_tag?post=11258"}],"curies":[{"name":"wp","href":"https:\/\/api.w.org\/{rel}","templated":true}]}}