{"id":11399,"date":"2024-07-05T06:45:37","date_gmt":"2024-07-05T06:45:37","guid":{"rendered":"https:\/\/spectrebaltics.com\/?post_type=product&#038;p=11399"},"modified":"2024-07-05T06:45:37","modified_gmt":"2024-07-05T06:45:37","slug":"nw-vooluotsik-m6x28x12-e-cu","status":"publish","type":"product","link":"https:\/\/spectrebaltics.com\/en\/toode\/nw-vooluotsik-m6x28x12-e-cu\/","title":{"rendered":"NW Vooluotsik M6x28x1,2 E-Cu"},"content":{"rendered":"<p>E-CU sulam<br \/>\nKaal 8,7 g<br \/>\nTraadi l\u00e4bim\u00f5\u00f5t 0,6 mm<br \/>\nKeerme suurus M6<br \/>\nK\u00f5rgus 28 mm<\/p>\n","protected":false},"excerpt":{"rendered":"<p>E-CU sulam Kaal 8,7 g Traadi l\u00e4bim\u00f5\u00f5t 0,6 mm Keerme suurus M6 K\u00f5rgus 28 mm<\/p>\n","protected":false},"featured_media":11400,"template":"","meta":[],"product_cat":[65,70],"product_tag":[],"yoast_head":"<!-- This site is optimized with the Yoast SEO plugin v18.4.1 - https:\/\/yoast.com\/wordpress\/plugins\/seo\/ -->\n<title>NW Vooluotsik M6x28x1,2 E-Cu<\/title>\n<meta name=\"robots\" content=\"index, follow, max-snippet:-1, max-image-preview:large, max-video-preview:-1\" \/>\n<link rel=\"canonical\" href=\"https:\/\/spectrebaltics.com\/toode\/nw-vooluotsik-m6x28x12-e-cu\/\" \/>\n<meta property=\"og:locale\" content=\"en_US\" \/>\n<meta property=\"og:type\" content=\"article\" \/>\n<meta property=\"og:title\" content=\"NW Vooluotsik M6x28x1,2 E-Cu\" \/>\n<meta property=\"og:description\" content=\"E-CU sulam Kaal 8,7 g Traadi l\u00e4bim\u00f5\u00f5t 0,6 mm Keerme suurus M6 K\u00f5rgus 28 mm\" \/>\n<meta property=\"og:url\" content=\"https:\/\/spectrebaltics.com\/toode\/nw-vooluotsik-m6x28x12-e-cu\/\" \/>\n<meta property=\"og:site_name\" content=\"Spectrebaltics\" \/>\n<meta property=\"og:image\" content=\"https:\/\/spectrebaltics.com\/wp-content\/uploads\/2024\/07\/icu0004-12-1.png\" \/>\n\t<meta property=\"og:image:width\" content=\"1200\" \/>\n\t<meta property=\"og:image:height\" content=\"900\" \/>\n\t<meta property=\"og:image:type\" content=\"image\/png\" \/>\n<meta name=\"twitter:card\" content=\"summary_large_image\" \/>\n<script type=\"application\/ld+json\" class=\"yoast-schema-graph\">{\"@context\":\"https:\/\/schema.org\",\"@graph\":[{\"@type\":\"Organization\",\"@id\":\"https:\/\/spectrebaltics.com\/ru\/#organization\",\"name\":\"Spectrebaltics\",\"url\":\"https:\/\/spectrebaltics.com\/ru\/\",\"sameAs\":[],\"logo\":{\"@type\":\"ImageObject\",\"@id\":\"https:\/\/spectrebaltics.com\/ru\/#logo\",\"inLanguage\":\"en-US\",\"url\":\"https:\/\/spectrebaltics.com\/wp-content\/uploads\/2024\/03\/Spectrebaltics-logo.svg\",\"contentUrl\":\"https:\/\/spectrebaltics.com\/wp-content\/uploads\/2024\/03\/Spectrebaltics-logo.svg\",\"caption\":\"Spectrebaltics\"},\"image\":{\"@id\":\"https:\/\/spectrebaltics.com\/ru\/#logo\"}},{\"@type\":\"WebSite\",\"@id\":\"https:\/\/spectrebaltics.com\/ru\/#website\",\"url\":\"https:\/\/spectrebaltics.com\/ru\/\",\"name\":\"Spectrebaltics\",\"description\":\"\",\"publisher\":{\"@id\":\"https:\/\/spectrebaltics.com\/ru\/#organization\"},\"potentialAction\":[{\"@type\":\"SearchAction\",\"target\":{\"@type\":\"EntryPoint\",\"urlTemplate\":\"https:\/\/spectrebaltics.com\/ru\/?s={search_term_string}\"},\"query-input\":\"required name=search_term_string\"}],\"inLanguage\":\"en-US\"},{\"@type\":\"ImageObject\",\"@id\":\"https:\/\/spectrebaltics.com\/toode\/nw-vooluotsik-m6x28x12-e-cu\/#primaryimage\",\"inLanguage\":\"en-US\",\"url\":\"https:\/\/spectrebaltics.com\/wp-content\/uploads\/2024\/07\/icu0004-12-1.png\",\"contentUrl\":\"https:\/\/spectrebaltics.com\/wp-content\/uploads\/2024\/07\/icu0004-12-1.png\",\"width\":1200,\"height\":900},{\"@type\":\"WebPage\",\"@id\":\"https:\/\/spectrebaltics.com\/toode\/nw-vooluotsik-m6x28x12-e-cu\/#webpage\",\"url\":\"https:\/\/spectrebaltics.com\/toode\/nw-vooluotsik-m6x28x12-e-cu\/\",\"name\":\"NW Vooluotsik M6x28x1,2 E-Cu\",\"isPartOf\":{\"@id\":\"https:\/\/spectrebaltics.com\/ru\/#website\"},\"primaryImageOfPage\":{\"@id\":\"https:\/\/spectrebaltics.com\/toode\/nw-vooluotsik-m6x28x12-e-cu\/#primaryimage\"},\"datePublished\":\"2024-07-05T06:45:37+00:00\",\"dateModified\":\"2024-07-05T06:45:37+00:00\",\"breadcrumb\":{\"@id\":\"https:\/\/spectrebaltics.com\/toode\/nw-vooluotsik-m6x28x12-e-cu\/#breadcrumb\"},\"inLanguage\":\"en-US\",\"potentialAction\":[{\"@type\":\"ReadAction\",\"target\":[\"https:\/\/spectrebaltics.com\/toode\/nw-vooluotsik-m6x28x12-e-cu\/\"]}]},{\"@type\":\"BreadcrumbList\",\"@id\":\"https:\/\/spectrebaltics.com\/toode\/nw-vooluotsik-m6x28x12-e-cu\/#breadcrumb\",\"itemListElement\":[{\"@type\":\"ListItem\",\"position\":1,\"name\":\"Home\",\"item\":\"https:\/\/spectrebaltics.com\/en\/\"},{\"@type\":\"ListItem\",\"position\":2,\"name\":\"Catalogue\",\"item\":\"https:\/\/spectrebaltics.com\/en\/catalogue\/\"},{\"@type\":\"ListItem\",\"position\":3,\"name\":\"NW Vooluotsik M6x28x1,2 E-Cu\"}]}]}<\/script>\n<!-- \/ Yoast SEO plugin. -->","yoast_head_json":{"title":"NW Vooluotsik M6x28x1,2 E-Cu","robots":{"index":"index","follow":"follow","max-snippet":"max-snippet:-1","max-image-preview":"max-image-preview:large","max-video-preview":"max-video-preview:-1"},"canonical":"https:\/\/spectrebaltics.com\/toode\/nw-vooluotsik-m6x28x12-e-cu\/","og_locale":"en_US","og_type":"article","og_title":"NW Vooluotsik M6x28x1,2 E-Cu","og_description":"E-CU sulam Kaal 8,7 g Traadi l\u00e4bim\u00f5\u00f5t 0,6 mm Keerme suurus M6 K\u00f5rgus 28 mm","og_url":"https:\/\/spectrebaltics.com\/toode\/nw-vooluotsik-m6x28x12-e-cu\/","og_site_name":"Spectrebaltics","og_image":[{"width":1200,"height":900,"url":"https:\/\/spectrebaltics.com\/wp-content\/uploads\/2024\/07\/icu0004-12-1.png","type":"image\/png"}],"twitter_card":"summary_large_image","schema":{"@context":"https:\/\/schema.org","@graph":[{"@type":"Organization","@id":"https:\/\/spectrebaltics.com\/ru\/#organization","name":"Spectrebaltics","url":"https:\/\/spectrebaltics.com\/ru\/","sameAs":[],"logo":{"@type":"ImageObject","@id":"https:\/\/spectrebaltics.com\/ru\/#logo","inLanguage":"en-US","url":"https:\/\/spectrebaltics.com\/wp-content\/uploads\/2024\/03\/Spectrebaltics-logo.svg","contentUrl":"https:\/\/spectrebaltics.com\/wp-content\/uploads\/2024\/03\/Spectrebaltics-logo.svg","caption":"Spectrebaltics"},"image":{"@id":"https:\/\/spectrebaltics.com\/ru\/#logo"}},{"@type":"WebSite","@id":"https:\/\/spectrebaltics.com\/ru\/#website","url":"https:\/\/spectrebaltics.com\/ru\/","name":"Spectrebaltics","description":"","publisher":{"@id":"https:\/\/spectrebaltics.com\/ru\/#organization"},"potentialAction":[{"@type":"SearchAction","target":{"@type":"EntryPoint","urlTemplate":"https:\/\/spectrebaltics.com\/ru\/?s={search_term_string}"},"query-input":"required name=search_term_string"}],"inLanguage":"en-US"},{"@type":"ImageObject","@id":"https:\/\/spectrebaltics.com\/toode\/nw-vooluotsik-m6x28x12-e-cu\/#primaryimage","inLanguage":"en-US","url":"https:\/\/spectrebaltics.com\/wp-content\/uploads\/2024\/07\/icu0004-12-1.png","contentUrl":"https:\/\/spectrebaltics.com\/wp-content\/uploads\/2024\/07\/icu0004-12-1.png","width":1200,"height":900},{"@type":"WebPage","@id":"https:\/\/spectrebaltics.com\/toode\/nw-vooluotsik-m6x28x12-e-cu\/#webpage","url":"https:\/\/spectrebaltics.com\/toode\/nw-vooluotsik-m6x28x12-e-cu\/","name":"NW Vooluotsik M6x28x1,2 E-Cu","isPartOf":{"@id":"https:\/\/spectrebaltics.com\/ru\/#website"},"primaryImageOfPage":{"@id":"https:\/\/spectrebaltics.com\/toode\/nw-vooluotsik-m6x28x12-e-cu\/#primaryimage"},"datePublished":"2024-07-05T06:45:37+00:00","dateModified":"2024-07-05T06:45:37+00:00","breadcrumb":{"@id":"https:\/\/spectrebaltics.com\/toode\/nw-vooluotsik-m6x28x12-e-cu\/#breadcrumb"},"inLanguage":"en-US","potentialAction":[{"@type":"ReadAction","target":["https:\/\/spectrebaltics.com\/toode\/nw-vooluotsik-m6x28x12-e-cu\/"]}]},{"@type":"BreadcrumbList","@id":"https:\/\/spectrebaltics.com\/toode\/nw-vooluotsik-m6x28x12-e-cu\/#breadcrumb","itemListElement":[{"@type":"ListItem","position":1,"name":"Home","item":"https:\/\/spectrebaltics.com\/en\/"},{"@type":"ListItem","position":2,"name":"Catalogue","item":"https:\/\/spectrebaltics.com\/en\/catalogue\/"},{"@type":"ListItem","position":3,"name":"NW Vooluotsik M6x28x1,2 E-Cu"}]}]}},"_links":{"self":[{"href":"https:\/\/spectrebaltics.com\/en\/wp-json\/wp\/v2\/product\/11399"}],"collection":[{"href":"https:\/\/spectrebaltics.com\/en\/wp-json\/wp\/v2\/product"}],"about":[{"href":"https:\/\/spectrebaltics.com\/en\/wp-json\/wp\/v2\/types\/product"}],"wp:featuredmedia":[{"embeddable":true,"href":"https:\/\/spectrebaltics.com\/en\/wp-json\/wp\/v2\/media\/11400"}],"wp:attachment":[{"href":"https:\/\/spectrebaltics.com\/en\/wp-json\/wp\/v2\/media?parent=11399"}],"wp:term":[{"taxonomy":"product_cat","embeddable":true,"href":"https:\/\/spectrebaltics.com\/en\/wp-json\/wp\/v2\/product_cat?post=11399"},{"taxonomy":"product_tag","embeddable":true,"href":"https:\/\/spectrebaltics.com\/en\/wp-json\/wp\/v2\/product_tag?post=11399"}],"curies":[{"name":"wp","href":"https:\/\/api.w.org\/{rel}","templated":true}]}}