{"id":11636,"date":"2024-11-03T15:23:02","date_gmt":"2024-11-03T15:23:02","guid":{"rendered":"https:\/\/spectrebaltics.com\/?post_type=product&#038;p=11636"},"modified":"2024-11-03T15:23:03","modified_gmt":"2024-11-03T15:23:03","slug":"kruvikompressor-75kw-frd0710-500l-comprag","status":"publish","type":"product","link":"https:\/\/spectrebaltics.com\/en\/toode\/kruvikompressor-75kw-frd0710-500l-comprag\/","title":{"rendered":"Kruvikompressor 7,5kW FRD0710-500L Comprag"},"content":{"rendered":"<p><strong>FRD-07<\/strong><\/p>\n<p>V\u00f5imsus (kW)\u00a0 7,5<br \/>\nT\u00f6\u00f6r\u00f5hk (bar)\u00a0 8\/10<br \/>\nKompressori m\u00fcratase dB(A)\u00a0 65<br \/>\nSuru\u00f5humahuti (liiter)\u00a0 500<br \/>\nPikkus L (mm) 11546 \/ 1855<br \/>\nLaius W (mm) 724<br \/>\nK\u00f5rgus H (mm) 1472 \/ 1586<br \/>\nKaal (kg) 457 \/ 495<\/p>\n","protected":false},"excerpt":{"rendered":"<p>FRD-07 V\u00f5imsus (kW)\u00a0 7,5 T\u00f6\u00f6r\u00f5hk (bar)\u00a0 8\/10 Kompressori m\u00fcratase dB(A)\u00a0 65 Suru\u00f5humahuti (liiter)\u00a0 500 Pikkus L (mm) 11546 \/ 1855 Laius W (mm) 724 K\u00f5rgus H (mm) 1472 \/ 1586 Kaal (kg) 457 \/ 495<\/p>\n","protected":false},"featured_media":11637,"template":"","meta":[],"product_cat":[103,104],"product_tag":[],"yoast_head":"<!-- This site is optimized with the Yoast SEO plugin v18.4.1 - https:\/\/yoast.com\/wordpress\/plugins\/seo\/ -->\n<title>Kruvikompressor 7,5kW FRD0710-500L Comprag<\/title>\n<meta name=\"robots\" content=\"index, follow, max-snippet:-1, max-image-preview:large, max-video-preview:-1\" \/>\n<link rel=\"canonical\" href=\"https:\/\/spectrebaltics.com\/toode\/kruvikompressor-75kw-frd0710-500l-comprag\/\" \/>\n<meta property=\"og:locale\" content=\"en_US\" \/>\n<meta property=\"og:type\" content=\"article\" \/>\n<meta property=\"og:title\" content=\"Kruvikompressor 7,5kW FRD0710-500L Comprag\" \/>\n<meta property=\"og:description\" content=\"FRD-07 V\u00f5imsus (kW)\u00a0 7,5 T\u00f6\u00f6r\u00f5hk (bar)\u00a0 8\/10 Kompressori m\u00fcratase dB(A)\u00a0 65 Suru\u00f5humahuti (liiter)\u00a0 500 Pikkus L (mm) 11546 \/ 1855 Laius W (mm) 724 K\u00f5rgus H (mm) 1472 \/ 1586 Kaal (kg) 457 \/ 495\" \/>\n<meta property=\"og:url\" content=\"https:\/\/spectrebaltics.com\/toode\/kruvikompressor-75kw-frd0710-500l-comprag\/\" \/>\n<meta property=\"og:site_name\" content=\"Spectrebaltics\" \/>\n<meta property=\"article:modified_time\" content=\"2024-11-03T15:23:03+00:00\" \/>\n<meta property=\"og:image\" content=\"https:\/\/spectrebaltics.com\/wp-content\/uploads\/2024\/11\/19_fser.jpg\" \/>\n\t<meta property=\"og:image:width\" content=\"800\" \/>\n\t<meta property=\"og:image:height\" content=\"799\" \/>\n\t<meta property=\"og:image:type\" content=\"image\/jpeg\" \/>\n<meta name=\"twitter:card\" content=\"summary_large_image\" \/>\n<script type=\"application\/ld+json\" class=\"yoast-schema-graph\">{\"@context\":\"https:\/\/schema.org\",\"@graph\":[{\"@type\":\"Organization\",\"@id\":\"https:\/\/spectrebaltics.com\/ru\/#organization\",\"name\":\"Spectrebaltics\",\"url\":\"https:\/\/spectrebaltics.com\/ru\/\",\"sameAs\":[],\"logo\":{\"@type\":\"ImageObject\",\"@id\":\"https:\/\/spectrebaltics.com\/ru\/#logo\",\"inLanguage\":\"en-US\",\"url\":\"https:\/\/spectrebaltics.com\/wp-content\/uploads\/2024\/03\/Spectrebaltics-logo.svg\",\"contentUrl\":\"https:\/\/spectrebaltics.com\/wp-content\/uploads\/2024\/03\/Spectrebaltics-logo.svg\",\"caption\":\"Spectrebaltics\"},\"image\":{\"@id\":\"https:\/\/spectrebaltics.com\/ru\/#logo\"}},{\"@type\":\"WebSite\",\"@id\":\"https:\/\/spectrebaltics.com\/ru\/#website\",\"url\":\"https:\/\/spectrebaltics.com\/ru\/\",\"name\":\"Spectrebaltics\",\"description\":\"\",\"publisher\":{\"@id\":\"https:\/\/spectrebaltics.com\/ru\/#organization\"},\"potentialAction\":[{\"@type\":\"SearchAction\",\"target\":{\"@type\":\"EntryPoint\",\"urlTemplate\":\"https:\/\/spectrebaltics.com\/ru\/?s={search_term_string}\"},\"query-input\":\"required name=search_term_string\"}],\"inLanguage\":\"en-US\"},{\"@type\":\"ImageObject\",\"@id\":\"https:\/\/spectrebaltics.com\/toode\/kruvikompressor-75kw-frd0710-500l-comprag\/#primaryimage\",\"inLanguage\":\"en-US\",\"url\":\"https:\/\/spectrebaltics.com\/wp-content\/uploads\/2024\/11\/19_fser.jpg\",\"contentUrl\":\"https:\/\/spectrebaltics.com\/wp-content\/uploads\/2024\/11\/19_fser.jpg\",\"width\":800,\"height\":799},{\"@type\":\"WebPage\",\"@id\":\"https:\/\/spectrebaltics.com\/toode\/kruvikompressor-75kw-frd0710-500l-comprag\/#webpage\",\"url\":\"https:\/\/spectrebaltics.com\/toode\/kruvikompressor-75kw-frd0710-500l-comprag\/\",\"name\":\"Kruvikompressor 7,5kW FRD0710-500L Comprag\",\"isPartOf\":{\"@id\":\"https:\/\/spectrebaltics.com\/ru\/#website\"},\"primaryImageOfPage\":{\"@id\":\"https:\/\/spectrebaltics.com\/toode\/kruvikompressor-75kw-frd0710-500l-comprag\/#primaryimage\"},\"datePublished\":\"2024-11-03T15:23:02+00:00\",\"dateModified\":\"2024-11-03T15:23:03+00:00\",\"breadcrumb\":{\"@id\":\"https:\/\/spectrebaltics.com\/toode\/kruvikompressor-75kw-frd0710-500l-comprag\/#breadcrumb\"},\"inLanguage\":\"en-US\",\"potentialAction\":[{\"@type\":\"ReadAction\",\"target\":[\"https:\/\/spectrebaltics.com\/toode\/kruvikompressor-75kw-frd0710-500l-comprag\/\"]}]},{\"@type\":\"BreadcrumbList\",\"@id\":\"https:\/\/spectrebaltics.com\/toode\/kruvikompressor-75kw-frd0710-500l-comprag\/#breadcrumb\",\"itemListElement\":[{\"@type\":\"ListItem\",\"position\":1,\"name\":\"Home\",\"item\":\"https:\/\/spectrebaltics.com\/en\/\"},{\"@type\":\"ListItem\",\"position\":2,\"name\":\"Catalogue\",\"item\":\"https:\/\/spectrebaltics.com\/en\/catalogue\/\"},{\"@type\":\"ListItem\",\"position\":3,\"name\":\"Kruvikompressor 7,5kW FRD0710-500L Comprag\"}]}]}<\/script>\n<!-- \/ Yoast SEO plugin. -->","yoast_head_json":{"title":"Kruvikompressor 7,5kW FRD0710-500L Comprag","robots":{"index":"index","follow":"follow","max-snippet":"max-snippet:-1","max-image-preview":"max-image-preview:large","max-video-preview":"max-video-preview:-1"},"canonical":"https:\/\/spectrebaltics.com\/toode\/kruvikompressor-75kw-frd0710-500l-comprag\/","og_locale":"en_US","og_type":"article","og_title":"Kruvikompressor 7,5kW FRD0710-500L Comprag","og_description":"FRD-07 V\u00f5imsus (kW)\u00a0 7,5 T\u00f6\u00f6r\u00f5hk (bar)\u00a0 8\/10 Kompressori m\u00fcratase dB(A)\u00a0 65 Suru\u00f5humahuti (liiter)\u00a0 500 Pikkus L (mm) 11546 \/ 1855 Laius W (mm) 724 K\u00f5rgus H (mm) 1472 \/ 1586 Kaal (kg) 457 \/ 495","og_url":"https:\/\/spectrebaltics.com\/toode\/kruvikompressor-75kw-frd0710-500l-comprag\/","og_site_name":"Spectrebaltics","article_modified_time":"2024-11-03T15:23:03+00:00","og_image":[{"width":800,"height":799,"url":"https:\/\/spectrebaltics.com\/wp-content\/uploads\/2024\/11\/19_fser.jpg","type":"image\/jpeg"}],"twitter_card":"summary_large_image","schema":{"@context":"https:\/\/schema.org","@graph":[{"@type":"Organization","@id":"https:\/\/spectrebaltics.com\/ru\/#organization","name":"Spectrebaltics","url":"https:\/\/spectrebaltics.com\/ru\/","sameAs":[],"logo":{"@type":"ImageObject","@id":"https:\/\/spectrebaltics.com\/ru\/#logo","inLanguage":"en-US","url":"https:\/\/spectrebaltics.com\/wp-content\/uploads\/2024\/03\/Spectrebaltics-logo.svg","contentUrl":"https:\/\/spectrebaltics.com\/wp-content\/uploads\/2024\/03\/Spectrebaltics-logo.svg","caption":"Spectrebaltics"},"image":{"@id":"https:\/\/spectrebaltics.com\/ru\/#logo"}},{"@type":"WebSite","@id":"https:\/\/spectrebaltics.com\/ru\/#website","url":"https:\/\/spectrebaltics.com\/ru\/","name":"Spectrebaltics","description":"","publisher":{"@id":"https:\/\/spectrebaltics.com\/ru\/#organization"},"potentialAction":[{"@type":"SearchAction","target":{"@type":"EntryPoint","urlTemplate":"https:\/\/spectrebaltics.com\/ru\/?s={search_term_string}"},"query-input":"required name=search_term_string"}],"inLanguage":"en-US"},{"@type":"ImageObject","@id":"https:\/\/spectrebaltics.com\/toode\/kruvikompressor-75kw-frd0710-500l-comprag\/#primaryimage","inLanguage":"en-US","url":"https:\/\/spectrebaltics.com\/wp-content\/uploads\/2024\/11\/19_fser.jpg","contentUrl":"https:\/\/spectrebaltics.com\/wp-content\/uploads\/2024\/11\/19_fser.jpg","width":800,"height":799},{"@type":"WebPage","@id":"https:\/\/spectrebaltics.com\/toode\/kruvikompressor-75kw-frd0710-500l-comprag\/#webpage","url":"https:\/\/spectrebaltics.com\/toode\/kruvikompressor-75kw-frd0710-500l-comprag\/","name":"Kruvikompressor 7,5kW FRD0710-500L Comprag","isPartOf":{"@id":"https:\/\/spectrebaltics.com\/ru\/#website"},"primaryImageOfPage":{"@id":"https:\/\/spectrebaltics.com\/toode\/kruvikompressor-75kw-frd0710-500l-comprag\/#primaryimage"},"datePublished":"2024-11-03T15:23:02+00:00","dateModified":"2024-11-03T15:23:03+00:00","breadcrumb":{"@id":"https:\/\/spectrebaltics.com\/toode\/kruvikompressor-75kw-frd0710-500l-comprag\/#breadcrumb"},"inLanguage":"en-US","potentialAction":[{"@type":"ReadAction","target":["https:\/\/spectrebaltics.com\/toode\/kruvikompressor-75kw-frd0710-500l-comprag\/"]}]},{"@type":"BreadcrumbList","@id":"https:\/\/spectrebaltics.com\/toode\/kruvikompressor-75kw-frd0710-500l-comprag\/#breadcrumb","itemListElement":[{"@type":"ListItem","position":1,"name":"Home","item":"https:\/\/spectrebaltics.com\/en\/"},{"@type":"ListItem","position":2,"name":"Catalogue","item":"https:\/\/spectrebaltics.com\/en\/catalogue\/"},{"@type":"ListItem","position":3,"name":"Kruvikompressor 7,5kW FRD0710-500L Comprag"}]}]}},"_links":{"self":[{"href":"https:\/\/spectrebaltics.com\/en\/wp-json\/wp\/v2\/product\/11636"}],"collection":[{"href":"https:\/\/spectrebaltics.com\/en\/wp-json\/wp\/v2\/product"}],"about":[{"href":"https:\/\/spectrebaltics.com\/en\/wp-json\/wp\/v2\/types\/product"}],"wp:featuredmedia":[{"embeddable":true,"href":"https:\/\/spectrebaltics.com\/en\/wp-json\/wp\/v2\/media\/11637"}],"wp:attachment":[{"href":"https:\/\/spectrebaltics.com\/en\/wp-json\/wp\/v2\/media?parent=11636"}],"wp:term":[{"taxonomy":"product_cat","embeddable":true,"href":"https:\/\/spectrebaltics.com\/en\/wp-json\/wp\/v2\/product_cat?post=11636"},{"taxonomy":"product_tag","embeddable":true,"href":"https:\/\/spectrebaltics.com\/en\/wp-json\/wp\/v2\/product_tag?post=11636"}],"curies":[{"name":"wp","href":"https:\/\/api.w.org\/{rel}","templated":true}]}}