{"id":12367,"date":"2024-12-30T07:22:45","date_gmt":"2024-12-30T07:22:45","guid":{"rendered":"https:\/\/spectrebaltics.com\/?post_type=product&#038;p=12367"},"modified":"2024-12-30T07:22:46","modified_gmt":"2024-12-30T07:22:46","slug":"binzel-keevituspolet-abitig-20f-8m","status":"publish","type":"product","link":"https:\/\/spectrebaltics.com\/en\/toode\/binzel-keevituspolet-abitig-20f-8m\/","title":{"rendered":"Binzel Keevitusp\u00f5let ABITIG 20F 8m"},"content":{"rendered":"<p>ABITIG \u00ae GRIP \u2013 t\u00e4ielik lahendus TIG-keevituse keevitusk\u00e4epideme jaoks. See seeria on loogiline edasiarendus ABITIG\u00ae k\u00e4epideme seeriast, mida on iseloomustanud modulaarse disaini j\u00e4rjepidev rakendamine ja optimaalne ergonoomika.<\/p>\n<p>Erinevate t\u00f6\u00f6piirkondadega, \u00f5hk- v\u00f5i vedelikjahutusega k\u00e4epidemed, varustatud ergonoomilise \u201cGRIP\u201d k\u00e4epidemega ja optimeeritud \u00fchendustega kaablikimpude jaoks, mis v\u00f5imaldavad kasutada erinevaid l\u00fclitus- ja juhtimismooduleid. K\u00f5ik kuluvad osad vastavad rahvusvahelisele \u201cSR\u201d standardile.<\/p>\n","protected":false},"excerpt":{"rendered":"<p>ABITIG \u00ae GRIP \u2013 t\u00e4ielik lahendus TIG-keevituse keevitusk\u00e4epideme jaoks. See seeria on loogiline edasiarendus ABITIG\u00ae k\u00e4epideme seeriast, mida on iseloomustanud modulaarse disaini j\u00e4rjepidev rakendamine ja optimaalne ergonoomika. Erinevate t\u00f6\u00f6piirkondadega, \u00f5hk- v\u00f5i vedelikjahutusega k\u00e4epidemed, varustatud ergonoomilise \u201cGRIP\u201d k\u00e4epidemega ja optimeeritud \u00fchendustega kaablikimpude jaoks, mis v\u00f5imaldavad kasutada erinevaid l\u00fclitus- ja juhtimismooduleid. K\u00f5ik kuluvad osad vastavad rahvusvahelisele \u201cSR\u201d&#8230;<\/p>\n","protected":false},"featured_media":12368,"template":"","meta":[],"product_cat":[65,72],"product_tag":[],"yoast_head":"<!-- This site is optimized with the Yoast SEO plugin v18.4.1 - https:\/\/yoast.com\/wordpress\/plugins\/seo\/ -->\n<title>Binzel Keevitusp\u00f5let ABITIG 20F 8m<\/title>\n<meta name=\"robots\" content=\"index, follow, max-snippet:-1, max-image-preview:large, max-video-preview:-1\" \/>\n<link rel=\"canonical\" href=\"https:\/\/spectrebaltics.com\/toode\/binzel-keevituspolet-abitig-20f-8m\/\" \/>\n<meta property=\"og:locale\" content=\"en_US\" \/>\n<meta property=\"og:type\" content=\"article\" \/>\n<meta property=\"og:title\" content=\"Binzel Keevitusp\u00f5let ABITIG 20F 8m\" \/>\n<meta property=\"og:description\" content=\"ABITIG \u00ae GRIP \u2013 t\u00e4ielik lahendus TIG-keevituse keevitusk\u00e4epideme jaoks. See seeria on loogiline edasiarendus ABITIG\u00ae k\u00e4epideme seeriast, mida on iseloomustanud modulaarse disaini j\u00e4rjepidev rakendamine ja optimaalne ergonoomika. Erinevate t\u00f6\u00f6piirkondadega, \u00f5hk- v\u00f5i vedelikjahutusega k\u00e4epidemed, varustatud ergonoomilise \u201cGRIP\u201d k\u00e4epidemega ja optimeeritud \u00fchendustega kaablikimpude jaoks, mis v\u00f5imaldavad kasutada erinevaid l\u00fclitus- ja juhtimismooduleid. K\u00f5ik kuluvad osad vastavad rahvusvahelisele \u201cSR\u201d...\" \/>\n<meta property=\"og:url\" content=\"https:\/\/spectrebaltics.com\/toode\/binzel-keevituspolet-abitig-20f-8m\/\" \/>\n<meta property=\"og:site_name\" content=\"Spectrebaltics\" \/>\n<meta property=\"article:modified_time\" content=\"2024-12-30T07:22:46+00:00\" \/>\n<meta property=\"og:image\" content=\"https:\/\/spectrebaltics.com\/wp-content\/uploads\/2024\/12\/abicor_binzel_abitig_26_hfl.jpg\" \/>\n\t<meta property=\"og:image:width\" content=\"800\" \/>\n\t<meta property=\"og:image:height\" content=\"800\" \/>\n\t<meta property=\"og:image:type\" content=\"image\/jpeg\" \/>\n<meta name=\"twitter:card\" content=\"summary_large_image\" \/>\n<script type=\"application\/ld+json\" class=\"yoast-schema-graph\">{\"@context\":\"https:\/\/schema.org\",\"@graph\":[{\"@type\":\"Organization\",\"@id\":\"https:\/\/spectrebaltics.com\/ru\/#organization\",\"name\":\"Spectrebaltics\",\"url\":\"https:\/\/spectrebaltics.com\/ru\/\",\"sameAs\":[],\"logo\":{\"@type\":\"ImageObject\",\"@id\":\"https:\/\/spectrebaltics.com\/ru\/#logo\",\"inLanguage\":\"en-US\",\"url\":\"https:\/\/spectrebaltics.com\/wp-content\/uploads\/2024\/03\/Spectrebaltics-logo.svg\",\"contentUrl\":\"https:\/\/spectrebaltics.com\/wp-content\/uploads\/2024\/03\/Spectrebaltics-logo.svg\",\"caption\":\"Spectrebaltics\"},\"image\":{\"@id\":\"https:\/\/spectrebaltics.com\/ru\/#logo\"}},{\"@type\":\"WebSite\",\"@id\":\"https:\/\/spectrebaltics.com\/ru\/#website\",\"url\":\"https:\/\/spectrebaltics.com\/ru\/\",\"name\":\"Spectrebaltics\",\"description\":\"\",\"publisher\":{\"@id\":\"https:\/\/spectrebaltics.com\/ru\/#organization\"},\"potentialAction\":[{\"@type\":\"SearchAction\",\"target\":{\"@type\":\"EntryPoint\",\"urlTemplate\":\"https:\/\/spectrebaltics.com\/ru\/?s={search_term_string}\"},\"query-input\":\"required name=search_term_string\"}],\"inLanguage\":\"en-US\"},{\"@type\":\"ImageObject\",\"@id\":\"https:\/\/spectrebaltics.com\/toode\/binzel-keevituspolet-abitig-20f-8m\/#primaryimage\",\"inLanguage\":\"en-US\",\"url\":\"https:\/\/spectrebaltics.com\/wp-content\/uploads\/2024\/12\/abicor_binzel_abitig_26_hfl.jpg\",\"contentUrl\":\"https:\/\/spectrebaltics.com\/wp-content\/uploads\/2024\/12\/abicor_binzel_abitig_26_hfl.jpg\",\"width\":800,\"height\":800},{\"@type\":\"WebPage\",\"@id\":\"https:\/\/spectrebaltics.com\/toode\/binzel-keevituspolet-abitig-20f-8m\/#webpage\",\"url\":\"https:\/\/spectrebaltics.com\/toode\/binzel-keevituspolet-abitig-20f-8m\/\",\"name\":\"Binzel Keevitusp\u00f5let ABITIG 20F 8m\",\"isPartOf\":{\"@id\":\"https:\/\/spectrebaltics.com\/ru\/#website\"},\"primaryImageOfPage\":{\"@id\":\"https:\/\/spectrebaltics.com\/toode\/binzel-keevituspolet-abitig-20f-8m\/#primaryimage\"},\"datePublished\":\"2024-12-30T07:22:45+00:00\",\"dateModified\":\"2024-12-30T07:22:46+00:00\",\"breadcrumb\":{\"@id\":\"https:\/\/spectrebaltics.com\/toode\/binzel-keevituspolet-abitig-20f-8m\/#breadcrumb\"},\"inLanguage\":\"en-US\",\"potentialAction\":[{\"@type\":\"ReadAction\",\"target\":[\"https:\/\/spectrebaltics.com\/toode\/binzel-keevituspolet-abitig-20f-8m\/\"]}]},{\"@type\":\"BreadcrumbList\",\"@id\":\"https:\/\/spectrebaltics.com\/toode\/binzel-keevituspolet-abitig-20f-8m\/#breadcrumb\",\"itemListElement\":[{\"@type\":\"ListItem\",\"position\":1,\"name\":\"Home\",\"item\":\"https:\/\/spectrebaltics.com\/en\/\"},{\"@type\":\"ListItem\",\"position\":2,\"name\":\"Catalogue\",\"item\":\"https:\/\/spectrebaltics.com\/en\/catalogue\/\"},{\"@type\":\"ListItem\",\"position\":3,\"name\":\"Binzel Keevitusp\u00f5let ABITIG 20F 8m\"}]}]}<\/script>\n<!-- \/ Yoast SEO plugin. -->","yoast_head_json":{"title":"Binzel Keevitusp\u00f5let ABITIG 20F 8m","robots":{"index":"index","follow":"follow","max-snippet":"max-snippet:-1","max-image-preview":"max-image-preview:large","max-video-preview":"max-video-preview:-1"},"canonical":"https:\/\/spectrebaltics.com\/toode\/binzel-keevituspolet-abitig-20f-8m\/","og_locale":"en_US","og_type":"article","og_title":"Binzel Keevitusp\u00f5let ABITIG 20F 8m","og_description":"ABITIG \u00ae GRIP \u2013 t\u00e4ielik lahendus TIG-keevituse keevitusk\u00e4epideme jaoks. See seeria on loogiline edasiarendus ABITIG\u00ae k\u00e4epideme seeriast, mida on iseloomustanud modulaarse disaini j\u00e4rjepidev rakendamine ja optimaalne ergonoomika. Erinevate t\u00f6\u00f6piirkondadega, \u00f5hk- v\u00f5i vedelikjahutusega k\u00e4epidemed, varustatud ergonoomilise \u201cGRIP\u201d k\u00e4epidemega ja optimeeritud \u00fchendustega kaablikimpude jaoks, mis v\u00f5imaldavad kasutada erinevaid l\u00fclitus- ja juhtimismooduleid. K\u00f5ik kuluvad osad vastavad rahvusvahelisele \u201cSR\u201d...","og_url":"https:\/\/spectrebaltics.com\/toode\/binzel-keevituspolet-abitig-20f-8m\/","og_site_name":"Spectrebaltics","article_modified_time":"2024-12-30T07:22:46+00:00","og_image":[{"width":800,"height":800,"url":"https:\/\/spectrebaltics.com\/wp-content\/uploads\/2024\/12\/abicor_binzel_abitig_26_hfl.jpg","type":"image\/jpeg"}],"twitter_card":"summary_large_image","schema":{"@context":"https:\/\/schema.org","@graph":[{"@type":"Organization","@id":"https:\/\/spectrebaltics.com\/ru\/#organization","name":"Spectrebaltics","url":"https:\/\/spectrebaltics.com\/ru\/","sameAs":[],"logo":{"@type":"ImageObject","@id":"https:\/\/spectrebaltics.com\/ru\/#logo","inLanguage":"en-US","url":"https:\/\/spectrebaltics.com\/wp-content\/uploads\/2024\/03\/Spectrebaltics-logo.svg","contentUrl":"https:\/\/spectrebaltics.com\/wp-content\/uploads\/2024\/03\/Spectrebaltics-logo.svg","caption":"Spectrebaltics"},"image":{"@id":"https:\/\/spectrebaltics.com\/ru\/#logo"}},{"@type":"WebSite","@id":"https:\/\/spectrebaltics.com\/ru\/#website","url":"https:\/\/spectrebaltics.com\/ru\/","name":"Spectrebaltics","description":"","publisher":{"@id":"https:\/\/spectrebaltics.com\/ru\/#organization"},"potentialAction":[{"@type":"SearchAction","target":{"@type":"EntryPoint","urlTemplate":"https:\/\/spectrebaltics.com\/ru\/?s={search_term_string}"},"query-input":"required name=search_term_string"}],"inLanguage":"en-US"},{"@type":"ImageObject","@id":"https:\/\/spectrebaltics.com\/toode\/binzel-keevituspolet-abitig-20f-8m\/#primaryimage","inLanguage":"en-US","url":"https:\/\/spectrebaltics.com\/wp-content\/uploads\/2024\/12\/abicor_binzel_abitig_26_hfl.jpg","contentUrl":"https:\/\/spectrebaltics.com\/wp-content\/uploads\/2024\/12\/abicor_binzel_abitig_26_hfl.jpg","width":800,"height":800},{"@type":"WebPage","@id":"https:\/\/spectrebaltics.com\/toode\/binzel-keevituspolet-abitig-20f-8m\/#webpage","url":"https:\/\/spectrebaltics.com\/toode\/binzel-keevituspolet-abitig-20f-8m\/","name":"Binzel Keevitusp\u00f5let ABITIG 20F 8m","isPartOf":{"@id":"https:\/\/spectrebaltics.com\/ru\/#website"},"primaryImageOfPage":{"@id":"https:\/\/spectrebaltics.com\/toode\/binzel-keevituspolet-abitig-20f-8m\/#primaryimage"},"datePublished":"2024-12-30T07:22:45+00:00","dateModified":"2024-12-30T07:22:46+00:00","breadcrumb":{"@id":"https:\/\/spectrebaltics.com\/toode\/binzel-keevituspolet-abitig-20f-8m\/#breadcrumb"},"inLanguage":"en-US","potentialAction":[{"@type":"ReadAction","target":["https:\/\/spectrebaltics.com\/toode\/binzel-keevituspolet-abitig-20f-8m\/"]}]},{"@type":"BreadcrumbList","@id":"https:\/\/spectrebaltics.com\/toode\/binzel-keevituspolet-abitig-20f-8m\/#breadcrumb","itemListElement":[{"@type":"ListItem","position":1,"name":"Home","item":"https:\/\/spectrebaltics.com\/en\/"},{"@type":"ListItem","position":2,"name":"Catalogue","item":"https:\/\/spectrebaltics.com\/en\/catalogue\/"},{"@type":"ListItem","position":3,"name":"Binzel Keevitusp\u00f5let ABITIG 20F 8m"}]}]}},"_links":{"self":[{"href":"https:\/\/spectrebaltics.com\/en\/wp-json\/wp\/v2\/product\/12367"}],"collection":[{"href":"https:\/\/spectrebaltics.com\/en\/wp-json\/wp\/v2\/product"}],"about":[{"href":"https:\/\/spectrebaltics.com\/en\/wp-json\/wp\/v2\/types\/product"}],"wp:featuredmedia":[{"embeddable":true,"href":"https:\/\/spectrebaltics.com\/en\/wp-json\/wp\/v2\/media\/12368"}],"wp:attachment":[{"href":"https:\/\/spectrebaltics.com\/en\/wp-json\/wp\/v2\/media?parent=12367"}],"wp:term":[{"taxonomy":"product_cat","embeddable":true,"href":"https:\/\/spectrebaltics.com\/en\/wp-json\/wp\/v2\/product_cat?post=12367"},{"taxonomy":"product_tag","embeddable":true,"href":"https:\/\/spectrebaltics.com\/en\/wp-json\/wp\/v2\/product_tag?post=12367"}],"curies":[{"name":"wp","href":"https:\/\/api.w.org\/{rel}","templated":true}]}}