{"id":12426,"date":"2025-02-19T13:17:52","date_gmt":"2025-02-19T13:17:52","guid":{"rendered":"https:\/\/spectrebaltics.com\/?post_type=product&#038;p=12426"},"modified":"2025-02-19T13:49:31","modified_gmt":"2025-02-19T13:49:31","slug":"globus-alpha-sentinel-reusable-poolmask-silikonist-large","status":"publish","type":"product","link":"https:\/\/spectrebaltics.com\/en\/toode\/globus-alpha-sentinel-reusable-poolmask-silikonist-large\/","title":{"rendered":"Globus Alpha Sentinel Reusable Poolmask silikonist, large"},"content":{"rendered":"<p><img loading=\"lazy\" class=\"brand-logo \" src=\"https:\/\/globusgroup.ams3.cdn.digitaloceanspaces.com\/globusgroup\/image\/logos\/GG-WEB-LOGOS-1023-02.svg\" alt=\"GG WEB LOGOS 1023 02\" width=\"277\" height=\"44\" \/><\/p>\n<h1 class=\"mt-2\">Alpha Sentinel Premium Poolmask Mask<\/h1>\n<ul class=\"product-features\">\n<li>H\u00e4sti tasakaalustatud ja kerge (140 g), pakkudes kandjale optimaalset mugavust<\/li>\n<li>Saadaval kolmes suuruses, luues kohandatud sobivuse profiili, suurep\u00e4rase sobivuse ja mugavuse igale t\u00f6\u00f6j\u00f5ule<\/li>\n<li>T\u00e4ielikult reguleeritavad pearakmed, mis pakuvad lihtsat paigaldamist ja reguleerimist ning on kasutamise ajal tugevad ja usaldusv\u00e4\u00e4rsed<\/li>\n<li>Madala profiiliga kuju maksimeerib vaatev\u00e4lja ja v\u00f5imaldab erakordset \u00fchilduvust teiste isikukaitsevahenditega<\/li>\n<li>Alpha Sentineli filtrid on varustatud lihtsa \u00fchendusega, mis kl\u00f5psab lihtsalt oma kohale<\/li>\n<li>Kvaliteetne elastne rihm tagab turvalise \u00fclimugavuse ja hoiab maski asendi<\/li>\n<li>Suur v\u00e4ljahingamisklapp v\u00e4hendab kuumuse ja niiskuse kogunemist, tagades madala hingamistakistuse<\/li>\n<li>Kergesti puhastatav ja hooldatav varuosadega<\/li>\n<li>Saadaval kvantitatiivne n\u00e4ole sobiv adapter<\/li>\n<li>Respiraatorid on varustatud kasutaja tihendi kontrollkaantega, mis toimivad kombineeritud filtri tahkete osakeste hoidjatena<br \/>\nDATASHEET &#8211; Inglise keeles<\/li>\n<\/ul>\n<p><a href=\"https:\/\/spectrebaltics.com\/wp-content\/uploads\/2025\/02\/asras0001_data_alp_sentinelhm_en_0822.pdf\">ASRAS0001_DATA_ALP_SentinelHM_EN_0822<\/a><\/p>\n","protected":false},"excerpt":{"rendered":"<p>Alpha Sentinel Premium Poolmask Mask H\u00e4sti tasakaalustatud ja kerge (140 g), pakkudes kandjale optimaalset mugavust Saadaval kolmes suuruses, luues kohandatud sobivuse profiili, suurep\u00e4rase sobivuse ja mugavuse igale t\u00f6\u00f6j\u00f5ule T\u00e4ielikult reguleeritavad pearakmed, mis pakuvad lihtsat paigaldamist ja reguleerimist ning on kasutamise ajal tugevad ja usaldusv\u00e4\u00e4rsed Madala profiiliga kuju maksimeerib vaatev\u00e4lja ja v\u00f5imaldab erakordset \u00fchilduvust teiste isikukaitsevahenditega&#8230;<\/p>\n","protected":false},"featured_media":12427,"template":"","meta":[],"product_cat":[106,108],"product_tag":[],"yoast_head":"<!-- This site is optimized with the Yoast SEO plugin v18.4.1 - https:\/\/yoast.com\/wordpress\/plugins\/seo\/ -->\n<title>Globus Alpha Sentinel Reusable Poolmask silikonist, large<\/title>\n<meta name=\"robots\" content=\"index, follow, max-snippet:-1, max-image-preview:large, max-video-preview:-1\" \/>\n<link rel=\"canonical\" href=\"https:\/\/spectrebaltics.com\/toode\/globus-alpha-sentinel-reusable-poolmask-silikonist-large\/\" \/>\n<meta property=\"og:locale\" content=\"en_US\" \/>\n<meta property=\"og:type\" content=\"article\" \/>\n<meta property=\"og:title\" content=\"Globus Alpha Sentinel Reusable Poolmask silikonist, large\" \/>\n<meta property=\"og:description\" content=\"Alpha Sentinel Premium Poolmask Mask H\u00e4sti tasakaalustatud ja kerge (140 g), pakkudes kandjale optimaalset mugavust Saadaval kolmes suuruses, luues kohandatud sobivuse profiili, suurep\u00e4rase sobivuse ja mugavuse igale t\u00f6\u00f6j\u00f5ule T\u00e4ielikult reguleeritavad pearakmed, mis pakuvad lihtsat paigaldamist ja reguleerimist ning on kasutamise ajal tugevad ja usaldusv\u00e4\u00e4rsed Madala profiiliga kuju maksimeerib vaatev\u00e4lja ja v\u00f5imaldab erakordset \u00fchilduvust teiste isikukaitsevahenditega...\" \/>\n<meta property=\"og:url\" content=\"https:\/\/spectrebaltics.com\/toode\/globus-alpha-sentinel-reusable-poolmask-silikonist-large\/\" \/>\n<meta property=\"og:site_name\" content=\"Spectrebaltics\" \/>\n<meta property=\"article:modified_time\" content=\"2025-02-19T13:49:31+00:00\" \/>\n<meta name=\"twitter:card\" content=\"summary_large_image\" \/>\n<meta name=\"twitter:image\" content=\"https:\/\/spectrebaltics.com\/wp-content\/uploads\/2025\/02\/asras0001_p_i_fl_alp_sentinelasras0001.webp\" \/>\n<meta name=\"twitter:label1\" content=\"Est. reading time\" \/>\n\t<meta name=\"twitter:data1\" content=\"1 minute\" \/>\n<script type=\"application\/ld+json\" class=\"yoast-schema-graph\">{\"@context\":\"https:\/\/schema.org\",\"@graph\":[{\"@type\":\"Organization\",\"@id\":\"https:\/\/spectrebaltics.com\/ru\/#organization\",\"name\":\"Spectrebaltics\",\"url\":\"https:\/\/spectrebaltics.com\/ru\/\",\"sameAs\":[],\"logo\":{\"@type\":\"ImageObject\",\"@id\":\"https:\/\/spectrebaltics.com\/ru\/#logo\",\"inLanguage\":\"en-US\",\"url\":\"https:\/\/spectrebaltics.com\/wp-content\/uploads\/2024\/03\/Spectrebaltics-logo.svg\",\"contentUrl\":\"https:\/\/spectrebaltics.com\/wp-content\/uploads\/2024\/03\/Spectrebaltics-logo.svg\",\"caption\":\"Spectrebaltics\"},\"image\":{\"@id\":\"https:\/\/spectrebaltics.com\/ru\/#logo\"}},{\"@type\":\"WebSite\",\"@id\":\"https:\/\/spectrebaltics.com\/ru\/#website\",\"url\":\"https:\/\/spectrebaltics.com\/ru\/\",\"name\":\"Spectrebaltics\",\"description\":\"\",\"publisher\":{\"@id\":\"https:\/\/spectrebaltics.com\/ru\/#organization\"},\"potentialAction\":[{\"@type\":\"SearchAction\",\"target\":{\"@type\":\"EntryPoint\",\"urlTemplate\":\"https:\/\/spectrebaltics.com\/ru\/?s={search_term_string}\"},\"query-input\":\"required name=search_term_string\"}],\"inLanguage\":\"en-US\"},{\"@type\":\"ImageObject\",\"@id\":\"https:\/\/spectrebaltics.com\/toode\/globus-alpha-sentinel-reusable-poolmask-silikonist-large\/#primaryimage\",\"inLanguage\":\"en-US\",\"url\":\"https:\/\/spectrebaltics.com\/wp-content\/uploads\/2025\/02\/asras0001_p_i_fl_alp_sentinelasras0001.webp\",\"contentUrl\":\"https:\/\/spectrebaltics.com\/wp-content\/uploads\/2025\/02\/asras0001_p_i_fl_alp_sentinelasras0001.webp\",\"width\":800,\"height\":800},{\"@type\":\"WebPage\",\"@id\":\"https:\/\/spectrebaltics.com\/toode\/globus-alpha-sentinel-reusable-poolmask-silikonist-large\/#webpage\",\"url\":\"https:\/\/spectrebaltics.com\/toode\/globus-alpha-sentinel-reusable-poolmask-silikonist-large\/\",\"name\":\"Globus Alpha Sentinel Reusable Poolmask silikonist, large\",\"isPartOf\":{\"@id\":\"https:\/\/spectrebaltics.com\/ru\/#website\"},\"primaryImageOfPage\":{\"@id\":\"https:\/\/spectrebaltics.com\/toode\/globus-alpha-sentinel-reusable-poolmask-silikonist-large\/#primaryimage\"},\"datePublished\":\"2025-02-19T13:17:52+00:00\",\"dateModified\":\"2025-02-19T13:49:31+00:00\",\"breadcrumb\":{\"@id\":\"https:\/\/spectrebaltics.com\/toode\/globus-alpha-sentinel-reusable-poolmask-silikonist-large\/#breadcrumb\"},\"inLanguage\":\"en-US\",\"potentialAction\":[{\"@type\":\"ReadAction\",\"target\":[\"https:\/\/spectrebaltics.com\/toode\/globus-alpha-sentinel-reusable-poolmask-silikonist-large\/\"]}]},{\"@type\":\"BreadcrumbList\",\"@id\":\"https:\/\/spectrebaltics.com\/toode\/globus-alpha-sentinel-reusable-poolmask-silikonist-large\/#breadcrumb\",\"itemListElement\":[{\"@type\":\"ListItem\",\"position\":1,\"name\":\"Home\",\"item\":\"https:\/\/spectrebaltics.com\/en\/\"},{\"@type\":\"ListItem\",\"position\":2,\"name\":\"Catalogue\",\"item\":\"https:\/\/spectrebaltics.com\/en\/catalogue\/\"},{\"@type\":\"ListItem\",\"position\":3,\"name\":\"Globus Alpha Sentinel Reusable Poolmask silikonist, large\"}]}]}<\/script>\n<!-- \/ Yoast SEO plugin. -->","yoast_head_json":{"title":"Globus Alpha Sentinel Reusable Poolmask silikonist, large","robots":{"index":"index","follow":"follow","max-snippet":"max-snippet:-1","max-image-preview":"max-image-preview:large","max-video-preview":"max-video-preview:-1"},"canonical":"https:\/\/spectrebaltics.com\/toode\/globus-alpha-sentinel-reusable-poolmask-silikonist-large\/","og_locale":"en_US","og_type":"article","og_title":"Globus Alpha Sentinel Reusable Poolmask silikonist, large","og_description":"Alpha Sentinel Premium Poolmask Mask H\u00e4sti tasakaalustatud ja kerge (140 g), pakkudes kandjale optimaalset mugavust Saadaval kolmes suuruses, luues kohandatud sobivuse profiili, suurep\u00e4rase sobivuse ja mugavuse igale t\u00f6\u00f6j\u00f5ule T\u00e4ielikult reguleeritavad pearakmed, mis pakuvad lihtsat paigaldamist ja reguleerimist ning on kasutamise ajal tugevad ja usaldusv\u00e4\u00e4rsed Madala profiiliga kuju maksimeerib vaatev\u00e4lja ja v\u00f5imaldab erakordset \u00fchilduvust teiste isikukaitsevahenditega...","og_url":"https:\/\/spectrebaltics.com\/toode\/globus-alpha-sentinel-reusable-poolmask-silikonist-large\/","og_site_name":"Spectrebaltics","article_modified_time":"2025-02-19T13:49:31+00:00","twitter_card":"summary_large_image","twitter_image":"https:\/\/spectrebaltics.com\/wp-content\/uploads\/2025\/02\/asras0001_p_i_fl_alp_sentinelasras0001.webp","twitter_misc":{"Est. reading time":"1 minute"},"schema":{"@context":"https:\/\/schema.org","@graph":[{"@type":"Organization","@id":"https:\/\/spectrebaltics.com\/ru\/#organization","name":"Spectrebaltics","url":"https:\/\/spectrebaltics.com\/ru\/","sameAs":[],"logo":{"@type":"ImageObject","@id":"https:\/\/spectrebaltics.com\/ru\/#logo","inLanguage":"en-US","url":"https:\/\/spectrebaltics.com\/wp-content\/uploads\/2024\/03\/Spectrebaltics-logo.svg","contentUrl":"https:\/\/spectrebaltics.com\/wp-content\/uploads\/2024\/03\/Spectrebaltics-logo.svg","caption":"Spectrebaltics"},"image":{"@id":"https:\/\/spectrebaltics.com\/ru\/#logo"}},{"@type":"WebSite","@id":"https:\/\/spectrebaltics.com\/ru\/#website","url":"https:\/\/spectrebaltics.com\/ru\/","name":"Spectrebaltics","description":"","publisher":{"@id":"https:\/\/spectrebaltics.com\/ru\/#organization"},"potentialAction":[{"@type":"SearchAction","target":{"@type":"EntryPoint","urlTemplate":"https:\/\/spectrebaltics.com\/ru\/?s={search_term_string}"},"query-input":"required name=search_term_string"}],"inLanguage":"en-US"},{"@type":"ImageObject","@id":"https:\/\/spectrebaltics.com\/toode\/globus-alpha-sentinel-reusable-poolmask-silikonist-large\/#primaryimage","inLanguage":"en-US","url":"https:\/\/spectrebaltics.com\/wp-content\/uploads\/2025\/02\/asras0001_p_i_fl_alp_sentinelasras0001.webp","contentUrl":"https:\/\/spectrebaltics.com\/wp-content\/uploads\/2025\/02\/asras0001_p_i_fl_alp_sentinelasras0001.webp","width":800,"height":800},{"@type":"WebPage","@id":"https:\/\/spectrebaltics.com\/toode\/globus-alpha-sentinel-reusable-poolmask-silikonist-large\/#webpage","url":"https:\/\/spectrebaltics.com\/toode\/globus-alpha-sentinel-reusable-poolmask-silikonist-large\/","name":"Globus Alpha Sentinel Reusable Poolmask silikonist, large","isPartOf":{"@id":"https:\/\/spectrebaltics.com\/ru\/#website"},"primaryImageOfPage":{"@id":"https:\/\/spectrebaltics.com\/toode\/globus-alpha-sentinel-reusable-poolmask-silikonist-large\/#primaryimage"},"datePublished":"2025-02-19T13:17:52+00:00","dateModified":"2025-02-19T13:49:31+00:00","breadcrumb":{"@id":"https:\/\/spectrebaltics.com\/toode\/globus-alpha-sentinel-reusable-poolmask-silikonist-large\/#breadcrumb"},"inLanguage":"en-US","potentialAction":[{"@type":"ReadAction","target":["https:\/\/spectrebaltics.com\/toode\/globus-alpha-sentinel-reusable-poolmask-silikonist-large\/"]}]},{"@type":"BreadcrumbList","@id":"https:\/\/spectrebaltics.com\/toode\/globus-alpha-sentinel-reusable-poolmask-silikonist-large\/#breadcrumb","itemListElement":[{"@type":"ListItem","position":1,"name":"Home","item":"https:\/\/spectrebaltics.com\/en\/"},{"@type":"ListItem","position":2,"name":"Catalogue","item":"https:\/\/spectrebaltics.com\/en\/catalogue\/"},{"@type":"ListItem","position":3,"name":"Globus Alpha Sentinel Reusable Poolmask silikonist, large"}]}]}},"_links":{"self":[{"href":"https:\/\/spectrebaltics.com\/en\/wp-json\/wp\/v2\/product\/12426"}],"collection":[{"href":"https:\/\/spectrebaltics.com\/en\/wp-json\/wp\/v2\/product"}],"about":[{"href":"https:\/\/spectrebaltics.com\/en\/wp-json\/wp\/v2\/types\/product"}],"wp:featuredmedia":[{"embeddable":true,"href":"https:\/\/spectrebaltics.com\/en\/wp-json\/wp\/v2\/media\/12427"}],"wp:attachment":[{"href":"https:\/\/spectrebaltics.com\/en\/wp-json\/wp\/v2\/media?parent=12426"}],"wp:term":[{"taxonomy":"product_cat","embeddable":true,"href":"https:\/\/spectrebaltics.com\/en\/wp-json\/wp\/v2\/product_cat?post=12426"},{"taxonomy":"product_tag","embeddable":true,"href":"https:\/\/spectrebaltics.com\/en\/wp-json\/wp\/v2\/product_tag?post=12426"}],"curies":[{"name":"wp","href":"https:\/\/api.w.org\/{rel}","templated":true}]}}