{"id":12468,"date":"2025-05-15T09:06:58","date_gmt":"2025-05-15T09:06:58","guid":{"rendered":"https:\/\/spectrebaltics.com\/?post_type=product&#038;p=12468"},"modified":"2025-05-15T09:06:58","modified_gmt":"2025-05-15T09:06:58","slug":"tetu-nahast-talvekindad-1021w","status":"publish","type":"product","link":"https:\/\/spectrebaltics.com\/en\/toode\/tetu-nahast-talvekindad-1021w\/","title":{"rendered":"TETU Nahast talvekindad 1021W"},"content":{"rendered":"<p>Alligaatori kvaliteediga kinnas on s\u00fcnteetiline paigaldajakinnas valjastega. Pehme ja mugav k\u00e4es. Fliisvooder ja membraan kaitsevad k\u00fclma ja vedeliku eest.<\/p>\n<p>Omadused<br \/>\n\u2022 Sobib erinevate paigaldiste jaoks<br \/>\n\u2022 Pehme ja hingav<br \/>\n\u2022 Sile s\u00fcnteetiline vetth\u00fclgav pind<\/p>\n<p>CE-klassifikatsioon<br \/>\nI kategooria, EN420<\/p>\n<p>Materjalid<br \/>\nS\u00fcnteetiline nahk, kangas, liim, foolium, fliis<\/p>\n<p>9\/L, 10\/XL, 11\/2XL<\/p>\n","protected":false},"excerpt":{"rendered":"<p>Alligaatori kvaliteediga kinnas on s\u00fcnteetiline paigaldajakinnas valjastega. Pehme ja mugav k\u00e4es. Fliisvooder ja membraan kaitsevad k\u00fclma ja vedeliku eest. Omadused \u2022 Sobib erinevate paigaldiste jaoks \u2022 Pehme ja hingav \u2022 Sile s\u00fcnteetiline vetth\u00fclgav pind CE-klassifikatsioon I kategooria, EN420 Materjalid S\u00fcnteetiline nahk, kangas, liim, foolium, fliis 9\/L, 10\/XL, 11\/2XL<\/p>\n","protected":false},"featured_media":0,"template":"","meta":[],"product_cat":[46],"product_tag":[],"yoast_head":"<!-- This site is optimized with the Yoast SEO plugin v18.4.1 - https:\/\/yoast.com\/wordpress\/plugins\/seo\/ -->\n<title>TETU Nahast talvekindad 1021W<\/title>\n<meta name=\"robots\" content=\"index, follow, max-snippet:-1, max-image-preview:large, max-video-preview:-1\" \/>\n<link rel=\"canonical\" href=\"https:\/\/spectrebaltics.com\/?post_type=product&#038;p=12468\" \/>\n<meta property=\"og:locale\" content=\"en_US\" \/>\n<meta property=\"og:type\" content=\"article\" \/>\n<meta property=\"og:title\" content=\"TETU Nahast talvekindad 1021W\" \/>\n<meta property=\"og:description\" content=\"Alligaatori kvaliteediga kinnas on s\u00fcnteetiline paigaldajakinnas valjastega. Pehme ja mugav k\u00e4es. Fliisvooder ja membraan kaitsevad k\u00fclma ja vedeliku eest. Omadused \u2022 Sobib erinevate paigaldiste jaoks \u2022 Pehme ja hingav \u2022 Sile s\u00fcnteetiline vetth\u00fclgav pind CE-klassifikatsioon I kategooria, EN420 Materjalid S\u00fcnteetiline nahk, kangas, liim, foolium, fliis 9\/L, 10\/XL, 11\/2XL\" \/>\n<meta property=\"og:url\" content=\"https:\/\/spectrebaltics.com\/?post_type=product&amp;p=12468\" \/>\n<meta property=\"og:site_name\" content=\"Spectrebaltics\" \/>\n<meta name=\"twitter:card\" content=\"summary_large_image\" \/>\n<script type=\"application\/ld+json\" class=\"yoast-schema-graph\">{\"@context\":\"https:\/\/schema.org\",\"@graph\":[{\"@type\":\"Organization\",\"@id\":\"https:\/\/spectrebaltics.com\/ru\/#organization\",\"name\":\"Spectrebaltics\",\"url\":\"https:\/\/spectrebaltics.com\/ru\/\",\"sameAs\":[],\"logo\":{\"@type\":\"ImageObject\",\"@id\":\"https:\/\/spectrebaltics.com\/ru\/#logo\",\"inLanguage\":\"en-US\",\"url\":\"https:\/\/spectrebaltics.com\/wp-content\/uploads\/2024\/03\/Spectrebaltics-logo.svg\",\"contentUrl\":\"https:\/\/spectrebaltics.com\/wp-content\/uploads\/2024\/03\/Spectrebaltics-logo.svg\",\"caption\":\"Spectrebaltics\"},\"image\":{\"@id\":\"https:\/\/spectrebaltics.com\/ru\/#logo\"}},{\"@type\":\"WebSite\",\"@id\":\"https:\/\/spectrebaltics.com\/ru\/#website\",\"url\":\"https:\/\/spectrebaltics.com\/ru\/\",\"name\":\"Spectrebaltics\",\"description\":\"\",\"publisher\":{\"@id\":\"https:\/\/spectrebaltics.com\/ru\/#organization\"},\"potentialAction\":[{\"@type\":\"SearchAction\",\"target\":{\"@type\":\"EntryPoint\",\"urlTemplate\":\"https:\/\/spectrebaltics.com\/ru\/?s={search_term_string}\"},\"query-input\":\"required name=search_term_string\"}],\"inLanguage\":\"en-US\"},{\"@type\":\"WebPage\",\"@id\":\"https:\/\/spectrebaltics.com\/?post_type=product&p=12468#webpage\",\"url\":\"https:\/\/spectrebaltics.com\/?post_type=product&p=12468\",\"name\":\"TETU Nahast talvekindad 1021W\",\"isPartOf\":{\"@id\":\"https:\/\/spectrebaltics.com\/ru\/#website\"},\"datePublished\":\"2025-05-15T09:06:58+00:00\",\"dateModified\":\"2025-05-15T09:06:58+00:00\",\"breadcrumb\":{\"@id\":\"https:\/\/spectrebaltics.com\/?post_type=product&p=12468#breadcrumb\"},\"inLanguage\":\"en-US\",\"potentialAction\":[{\"@type\":\"ReadAction\",\"target\":[\"https:\/\/spectrebaltics.com\/?post_type=product&p=12468\"]}]},{\"@type\":\"BreadcrumbList\",\"@id\":\"https:\/\/spectrebaltics.com\/?post_type=product&p=12468#breadcrumb\",\"itemListElement\":[{\"@type\":\"ListItem\",\"position\":1,\"name\":\"Home\",\"item\":\"https:\/\/spectrebaltics.com\/en\/\"},{\"@type\":\"ListItem\",\"position\":2,\"name\":\"Catalogue\",\"item\":\"https:\/\/spectrebaltics.com\/en\/catalogue\/\"},{\"@type\":\"ListItem\",\"position\":3,\"name\":\"TETU Nahast talvekindad 1021W\"}]}]}<\/script>\n<!-- \/ Yoast SEO plugin. -->","yoast_head_json":{"title":"TETU Nahast talvekindad 1021W","robots":{"index":"index","follow":"follow","max-snippet":"max-snippet:-1","max-image-preview":"max-image-preview:large","max-video-preview":"max-video-preview:-1"},"canonical":"https:\/\/spectrebaltics.com\/?post_type=product&p=12468","og_locale":"en_US","og_type":"article","og_title":"TETU Nahast talvekindad 1021W","og_description":"Alligaatori kvaliteediga kinnas on s\u00fcnteetiline paigaldajakinnas valjastega. Pehme ja mugav k\u00e4es. Fliisvooder ja membraan kaitsevad k\u00fclma ja vedeliku eest. Omadused \u2022 Sobib erinevate paigaldiste jaoks \u2022 Pehme ja hingav \u2022 Sile s\u00fcnteetiline vetth\u00fclgav pind CE-klassifikatsioon I kategooria, EN420 Materjalid S\u00fcnteetiline nahk, kangas, liim, foolium, fliis 9\/L, 10\/XL, 11\/2XL","og_url":"https:\/\/spectrebaltics.com\/?post_type=product&p=12468","og_site_name":"Spectrebaltics","twitter_card":"summary_large_image","schema":{"@context":"https:\/\/schema.org","@graph":[{"@type":"Organization","@id":"https:\/\/spectrebaltics.com\/ru\/#organization","name":"Spectrebaltics","url":"https:\/\/spectrebaltics.com\/ru\/","sameAs":[],"logo":{"@type":"ImageObject","@id":"https:\/\/spectrebaltics.com\/ru\/#logo","inLanguage":"en-US","url":"https:\/\/spectrebaltics.com\/wp-content\/uploads\/2024\/03\/Spectrebaltics-logo.svg","contentUrl":"https:\/\/spectrebaltics.com\/wp-content\/uploads\/2024\/03\/Spectrebaltics-logo.svg","caption":"Spectrebaltics"},"image":{"@id":"https:\/\/spectrebaltics.com\/ru\/#logo"}},{"@type":"WebSite","@id":"https:\/\/spectrebaltics.com\/ru\/#website","url":"https:\/\/spectrebaltics.com\/ru\/","name":"Spectrebaltics","description":"","publisher":{"@id":"https:\/\/spectrebaltics.com\/ru\/#organization"},"potentialAction":[{"@type":"SearchAction","target":{"@type":"EntryPoint","urlTemplate":"https:\/\/spectrebaltics.com\/ru\/?s={search_term_string}"},"query-input":"required name=search_term_string"}],"inLanguage":"en-US"},{"@type":"WebPage","@id":"https:\/\/spectrebaltics.com\/?post_type=product&p=12468#webpage","url":"https:\/\/spectrebaltics.com\/?post_type=product&p=12468","name":"TETU Nahast talvekindad 1021W","isPartOf":{"@id":"https:\/\/spectrebaltics.com\/ru\/#website"},"datePublished":"2025-05-15T09:06:58+00:00","dateModified":"2025-05-15T09:06:58+00:00","breadcrumb":{"@id":"https:\/\/spectrebaltics.com\/?post_type=product&p=12468#breadcrumb"},"inLanguage":"en-US","potentialAction":[{"@type":"ReadAction","target":["https:\/\/spectrebaltics.com\/?post_type=product&p=12468"]}]},{"@type":"BreadcrumbList","@id":"https:\/\/spectrebaltics.com\/?post_type=product&p=12468#breadcrumb","itemListElement":[{"@type":"ListItem","position":1,"name":"Home","item":"https:\/\/spectrebaltics.com\/en\/"},{"@type":"ListItem","position":2,"name":"Catalogue","item":"https:\/\/spectrebaltics.com\/en\/catalogue\/"},{"@type":"ListItem","position":3,"name":"TETU Nahast talvekindad 1021W"}]}]}},"_links":{"self":[{"href":"https:\/\/spectrebaltics.com\/en\/wp-json\/wp\/v2\/product\/12468"}],"collection":[{"href":"https:\/\/spectrebaltics.com\/en\/wp-json\/wp\/v2\/product"}],"about":[{"href":"https:\/\/spectrebaltics.com\/en\/wp-json\/wp\/v2\/types\/product"}],"wp:attachment":[{"href":"https:\/\/spectrebaltics.com\/en\/wp-json\/wp\/v2\/media?parent=12468"}],"wp:term":[{"taxonomy":"product_cat","embeddable":true,"href":"https:\/\/spectrebaltics.com\/en\/wp-json\/wp\/v2\/product_cat?post=12468"},{"taxonomy":"product_tag","embeddable":true,"href":"https:\/\/spectrebaltics.com\/en\/wp-json\/wp\/v2\/product_tag?post=12468"}],"curies":[{"name":"wp","href":"https:\/\/api.w.org\/{rel}","templated":true}]}}