{"id":12692,"date":"2026-05-05T10:42:14","date_gmt":"2026-05-05T10:42:14","guid":{"rendered":"https:\/\/spectrebaltics.com\/?post_type=product&#038;p=12692"},"modified":"2026-05-05T10:42:14","modified_gmt":"2026-05-05T10:42:14","slug":"promotech-bm-18a-pneumaatiline-plaadi-faasimismasin","status":"publish","type":"product","link":"https:\/\/spectrebaltics.com\/en\/toode\/promotech-bm-18a-pneumaatiline-plaadi-faasimismasin\/","title":{"rendered":"Promotech BM-18A | Pneumaatiline plaadi faasimismasin"},"content":{"rendered":"<p>BM-18A on v\u00f5imsa pneumaatilise mootoriga k\u00e4itatav plaadiservade kaldl\u00f5ikur. See v\u00f5imaldab freesida sirgeid servi kaldlaiusega kuni 18 mm, kontuure, auke l\u00e4bim\u00f5\u00f5duga alates 40 mm ja \u00fcmardusraadiusega R2, R3, R4 ja R5. Freespeade uus kuusnurkne kinnitus suurendab kaldl\u00f5ikuri vastupidavust ja muudab peade vahetamise mugavamaks ja kasutajas\u00f5bralikumaks.<\/p>\n<p>V\u00f5imas pneumaatiline mootor<br \/>\nMaksimaalne kaldlaius 18 mm (v\u00f5ib vaja minna rohkem kui \u00fchte l\u00e4bimist)<br \/>\nUued vastupidavamad freespead kuusnurkse kinnitusega h\u00f5lpsaks vahetamiseks<br \/>\nPidev freesimiss\u00fcgavuse reguleerimine kaldl\u00f5ikamisprotsessi t\u00e4ielikuks juhtimiseks<br \/>\n\u00dcmardusraadius R2, R3, R4, R5 nii sirgetel kui ka k\u00f5veratel servadel<br \/>\n2-aastane garantii<\/p>\n<p>Rohkem teavet:<\/p>\n<blockquote class=\"wp-embedded-content\" data-secret=\"M03ZFJrHtG\"><p><a href=\"https:\/\/www.promotech.eu\/product\/bm-18a-pneumatic-plate-beveller\/\">BM-18A | Pneumatic Plate Beveller<\/a><\/p><\/blockquote>\n<p><iframe class=\"wp-embedded-content\" sandbox=\"allow-scripts\" security=\"restricted\" style=\"position: absolute; clip: rect(1px, 1px, 1px, 1px);\" title=\"&#8222;BM-18A | Pneumatic Plate Beveller&#8221; &#8212; PROMOTECH\" src=\"https:\/\/www.promotech.eu\/product\/bm-18a-pneumatic-plate-beveller\/embed\/#?secret=QxlhqU7vwI#?secret=M03ZFJrHtG\" data-secret=\"M03ZFJrHtG\" width=\"600\" height=\"338\" frameborder=\"0\" marginwidth=\"0\" marginheight=\"0\" scrolling=\"no\"><\/iframe><\/p>\n","protected":false},"excerpt":{"rendered":"<p>BM-18A on v\u00f5imsa pneumaatilise mootoriga k\u00e4itatav plaadiservade kaldl\u00f5ikur. See v\u00f5imaldab freesida sirgeid servi kaldlaiusega kuni 18 mm, kontuure, auke l\u00e4bim\u00f5\u00f5duga alates 40 mm ja \u00fcmardusraadiusega R2, R3, R4 ja R5. Freespeade uus kuusnurkne kinnitus suurendab kaldl\u00f5ikuri vastupidavust ja muudab peade vahetamise mugavamaks ja kasutajas\u00f5bralikumaks. V\u00f5imas pneumaatiline mootor Maksimaalne kaldlaius 18 mm (v\u00f5ib vaja minna rohkem&#8230;<\/p>\n","protected":false},"featured_media":12694,"template":"","meta":[],"product_cat":[325,119],"product_tag":[],"yoast_head":"<!-- This site is optimized with the Yoast SEO plugin v18.4.1 - https:\/\/yoast.com\/wordpress\/plugins\/seo\/ -->\n<title>Promotech BM-18A | Pneumaatiline plaadi faasimismasin<\/title>\n<meta name=\"robots\" content=\"index, follow, max-snippet:-1, max-image-preview:large, max-video-preview:-1\" \/>\n<link rel=\"canonical\" href=\"https:\/\/spectrebaltics.com\/toode\/promotech-bm-18a-pneumaatiline-plaadi-faasimismasin\/\" \/>\n<meta property=\"og:locale\" content=\"en_US\" \/>\n<meta property=\"og:type\" content=\"article\" \/>\n<meta property=\"og:title\" content=\"Promotech BM-18A | Pneumaatiline plaadi faasimismasin\" \/>\n<meta property=\"og:description\" content=\"BM-18A on v\u00f5imsa pneumaatilise mootoriga k\u00e4itatav plaadiservade kaldl\u00f5ikur. See v\u00f5imaldab freesida sirgeid servi kaldlaiusega kuni 18 mm, kontuure, auke l\u00e4bim\u00f5\u00f5duga alates 40 mm ja \u00fcmardusraadiusega R2, R3, R4 ja R5. Freespeade uus kuusnurkne kinnitus suurendab kaldl\u00f5ikuri vastupidavust ja muudab peade vahetamise mugavamaks ja kasutajas\u00f5bralikumaks. V\u00f5imas pneumaatiline mootor Maksimaalne kaldlaius 18 mm (v\u00f5ib vaja minna rohkem...\" \/>\n<meta property=\"og:url\" content=\"https:\/\/spectrebaltics.com\/toode\/promotech-bm-18a-pneumaatiline-plaadi-faasimismasin\/\" \/>\n<meta property=\"og:site_name\" content=\"Spectrebaltics\" \/>\n<meta property=\"og:image\" content=\"https:\/\/spectrebaltics.com\/wp-content\/uploads\/2026\/05\/bm_18a_1200-900x900-1.png\" \/>\n\t<meta property=\"og:image:width\" content=\"900\" \/>\n\t<meta property=\"og:image:height\" content=\"900\" \/>\n\t<meta property=\"og:image:type\" content=\"image\/png\" \/>\n<meta name=\"twitter:card\" content=\"summary_large_image\" \/>\n<meta name=\"twitter:label1\" content=\"Est. reading time\" \/>\n\t<meta name=\"twitter:data1\" content=\"1 minute\" \/>\n<script type=\"application\/ld+json\" class=\"yoast-schema-graph\">{\"@context\":\"https:\/\/schema.org\",\"@graph\":[{\"@type\":\"Organization\",\"@id\":\"https:\/\/spectrebaltics.com\/ru\/#organization\",\"name\":\"Spectrebaltics\",\"url\":\"https:\/\/spectrebaltics.com\/ru\/\",\"sameAs\":[],\"logo\":{\"@type\":\"ImageObject\",\"@id\":\"https:\/\/spectrebaltics.com\/ru\/#logo\",\"inLanguage\":\"en-US\",\"url\":\"https:\/\/spectrebaltics.com\/wp-content\/uploads\/2024\/03\/Spectrebaltics-logo.svg\",\"contentUrl\":\"https:\/\/spectrebaltics.com\/wp-content\/uploads\/2024\/03\/Spectrebaltics-logo.svg\",\"caption\":\"Spectrebaltics\"},\"image\":{\"@id\":\"https:\/\/spectrebaltics.com\/ru\/#logo\"}},{\"@type\":\"WebSite\",\"@id\":\"https:\/\/spectrebaltics.com\/ru\/#website\",\"url\":\"https:\/\/spectrebaltics.com\/ru\/\",\"name\":\"Spectrebaltics\",\"description\":\"\",\"publisher\":{\"@id\":\"https:\/\/spectrebaltics.com\/ru\/#organization\"},\"potentialAction\":[{\"@type\":\"SearchAction\",\"target\":{\"@type\":\"EntryPoint\",\"urlTemplate\":\"https:\/\/spectrebaltics.com\/ru\/?s={search_term_string}\"},\"query-input\":\"required name=search_term_string\"}],\"inLanguage\":\"en-US\"},{\"@type\":\"ImageObject\",\"@id\":\"https:\/\/spectrebaltics.com\/toode\/promotech-bm-18a-pneumaatiline-plaadi-faasimismasin\/#primaryimage\",\"inLanguage\":\"en-US\",\"url\":\"https:\/\/spectrebaltics.com\/wp-content\/uploads\/2026\/05\/bm_18a_1200-900x900-1.png\",\"contentUrl\":\"https:\/\/spectrebaltics.com\/wp-content\/uploads\/2026\/05\/bm_18a_1200-900x900-1.png\",\"width\":900,\"height\":900},{\"@type\":\"WebPage\",\"@id\":\"https:\/\/spectrebaltics.com\/toode\/promotech-bm-18a-pneumaatiline-plaadi-faasimismasin\/#webpage\",\"url\":\"https:\/\/spectrebaltics.com\/toode\/promotech-bm-18a-pneumaatiline-plaadi-faasimismasin\/\",\"name\":\"Promotech BM-18A | Pneumaatiline plaadi faasimismasin\",\"isPartOf\":{\"@id\":\"https:\/\/spectrebaltics.com\/ru\/#website\"},\"primaryImageOfPage\":{\"@id\":\"https:\/\/spectrebaltics.com\/toode\/promotech-bm-18a-pneumaatiline-plaadi-faasimismasin\/#primaryimage\"},\"datePublished\":\"2026-05-05T10:42:14+00:00\",\"dateModified\":\"2026-05-05T10:42:14+00:00\",\"breadcrumb\":{\"@id\":\"https:\/\/spectrebaltics.com\/toode\/promotech-bm-18a-pneumaatiline-plaadi-faasimismasin\/#breadcrumb\"},\"inLanguage\":\"en-US\",\"potentialAction\":[{\"@type\":\"ReadAction\",\"target\":[\"https:\/\/spectrebaltics.com\/toode\/promotech-bm-18a-pneumaatiline-plaadi-faasimismasin\/\"]}]},{\"@type\":\"BreadcrumbList\",\"@id\":\"https:\/\/spectrebaltics.com\/toode\/promotech-bm-18a-pneumaatiline-plaadi-faasimismasin\/#breadcrumb\",\"itemListElement\":[{\"@type\":\"ListItem\",\"position\":1,\"name\":\"Home\",\"item\":\"https:\/\/spectrebaltics.com\/en\/\"},{\"@type\":\"ListItem\",\"position\":2,\"name\":\"Catalogue\",\"item\":\"https:\/\/spectrebaltics.com\/en\/catalogue\/\"},{\"@type\":\"ListItem\",\"position\":3,\"name\":\"Promotech BM-18A | Pneumaatiline plaadi faasimismasin\"}]}]}<\/script>\n<!-- \/ Yoast SEO plugin. -->","yoast_head_json":{"title":"Promotech BM-18A | Pneumaatiline plaadi faasimismasin","robots":{"index":"index","follow":"follow","max-snippet":"max-snippet:-1","max-image-preview":"max-image-preview:large","max-video-preview":"max-video-preview:-1"},"canonical":"https:\/\/spectrebaltics.com\/toode\/promotech-bm-18a-pneumaatiline-plaadi-faasimismasin\/","og_locale":"en_US","og_type":"article","og_title":"Promotech BM-18A | Pneumaatiline plaadi faasimismasin","og_description":"BM-18A on v\u00f5imsa pneumaatilise mootoriga k\u00e4itatav plaadiservade kaldl\u00f5ikur. See v\u00f5imaldab freesida sirgeid servi kaldlaiusega kuni 18 mm, kontuure, auke l\u00e4bim\u00f5\u00f5duga alates 40 mm ja \u00fcmardusraadiusega R2, R3, R4 ja R5. Freespeade uus kuusnurkne kinnitus suurendab kaldl\u00f5ikuri vastupidavust ja muudab peade vahetamise mugavamaks ja kasutajas\u00f5bralikumaks. V\u00f5imas pneumaatiline mootor Maksimaalne kaldlaius 18 mm (v\u00f5ib vaja minna rohkem...","og_url":"https:\/\/spectrebaltics.com\/toode\/promotech-bm-18a-pneumaatiline-plaadi-faasimismasin\/","og_site_name":"Spectrebaltics","og_image":[{"width":900,"height":900,"url":"https:\/\/spectrebaltics.com\/wp-content\/uploads\/2026\/05\/bm_18a_1200-900x900-1.png","type":"image\/png"}],"twitter_card":"summary_large_image","twitter_misc":{"Est. reading time":"1 minute"},"schema":{"@context":"https:\/\/schema.org","@graph":[{"@type":"Organization","@id":"https:\/\/spectrebaltics.com\/ru\/#organization","name":"Spectrebaltics","url":"https:\/\/spectrebaltics.com\/ru\/","sameAs":[],"logo":{"@type":"ImageObject","@id":"https:\/\/spectrebaltics.com\/ru\/#logo","inLanguage":"en-US","url":"https:\/\/spectrebaltics.com\/wp-content\/uploads\/2024\/03\/Spectrebaltics-logo.svg","contentUrl":"https:\/\/spectrebaltics.com\/wp-content\/uploads\/2024\/03\/Spectrebaltics-logo.svg","caption":"Spectrebaltics"},"image":{"@id":"https:\/\/spectrebaltics.com\/ru\/#logo"}},{"@type":"WebSite","@id":"https:\/\/spectrebaltics.com\/ru\/#website","url":"https:\/\/spectrebaltics.com\/ru\/","name":"Spectrebaltics","description":"","publisher":{"@id":"https:\/\/spectrebaltics.com\/ru\/#organization"},"potentialAction":[{"@type":"SearchAction","target":{"@type":"EntryPoint","urlTemplate":"https:\/\/spectrebaltics.com\/ru\/?s={search_term_string}"},"query-input":"required name=search_term_string"}],"inLanguage":"en-US"},{"@type":"ImageObject","@id":"https:\/\/spectrebaltics.com\/toode\/promotech-bm-18a-pneumaatiline-plaadi-faasimismasin\/#primaryimage","inLanguage":"en-US","url":"https:\/\/spectrebaltics.com\/wp-content\/uploads\/2026\/05\/bm_18a_1200-900x900-1.png","contentUrl":"https:\/\/spectrebaltics.com\/wp-content\/uploads\/2026\/05\/bm_18a_1200-900x900-1.png","width":900,"height":900},{"@type":"WebPage","@id":"https:\/\/spectrebaltics.com\/toode\/promotech-bm-18a-pneumaatiline-plaadi-faasimismasin\/#webpage","url":"https:\/\/spectrebaltics.com\/toode\/promotech-bm-18a-pneumaatiline-plaadi-faasimismasin\/","name":"Promotech BM-18A | Pneumaatiline plaadi faasimismasin","isPartOf":{"@id":"https:\/\/spectrebaltics.com\/ru\/#website"},"primaryImageOfPage":{"@id":"https:\/\/spectrebaltics.com\/toode\/promotech-bm-18a-pneumaatiline-plaadi-faasimismasin\/#primaryimage"},"datePublished":"2026-05-05T10:42:14+00:00","dateModified":"2026-05-05T10:42:14+00:00","breadcrumb":{"@id":"https:\/\/spectrebaltics.com\/toode\/promotech-bm-18a-pneumaatiline-plaadi-faasimismasin\/#breadcrumb"},"inLanguage":"en-US","potentialAction":[{"@type":"ReadAction","target":["https:\/\/spectrebaltics.com\/toode\/promotech-bm-18a-pneumaatiline-plaadi-faasimismasin\/"]}]},{"@type":"BreadcrumbList","@id":"https:\/\/spectrebaltics.com\/toode\/promotech-bm-18a-pneumaatiline-plaadi-faasimismasin\/#breadcrumb","itemListElement":[{"@type":"ListItem","position":1,"name":"Home","item":"https:\/\/spectrebaltics.com\/en\/"},{"@type":"ListItem","position":2,"name":"Catalogue","item":"https:\/\/spectrebaltics.com\/en\/catalogue\/"},{"@type":"ListItem","position":3,"name":"Promotech BM-18A | Pneumaatiline plaadi faasimismasin"}]}]}},"_links":{"self":[{"href":"https:\/\/spectrebaltics.com\/en\/wp-json\/wp\/v2\/product\/12692"}],"collection":[{"href":"https:\/\/spectrebaltics.com\/en\/wp-json\/wp\/v2\/product"}],"about":[{"href":"https:\/\/spectrebaltics.com\/en\/wp-json\/wp\/v2\/types\/product"}],"wp:featuredmedia":[{"embeddable":true,"href":"https:\/\/spectrebaltics.com\/en\/wp-json\/wp\/v2\/media\/12694"}],"wp:attachment":[{"href":"https:\/\/spectrebaltics.com\/en\/wp-json\/wp\/v2\/media?parent=12692"}],"wp:term":[{"taxonomy":"product_cat","embeddable":true,"href":"https:\/\/spectrebaltics.com\/en\/wp-json\/wp\/v2\/product_cat?post=12692"},{"taxonomy":"product_tag","embeddable":true,"href":"https:\/\/spectrebaltics.com\/en\/wp-json\/wp\/v2\/product_tag?post=12692"}],"curies":[{"name":"wp","href":"https:\/\/api.w.org\/{rel}","templated":true}]}}