{"id":12701,"date":"2026-05-05T10:47:39","date_gmt":"2026-05-05T10:47:39","guid":{"rendered":"https:\/\/spectrebaltics.com\/?post_type=product&#038;p=12701"},"modified":"2026-05-05T10:47:40","modified_gmt":"2026-05-05T10:47:40","slug":"promotech-bm-21-toostuslik-plaatide-ja-torude-faasimismasin","status":"publish","type":"product","link":"https:\/\/spectrebaltics.com\/en\/toode\/promotech-bm-21-toostuslik-plaatide-ja-torude-faasimismasin\/","title":{"rendered":"Promotech BM-21 | T\u00f6\u00f6stuslik plaatide ja torude faasimismasin"},"content":{"rendered":"<p>BM-21 kaldl\u00f5ikur suudab l\u00f5igata kuni 21 mm kaldl\u00f5ikeid ja v\u00f5imaldab pidevalt reguleeritavat kaldenurka vahemikus 0\u00b0 kuni 60\u00b0. BM21 saab t\u00f6\u00f6delda torusid l\u00e4bim\u00f5\u00f5duga 150 mm (6\u2033) kuni 300 mm (12\u2033). Lisavarustusena juhikuga saab t\u00f6\u00f6tada torudega, mille l\u00e4bim\u00f5\u00f5t on \u00fcle 300 mm (12\u2033). BM-21 sisaldab vibratsioonivastast s\u00fcsteemi, mis sisaldab spetsiaalselt vormitud haardekonstruktsiooni 4 summutiga, mis v\u00f5imaldab mugavamat t\u00f6\u00f6tamist ja minimeerib soovimatuid vibratsioone.<\/p>\n<p>Monoblokkfreespea, mis on varustatud 10 ruudukujulise l\u00f5iketeraga, et muuta t\u00f6\u00f6tlemine palju t\u00f5husamaks ja operaatorit v\u00e4hem v\u00e4sitavaks.<br \/>\nLihtne kaldl\u00f5ike laiuse seadistamine kuni 21 mm 45\u00b0 nurga all.<br \/>\nPidev nurga reguleerimine vahemikus 0 kuni 60 kraadi.<br \/>\nAutomaatne mootori \u00fclekoormuskaitse mootorikahjustuste v\u00e4ltimiseks.<br \/>\nL\u00f5iketerade kiire ja lihtne vahetamine.<br \/>\n\u00dcks universaalne juhtplaat nii plaatide kui ka torude kaldl\u00f5ikamiseks.<br \/>\n2-aastane garantii.<\/p>\n<p>Rohkem teavet:<\/p>\n<blockquote class=\"wp-embedded-content\" data-secret=\"PY0bfJKrPV\"><p><a href=\"https:\/\/www.promotech.eu\/product\/bm-21-industrial-plate-pipe-beveler\/\">BM-21 | Industrial Plate &#038; Pipe Beveler<\/a><\/p><\/blockquote>\n<p><iframe class=\"wp-embedded-content\" sandbox=\"allow-scripts\" security=\"restricted\" style=\"position: absolute; clip: rect(1px, 1px, 1px, 1px);\" title=\"&#8222;BM-21 | Industrial Plate &#038; Pipe Beveler&#8221; &#8212; PROMOTECH\" src=\"https:\/\/www.promotech.eu\/product\/bm-21-industrial-plate-pipe-beveler\/embed\/#?secret=aVC5zLLEli#?secret=PY0bfJKrPV\" data-secret=\"PY0bfJKrPV\" width=\"600\" height=\"338\" frameborder=\"0\" marginwidth=\"0\" marginheight=\"0\" scrolling=\"no\"><\/iframe><\/p>\n","protected":false},"excerpt":{"rendered":"<p>BM-21 kaldl\u00f5ikur suudab l\u00f5igata kuni 21 mm kaldl\u00f5ikeid ja v\u00f5imaldab pidevalt reguleeritavat kaldenurka vahemikus 0\u00b0 kuni 60\u00b0. BM21 saab t\u00f6\u00f6delda torusid l\u00e4bim\u00f5\u00f5duga 150 mm (6\u2033) kuni 300 mm (12\u2033). Lisavarustusena juhikuga saab t\u00f6\u00f6tada torudega, mille l\u00e4bim\u00f5\u00f5t on \u00fcle 300 mm (12\u2033). BM-21 sisaldab vibratsioonivastast s\u00fcsteemi, mis sisaldab spetsiaalselt vormitud haardekonstruktsiooni 4 summutiga, mis v\u00f5imaldab mugavamat&#8230;<\/p>\n","protected":false},"featured_media":12702,"template":"","meta":[],"product_cat":[325,119],"product_tag":[],"yoast_head":"<!-- This site is optimized with the Yoast SEO plugin v18.4.1 - https:\/\/yoast.com\/wordpress\/plugins\/seo\/ -->\n<title>Promotech BM-21 | T\u00f6\u00f6stuslik plaatide ja torude faasimismasin<\/title>\n<meta name=\"robots\" content=\"index, follow, max-snippet:-1, max-image-preview:large, max-video-preview:-1\" \/>\n<link rel=\"canonical\" href=\"https:\/\/spectrebaltics.com\/toode\/promotech-bm-21-toostuslik-plaatide-ja-torude-faasimismasin\/\" \/>\n<meta property=\"og:locale\" content=\"en_US\" \/>\n<meta property=\"og:type\" content=\"article\" \/>\n<meta property=\"og:title\" content=\"Promotech BM-21 | T\u00f6\u00f6stuslik plaatide ja torude faasimismasin\" \/>\n<meta property=\"og:description\" content=\"BM-21 kaldl\u00f5ikur suudab l\u00f5igata kuni 21 mm kaldl\u00f5ikeid ja v\u00f5imaldab pidevalt reguleeritavat kaldenurka vahemikus 0\u00b0 kuni 60\u00b0. BM21 saab t\u00f6\u00f6delda torusid l\u00e4bim\u00f5\u00f5duga 150 mm (6\u2033) kuni 300 mm (12\u2033). Lisavarustusena juhikuga saab t\u00f6\u00f6tada torudega, mille l\u00e4bim\u00f5\u00f5t on \u00fcle 300 mm (12\u2033). BM-21 sisaldab vibratsioonivastast s\u00fcsteemi, mis sisaldab spetsiaalselt vormitud haardekonstruktsiooni 4 summutiga, mis v\u00f5imaldab mugavamat...\" \/>\n<meta property=\"og:url\" content=\"https:\/\/spectrebaltics.com\/toode\/promotech-bm-21-toostuslik-plaatide-ja-torude-faasimismasin\/\" \/>\n<meta property=\"og:site_name\" content=\"Spectrebaltics\" \/>\n<meta property=\"article:modified_time\" content=\"2026-05-05T10:47:40+00:00\" \/>\n<meta property=\"og:image\" content=\"https:\/\/spectrebaltics.com\/wp-content\/uploads\/2026\/05\/bm_21_1200-900x900-1.png\" \/>\n\t<meta property=\"og:image:width\" content=\"900\" \/>\n\t<meta property=\"og:image:height\" content=\"900\" \/>\n\t<meta property=\"og:image:type\" content=\"image\/png\" \/>\n<meta name=\"twitter:card\" content=\"summary_large_image\" \/>\n<meta name=\"twitter:label1\" content=\"Est. reading time\" \/>\n\t<meta name=\"twitter:data1\" content=\"1 minute\" \/>\n<script type=\"application\/ld+json\" class=\"yoast-schema-graph\">{\"@context\":\"https:\/\/schema.org\",\"@graph\":[{\"@type\":\"Organization\",\"@id\":\"https:\/\/spectrebaltics.com\/ru\/#organization\",\"name\":\"Spectrebaltics\",\"url\":\"https:\/\/spectrebaltics.com\/ru\/\",\"sameAs\":[],\"logo\":{\"@type\":\"ImageObject\",\"@id\":\"https:\/\/spectrebaltics.com\/ru\/#logo\",\"inLanguage\":\"en-US\",\"url\":\"https:\/\/spectrebaltics.com\/wp-content\/uploads\/2024\/03\/Spectrebaltics-logo.svg\",\"contentUrl\":\"https:\/\/spectrebaltics.com\/wp-content\/uploads\/2024\/03\/Spectrebaltics-logo.svg\",\"caption\":\"Spectrebaltics\"},\"image\":{\"@id\":\"https:\/\/spectrebaltics.com\/ru\/#logo\"}},{\"@type\":\"WebSite\",\"@id\":\"https:\/\/spectrebaltics.com\/ru\/#website\",\"url\":\"https:\/\/spectrebaltics.com\/ru\/\",\"name\":\"Spectrebaltics\",\"description\":\"\",\"publisher\":{\"@id\":\"https:\/\/spectrebaltics.com\/ru\/#organization\"},\"potentialAction\":[{\"@type\":\"SearchAction\",\"target\":{\"@type\":\"EntryPoint\",\"urlTemplate\":\"https:\/\/spectrebaltics.com\/ru\/?s={search_term_string}\"},\"query-input\":\"required name=search_term_string\"}],\"inLanguage\":\"en-US\"},{\"@type\":\"ImageObject\",\"@id\":\"https:\/\/spectrebaltics.com\/toode\/promotech-bm-21-toostuslik-plaatide-ja-torude-faasimismasin\/#primaryimage\",\"inLanguage\":\"en-US\",\"url\":\"https:\/\/spectrebaltics.com\/wp-content\/uploads\/2026\/05\/bm_21_1200-900x900-1.png\",\"contentUrl\":\"https:\/\/spectrebaltics.com\/wp-content\/uploads\/2026\/05\/bm_21_1200-900x900-1.png\",\"width\":900,\"height\":900},{\"@type\":\"WebPage\",\"@id\":\"https:\/\/spectrebaltics.com\/toode\/promotech-bm-21-toostuslik-plaatide-ja-torude-faasimismasin\/#webpage\",\"url\":\"https:\/\/spectrebaltics.com\/toode\/promotech-bm-21-toostuslik-plaatide-ja-torude-faasimismasin\/\",\"name\":\"Promotech BM-21 | T\u00f6\u00f6stuslik plaatide ja torude faasimismasin\",\"isPartOf\":{\"@id\":\"https:\/\/spectrebaltics.com\/ru\/#website\"},\"primaryImageOfPage\":{\"@id\":\"https:\/\/spectrebaltics.com\/toode\/promotech-bm-21-toostuslik-plaatide-ja-torude-faasimismasin\/#primaryimage\"},\"datePublished\":\"2026-05-05T10:47:39+00:00\",\"dateModified\":\"2026-05-05T10:47:40+00:00\",\"breadcrumb\":{\"@id\":\"https:\/\/spectrebaltics.com\/toode\/promotech-bm-21-toostuslik-plaatide-ja-torude-faasimismasin\/#breadcrumb\"},\"inLanguage\":\"en-US\",\"potentialAction\":[{\"@type\":\"ReadAction\",\"target\":[\"https:\/\/spectrebaltics.com\/toode\/promotech-bm-21-toostuslik-plaatide-ja-torude-faasimismasin\/\"]}]},{\"@type\":\"BreadcrumbList\",\"@id\":\"https:\/\/spectrebaltics.com\/toode\/promotech-bm-21-toostuslik-plaatide-ja-torude-faasimismasin\/#breadcrumb\",\"itemListElement\":[{\"@type\":\"ListItem\",\"position\":1,\"name\":\"Home\",\"item\":\"https:\/\/spectrebaltics.com\/en\/\"},{\"@type\":\"ListItem\",\"position\":2,\"name\":\"Catalogue\",\"item\":\"https:\/\/spectrebaltics.com\/en\/catalogue\/\"},{\"@type\":\"ListItem\",\"position\":3,\"name\":\"Promotech BM-21 | T\u00f6\u00f6stuslik plaatide ja torude faasimismasin\"}]}]}<\/script>\n<!-- \/ Yoast SEO plugin. -->","yoast_head_json":{"title":"Promotech BM-21 | T\u00f6\u00f6stuslik plaatide ja torude faasimismasin","robots":{"index":"index","follow":"follow","max-snippet":"max-snippet:-1","max-image-preview":"max-image-preview:large","max-video-preview":"max-video-preview:-1"},"canonical":"https:\/\/spectrebaltics.com\/toode\/promotech-bm-21-toostuslik-plaatide-ja-torude-faasimismasin\/","og_locale":"en_US","og_type":"article","og_title":"Promotech BM-21 | T\u00f6\u00f6stuslik plaatide ja torude faasimismasin","og_description":"BM-21 kaldl\u00f5ikur suudab l\u00f5igata kuni 21 mm kaldl\u00f5ikeid ja v\u00f5imaldab pidevalt reguleeritavat kaldenurka vahemikus 0\u00b0 kuni 60\u00b0. BM21 saab t\u00f6\u00f6delda torusid l\u00e4bim\u00f5\u00f5duga 150 mm (6\u2033) kuni 300 mm (12\u2033). Lisavarustusena juhikuga saab t\u00f6\u00f6tada torudega, mille l\u00e4bim\u00f5\u00f5t on \u00fcle 300 mm (12\u2033). BM-21 sisaldab vibratsioonivastast s\u00fcsteemi, mis sisaldab spetsiaalselt vormitud haardekonstruktsiooni 4 summutiga, mis v\u00f5imaldab mugavamat...","og_url":"https:\/\/spectrebaltics.com\/toode\/promotech-bm-21-toostuslik-plaatide-ja-torude-faasimismasin\/","og_site_name":"Spectrebaltics","article_modified_time":"2026-05-05T10:47:40+00:00","og_image":[{"width":900,"height":900,"url":"https:\/\/spectrebaltics.com\/wp-content\/uploads\/2026\/05\/bm_21_1200-900x900-1.png","type":"image\/png"}],"twitter_card":"summary_large_image","twitter_misc":{"Est. reading time":"1 minute"},"schema":{"@context":"https:\/\/schema.org","@graph":[{"@type":"Organization","@id":"https:\/\/spectrebaltics.com\/ru\/#organization","name":"Spectrebaltics","url":"https:\/\/spectrebaltics.com\/ru\/","sameAs":[],"logo":{"@type":"ImageObject","@id":"https:\/\/spectrebaltics.com\/ru\/#logo","inLanguage":"en-US","url":"https:\/\/spectrebaltics.com\/wp-content\/uploads\/2024\/03\/Spectrebaltics-logo.svg","contentUrl":"https:\/\/spectrebaltics.com\/wp-content\/uploads\/2024\/03\/Spectrebaltics-logo.svg","caption":"Spectrebaltics"},"image":{"@id":"https:\/\/spectrebaltics.com\/ru\/#logo"}},{"@type":"WebSite","@id":"https:\/\/spectrebaltics.com\/ru\/#website","url":"https:\/\/spectrebaltics.com\/ru\/","name":"Spectrebaltics","description":"","publisher":{"@id":"https:\/\/spectrebaltics.com\/ru\/#organization"},"potentialAction":[{"@type":"SearchAction","target":{"@type":"EntryPoint","urlTemplate":"https:\/\/spectrebaltics.com\/ru\/?s={search_term_string}"},"query-input":"required name=search_term_string"}],"inLanguage":"en-US"},{"@type":"ImageObject","@id":"https:\/\/spectrebaltics.com\/toode\/promotech-bm-21-toostuslik-plaatide-ja-torude-faasimismasin\/#primaryimage","inLanguage":"en-US","url":"https:\/\/spectrebaltics.com\/wp-content\/uploads\/2026\/05\/bm_21_1200-900x900-1.png","contentUrl":"https:\/\/spectrebaltics.com\/wp-content\/uploads\/2026\/05\/bm_21_1200-900x900-1.png","width":900,"height":900},{"@type":"WebPage","@id":"https:\/\/spectrebaltics.com\/toode\/promotech-bm-21-toostuslik-plaatide-ja-torude-faasimismasin\/#webpage","url":"https:\/\/spectrebaltics.com\/toode\/promotech-bm-21-toostuslik-plaatide-ja-torude-faasimismasin\/","name":"Promotech BM-21 | T\u00f6\u00f6stuslik plaatide ja torude faasimismasin","isPartOf":{"@id":"https:\/\/spectrebaltics.com\/ru\/#website"},"primaryImageOfPage":{"@id":"https:\/\/spectrebaltics.com\/toode\/promotech-bm-21-toostuslik-plaatide-ja-torude-faasimismasin\/#primaryimage"},"datePublished":"2026-05-05T10:47:39+00:00","dateModified":"2026-05-05T10:47:40+00:00","breadcrumb":{"@id":"https:\/\/spectrebaltics.com\/toode\/promotech-bm-21-toostuslik-plaatide-ja-torude-faasimismasin\/#breadcrumb"},"inLanguage":"en-US","potentialAction":[{"@type":"ReadAction","target":["https:\/\/spectrebaltics.com\/toode\/promotech-bm-21-toostuslik-plaatide-ja-torude-faasimismasin\/"]}]},{"@type":"BreadcrumbList","@id":"https:\/\/spectrebaltics.com\/toode\/promotech-bm-21-toostuslik-plaatide-ja-torude-faasimismasin\/#breadcrumb","itemListElement":[{"@type":"ListItem","position":1,"name":"Home","item":"https:\/\/spectrebaltics.com\/en\/"},{"@type":"ListItem","position":2,"name":"Catalogue","item":"https:\/\/spectrebaltics.com\/en\/catalogue\/"},{"@type":"ListItem","position":3,"name":"Promotech BM-21 | T\u00f6\u00f6stuslik plaatide ja torude faasimismasin"}]}]}},"_links":{"self":[{"href":"https:\/\/spectrebaltics.com\/en\/wp-json\/wp\/v2\/product\/12701"}],"collection":[{"href":"https:\/\/spectrebaltics.com\/en\/wp-json\/wp\/v2\/product"}],"about":[{"href":"https:\/\/spectrebaltics.com\/en\/wp-json\/wp\/v2\/types\/product"}],"wp:featuredmedia":[{"embeddable":true,"href":"https:\/\/spectrebaltics.com\/en\/wp-json\/wp\/v2\/media\/12702"}],"wp:attachment":[{"href":"https:\/\/spectrebaltics.com\/en\/wp-json\/wp\/v2\/media?parent=12701"}],"wp:term":[{"taxonomy":"product_cat","embeddable":true,"href":"https:\/\/spectrebaltics.com\/en\/wp-json\/wp\/v2\/product_cat?post=12701"},{"taxonomy":"product_tag","embeddable":true,"href":"https:\/\/spectrebaltics.com\/en\/wp-json\/wp\/v2\/product_tag?post=12701"}],"curies":[{"name":"wp","href":"https:\/\/api.w.org\/{rel}","templated":true}]}}