{"id":12705,"date":"2026-05-05T10:50:55","date_gmt":"2026-05-05T10:50:55","guid":{"rendered":"https:\/\/spectrebaltics.com\/?post_type=product&#038;p=12705"},"modified":"2026-05-05T10:55:33","modified_gmt":"2026-05-05T10:55:33","slug":"promotech-bm-25-plaatide-faasimismasin","status":"publish","type":"product","link":"https:\/\/spectrebaltics.com\/en\/toode\/promotech-bm-25-plaatide-faasimismasin\/","title":{"rendered":"Promotech BM-25 | Plaatide faasimismasin"},"content":{"rendered":"<p>BM-25 on h\u00f5lpsasti kasutatav, kaasaskantav ja vastupidav masin, mis v\u00f5imaldab kuni 25 mm laiuste kaldservade freesimist. Kaldfreesil on v\u00f5imas mootor ja kaldservade freesimise pea, mis tagab sujuva t\u00f6\u00f6 ja erakordse efektiivsuse. BM-25 v\u00f5imaldab freesida sirgeid servi kuni 25 mm kaldservade laiusega, samas kui muudetav spindli kiirus h\u00f5lbustab l\u00f5iketingimuste optimeerimist. Pidevalt reguleeritav freesimiss\u00fcgavus ja kaldserva nurk vahemikus 0 kuni 90 kraadi ei vaja muutmiseks t\u00f6\u00f6riistu.<\/p>\n<p>Maksimaalne kaldserva laius 25 mm (v\u00f5ib vaja minna rohkem kui \u00fchte l\u00e4bimist)<br \/>\nPidevalt reguleeritav kaldserva nurk vahemikus 0 kuni 90 kraadi \u2013 korraga t\u00f6\u00f6tab ainult \u00fcks freespea<br \/>\nV\u00f5imas mootor elektroonilise kiiruse reguleerimisega vahemikus 1800\u20135850 p\/min erinevate materjalidega t\u00f6\u00f6tamiseks<br \/>\n\u00dcks pea t\u00f6\u00f6tab tasapinna freesimise meetodil, mis v\u00e4hendab freesimistakistust ja operaatori pingutust<br \/>\n\u00dclekoormuskaitse mootori kahjustuste v\u00e4ltimiseks<br \/>\nPidev freesimiss\u00fcgavuse reguleerimine kaldservade freesimise protsessi t\u00e4ielikuks juhtimiseks<br \/>\nReguleeritav k\u00e4epide ja haare mugavuse ja ergonoomika tagamiseks<br \/>\n2-aastane garantii<\/p>\n<p>Rohkem infot:<\/p>\n<blockquote class=\"wp-embedded-content\" data-secret=\"iogyU8trNL\"><p><a href=\"https:\/\/www.promotech.eu\/product\/bm-25-plate-beveling-machine\/\">BM-25 | Plate Beveling Machine<\/a><\/p><\/blockquote>\n<p><iframe class=\"wp-embedded-content\" sandbox=\"allow-scripts\" security=\"restricted\" style=\"position: absolute; clip: rect(1px, 1px, 1px, 1px);\" title=\"&#8222;BM-25 | Plate Beveling Machine&#8221; &#8212; PROMOTECH\" src=\"https:\/\/www.promotech.eu\/product\/bm-25-plate-beveling-machine\/embed\/#?secret=KIl2Wh9zx7#?secret=iogyU8trNL\" data-secret=\"iogyU8trNL\" width=\"600\" height=\"338\" frameborder=\"0\" marginwidth=\"0\" marginheight=\"0\" scrolling=\"no\"><\/iframe><\/p>\n<blockquote class=\"wp-embedded-content\" data-secret=\"XhbkDP746H\"><p><a href=\"https:\/\/www.promotech.eu\/product\/bm-25s-stainless-steel-plate-beveller\/\">BM-25S | Stainless Steel Plate Beveller<\/a><\/p><\/blockquote>\n<p><iframe class=\"wp-embedded-content\" sandbox=\"allow-scripts\" security=\"restricted\" style=\"position: absolute; clip: rect(1px, 1px, 1px, 1px);\" title=\"&#8222;BM-25S | Stainless Steel Plate Beveller&#8221; &#8212; PROMOTECH\" src=\"https:\/\/www.promotech.eu\/product\/bm-25s-stainless-steel-plate-beveller\/embed\/#?secret=WN9Wkpawav#?secret=XhbkDP746H\" data-secret=\"XhbkDP746H\" width=\"600\" height=\"338\" frameborder=\"0\" marginwidth=\"0\" marginheight=\"0\" scrolling=\"no\"><\/iframe><\/p>\n","protected":false},"excerpt":{"rendered":"<p>BM-25 on h\u00f5lpsasti kasutatav, kaasaskantav ja vastupidav masin, mis v\u00f5imaldab kuni 25 mm laiuste kaldservade freesimist. Kaldfreesil on v\u00f5imas mootor ja kaldservade freesimise pea, mis tagab sujuva t\u00f6\u00f6 ja erakordse efektiivsuse. BM-25 v\u00f5imaldab freesida sirgeid servi kuni 25 mm kaldservade laiusega, samas kui muudetav spindli kiirus h\u00f5lbustab l\u00f5iketingimuste optimeerimist. Pidevalt reguleeritav freesimiss\u00fcgavus ja kaldserva nurk&#8230;<\/p>\n","protected":false},"featured_media":12706,"template":"","meta":[],"product_cat":[325,119],"product_tag":[],"yoast_head":"<!-- This site is optimized with the Yoast SEO plugin v18.4.1 - https:\/\/yoast.com\/wordpress\/plugins\/seo\/ -->\n<title>Promotech BM-25 | Plaatide faasimismasin<\/title>\n<meta name=\"robots\" content=\"index, follow, max-snippet:-1, max-image-preview:large, max-video-preview:-1\" \/>\n<link rel=\"canonical\" href=\"https:\/\/spectrebaltics.com\/toode\/promotech-bm-25-plaatide-faasimismasin\/\" \/>\n<meta property=\"og:locale\" content=\"en_US\" \/>\n<meta property=\"og:type\" content=\"article\" \/>\n<meta property=\"og:title\" content=\"Promotech BM-25 | Plaatide faasimismasin\" \/>\n<meta property=\"og:description\" content=\"BM-25 on h\u00f5lpsasti kasutatav, kaasaskantav ja vastupidav masin, mis v\u00f5imaldab kuni 25 mm laiuste kaldservade freesimist. Kaldfreesil on v\u00f5imas mootor ja kaldservade freesimise pea, mis tagab sujuva t\u00f6\u00f6 ja erakordse efektiivsuse. BM-25 v\u00f5imaldab freesida sirgeid servi kuni 25 mm kaldservade laiusega, samas kui muudetav spindli kiirus h\u00f5lbustab l\u00f5iketingimuste optimeerimist. Pidevalt reguleeritav freesimiss\u00fcgavus ja kaldserva nurk...\" \/>\n<meta property=\"og:url\" content=\"https:\/\/spectrebaltics.com\/toode\/promotech-bm-25-plaatide-faasimismasin\/\" \/>\n<meta property=\"og:site_name\" content=\"Spectrebaltics\" \/>\n<meta property=\"article:modified_time\" content=\"2026-05-05T10:55:33+00:00\" \/>\n<meta property=\"og:image\" content=\"https:\/\/spectrebaltics.com\/wp-content\/uploads\/2026\/05\/bm-25-900x1155-1.png\" \/>\n\t<meta property=\"og:image:width\" content=\"900\" \/>\n\t<meta property=\"og:image:height\" content=\"1155\" \/>\n\t<meta property=\"og:image:type\" content=\"image\/png\" \/>\n<meta name=\"twitter:card\" content=\"summary_large_image\" \/>\n<meta name=\"twitter:label1\" content=\"Est. reading time\" \/>\n\t<meta name=\"twitter:data1\" content=\"1 minute\" \/>\n<script type=\"application\/ld+json\" class=\"yoast-schema-graph\">{\"@context\":\"https:\/\/schema.org\",\"@graph\":[{\"@type\":\"Organization\",\"@id\":\"https:\/\/spectrebaltics.com\/ru\/#organization\",\"name\":\"Spectrebaltics\",\"url\":\"https:\/\/spectrebaltics.com\/ru\/\",\"sameAs\":[],\"logo\":{\"@type\":\"ImageObject\",\"@id\":\"https:\/\/spectrebaltics.com\/ru\/#logo\",\"inLanguage\":\"en-US\",\"url\":\"https:\/\/spectrebaltics.com\/wp-content\/uploads\/2024\/03\/Spectrebaltics-logo.svg\",\"contentUrl\":\"https:\/\/spectrebaltics.com\/wp-content\/uploads\/2024\/03\/Spectrebaltics-logo.svg\",\"caption\":\"Spectrebaltics\"},\"image\":{\"@id\":\"https:\/\/spectrebaltics.com\/ru\/#logo\"}},{\"@type\":\"WebSite\",\"@id\":\"https:\/\/spectrebaltics.com\/ru\/#website\",\"url\":\"https:\/\/spectrebaltics.com\/ru\/\",\"name\":\"Spectrebaltics\",\"description\":\"\",\"publisher\":{\"@id\":\"https:\/\/spectrebaltics.com\/ru\/#organization\"},\"potentialAction\":[{\"@type\":\"SearchAction\",\"target\":{\"@type\":\"EntryPoint\",\"urlTemplate\":\"https:\/\/spectrebaltics.com\/ru\/?s={search_term_string}\"},\"query-input\":\"required name=search_term_string\"}],\"inLanguage\":\"en-US\"},{\"@type\":\"ImageObject\",\"@id\":\"https:\/\/spectrebaltics.com\/toode\/promotech-bm-25-plaatide-faasimismasin\/#primaryimage\",\"inLanguage\":\"en-US\",\"url\":\"https:\/\/spectrebaltics.com\/wp-content\/uploads\/2026\/05\/bm-25-900x1155-1.png\",\"contentUrl\":\"https:\/\/spectrebaltics.com\/wp-content\/uploads\/2026\/05\/bm-25-900x1155-1.png\",\"width\":900,\"height\":1155},{\"@type\":\"WebPage\",\"@id\":\"https:\/\/spectrebaltics.com\/toode\/promotech-bm-25-plaatide-faasimismasin\/#webpage\",\"url\":\"https:\/\/spectrebaltics.com\/toode\/promotech-bm-25-plaatide-faasimismasin\/\",\"name\":\"Promotech BM-25 | Plaatide faasimismasin\",\"isPartOf\":{\"@id\":\"https:\/\/spectrebaltics.com\/ru\/#website\"},\"primaryImageOfPage\":{\"@id\":\"https:\/\/spectrebaltics.com\/toode\/promotech-bm-25-plaatide-faasimismasin\/#primaryimage\"},\"datePublished\":\"2026-05-05T10:50:55+00:00\",\"dateModified\":\"2026-05-05T10:55:33+00:00\",\"breadcrumb\":{\"@id\":\"https:\/\/spectrebaltics.com\/toode\/promotech-bm-25-plaatide-faasimismasin\/#breadcrumb\"},\"inLanguage\":\"en-US\",\"potentialAction\":[{\"@type\":\"ReadAction\",\"target\":[\"https:\/\/spectrebaltics.com\/toode\/promotech-bm-25-plaatide-faasimismasin\/\"]}]},{\"@type\":\"BreadcrumbList\",\"@id\":\"https:\/\/spectrebaltics.com\/toode\/promotech-bm-25-plaatide-faasimismasin\/#breadcrumb\",\"itemListElement\":[{\"@type\":\"ListItem\",\"position\":1,\"name\":\"Home\",\"item\":\"https:\/\/spectrebaltics.com\/en\/\"},{\"@type\":\"ListItem\",\"position\":2,\"name\":\"Catalogue\",\"item\":\"https:\/\/spectrebaltics.com\/en\/catalogue\/\"},{\"@type\":\"ListItem\",\"position\":3,\"name\":\"Promotech BM-25 | Plaatide faasimismasin\"}]}]}<\/script>\n<!-- \/ Yoast SEO plugin. -->","yoast_head_json":{"title":"Promotech BM-25 | Plaatide faasimismasin","robots":{"index":"index","follow":"follow","max-snippet":"max-snippet:-1","max-image-preview":"max-image-preview:large","max-video-preview":"max-video-preview:-1"},"canonical":"https:\/\/spectrebaltics.com\/toode\/promotech-bm-25-plaatide-faasimismasin\/","og_locale":"en_US","og_type":"article","og_title":"Promotech BM-25 | Plaatide faasimismasin","og_description":"BM-25 on h\u00f5lpsasti kasutatav, kaasaskantav ja vastupidav masin, mis v\u00f5imaldab kuni 25 mm laiuste kaldservade freesimist. Kaldfreesil on v\u00f5imas mootor ja kaldservade freesimise pea, mis tagab sujuva t\u00f6\u00f6 ja erakordse efektiivsuse. BM-25 v\u00f5imaldab freesida sirgeid servi kuni 25 mm kaldservade laiusega, samas kui muudetav spindli kiirus h\u00f5lbustab l\u00f5iketingimuste optimeerimist. Pidevalt reguleeritav freesimiss\u00fcgavus ja kaldserva nurk...","og_url":"https:\/\/spectrebaltics.com\/toode\/promotech-bm-25-plaatide-faasimismasin\/","og_site_name":"Spectrebaltics","article_modified_time":"2026-05-05T10:55:33+00:00","og_image":[{"width":900,"height":1155,"url":"https:\/\/spectrebaltics.com\/wp-content\/uploads\/2026\/05\/bm-25-900x1155-1.png","type":"image\/png"}],"twitter_card":"summary_large_image","twitter_misc":{"Est. reading time":"1 minute"},"schema":{"@context":"https:\/\/schema.org","@graph":[{"@type":"Organization","@id":"https:\/\/spectrebaltics.com\/ru\/#organization","name":"Spectrebaltics","url":"https:\/\/spectrebaltics.com\/ru\/","sameAs":[],"logo":{"@type":"ImageObject","@id":"https:\/\/spectrebaltics.com\/ru\/#logo","inLanguage":"en-US","url":"https:\/\/spectrebaltics.com\/wp-content\/uploads\/2024\/03\/Spectrebaltics-logo.svg","contentUrl":"https:\/\/spectrebaltics.com\/wp-content\/uploads\/2024\/03\/Spectrebaltics-logo.svg","caption":"Spectrebaltics"},"image":{"@id":"https:\/\/spectrebaltics.com\/ru\/#logo"}},{"@type":"WebSite","@id":"https:\/\/spectrebaltics.com\/ru\/#website","url":"https:\/\/spectrebaltics.com\/ru\/","name":"Spectrebaltics","description":"","publisher":{"@id":"https:\/\/spectrebaltics.com\/ru\/#organization"},"potentialAction":[{"@type":"SearchAction","target":{"@type":"EntryPoint","urlTemplate":"https:\/\/spectrebaltics.com\/ru\/?s={search_term_string}"},"query-input":"required name=search_term_string"}],"inLanguage":"en-US"},{"@type":"ImageObject","@id":"https:\/\/spectrebaltics.com\/toode\/promotech-bm-25-plaatide-faasimismasin\/#primaryimage","inLanguage":"en-US","url":"https:\/\/spectrebaltics.com\/wp-content\/uploads\/2026\/05\/bm-25-900x1155-1.png","contentUrl":"https:\/\/spectrebaltics.com\/wp-content\/uploads\/2026\/05\/bm-25-900x1155-1.png","width":900,"height":1155},{"@type":"WebPage","@id":"https:\/\/spectrebaltics.com\/toode\/promotech-bm-25-plaatide-faasimismasin\/#webpage","url":"https:\/\/spectrebaltics.com\/toode\/promotech-bm-25-plaatide-faasimismasin\/","name":"Promotech BM-25 | Plaatide faasimismasin","isPartOf":{"@id":"https:\/\/spectrebaltics.com\/ru\/#website"},"primaryImageOfPage":{"@id":"https:\/\/spectrebaltics.com\/toode\/promotech-bm-25-plaatide-faasimismasin\/#primaryimage"},"datePublished":"2026-05-05T10:50:55+00:00","dateModified":"2026-05-05T10:55:33+00:00","breadcrumb":{"@id":"https:\/\/spectrebaltics.com\/toode\/promotech-bm-25-plaatide-faasimismasin\/#breadcrumb"},"inLanguage":"en-US","potentialAction":[{"@type":"ReadAction","target":["https:\/\/spectrebaltics.com\/toode\/promotech-bm-25-plaatide-faasimismasin\/"]}]},{"@type":"BreadcrumbList","@id":"https:\/\/spectrebaltics.com\/toode\/promotech-bm-25-plaatide-faasimismasin\/#breadcrumb","itemListElement":[{"@type":"ListItem","position":1,"name":"Home","item":"https:\/\/spectrebaltics.com\/en\/"},{"@type":"ListItem","position":2,"name":"Catalogue","item":"https:\/\/spectrebaltics.com\/en\/catalogue\/"},{"@type":"ListItem","position":3,"name":"Promotech BM-25 | Plaatide faasimismasin"}]}]}},"_links":{"self":[{"href":"https:\/\/spectrebaltics.com\/en\/wp-json\/wp\/v2\/product\/12705"}],"collection":[{"href":"https:\/\/spectrebaltics.com\/en\/wp-json\/wp\/v2\/product"}],"about":[{"href":"https:\/\/spectrebaltics.com\/en\/wp-json\/wp\/v2\/types\/product"}],"wp:featuredmedia":[{"embeddable":true,"href":"https:\/\/spectrebaltics.com\/en\/wp-json\/wp\/v2\/media\/12706"}],"wp:attachment":[{"href":"https:\/\/spectrebaltics.com\/en\/wp-json\/wp\/v2\/media?parent=12705"}],"wp:term":[{"taxonomy":"product_cat","embeddable":true,"href":"https:\/\/spectrebaltics.com\/en\/wp-json\/wp\/v2\/product_cat?post=12705"},{"taxonomy":"product_tag","embeddable":true,"href":"https:\/\/spectrebaltics.com\/en\/wp-json\/wp\/v2\/product_tag?post=12705"}],"curies":[{"name":"wp","href":"https:\/\/api.w.org\/{rel}","templated":true}]}}