{"id":12709,"date":"2026-05-05T10:57:20","date_gmt":"2026-05-05T10:57:20","guid":{"rendered":"https:\/\/spectrebaltics.com\/?post_type=product&#038;p=12709"},"modified":"2026-05-05T10:57:51","modified_gmt":"2026-05-05T10:57:51","slug":"promotech-bm-30-wm-keevitusfreespink","status":"publish","type":"product","link":"https:\/\/spectrebaltics.com\/en\/toode\/promotech-bm-30-wm-keevitusfreespink\/","title":{"rendered":"Promotech BM-30 WM | Keevitusfreespink"},"content":{"rendered":"<p>BM-30 WM on h\u00f5lpsasti kasutatav, kaasaskantav ja vastupidav masin, mis on loodud spetsiaalselt kuni 11 mm k\u00f5rguste ja 30 mm laiuste liigsete keevis\u00f5mbluste eemaldamiseks. See on v\u00f5imeline freesima keevis\u00f5mblust tasaseks ja pidevaks pinnaks \u00fclej\u00e4\u00e4nud p\u00f5himetalliga, et seda v\u00e4rvimiseks, katmiseks v\u00f5i muuks edasiseks t\u00f6\u00f6tlemiseks ette valmistada.<\/p>\n<p>BM-30 WM-il on v\u00f5imas mootor elektroonilise kiiruse reguleerimisega vahemikus 1800\u20135850 p\/min, et h\u00f5lbustada l\u00f5ikamistingimuste optimeerimist. Kaldfrees on varustatud p\u00f6\u00f6rleva tasapinna freespeaga, mis tagab sujuva t\u00f6\u00f6 ja erakordse efektiivsuse ilma kuumustsoonide tekkimiseta v\u00f5i tooriku moonutusteta. BM-30 WM on varustatud juhtr\u00f6\u00f6paga, millel on magnetiline kinnituss\u00fcsteem, et hoida masina konstantset asendit tooriku suhtes.<\/p>\n<p>T\u00f6\u00f6mugavus ja ergonoomika<br \/>\nV\u00f5imas elektrimootor<br \/>\nLiigse keevis\u00f5mbluse eemaldamine kuni 11 mm k\u00f5rguselt ja 30 mm laiuselt<br \/>\nV\u00f5imalus l\u00f5igata alla kuni 1,5 mm s\u00fcgavusele<br \/>\nPidev freesimisk\u00f5rguse reguleerimine<br \/>\nFreesimispea on varustatud 5 kahepoolse indekseeritava l\u00f5ikekettaga<br \/>\nElektrooniline kiiruse reguleerimine vahemikus 1800\u20135850 p\/min<br \/>\n\u00dclekoormuskaitse<br \/>\n2-aastane garantii<\/p>\n<p>Rohkem teavet:<\/p>\n<blockquote class=\"wp-embedded-content\" data-secret=\"moDcDRFbqz\"><p><a href=\"https:\/\/www.promotech.eu\/product\/bm-30-wm-weld-milling-machine\/\">BM-30 WM | Weld Milling Machine<\/a><\/p><\/blockquote>\n<p><iframe class=\"wp-embedded-content\" sandbox=\"allow-scripts\" security=\"restricted\" style=\"position: absolute; clip: rect(1px, 1px, 1px, 1px);\" title=\"&#8222;BM-30 WM | Weld Milling Machine&#8221; &#8212; PROMOTECH\" src=\"https:\/\/www.promotech.eu\/product\/bm-30-wm-weld-milling-machine\/embed\/#?secret=GNyg0CrHqH#?secret=moDcDRFbqz\" data-secret=\"moDcDRFbqz\" width=\"600\" height=\"338\" frameborder=\"0\" marginwidth=\"0\" marginheight=\"0\" scrolling=\"no\"><\/iframe><\/p>\n","protected":false},"excerpt":{"rendered":"<p>BM-30 WM on h\u00f5lpsasti kasutatav, kaasaskantav ja vastupidav masin, mis on loodud spetsiaalselt kuni 11 mm k\u00f5rguste ja 30 mm laiuste liigsete keevis\u00f5mbluste eemaldamiseks. See on v\u00f5imeline freesima keevis\u00f5mblust tasaseks ja pidevaks pinnaks \u00fclej\u00e4\u00e4nud p\u00f5himetalliga, et seda v\u00e4rvimiseks, katmiseks v\u00f5i muuks edasiseks t\u00f6\u00f6tlemiseks ette valmistada. BM-30 WM-il on v\u00f5imas mootor elektroonilise kiiruse reguleerimisega vahemikus 1800\u20135850&#8230;<\/p>\n","protected":false},"featured_media":12710,"template":"","meta":[],"product_cat":[325,119],"product_tag":[],"yoast_head":"<!-- This site is optimized with the Yoast SEO plugin v18.4.1 - https:\/\/yoast.com\/wordpress\/plugins\/seo\/ -->\n<title>Promotech BM-30 WM | Keevitusfreespink<\/title>\n<meta name=\"robots\" content=\"index, follow, max-snippet:-1, max-image-preview:large, max-video-preview:-1\" \/>\n<link rel=\"canonical\" href=\"https:\/\/spectrebaltics.com\/toode\/promotech-bm-30-wm-keevitusfreespink\/\" \/>\n<meta property=\"og:locale\" content=\"en_US\" \/>\n<meta property=\"og:type\" content=\"article\" \/>\n<meta property=\"og:title\" content=\"Promotech BM-30 WM | Keevitusfreespink\" \/>\n<meta property=\"og:description\" content=\"BM-30 WM on h\u00f5lpsasti kasutatav, kaasaskantav ja vastupidav masin, mis on loodud spetsiaalselt kuni 11 mm k\u00f5rguste ja 30 mm laiuste liigsete keevis\u00f5mbluste eemaldamiseks. See on v\u00f5imeline freesima keevis\u00f5mblust tasaseks ja pidevaks pinnaks \u00fclej\u00e4\u00e4nud p\u00f5himetalliga, et seda v\u00e4rvimiseks, katmiseks v\u00f5i muuks edasiseks t\u00f6\u00f6tlemiseks ette valmistada. BM-30 WM-il on v\u00f5imas mootor elektroonilise kiiruse reguleerimisega vahemikus 1800\u20135850...\" \/>\n<meta property=\"og:url\" content=\"https:\/\/spectrebaltics.com\/toode\/promotech-bm-30-wm-keevitusfreespink\/\" \/>\n<meta property=\"og:site_name\" content=\"Spectrebaltics\" \/>\n<meta property=\"article:modified_time\" content=\"2026-05-05T10:57:51+00:00\" \/>\n<meta property=\"og:image\" content=\"https:\/\/spectrebaltics.com\/wp-content\/uploads\/2026\/05\/bm-30-wm-weld-milling-machine_main-1.png\" \/>\n\t<meta property=\"og:image:width\" content=\"575\" \/>\n\t<meta property=\"og:image:height\" content=\"346\" \/>\n\t<meta property=\"og:image:type\" content=\"image\/png\" \/>\n<meta name=\"twitter:card\" content=\"summary_large_image\" \/>\n<meta name=\"twitter:label1\" content=\"Est. reading time\" \/>\n\t<meta name=\"twitter:data1\" content=\"1 minute\" \/>\n<script type=\"application\/ld+json\" class=\"yoast-schema-graph\">{\"@context\":\"https:\/\/schema.org\",\"@graph\":[{\"@type\":\"Organization\",\"@id\":\"https:\/\/spectrebaltics.com\/ru\/#organization\",\"name\":\"Spectrebaltics\",\"url\":\"https:\/\/spectrebaltics.com\/ru\/\",\"sameAs\":[],\"logo\":{\"@type\":\"ImageObject\",\"@id\":\"https:\/\/spectrebaltics.com\/ru\/#logo\",\"inLanguage\":\"en-US\",\"url\":\"https:\/\/spectrebaltics.com\/wp-content\/uploads\/2024\/03\/Spectrebaltics-logo.svg\",\"contentUrl\":\"https:\/\/spectrebaltics.com\/wp-content\/uploads\/2024\/03\/Spectrebaltics-logo.svg\",\"caption\":\"Spectrebaltics\"},\"image\":{\"@id\":\"https:\/\/spectrebaltics.com\/ru\/#logo\"}},{\"@type\":\"WebSite\",\"@id\":\"https:\/\/spectrebaltics.com\/ru\/#website\",\"url\":\"https:\/\/spectrebaltics.com\/ru\/\",\"name\":\"Spectrebaltics\",\"description\":\"\",\"publisher\":{\"@id\":\"https:\/\/spectrebaltics.com\/ru\/#organization\"},\"potentialAction\":[{\"@type\":\"SearchAction\",\"target\":{\"@type\":\"EntryPoint\",\"urlTemplate\":\"https:\/\/spectrebaltics.com\/ru\/?s={search_term_string}\"},\"query-input\":\"required name=search_term_string\"}],\"inLanguage\":\"en-US\"},{\"@type\":\"ImageObject\",\"@id\":\"https:\/\/spectrebaltics.com\/toode\/promotech-bm-30-wm-keevitusfreespink\/#primaryimage\",\"inLanguage\":\"en-US\",\"url\":\"https:\/\/spectrebaltics.com\/wp-content\/uploads\/2026\/05\/bm-30-wm-weld-milling-machine_main-1.png\",\"contentUrl\":\"https:\/\/spectrebaltics.com\/wp-content\/uploads\/2026\/05\/bm-30-wm-weld-milling-machine_main-1.png\",\"width\":575,\"height\":346},{\"@type\":\"WebPage\",\"@id\":\"https:\/\/spectrebaltics.com\/toode\/promotech-bm-30-wm-keevitusfreespink\/#webpage\",\"url\":\"https:\/\/spectrebaltics.com\/toode\/promotech-bm-30-wm-keevitusfreespink\/\",\"name\":\"Promotech BM-30 WM | Keevitusfreespink\",\"isPartOf\":{\"@id\":\"https:\/\/spectrebaltics.com\/ru\/#website\"},\"primaryImageOfPage\":{\"@id\":\"https:\/\/spectrebaltics.com\/toode\/promotech-bm-30-wm-keevitusfreespink\/#primaryimage\"},\"datePublished\":\"2026-05-05T10:57:20+00:00\",\"dateModified\":\"2026-05-05T10:57:51+00:00\",\"breadcrumb\":{\"@id\":\"https:\/\/spectrebaltics.com\/toode\/promotech-bm-30-wm-keevitusfreespink\/#breadcrumb\"},\"inLanguage\":\"en-US\",\"potentialAction\":[{\"@type\":\"ReadAction\",\"target\":[\"https:\/\/spectrebaltics.com\/toode\/promotech-bm-30-wm-keevitusfreespink\/\"]}]},{\"@type\":\"BreadcrumbList\",\"@id\":\"https:\/\/spectrebaltics.com\/toode\/promotech-bm-30-wm-keevitusfreespink\/#breadcrumb\",\"itemListElement\":[{\"@type\":\"ListItem\",\"position\":1,\"name\":\"Home\",\"item\":\"https:\/\/spectrebaltics.com\/en\/\"},{\"@type\":\"ListItem\",\"position\":2,\"name\":\"Catalogue\",\"item\":\"https:\/\/spectrebaltics.com\/en\/catalogue\/\"},{\"@type\":\"ListItem\",\"position\":3,\"name\":\"Promotech BM-30 WM | Keevitusfreespink\"}]}]}<\/script>\n<!-- \/ Yoast SEO plugin. -->","yoast_head_json":{"title":"Promotech BM-30 WM | Keevitusfreespink","robots":{"index":"index","follow":"follow","max-snippet":"max-snippet:-1","max-image-preview":"max-image-preview:large","max-video-preview":"max-video-preview:-1"},"canonical":"https:\/\/spectrebaltics.com\/toode\/promotech-bm-30-wm-keevitusfreespink\/","og_locale":"en_US","og_type":"article","og_title":"Promotech BM-30 WM | Keevitusfreespink","og_description":"BM-30 WM on h\u00f5lpsasti kasutatav, kaasaskantav ja vastupidav masin, mis on loodud spetsiaalselt kuni 11 mm k\u00f5rguste ja 30 mm laiuste liigsete keevis\u00f5mbluste eemaldamiseks. See on v\u00f5imeline freesima keevis\u00f5mblust tasaseks ja pidevaks pinnaks \u00fclej\u00e4\u00e4nud p\u00f5himetalliga, et seda v\u00e4rvimiseks, katmiseks v\u00f5i muuks edasiseks t\u00f6\u00f6tlemiseks ette valmistada. BM-30 WM-il on v\u00f5imas mootor elektroonilise kiiruse reguleerimisega vahemikus 1800\u20135850...","og_url":"https:\/\/spectrebaltics.com\/toode\/promotech-bm-30-wm-keevitusfreespink\/","og_site_name":"Spectrebaltics","article_modified_time":"2026-05-05T10:57:51+00:00","og_image":[{"width":575,"height":346,"url":"https:\/\/spectrebaltics.com\/wp-content\/uploads\/2026\/05\/bm-30-wm-weld-milling-machine_main-1.png","type":"image\/png"}],"twitter_card":"summary_large_image","twitter_misc":{"Est. reading time":"1 minute"},"schema":{"@context":"https:\/\/schema.org","@graph":[{"@type":"Organization","@id":"https:\/\/spectrebaltics.com\/ru\/#organization","name":"Spectrebaltics","url":"https:\/\/spectrebaltics.com\/ru\/","sameAs":[],"logo":{"@type":"ImageObject","@id":"https:\/\/spectrebaltics.com\/ru\/#logo","inLanguage":"en-US","url":"https:\/\/spectrebaltics.com\/wp-content\/uploads\/2024\/03\/Spectrebaltics-logo.svg","contentUrl":"https:\/\/spectrebaltics.com\/wp-content\/uploads\/2024\/03\/Spectrebaltics-logo.svg","caption":"Spectrebaltics"},"image":{"@id":"https:\/\/spectrebaltics.com\/ru\/#logo"}},{"@type":"WebSite","@id":"https:\/\/spectrebaltics.com\/ru\/#website","url":"https:\/\/spectrebaltics.com\/ru\/","name":"Spectrebaltics","description":"","publisher":{"@id":"https:\/\/spectrebaltics.com\/ru\/#organization"},"potentialAction":[{"@type":"SearchAction","target":{"@type":"EntryPoint","urlTemplate":"https:\/\/spectrebaltics.com\/ru\/?s={search_term_string}"},"query-input":"required name=search_term_string"}],"inLanguage":"en-US"},{"@type":"ImageObject","@id":"https:\/\/spectrebaltics.com\/toode\/promotech-bm-30-wm-keevitusfreespink\/#primaryimage","inLanguage":"en-US","url":"https:\/\/spectrebaltics.com\/wp-content\/uploads\/2026\/05\/bm-30-wm-weld-milling-machine_main-1.png","contentUrl":"https:\/\/spectrebaltics.com\/wp-content\/uploads\/2026\/05\/bm-30-wm-weld-milling-machine_main-1.png","width":575,"height":346},{"@type":"WebPage","@id":"https:\/\/spectrebaltics.com\/toode\/promotech-bm-30-wm-keevitusfreespink\/#webpage","url":"https:\/\/spectrebaltics.com\/toode\/promotech-bm-30-wm-keevitusfreespink\/","name":"Promotech BM-30 WM | Keevitusfreespink","isPartOf":{"@id":"https:\/\/spectrebaltics.com\/ru\/#website"},"primaryImageOfPage":{"@id":"https:\/\/spectrebaltics.com\/toode\/promotech-bm-30-wm-keevitusfreespink\/#primaryimage"},"datePublished":"2026-05-05T10:57:20+00:00","dateModified":"2026-05-05T10:57:51+00:00","breadcrumb":{"@id":"https:\/\/spectrebaltics.com\/toode\/promotech-bm-30-wm-keevitusfreespink\/#breadcrumb"},"inLanguage":"en-US","potentialAction":[{"@type":"ReadAction","target":["https:\/\/spectrebaltics.com\/toode\/promotech-bm-30-wm-keevitusfreespink\/"]}]},{"@type":"BreadcrumbList","@id":"https:\/\/spectrebaltics.com\/toode\/promotech-bm-30-wm-keevitusfreespink\/#breadcrumb","itemListElement":[{"@type":"ListItem","position":1,"name":"Home","item":"https:\/\/spectrebaltics.com\/en\/"},{"@type":"ListItem","position":2,"name":"Catalogue","item":"https:\/\/spectrebaltics.com\/en\/catalogue\/"},{"@type":"ListItem","position":3,"name":"Promotech BM-30 WM | Keevitusfreespink"}]}]}},"_links":{"self":[{"href":"https:\/\/spectrebaltics.com\/en\/wp-json\/wp\/v2\/product\/12709"}],"collection":[{"href":"https:\/\/spectrebaltics.com\/en\/wp-json\/wp\/v2\/product"}],"about":[{"href":"https:\/\/spectrebaltics.com\/en\/wp-json\/wp\/v2\/types\/product"}],"wp:featuredmedia":[{"embeddable":true,"href":"https:\/\/spectrebaltics.com\/en\/wp-json\/wp\/v2\/media\/12710"}],"wp:attachment":[{"href":"https:\/\/spectrebaltics.com\/en\/wp-json\/wp\/v2\/media?parent=12709"}],"wp:term":[{"taxonomy":"product_cat","embeddable":true,"href":"https:\/\/spectrebaltics.com\/en\/wp-json\/wp\/v2\/product_cat?post=12709"},{"taxonomy":"product_tag","embeddable":true,"href":"https:\/\/spectrebaltics.com\/en\/wp-json\/wp\/v2\/product_tag?post=12709"}],"curies":[{"name":"wp","href":"https:\/\/api.w.org\/{rel}","templated":true}]}}