{"id":12721,"date":"2026-05-05T11:05:00","date_gmt":"2026-05-05T11:05:00","guid":{"rendered":"https:\/\/spectrebaltics.com\/?post_type=product&#038;p=12721"},"modified":"2026-05-05T11:05:00","modified_gmt":"2026-05-05T11:05:00","slug":"promotech-abm-30-automaatse-sootmisega-roobasteta-faasimismasin","status":"publish","type":"product","link":"https:\/\/spectrebaltics.com\/en\/toode\/promotech-abm-30-automaatse-sootmisega-roobasteta-faasimismasin\/","title":{"rendered":"Promotech ABM-30 | Automaatse s\u00f6\u00f6tmisega r\u00f6\u00f6basteta faasimismasin"},"content":{"rendered":"<p>Kaasaskantav kaldl\u00f5ikur ABM-30 teostab terasplaatide \u00fclemise, pealmise ja alumise serva automaatset kaldl\u00f5ikust. Kaldl\u00f5ikur ei vaja terasplaadil liikumiseks r\u00f6\u00f6paid, et toota t\u00e4pseid ja kvaliteetseid kahepoolseid kaldl\u00f5ikeid ilma termilise moonutuse v\u00f5i kuumm\u00f5jutsooni tekkimiseta plaadi paksuse vahemikus 8\u201360 mm. ABM-30-l on l\u00f5pmatult reguleeritav kaldenurk vahemikus \u201370 kuni +70 kraadi ja see suudab toota kuni 30 mm laiuseid kaldl\u00f5ikeid. See v\u00f5imaldab ka tasapinnalist freesimist m\u00f5lemas suunas, freespea s\u00fcgavus on 1 mm.<\/p>\n<p>Nelikvedu v\u00e4listab juhtr\u00f6\u00f6pa vajaduse<br \/>\nIseliikuv masin \u00fchtlase kaldenurga geomeetria tagamiseks servast servani<br \/>\nJuhtpaneel n\u00e4itab praegust t\u00f6\u00f6re\u017eiimi ning annab ohutus- ja diagnostilist teavet<br \/>\nV\u00f5imeline tootma kuni 30 mm laiuseid kaldenurki<br \/>\nL\u00f5putu kaldenurga reguleerimine vahemikus -70 kuni +70 kraadi on kiire ja kasutajas\u00f5bralik<br \/>\nTeostab kahepoolseid kaldenurki ilma plaati \u00fcmber p\u00f6\u00f6ramata, suurendades ohutust ning v\u00e4hendades materjali k\u00e4itlemise aega ja kulusid<br \/>\nTagasiside abil juhitav \u00fclekoormuss\u00fcsteem mootori kahjustuste v\u00e4ltimiseks<br \/>\nPoolautomaatne ajami seiskamine plaadi otsas<br \/>\n2-aastane garantii<\/p>\n<p>Rohkem teavet:<\/p>\n<blockquote class=\"wp-embedded-content\" data-secret=\"rnNT2Blx4p\"><p><a href=\"https:\/\/www.promotech.eu\/product\/abm-30-auto-feed-trackless-beveller\/\">ABM-30 | Auto Feed Trackless Beveller<\/a><\/p><\/blockquote>\n<p><iframe class=\"wp-embedded-content\" sandbox=\"allow-scripts\" security=\"restricted\" style=\"position: absolute; clip: rect(1px, 1px, 1px, 1px);\" title=\"&#8222;ABM-30 | Auto Feed Trackless Beveller&#8221; &#8212; PROMOTECH\" src=\"https:\/\/www.promotech.eu\/product\/abm-30-auto-feed-trackless-beveller\/embed\/#?secret=JyHDf0JsCq#?secret=rnNT2Blx4p\" data-secret=\"rnNT2Blx4p\" width=\"600\" height=\"338\" frameborder=\"0\" marginwidth=\"0\" marginheight=\"0\" scrolling=\"no\"><\/iframe><\/p>\n","protected":false},"excerpt":{"rendered":"<p>Kaasaskantav kaldl\u00f5ikur ABM-30 teostab terasplaatide \u00fclemise, pealmise ja alumise serva automaatset kaldl\u00f5ikust. Kaldl\u00f5ikur ei vaja terasplaadil liikumiseks r\u00f6\u00f6paid, et toota t\u00e4pseid ja kvaliteetseid kahepoolseid kaldl\u00f5ikeid ilma termilise moonutuse v\u00f5i kuumm\u00f5jutsooni tekkimiseta plaadi paksuse vahemikus 8\u201360 mm. ABM-30-l on l\u00f5pmatult reguleeritav kaldenurk vahemikus \u201370 kuni +70 kraadi ja see suudab toota kuni 30 mm laiuseid kaldl\u00f5ikeid&#8230;.<\/p>\n","protected":false},"featured_media":12722,"template":"","meta":[],"product_cat":[325,119],"product_tag":[],"yoast_head":"<!-- This site is optimized with the Yoast SEO plugin v18.4.1 - https:\/\/yoast.com\/wordpress\/plugins\/seo\/ -->\n<title>Promotech ABM-30 | Automaatse s\u00f6\u00f6tmisega r\u00f6\u00f6basteta faasimismasin<\/title>\n<meta name=\"robots\" content=\"index, follow, max-snippet:-1, max-image-preview:large, max-video-preview:-1\" \/>\n<link rel=\"canonical\" href=\"https:\/\/spectrebaltics.com\/toode\/promotech-abm-30-automaatse-sootmisega-roobasteta-faasimismasin\/\" \/>\n<meta property=\"og:locale\" content=\"en_US\" \/>\n<meta property=\"og:type\" content=\"article\" \/>\n<meta property=\"og:title\" content=\"Promotech ABM-30 | Automaatse s\u00f6\u00f6tmisega r\u00f6\u00f6basteta faasimismasin\" \/>\n<meta property=\"og:description\" content=\"Kaasaskantav kaldl\u00f5ikur ABM-30 teostab terasplaatide \u00fclemise, pealmise ja alumise serva automaatset kaldl\u00f5ikust. Kaldl\u00f5ikur ei vaja terasplaadil liikumiseks r\u00f6\u00f6paid, et toota t\u00e4pseid ja kvaliteetseid kahepoolseid kaldl\u00f5ikeid ilma termilise moonutuse v\u00f5i kuumm\u00f5jutsooni tekkimiseta plaadi paksuse vahemikus 8\u201360 mm. ABM-30-l on l\u00f5pmatult reguleeritav kaldenurk vahemikus \u201370 kuni +70 kraadi ja see suudab toota kuni 30 mm laiuseid kaldl\u00f5ikeid....\" \/>\n<meta property=\"og:url\" content=\"https:\/\/spectrebaltics.com\/toode\/promotech-abm-30-automaatse-sootmisega-roobasteta-faasimismasin\/\" \/>\n<meta property=\"og:site_name\" content=\"Spectrebaltics\" \/>\n<meta property=\"og:image\" content=\"https:\/\/spectrebaltics.com\/wp-content\/uploads\/2026\/05\/abm_50_thum-1.png\" \/>\n\t<meta property=\"og:image:width\" content=\"583\" \/>\n\t<meta property=\"og:image:height\" content=\"807\" \/>\n\t<meta property=\"og:image:type\" content=\"image\/png\" \/>\n<meta name=\"twitter:card\" content=\"summary_large_image\" \/>\n<meta name=\"twitter:label1\" content=\"Est. reading time\" \/>\n\t<meta name=\"twitter:data1\" content=\"1 minute\" \/>\n<script type=\"application\/ld+json\" class=\"yoast-schema-graph\">{\"@context\":\"https:\/\/schema.org\",\"@graph\":[{\"@type\":\"Organization\",\"@id\":\"https:\/\/spectrebaltics.com\/ru\/#organization\",\"name\":\"Spectrebaltics\",\"url\":\"https:\/\/spectrebaltics.com\/ru\/\",\"sameAs\":[],\"logo\":{\"@type\":\"ImageObject\",\"@id\":\"https:\/\/spectrebaltics.com\/ru\/#logo\",\"inLanguage\":\"en-US\",\"url\":\"https:\/\/spectrebaltics.com\/wp-content\/uploads\/2024\/03\/Spectrebaltics-logo.svg\",\"contentUrl\":\"https:\/\/spectrebaltics.com\/wp-content\/uploads\/2024\/03\/Spectrebaltics-logo.svg\",\"caption\":\"Spectrebaltics\"},\"image\":{\"@id\":\"https:\/\/spectrebaltics.com\/ru\/#logo\"}},{\"@type\":\"WebSite\",\"@id\":\"https:\/\/spectrebaltics.com\/ru\/#website\",\"url\":\"https:\/\/spectrebaltics.com\/ru\/\",\"name\":\"Spectrebaltics\",\"description\":\"\",\"publisher\":{\"@id\":\"https:\/\/spectrebaltics.com\/ru\/#organization\"},\"potentialAction\":[{\"@type\":\"SearchAction\",\"target\":{\"@type\":\"EntryPoint\",\"urlTemplate\":\"https:\/\/spectrebaltics.com\/ru\/?s={search_term_string}\"},\"query-input\":\"required name=search_term_string\"}],\"inLanguage\":\"en-US\"},{\"@type\":\"ImageObject\",\"@id\":\"https:\/\/spectrebaltics.com\/toode\/promotech-abm-30-automaatse-sootmisega-roobasteta-faasimismasin\/#primaryimage\",\"inLanguage\":\"en-US\",\"url\":\"https:\/\/spectrebaltics.com\/wp-content\/uploads\/2026\/05\/abm_50_thum-1.png\",\"contentUrl\":\"https:\/\/spectrebaltics.com\/wp-content\/uploads\/2026\/05\/abm_50_thum-1.png\",\"width\":583,\"height\":807},{\"@type\":\"WebPage\",\"@id\":\"https:\/\/spectrebaltics.com\/toode\/promotech-abm-30-automaatse-sootmisega-roobasteta-faasimismasin\/#webpage\",\"url\":\"https:\/\/spectrebaltics.com\/toode\/promotech-abm-30-automaatse-sootmisega-roobasteta-faasimismasin\/\",\"name\":\"Promotech ABM-30 | Automaatse s\u00f6\u00f6tmisega r\u00f6\u00f6basteta faasimismasin\",\"isPartOf\":{\"@id\":\"https:\/\/spectrebaltics.com\/ru\/#website\"},\"primaryImageOfPage\":{\"@id\":\"https:\/\/spectrebaltics.com\/toode\/promotech-abm-30-automaatse-sootmisega-roobasteta-faasimismasin\/#primaryimage\"},\"datePublished\":\"2026-05-05T11:05:00+00:00\",\"dateModified\":\"2026-05-05T11:05:00+00:00\",\"breadcrumb\":{\"@id\":\"https:\/\/spectrebaltics.com\/toode\/promotech-abm-30-automaatse-sootmisega-roobasteta-faasimismasin\/#breadcrumb\"},\"inLanguage\":\"en-US\",\"potentialAction\":[{\"@type\":\"ReadAction\",\"target\":[\"https:\/\/spectrebaltics.com\/toode\/promotech-abm-30-automaatse-sootmisega-roobasteta-faasimismasin\/\"]}]},{\"@type\":\"BreadcrumbList\",\"@id\":\"https:\/\/spectrebaltics.com\/toode\/promotech-abm-30-automaatse-sootmisega-roobasteta-faasimismasin\/#breadcrumb\",\"itemListElement\":[{\"@type\":\"ListItem\",\"position\":1,\"name\":\"Home\",\"item\":\"https:\/\/spectrebaltics.com\/en\/\"},{\"@type\":\"ListItem\",\"position\":2,\"name\":\"Catalogue\",\"item\":\"https:\/\/spectrebaltics.com\/en\/catalogue\/\"},{\"@type\":\"ListItem\",\"position\":3,\"name\":\"Promotech ABM-30 | Automaatse s\u00f6\u00f6tmisega r\u00f6\u00f6basteta faasimismasin\"}]}]}<\/script>\n<!-- \/ Yoast SEO plugin. -->","yoast_head_json":{"title":"Promotech ABM-30 | Automaatse s\u00f6\u00f6tmisega r\u00f6\u00f6basteta faasimismasin","robots":{"index":"index","follow":"follow","max-snippet":"max-snippet:-1","max-image-preview":"max-image-preview:large","max-video-preview":"max-video-preview:-1"},"canonical":"https:\/\/spectrebaltics.com\/toode\/promotech-abm-30-automaatse-sootmisega-roobasteta-faasimismasin\/","og_locale":"en_US","og_type":"article","og_title":"Promotech ABM-30 | Automaatse s\u00f6\u00f6tmisega r\u00f6\u00f6basteta faasimismasin","og_description":"Kaasaskantav kaldl\u00f5ikur ABM-30 teostab terasplaatide \u00fclemise, pealmise ja alumise serva automaatset kaldl\u00f5ikust. Kaldl\u00f5ikur ei vaja terasplaadil liikumiseks r\u00f6\u00f6paid, et toota t\u00e4pseid ja kvaliteetseid kahepoolseid kaldl\u00f5ikeid ilma termilise moonutuse v\u00f5i kuumm\u00f5jutsooni tekkimiseta plaadi paksuse vahemikus 8\u201360 mm. ABM-30-l on l\u00f5pmatult reguleeritav kaldenurk vahemikus \u201370 kuni +70 kraadi ja see suudab toota kuni 30 mm laiuseid kaldl\u00f5ikeid....","og_url":"https:\/\/spectrebaltics.com\/toode\/promotech-abm-30-automaatse-sootmisega-roobasteta-faasimismasin\/","og_site_name":"Spectrebaltics","og_image":[{"width":583,"height":807,"url":"https:\/\/spectrebaltics.com\/wp-content\/uploads\/2026\/05\/abm_50_thum-1.png","type":"image\/png"}],"twitter_card":"summary_large_image","twitter_misc":{"Est. reading time":"1 minute"},"schema":{"@context":"https:\/\/schema.org","@graph":[{"@type":"Organization","@id":"https:\/\/spectrebaltics.com\/ru\/#organization","name":"Spectrebaltics","url":"https:\/\/spectrebaltics.com\/ru\/","sameAs":[],"logo":{"@type":"ImageObject","@id":"https:\/\/spectrebaltics.com\/ru\/#logo","inLanguage":"en-US","url":"https:\/\/spectrebaltics.com\/wp-content\/uploads\/2024\/03\/Spectrebaltics-logo.svg","contentUrl":"https:\/\/spectrebaltics.com\/wp-content\/uploads\/2024\/03\/Spectrebaltics-logo.svg","caption":"Spectrebaltics"},"image":{"@id":"https:\/\/spectrebaltics.com\/ru\/#logo"}},{"@type":"WebSite","@id":"https:\/\/spectrebaltics.com\/ru\/#website","url":"https:\/\/spectrebaltics.com\/ru\/","name":"Spectrebaltics","description":"","publisher":{"@id":"https:\/\/spectrebaltics.com\/ru\/#organization"},"potentialAction":[{"@type":"SearchAction","target":{"@type":"EntryPoint","urlTemplate":"https:\/\/spectrebaltics.com\/ru\/?s={search_term_string}"},"query-input":"required name=search_term_string"}],"inLanguage":"en-US"},{"@type":"ImageObject","@id":"https:\/\/spectrebaltics.com\/toode\/promotech-abm-30-automaatse-sootmisega-roobasteta-faasimismasin\/#primaryimage","inLanguage":"en-US","url":"https:\/\/spectrebaltics.com\/wp-content\/uploads\/2026\/05\/abm_50_thum-1.png","contentUrl":"https:\/\/spectrebaltics.com\/wp-content\/uploads\/2026\/05\/abm_50_thum-1.png","width":583,"height":807},{"@type":"WebPage","@id":"https:\/\/spectrebaltics.com\/toode\/promotech-abm-30-automaatse-sootmisega-roobasteta-faasimismasin\/#webpage","url":"https:\/\/spectrebaltics.com\/toode\/promotech-abm-30-automaatse-sootmisega-roobasteta-faasimismasin\/","name":"Promotech ABM-30 | Automaatse s\u00f6\u00f6tmisega r\u00f6\u00f6basteta faasimismasin","isPartOf":{"@id":"https:\/\/spectrebaltics.com\/ru\/#website"},"primaryImageOfPage":{"@id":"https:\/\/spectrebaltics.com\/toode\/promotech-abm-30-automaatse-sootmisega-roobasteta-faasimismasin\/#primaryimage"},"datePublished":"2026-05-05T11:05:00+00:00","dateModified":"2026-05-05T11:05:00+00:00","breadcrumb":{"@id":"https:\/\/spectrebaltics.com\/toode\/promotech-abm-30-automaatse-sootmisega-roobasteta-faasimismasin\/#breadcrumb"},"inLanguage":"en-US","potentialAction":[{"@type":"ReadAction","target":["https:\/\/spectrebaltics.com\/toode\/promotech-abm-30-automaatse-sootmisega-roobasteta-faasimismasin\/"]}]},{"@type":"BreadcrumbList","@id":"https:\/\/spectrebaltics.com\/toode\/promotech-abm-30-automaatse-sootmisega-roobasteta-faasimismasin\/#breadcrumb","itemListElement":[{"@type":"ListItem","position":1,"name":"Home","item":"https:\/\/spectrebaltics.com\/en\/"},{"@type":"ListItem","position":2,"name":"Catalogue","item":"https:\/\/spectrebaltics.com\/en\/catalogue\/"},{"@type":"ListItem","position":3,"name":"Promotech ABM-30 | Automaatse s\u00f6\u00f6tmisega r\u00f6\u00f6basteta faasimismasin"}]}]}},"_links":{"self":[{"href":"https:\/\/spectrebaltics.com\/en\/wp-json\/wp\/v2\/product\/12721"}],"collection":[{"href":"https:\/\/spectrebaltics.com\/en\/wp-json\/wp\/v2\/product"}],"about":[{"href":"https:\/\/spectrebaltics.com\/en\/wp-json\/wp\/v2\/types\/product"}],"wp:featuredmedia":[{"embeddable":true,"href":"https:\/\/spectrebaltics.com\/en\/wp-json\/wp\/v2\/media\/12722"}],"wp:attachment":[{"href":"https:\/\/spectrebaltics.com\/en\/wp-json\/wp\/v2\/media?parent=12721"}],"wp:term":[{"taxonomy":"product_cat","embeddable":true,"href":"https:\/\/spectrebaltics.com\/en\/wp-json\/wp\/v2\/product_cat?post=12721"},{"taxonomy":"product_tag","embeddable":true,"href":"https:\/\/spectrebaltics.com\/en\/wp-json\/wp\/v2\/product_tag?post=12721"}],"curies":[{"name":"wp","href":"https:\/\/api.w.org\/{rel}","templated":true}]}}