{"id":12725,"date":"2026-05-05T11:06:23","date_gmt":"2026-05-05T11:06:23","guid":{"rendered":"https:\/\/spectrebaltics.com\/?post_type=product&#038;p=12725"},"modified":"2026-05-05T11:06:24","modified_gmt":"2026-05-05T11:06:24","slug":"promotech-abm-50-automaatse-sootmisega-faasimismasin","status":"publish","type":"product","link":"https:\/\/spectrebaltics.com\/en\/toode\/promotech-abm-50-automaatse-sootmisega-faasimismasin\/","title":{"rendered":"Promotech ABM-50 | Automaatse s\u00f6\u00f6tmisega faasimismasin"},"content":{"rendered":"<p>Iseliikuv masin ABM-50 toodab t\u00e4pseid ja kvaliteetseid kahepoolseid kaldl\u00f5ikeid paksusega kuni 50 mm ilma termilise moonutuse v\u00f5i kuumm\u00f5jutsooni tekkimiseta plaadipaksuse vahemikus 8\u201380 mm (15\/16\u2033 \u2013 3 1\/8\u2033). Kaldl\u00f5ikuril on ainulaadne LCD-ekraaniga kaugjuhtimispaneel, mis n\u00e4itab t\u00e4pset kaldl\u00f5ike geomeetriat ja v\u00f5imaldab spindli kiiruse ja etteandekiiruse t\u00e4pset reguleerimist, et neid materjali kvaliteedi p\u00f5hjal optimeerida. T\u00e4pne kaldenurkne geomeetria saavutatakse reaalajas m\u00f5\u00f5tmise ja ekraanil kuvatavate n\u00e4itude abil.<\/p>\n<p>Automaatne s\u00f6\u00f6tmisega t\u00f6\u00f6tlemine ergonoomika, mugavuse ja tootlikkuse suurendamiseks.<br \/>\nKaldenurkne laius kuni 50 mm (2 tolli) 45 kraadi juures.<br \/>\nLCD-ekraan n\u00e4itab reaalajas t\u00e4pset kaldenurkset geomeetriat ja l\u00f5ikeparameetreid.<br \/>\nSpindli kiiruse ja s\u00f6\u00f6tmiskiiruse t\u00e4pne reguleerimine vastavalt materjali klassile, sh roostevaba teras, dupleks, alumiinium jne.<br \/>\n180\u00b0 inversioon v\u00f5imaldab luua kahepoolse kaldenurga \u2013 pole vaja rasket materjali p\u00f6\u00f6rata ega \u00fcmber p\u00f6\u00f6rata, mis v\u00e4hendab materjali k\u00e4itlemise aega ja kulusid.<br \/>\nMitmek\u00fclgne ja transporditav oma k\u00e4rul.<br \/>\n2-aastane garantii.<\/p>\n<p>Rohkem teavet:<\/p>\n<blockquote class=\"wp-embedded-content\" data-secret=\"wwiG8SoLJ1\"><p><a href=\"https:\/\/www.promotech.eu\/product\/abm-50-auto-feed-bevelling-machine\/\">ABM-50 | Auto feed bevelling machine<\/a><\/p><\/blockquote>\n<p><iframe class=\"wp-embedded-content\" sandbox=\"allow-scripts\" security=\"restricted\" style=\"position: absolute; clip: rect(1px, 1px, 1px, 1px);\" title=\"&#8222;ABM-50 | Auto feed bevelling machine&#8221; &#8212; PROMOTECH\" src=\"https:\/\/www.promotech.eu\/product\/abm-50-auto-feed-bevelling-machine\/embed\/#?secret=sHYE23dZGk#?secret=wwiG8SoLJ1\" data-secret=\"wwiG8SoLJ1\" width=\"600\" height=\"338\" frameborder=\"0\" marginwidth=\"0\" marginheight=\"0\" scrolling=\"no\"><\/iframe><\/p>\n","protected":false},"excerpt":{"rendered":"<p>Iseliikuv masin ABM-50 toodab t\u00e4pseid ja kvaliteetseid kahepoolseid kaldl\u00f5ikeid paksusega kuni 50 mm ilma termilise moonutuse v\u00f5i kuumm\u00f5jutsooni tekkimiseta plaadipaksuse vahemikus 8\u201380 mm (15\/16\u2033 \u2013 3 1\/8\u2033). Kaldl\u00f5ikuril on ainulaadne LCD-ekraaniga kaugjuhtimispaneel, mis n\u00e4itab t\u00e4pset kaldl\u00f5ike geomeetriat ja v\u00f5imaldab spindli kiiruse ja etteandekiiruse t\u00e4pset reguleerimist, et neid materjali kvaliteedi p\u00f5hjal optimeerida. T\u00e4pne kaldenurkne geomeetria saavutatakse&#8230;<\/p>\n","protected":false},"featured_media":12726,"template":"","meta":[],"product_cat":[325,119],"product_tag":[],"yoast_head":"<!-- This site is optimized with the Yoast SEO plugin v18.4.1 - https:\/\/yoast.com\/wordpress\/plugins\/seo\/ -->\n<title>Promotech ABM-50 | Automaatse s\u00f6\u00f6tmisega faasimismasin<\/title>\n<meta name=\"robots\" content=\"index, follow, max-snippet:-1, max-image-preview:large, max-video-preview:-1\" \/>\n<link rel=\"canonical\" href=\"https:\/\/spectrebaltics.com\/toode\/promotech-abm-50-automaatse-sootmisega-faasimismasin\/\" \/>\n<meta property=\"og:locale\" content=\"en_US\" \/>\n<meta property=\"og:type\" content=\"article\" \/>\n<meta property=\"og:title\" content=\"Promotech ABM-50 | Automaatse s\u00f6\u00f6tmisega faasimismasin\" \/>\n<meta property=\"og:description\" content=\"Iseliikuv masin ABM-50 toodab t\u00e4pseid ja kvaliteetseid kahepoolseid kaldl\u00f5ikeid paksusega kuni 50 mm ilma termilise moonutuse v\u00f5i kuumm\u00f5jutsooni tekkimiseta plaadipaksuse vahemikus 8\u201380 mm (15\/16\u2033 \u2013 3 1\/8\u2033). Kaldl\u00f5ikuril on ainulaadne LCD-ekraaniga kaugjuhtimispaneel, mis n\u00e4itab t\u00e4pset kaldl\u00f5ike geomeetriat ja v\u00f5imaldab spindli kiiruse ja etteandekiiruse t\u00e4pset reguleerimist, et neid materjali kvaliteedi p\u00f5hjal optimeerida. T\u00e4pne kaldenurkne geomeetria saavutatakse...\" \/>\n<meta property=\"og:url\" content=\"https:\/\/spectrebaltics.com\/toode\/promotech-abm-50-automaatse-sootmisega-faasimismasin\/\" \/>\n<meta property=\"og:site_name\" content=\"Spectrebaltics\" \/>\n<meta property=\"article:modified_time\" content=\"2026-05-05T11:06:24+00:00\" \/>\n<meta property=\"og:image\" content=\"https:\/\/spectrebaltics.com\/wp-content\/uploads\/2026\/05\/abm_50-900x963-1.png\" \/>\n\t<meta property=\"og:image:width\" content=\"900\" \/>\n\t<meta property=\"og:image:height\" content=\"963\" \/>\n\t<meta property=\"og:image:type\" content=\"image\/png\" \/>\n<meta name=\"twitter:card\" content=\"summary_large_image\" \/>\n<meta name=\"twitter:label1\" content=\"Est. reading time\" \/>\n\t<meta name=\"twitter:data1\" content=\"1 minute\" \/>\n<script type=\"application\/ld+json\" class=\"yoast-schema-graph\">{\"@context\":\"https:\/\/schema.org\",\"@graph\":[{\"@type\":\"Organization\",\"@id\":\"https:\/\/spectrebaltics.com\/ru\/#organization\",\"name\":\"Spectrebaltics\",\"url\":\"https:\/\/spectrebaltics.com\/ru\/\",\"sameAs\":[],\"logo\":{\"@type\":\"ImageObject\",\"@id\":\"https:\/\/spectrebaltics.com\/ru\/#logo\",\"inLanguage\":\"en-US\",\"url\":\"https:\/\/spectrebaltics.com\/wp-content\/uploads\/2024\/03\/Spectrebaltics-logo.svg\",\"contentUrl\":\"https:\/\/spectrebaltics.com\/wp-content\/uploads\/2024\/03\/Spectrebaltics-logo.svg\",\"caption\":\"Spectrebaltics\"},\"image\":{\"@id\":\"https:\/\/spectrebaltics.com\/ru\/#logo\"}},{\"@type\":\"WebSite\",\"@id\":\"https:\/\/spectrebaltics.com\/ru\/#website\",\"url\":\"https:\/\/spectrebaltics.com\/ru\/\",\"name\":\"Spectrebaltics\",\"description\":\"\",\"publisher\":{\"@id\":\"https:\/\/spectrebaltics.com\/ru\/#organization\"},\"potentialAction\":[{\"@type\":\"SearchAction\",\"target\":{\"@type\":\"EntryPoint\",\"urlTemplate\":\"https:\/\/spectrebaltics.com\/ru\/?s={search_term_string}\"},\"query-input\":\"required name=search_term_string\"}],\"inLanguage\":\"en-US\"},{\"@type\":\"ImageObject\",\"@id\":\"https:\/\/spectrebaltics.com\/toode\/promotech-abm-50-automaatse-sootmisega-faasimismasin\/#primaryimage\",\"inLanguage\":\"en-US\",\"url\":\"https:\/\/spectrebaltics.com\/wp-content\/uploads\/2026\/05\/abm_50-900x963-1.png\",\"contentUrl\":\"https:\/\/spectrebaltics.com\/wp-content\/uploads\/2026\/05\/abm_50-900x963-1.png\",\"width\":900,\"height\":963},{\"@type\":\"WebPage\",\"@id\":\"https:\/\/spectrebaltics.com\/toode\/promotech-abm-50-automaatse-sootmisega-faasimismasin\/#webpage\",\"url\":\"https:\/\/spectrebaltics.com\/toode\/promotech-abm-50-automaatse-sootmisega-faasimismasin\/\",\"name\":\"Promotech ABM-50 | Automaatse s\u00f6\u00f6tmisega faasimismasin\",\"isPartOf\":{\"@id\":\"https:\/\/spectrebaltics.com\/ru\/#website\"},\"primaryImageOfPage\":{\"@id\":\"https:\/\/spectrebaltics.com\/toode\/promotech-abm-50-automaatse-sootmisega-faasimismasin\/#primaryimage\"},\"datePublished\":\"2026-05-05T11:06:23+00:00\",\"dateModified\":\"2026-05-05T11:06:24+00:00\",\"breadcrumb\":{\"@id\":\"https:\/\/spectrebaltics.com\/toode\/promotech-abm-50-automaatse-sootmisega-faasimismasin\/#breadcrumb\"},\"inLanguage\":\"en-US\",\"potentialAction\":[{\"@type\":\"ReadAction\",\"target\":[\"https:\/\/spectrebaltics.com\/toode\/promotech-abm-50-automaatse-sootmisega-faasimismasin\/\"]}]},{\"@type\":\"BreadcrumbList\",\"@id\":\"https:\/\/spectrebaltics.com\/toode\/promotech-abm-50-automaatse-sootmisega-faasimismasin\/#breadcrumb\",\"itemListElement\":[{\"@type\":\"ListItem\",\"position\":1,\"name\":\"Home\",\"item\":\"https:\/\/spectrebaltics.com\/en\/\"},{\"@type\":\"ListItem\",\"position\":2,\"name\":\"Catalogue\",\"item\":\"https:\/\/spectrebaltics.com\/en\/catalogue\/\"},{\"@type\":\"ListItem\",\"position\":3,\"name\":\"Promotech ABM-50 | Automaatse s\u00f6\u00f6tmisega faasimismasin\"}]}]}<\/script>\n<!-- \/ Yoast SEO plugin. -->","yoast_head_json":{"title":"Promotech ABM-50 | Automaatse s\u00f6\u00f6tmisega faasimismasin","robots":{"index":"index","follow":"follow","max-snippet":"max-snippet:-1","max-image-preview":"max-image-preview:large","max-video-preview":"max-video-preview:-1"},"canonical":"https:\/\/spectrebaltics.com\/toode\/promotech-abm-50-automaatse-sootmisega-faasimismasin\/","og_locale":"en_US","og_type":"article","og_title":"Promotech ABM-50 | Automaatse s\u00f6\u00f6tmisega faasimismasin","og_description":"Iseliikuv masin ABM-50 toodab t\u00e4pseid ja kvaliteetseid kahepoolseid kaldl\u00f5ikeid paksusega kuni 50 mm ilma termilise moonutuse v\u00f5i kuumm\u00f5jutsooni tekkimiseta plaadipaksuse vahemikus 8\u201380 mm (15\/16\u2033 \u2013 3 1\/8\u2033). Kaldl\u00f5ikuril on ainulaadne LCD-ekraaniga kaugjuhtimispaneel, mis n\u00e4itab t\u00e4pset kaldl\u00f5ike geomeetriat ja v\u00f5imaldab spindli kiiruse ja etteandekiiruse t\u00e4pset reguleerimist, et neid materjali kvaliteedi p\u00f5hjal optimeerida. T\u00e4pne kaldenurkne geomeetria saavutatakse...","og_url":"https:\/\/spectrebaltics.com\/toode\/promotech-abm-50-automaatse-sootmisega-faasimismasin\/","og_site_name":"Spectrebaltics","article_modified_time":"2026-05-05T11:06:24+00:00","og_image":[{"width":900,"height":963,"url":"https:\/\/spectrebaltics.com\/wp-content\/uploads\/2026\/05\/abm_50-900x963-1.png","type":"image\/png"}],"twitter_card":"summary_large_image","twitter_misc":{"Est. reading time":"1 minute"},"schema":{"@context":"https:\/\/schema.org","@graph":[{"@type":"Organization","@id":"https:\/\/spectrebaltics.com\/ru\/#organization","name":"Spectrebaltics","url":"https:\/\/spectrebaltics.com\/ru\/","sameAs":[],"logo":{"@type":"ImageObject","@id":"https:\/\/spectrebaltics.com\/ru\/#logo","inLanguage":"en-US","url":"https:\/\/spectrebaltics.com\/wp-content\/uploads\/2024\/03\/Spectrebaltics-logo.svg","contentUrl":"https:\/\/spectrebaltics.com\/wp-content\/uploads\/2024\/03\/Spectrebaltics-logo.svg","caption":"Spectrebaltics"},"image":{"@id":"https:\/\/spectrebaltics.com\/ru\/#logo"}},{"@type":"WebSite","@id":"https:\/\/spectrebaltics.com\/ru\/#website","url":"https:\/\/spectrebaltics.com\/ru\/","name":"Spectrebaltics","description":"","publisher":{"@id":"https:\/\/spectrebaltics.com\/ru\/#organization"},"potentialAction":[{"@type":"SearchAction","target":{"@type":"EntryPoint","urlTemplate":"https:\/\/spectrebaltics.com\/ru\/?s={search_term_string}"},"query-input":"required name=search_term_string"}],"inLanguage":"en-US"},{"@type":"ImageObject","@id":"https:\/\/spectrebaltics.com\/toode\/promotech-abm-50-automaatse-sootmisega-faasimismasin\/#primaryimage","inLanguage":"en-US","url":"https:\/\/spectrebaltics.com\/wp-content\/uploads\/2026\/05\/abm_50-900x963-1.png","contentUrl":"https:\/\/spectrebaltics.com\/wp-content\/uploads\/2026\/05\/abm_50-900x963-1.png","width":900,"height":963},{"@type":"WebPage","@id":"https:\/\/spectrebaltics.com\/toode\/promotech-abm-50-automaatse-sootmisega-faasimismasin\/#webpage","url":"https:\/\/spectrebaltics.com\/toode\/promotech-abm-50-automaatse-sootmisega-faasimismasin\/","name":"Promotech ABM-50 | Automaatse s\u00f6\u00f6tmisega faasimismasin","isPartOf":{"@id":"https:\/\/spectrebaltics.com\/ru\/#website"},"primaryImageOfPage":{"@id":"https:\/\/spectrebaltics.com\/toode\/promotech-abm-50-automaatse-sootmisega-faasimismasin\/#primaryimage"},"datePublished":"2026-05-05T11:06:23+00:00","dateModified":"2026-05-05T11:06:24+00:00","breadcrumb":{"@id":"https:\/\/spectrebaltics.com\/toode\/promotech-abm-50-automaatse-sootmisega-faasimismasin\/#breadcrumb"},"inLanguage":"en-US","potentialAction":[{"@type":"ReadAction","target":["https:\/\/spectrebaltics.com\/toode\/promotech-abm-50-automaatse-sootmisega-faasimismasin\/"]}]},{"@type":"BreadcrumbList","@id":"https:\/\/spectrebaltics.com\/toode\/promotech-abm-50-automaatse-sootmisega-faasimismasin\/#breadcrumb","itemListElement":[{"@type":"ListItem","position":1,"name":"Home","item":"https:\/\/spectrebaltics.com\/en\/"},{"@type":"ListItem","position":2,"name":"Catalogue","item":"https:\/\/spectrebaltics.com\/en\/catalogue\/"},{"@type":"ListItem","position":3,"name":"Promotech ABM-50 | Automaatse s\u00f6\u00f6tmisega faasimismasin"}]}]}},"_links":{"self":[{"href":"https:\/\/spectrebaltics.com\/en\/wp-json\/wp\/v2\/product\/12725"}],"collection":[{"href":"https:\/\/spectrebaltics.com\/en\/wp-json\/wp\/v2\/product"}],"about":[{"href":"https:\/\/spectrebaltics.com\/en\/wp-json\/wp\/v2\/types\/product"}],"wp:featuredmedia":[{"embeddable":true,"href":"https:\/\/spectrebaltics.com\/en\/wp-json\/wp\/v2\/media\/12726"}],"wp:attachment":[{"href":"https:\/\/spectrebaltics.com\/en\/wp-json\/wp\/v2\/media?parent=12725"}],"wp:term":[{"taxonomy":"product_cat","embeddable":true,"href":"https:\/\/spectrebaltics.com\/en\/wp-json\/wp\/v2\/product_cat?post=12725"},{"taxonomy":"product_tag","embeddable":true,"href":"https:\/\/spectrebaltics.com\/en\/wp-json\/wp\/v2\/product_tag?post=12725"}],"curies":[{"name":"wp","href":"https:\/\/api.w.org\/{rel}","templated":true}]}}