{"id":12729,"date":"2026-05-05T11:14:34","date_gmt":"2026-05-05T11:14:34","guid":{"rendered":"https:\/\/spectrebaltics.com\/?post_type=product&#038;p=12729"},"modified":"2026-05-05T11:14:34","modified_gmt":"2026-05-05T11:14:34","slug":"promotech-sbm-500-statsionaarne-kaldloikur","status":"publish","type":"product","link":"https:\/\/spectrebaltics.com\/en\/toode\/promotech-sbm-500-statsionaarne-kaldloikur\/","title":{"rendered":"Promotech SBM-500 | Statsionaarne kaldl\u00f5ikur"},"content":{"rendered":"<p>V\u00f5imsa 7500-vatise mootoriga statsionaarne kaldl\u00f5ikusmasin on vastupidav ja t\u00f5hus lahendus kuni 30 mm laiuste kaldl\u00f5ikuste tegemiseks erineva suurusega (kuni 100 mm paksuste) toorikute ja 50\u2013150 mm l\u00e4bim\u00f5\u00f5duga v\u00e4ikeste torude puhul. SBM500-l on kiire p\u00f6\u00f6rlev freespea, mis tekitab puhta freesitud pinna ilma termilise moonutuse v\u00f5i kuumusest m\u00f5jutatud tsoonita. Spindli kiiruse ja automaatse etteandekiiruse pidev reguleerimine muudab selle sobivaks erinevat t\u00fc\u00fcpi terase ja alumiiniumi t\u00f6\u00f6tlemiseks. Lisatarvikud laiendavad SBM-500 rakendusv\u00f5imalusi pikkade toorikute, 50\u2013150 mm v\u00e4lisl\u00e4bim\u00f5\u00f5duga torude ja kitsaste, v\u00e4hemalt 30 mm laiuste toorikute t\u00f6\u00f6tlemiseks. T\u00e4pne kaldenurga seadistamine vahemikus 15 kuni 60 kraadi ja kalde laius kuni 30 mm<br \/>\n3D-kontaktratta juhtimine tagab tooriku \u00f5ige joondamise kiire p\u00f6\u00f6rleva freespea suhtes<br \/>\nMuutuv automaatne etteanne nii raud- kui ka v\u00e4rviliste materjalide kaldl\u00f5ikamiseks<br \/>\nL\u00f5iketerasid saab spetsiaalselt kasutada optimaalse j\u00f5udluse tagamiseks erinevate materjalide t\u00f6\u00f6tlemisel<br \/>\nLihtne juurdep\u00e4\u00e4s freespeale ja l\u00f5iketeradele<br \/>\n\u00dclekoormuskaitse mootori kahjustuste v\u00e4ltimiseks<br \/>\nSBM-500 lihtsustab t\u00f6\u00f6voogu, et maksimeerida teie tootmist\u00f5husust<br \/>\n2-aastane garantii<\/p>\n<p>Rohkem teavet:<\/p>\n<blockquote class=\"wp-embedded-content\" data-secret=\"0lEXMxND8f\"><p><a href=\"https:\/\/www.promotech.eu\/product\/sbm-500-stationary-bevelling-machine\/\">SBM-500 | Stationary Bevelling Machine<\/a><\/p><\/blockquote>\n<p><iframe class=\"wp-embedded-content\" sandbox=\"allow-scripts\" security=\"restricted\" style=\"position: absolute; clip: rect(1px, 1px, 1px, 1px);\" title=\"&#8222;SBM-500 | Stationary Bevelling Machine&#8221; &#8212; PROMOTECH\" src=\"https:\/\/www.promotech.eu\/product\/sbm-500-stationary-bevelling-machine\/embed\/#?secret=W8UdwaLmtL#?secret=0lEXMxND8f\" data-secret=\"0lEXMxND8f\" width=\"600\" height=\"338\" frameborder=\"0\" marginwidth=\"0\" marginheight=\"0\" scrolling=\"no\"><\/iframe><\/p>\n","protected":false},"excerpt":{"rendered":"<p>V\u00f5imsa 7500-vatise mootoriga statsionaarne kaldl\u00f5ikusmasin on vastupidav ja t\u00f5hus lahendus kuni 30 mm laiuste kaldl\u00f5ikuste tegemiseks erineva suurusega (kuni 100 mm paksuste) toorikute ja 50\u2013150 mm l\u00e4bim\u00f5\u00f5duga v\u00e4ikeste torude puhul. SBM500-l on kiire p\u00f6\u00f6rlev freespea, mis tekitab puhta freesitud pinna ilma termilise moonutuse v\u00f5i kuumusest m\u00f5jutatud tsoonita. Spindli kiiruse ja automaatse etteandekiiruse pidev reguleerimine muudab&#8230;<\/p>\n","protected":false},"featured_media":12730,"template":"","meta":[],"product_cat":[325,119],"product_tag":[],"yoast_head":"<!-- This site is optimized with the Yoast SEO plugin v18.4.1 - https:\/\/yoast.com\/wordpress\/plugins\/seo\/ -->\n<title>Promotech SBM-500 | Statsionaarne kaldl\u00f5ikur<\/title>\n<meta name=\"robots\" content=\"index, follow, max-snippet:-1, max-image-preview:large, max-video-preview:-1\" \/>\n<link rel=\"canonical\" href=\"https:\/\/spectrebaltics.com\/toode\/promotech-sbm-500-statsionaarne-kaldloikur\/\" \/>\n<meta property=\"og:locale\" content=\"en_US\" \/>\n<meta property=\"og:type\" content=\"article\" \/>\n<meta property=\"og:title\" content=\"Promotech SBM-500 | Statsionaarne kaldl\u00f5ikur\" \/>\n<meta property=\"og:description\" content=\"V\u00f5imsa 7500-vatise mootoriga statsionaarne kaldl\u00f5ikusmasin on vastupidav ja t\u00f5hus lahendus kuni 30 mm laiuste kaldl\u00f5ikuste tegemiseks erineva suurusega (kuni 100 mm paksuste) toorikute ja 50\u2013150 mm l\u00e4bim\u00f5\u00f5duga v\u00e4ikeste torude puhul. SBM500-l on kiire p\u00f6\u00f6rlev freespea, mis tekitab puhta freesitud pinna ilma termilise moonutuse v\u00f5i kuumusest m\u00f5jutatud tsoonita. Spindli kiiruse ja automaatse etteandekiiruse pidev reguleerimine muudab...\" \/>\n<meta property=\"og:url\" content=\"https:\/\/spectrebaltics.com\/toode\/promotech-sbm-500-statsionaarne-kaldloikur\/\" \/>\n<meta property=\"og:site_name\" content=\"Spectrebaltics\" \/>\n<meta property=\"og:image\" content=\"https:\/\/spectrebaltics.com\/wp-content\/uploads\/2026\/05\/sbm_500_1200-900x900-1.png\" \/>\n\t<meta property=\"og:image:width\" content=\"900\" \/>\n\t<meta property=\"og:image:height\" content=\"900\" \/>\n\t<meta property=\"og:image:type\" content=\"image\/png\" \/>\n<meta name=\"twitter:card\" content=\"summary_large_image\" \/>\n<meta name=\"twitter:label1\" content=\"Est. reading time\" \/>\n\t<meta name=\"twitter:data1\" content=\"1 minute\" \/>\n<script type=\"application\/ld+json\" class=\"yoast-schema-graph\">{\"@context\":\"https:\/\/schema.org\",\"@graph\":[{\"@type\":\"Organization\",\"@id\":\"https:\/\/spectrebaltics.com\/ru\/#organization\",\"name\":\"Spectrebaltics\",\"url\":\"https:\/\/spectrebaltics.com\/ru\/\",\"sameAs\":[],\"logo\":{\"@type\":\"ImageObject\",\"@id\":\"https:\/\/spectrebaltics.com\/ru\/#logo\",\"inLanguage\":\"en-US\",\"url\":\"https:\/\/spectrebaltics.com\/wp-content\/uploads\/2024\/03\/Spectrebaltics-logo.svg\",\"contentUrl\":\"https:\/\/spectrebaltics.com\/wp-content\/uploads\/2024\/03\/Spectrebaltics-logo.svg\",\"caption\":\"Spectrebaltics\"},\"image\":{\"@id\":\"https:\/\/spectrebaltics.com\/ru\/#logo\"}},{\"@type\":\"WebSite\",\"@id\":\"https:\/\/spectrebaltics.com\/ru\/#website\",\"url\":\"https:\/\/spectrebaltics.com\/ru\/\",\"name\":\"Spectrebaltics\",\"description\":\"\",\"publisher\":{\"@id\":\"https:\/\/spectrebaltics.com\/ru\/#organization\"},\"potentialAction\":[{\"@type\":\"SearchAction\",\"target\":{\"@type\":\"EntryPoint\",\"urlTemplate\":\"https:\/\/spectrebaltics.com\/ru\/?s={search_term_string}\"},\"query-input\":\"required name=search_term_string\"}],\"inLanguage\":\"en-US\"},{\"@type\":\"ImageObject\",\"@id\":\"https:\/\/spectrebaltics.com\/toode\/promotech-sbm-500-statsionaarne-kaldloikur\/#primaryimage\",\"inLanguage\":\"en-US\",\"url\":\"https:\/\/spectrebaltics.com\/wp-content\/uploads\/2026\/05\/sbm_500_1200-900x900-1.png\",\"contentUrl\":\"https:\/\/spectrebaltics.com\/wp-content\/uploads\/2026\/05\/sbm_500_1200-900x900-1.png\",\"width\":900,\"height\":900},{\"@type\":\"WebPage\",\"@id\":\"https:\/\/spectrebaltics.com\/toode\/promotech-sbm-500-statsionaarne-kaldloikur\/#webpage\",\"url\":\"https:\/\/spectrebaltics.com\/toode\/promotech-sbm-500-statsionaarne-kaldloikur\/\",\"name\":\"Promotech SBM-500 | Statsionaarne kaldl\u00f5ikur\",\"isPartOf\":{\"@id\":\"https:\/\/spectrebaltics.com\/ru\/#website\"},\"primaryImageOfPage\":{\"@id\":\"https:\/\/spectrebaltics.com\/toode\/promotech-sbm-500-statsionaarne-kaldloikur\/#primaryimage\"},\"datePublished\":\"2026-05-05T11:14:34+00:00\",\"dateModified\":\"2026-05-05T11:14:34+00:00\",\"breadcrumb\":{\"@id\":\"https:\/\/spectrebaltics.com\/toode\/promotech-sbm-500-statsionaarne-kaldloikur\/#breadcrumb\"},\"inLanguage\":\"en-US\",\"potentialAction\":[{\"@type\":\"ReadAction\",\"target\":[\"https:\/\/spectrebaltics.com\/toode\/promotech-sbm-500-statsionaarne-kaldloikur\/\"]}]},{\"@type\":\"BreadcrumbList\",\"@id\":\"https:\/\/spectrebaltics.com\/toode\/promotech-sbm-500-statsionaarne-kaldloikur\/#breadcrumb\",\"itemListElement\":[{\"@type\":\"ListItem\",\"position\":1,\"name\":\"Home\",\"item\":\"https:\/\/spectrebaltics.com\/en\/\"},{\"@type\":\"ListItem\",\"position\":2,\"name\":\"Catalogue\",\"item\":\"https:\/\/spectrebaltics.com\/en\/catalogue\/\"},{\"@type\":\"ListItem\",\"position\":3,\"name\":\"Promotech SBM-500 | Statsionaarne kaldl\u00f5ikur\"}]}]}<\/script>\n<!-- \/ Yoast SEO plugin. -->","yoast_head_json":{"title":"Promotech SBM-500 | Statsionaarne kaldl\u00f5ikur","robots":{"index":"index","follow":"follow","max-snippet":"max-snippet:-1","max-image-preview":"max-image-preview:large","max-video-preview":"max-video-preview:-1"},"canonical":"https:\/\/spectrebaltics.com\/toode\/promotech-sbm-500-statsionaarne-kaldloikur\/","og_locale":"en_US","og_type":"article","og_title":"Promotech SBM-500 | Statsionaarne kaldl\u00f5ikur","og_description":"V\u00f5imsa 7500-vatise mootoriga statsionaarne kaldl\u00f5ikusmasin on vastupidav ja t\u00f5hus lahendus kuni 30 mm laiuste kaldl\u00f5ikuste tegemiseks erineva suurusega (kuni 100 mm paksuste) toorikute ja 50\u2013150 mm l\u00e4bim\u00f5\u00f5duga v\u00e4ikeste torude puhul. SBM500-l on kiire p\u00f6\u00f6rlev freespea, mis tekitab puhta freesitud pinna ilma termilise moonutuse v\u00f5i kuumusest m\u00f5jutatud tsoonita. Spindli kiiruse ja automaatse etteandekiiruse pidev reguleerimine muudab...","og_url":"https:\/\/spectrebaltics.com\/toode\/promotech-sbm-500-statsionaarne-kaldloikur\/","og_site_name":"Spectrebaltics","og_image":[{"width":900,"height":900,"url":"https:\/\/spectrebaltics.com\/wp-content\/uploads\/2026\/05\/sbm_500_1200-900x900-1.png","type":"image\/png"}],"twitter_card":"summary_large_image","twitter_misc":{"Est. reading time":"1 minute"},"schema":{"@context":"https:\/\/schema.org","@graph":[{"@type":"Organization","@id":"https:\/\/spectrebaltics.com\/ru\/#organization","name":"Spectrebaltics","url":"https:\/\/spectrebaltics.com\/ru\/","sameAs":[],"logo":{"@type":"ImageObject","@id":"https:\/\/spectrebaltics.com\/ru\/#logo","inLanguage":"en-US","url":"https:\/\/spectrebaltics.com\/wp-content\/uploads\/2024\/03\/Spectrebaltics-logo.svg","contentUrl":"https:\/\/spectrebaltics.com\/wp-content\/uploads\/2024\/03\/Spectrebaltics-logo.svg","caption":"Spectrebaltics"},"image":{"@id":"https:\/\/spectrebaltics.com\/ru\/#logo"}},{"@type":"WebSite","@id":"https:\/\/spectrebaltics.com\/ru\/#website","url":"https:\/\/spectrebaltics.com\/ru\/","name":"Spectrebaltics","description":"","publisher":{"@id":"https:\/\/spectrebaltics.com\/ru\/#organization"},"potentialAction":[{"@type":"SearchAction","target":{"@type":"EntryPoint","urlTemplate":"https:\/\/spectrebaltics.com\/ru\/?s={search_term_string}"},"query-input":"required name=search_term_string"}],"inLanguage":"en-US"},{"@type":"ImageObject","@id":"https:\/\/spectrebaltics.com\/toode\/promotech-sbm-500-statsionaarne-kaldloikur\/#primaryimage","inLanguage":"en-US","url":"https:\/\/spectrebaltics.com\/wp-content\/uploads\/2026\/05\/sbm_500_1200-900x900-1.png","contentUrl":"https:\/\/spectrebaltics.com\/wp-content\/uploads\/2026\/05\/sbm_500_1200-900x900-1.png","width":900,"height":900},{"@type":"WebPage","@id":"https:\/\/spectrebaltics.com\/toode\/promotech-sbm-500-statsionaarne-kaldloikur\/#webpage","url":"https:\/\/spectrebaltics.com\/toode\/promotech-sbm-500-statsionaarne-kaldloikur\/","name":"Promotech SBM-500 | Statsionaarne kaldl\u00f5ikur","isPartOf":{"@id":"https:\/\/spectrebaltics.com\/ru\/#website"},"primaryImageOfPage":{"@id":"https:\/\/spectrebaltics.com\/toode\/promotech-sbm-500-statsionaarne-kaldloikur\/#primaryimage"},"datePublished":"2026-05-05T11:14:34+00:00","dateModified":"2026-05-05T11:14:34+00:00","breadcrumb":{"@id":"https:\/\/spectrebaltics.com\/toode\/promotech-sbm-500-statsionaarne-kaldloikur\/#breadcrumb"},"inLanguage":"en-US","potentialAction":[{"@type":"ReadAction","target":["https:\/\/spectrebaltics.com\/toode\/promotech-sbm-500-statsionaarne-kaldloikur\/"]}]},{"@type":"BreadcrumbList","@id":"https:\/\/spectrebaltics.com\/toode\/promotech-sbm-500-statsionaarne-kaldloikur\/#breadcrumb","itemListElement":[{"@type":"ListItem","position":1,"name":"Home","item":"https:\/\/spectrebaltics.com\/en\/"},{"@type":"ListItem","position":2,"name":"Catalogue","item":"https:\/\/spectrebaltics.com\/en\/catalogue\/"},{"@type":"ListItem","position":3,"name":"Promotech SBM-500 | Statsionaarne kaldl\u00f5ikur"}]}]}},"_links":{"self":[{"href":"https:\/\/spectrebaltics.com\/en\/wp-json\/wp\/v2\/product\/12729"}],"collection":[{"href":"https:\/\/spectrebaltics.com\/en\/wp-json\/wp\/v2\/product"}],"about":[{"href":"https:\/\/spectrebaltics.com\/en\/wp-json\/wp\/v2\/types\/product"}],"wp:featuredmedia":[{"embeddable":true,"href":"https:\/\/spectrebaltics.com\/en\/wp-json\/wp\/v2\/media\/12730"}],"wp:attachment":[{"href":"https:\/\/spectrebaltics.com\/en\/wp-json\/wp\/v2\/media?parent=12729"}],"wp:term":[{"taxonomy":"product_cat","embeddable":true,"href":"https:\/\/spectrebaltics.com\/en\/wp-json\/wp\/v2\/product_cat?post=12729"},{"taxonomy":"product_tag","embeddable":true,"href":"https:\/\/spectrebaltics.com\/en\/wp-json\/wp\/v2\/product_tag?post=12729"}],"curies":[{"name":"wp","href":"https:\/\/api.w.org\/{rel}","templated":true}]}}