{"id":12733,"date":"2026-05-05T11:50:27","date_gmt":"2026-05-05T11:50:27","guid":{"rendered":"https:\/\/spectrebaltics.com\/?post_type=product&#038;p=12733"},"modified":"2026-05-05T11:50:28","modified_gmt":"2026-05-05T11:50:28","slug":"promotech-pro-2-pb-kompaktne-toru-faasimismasin","status":"publish","type":"product","link":"https:\/\/spectrebaltics.com\/en\/toode\/promotech-pro-2-pb-kompaktne-toru-faasimismasin\/","title":{"rendered":"Promotech PRO 2 PB | Kompaktne toru faasimismasin"},"content":{"rendered":"<p>PRO-2 PB on kompaktne ja kerge kaasaskantav kaldl\u00f5ikur, mis on loodud ideaalse keevis\u00f5mbluse ettevalmistamise serva loomiseks s\u00fcsinik- ja roostevabast terasest, alumiiniumisulamitest ja vaskenklist valmistatud torudele. Saadaval kas pneumaatilise mootori, elektrimootori v\u00f5i akutoitel ning kaldfreesi saab paigaldada torusse v\u00f5i torustikku, mille minimaalne sisel\u00e4bim\u00f5\u00f5t on 15,5 mm (0,61 tolli) ja kaldserva v\u00e4lisl\u00e4bim\u00f5\u00f5t kuni 60,3 mm (2,37 tolli). Kahe t\u00f6\u00f6riistahoidikuga PRO-2 PB suudab samaaegselt freesida v\u00e4lisl\u00e4bim\u00f5\u00f5du kaldserva ja juurepinda. Selle erakordselt kitsas korpus (ainult 48 mm lai) muudab selle ideaalselt sobivaks ruumikitsastes kohtades, n\u00e4iteks katla veeseintes. PRO-2 PB sisaldab \u00fclekoormuss\u00fcsteeme, sh m\u00e4rga mitmekettalist h\u00f5\u00f5rdesidurit, et v\u00e4ltida hammasratta kahjustumist t\u00f6\u00f6riista kinnikiilumise korral.<\/p>\n<p>Masin katab l\u00e4bim\u00f5\u00f5tude vahemiku alates 15,5 mm sisel\u00e4bim\u00f5\u00f5dust kuni 60,3 mm v\u00e4lisl\u00e4bim\u00f5\u00f5duni.<br \/>\nIsetsentreeruvad laiendatavad sisel\u00e4bim\u00f5\u00f5duga kinnitatud mandrelid tagavad kiire ja \u00f5ige joondamise toru v\u00f5i toruga enne t\u00f6\u00f6tlemist.<\/p>\n<p>Uuenduslikud laiendush\u00fclsid v\u00e4hendavad paigaldamise aega ja parandavad t\u00f6\u00f6voogu.<\/p>\n<p>Erinevate kaldnurkade loomiseks on saadaval nii standardsed kui ka eritellimusel valmistatud t\u00f6\u00f6riistaotsikud.<\/p>\n<p>Keevitust\u00f6\u00f6de ettevalmistamiseks saab samaaegselt paigaldada ja t\u00f6\u00f6tada kuni kaks t\u00f6\u00f6riistaotsakut. toimingud kiired ja lihtsad<br \/>\nsaab kasutada kvaliteetse v\u00f5imsa pneumaatilise mootori, tippkvaliteediga suure p\u00f6\u00f6rdemomendiga elektrimootori v\u00f5i akutoitel, olenevalt kohapealsetest tingimustest ja kliendi eelistustest<br \/>\nl\u00f5ppkasutaja saab valida LiHD (k\u00f5rge tihedusega liitiumioonaku) akude vahel mahutavusega 4,0 Ah, 5,5 Ah v\u00f5i 10,0 Ah, millel on pikem eluiga, suurem v\u00f5imsus ja pikem t\u00f6\u00f6aeg kui tavalistel liitiumakudel<br \/>\n2-aastane garantii<\/p>\n<p>Rohkem teavet:<\/p>\n<blockquote class=\"wp-embedded-content\" data-secret=\"QUSqLxgNiO\"><p><a href=\"https:\/\/www.promotech.eu\/product\/pro-2-pb-compact-pipe-beveler\/\">PRO 2 PB | Compact pipe beveler<\/a><\/p><\/blockquote>\n<p><iframe class=\"wp-embedded-content\" sandbox=\"allow-scripts\" security=\"restricted\" style=\"position: absolute; clip: rect(1px, 1px, 1px, 1px);\" title=\"&#8222;PRO 2 PB | Compact pipe beveler&#8221; &#8212; PROMOTECH\" src=\"https:\/\/www.promotech.eu\/product\/pro-2-pb-compact-pipe-beveler\/embed\/#?secret=J21dYprg6B#?secret=QUSqLxgNiO\" data-secret=\"QUSqLxgNiO\" width=\"600\" height=\"338\" frameborder=\"0\" marginwidth=\"0\" marginheight=\"0\" scrolling=\"no\"><\/iframe><\/p>\n","protected":false},"excerpt":{"rendered":"<p>PRO-2 PB on kompaktne ja kerge kaasaskantav kaldl\u00f5ikur, mis on loodud ideaalse keevis\u00f5mbluse ettevalmistamise serva loomiseks s\u00fcsinik- ja roostevabast terasest, alumiiniumisulamitest ja vaskenklist valmistatud torudele. Saadaval kas pneumaatilise mootori, elektrimootori v\u00f5i akutoitel ning kaldfreesi saab paigaldada torusse v\u00f5i torustikku, mille minimaalne sisel\u00e4bim\u00f5\u00f5t on 15,5 mm (0,61 tolli) ja kaldserva v\u00e4lisl\u00e4bim\u00f5\u00f5t kuni 60,3 mm (2,37 tolli)&#8230;.<\/p>\n","protected":false},"featured_media":12734,"template":"","meta":[],"product_cat":[325,119],"product_tag":[],"yoast_head":"<!-- This site is optimized with the Yoast SEO plugin v18.4.1 - https:\/\/yoast.com\/wordpress\/plugins\/seo\/ -->\n<title>Promotech PRO 2 PB | Kompaktne toru faasimismasin<\/title>\n<meta name=\"robots\" content=\"index, follow, max-snippet:-1, max-image-preview:large, max-video-preview:-1\" \/>\n<link rel=\"canonical\" href=\"https:\/\/spectrebaltics.com\/toode\/promotech-pro-2-pb-kompaktne-toru-faasimismasin\/\" \/>\n<meta property=\"og:locale\" content=\"en_US\" \/>\n<meta property=\"og:type\" content=\"article\" \/>\n<meta property=\"og:title\" content=\"Promotech PRO 2 PB | Kompaktne toru faasimismasin\" \/>\n<meta property=\"og:description\" content=\"PRO-2 PB on kompaktne ja kerge kaasaskantav kaldl\u00f5ikur, mis on loodud ideaalse keevis\u00f5mbluse ettevalmistamise serva loomiseks s\u00fcsinik- ja roostevabast terasest, alumiiniumisulamitest ja vaskenklist valmistatud torudele. Saadaval kas pneumaatilise mootori, elektrimootori v\u00f5i akutoitel ning kaldfreesi saab paigaldada torusse v\u00f5i torustikku, mille minimaalne sisel\u00e4bim\u00f5\u00f5t on 15,5 mm (0,61 tolli) ja kaldserva v\u00e4lisl\u00e4bim\u00f5\u00f5t kuni 60,3 mm (2,37 tolli)....\" \/>\n<meta property=\"og:url\" content=\"https:\/\/spectrebaltics.com\/toode\/promotech-pro-2-pb-kompaktne-toru-faasimismasin\/\" \/>\n<meta property=\"og:site_name\" content=\"Spectrebaltics\" \/>\n<meta property=\"article:modified_time\" content=\"2026-05-05T11:50:28+00:00\" \/>\n<meta property=\"og:image\" content=\"https:\/\/spectrebaltics.com\/wp-content\/uploads\/2026\/05\/pro_2_1200-900x900-1.png\" \/>\n\t<meta property=\"og:image:width\" content=\"900\" \/>\n\t<meta property=\"og:image:height\" content=\"900\" \/>\n\t<meta property=\"og:image:type\" content=\"image\/png\" \/>\n<meta name=\"twitter:card\" content=\"summary_large_image\" \/>\n<meta name=\"twitter:label1\" content=\"Est. reading time\" \/>\n\t<meta name=\"twitter:data1\" content=\"1 minute\" \/>\n<script type=\"application\/ld+json\" class=\"yoast-schema-graph\">{\"@context\":\"https:\/\/schema.org\",\"@graph\":[{\"@type\":\"Organization\",\"@id\":\"https:\/\/spectrebaltics.com\/ru\/#organization\",\"name\":\"Spectrebaltics\",\"url\":\"https:\/\/spectrebaltics.com\/ru\/\",\"sameAs\":[],\"logo\":{\"@type\":\"ImageObject\",\"@id\":\"https:\/\/spectrebaltics.com\/ru\/#logo\",\"inLanguage\":\"en-US\",\"url\":\"https:\/\/spectrebaltics.com\/wp-content\/uploads\/2024\/03\/Spectrebaltics-logo.svg\",\"contentUrl\":\"https:\/\/spectrebaltics.com\/wp-content\/uploads\/2024\/03\/Spectrebaltics-logo.svg\",\"caption\":\"Spectrebaltics\"},\"image\":{\"@id\":\"https:\/\/spectrebaltics.com\/ru\/#logo\"}},{\"@type\":\"WebSite\",\"@id\":\"https:\/\/spectrebaltics.com\/ru\/#website\",\"url\":\"https:\/\/spectrebaltics.com\/ru\/\",\"name\":\"Spectrebaltics\",\"description\":\"\",\"publisher\":{\"@id\":\"https:\/\/spectrebaltics.com\/ru\/#organization\"},\"potentialAction\":[{\"@type\":\"SearchAction\",\"target\":{\"@type\":\"EntryPoint\",\"urlTemplate\":\"https:\/\/spectrebaltics.com\/ru\/?s={search_term_string}\"},\"query-input\":\"required name=search_term_string\"}],\"inLanguage\":\"en-US\"},{\"@type\":\"ImageObject\",\"@id\":\"https:\/\/spectrebaltics.com\/toode\/promotech-pro-2-pb-kompaktne-toru-faasimismasin\/#primaryimage\",\"inLanguage\":\"en-US\",\"url\":\"https:\/\/spectrebaltics.com\/wp-content\/uploads\/2026\/05\/pro_2_1200-900x900-1.png\",\"contentUrl\":\"https:\/\/spectrebaltics.com\/wp-content\/uploads\/2026\/05\/pro_2_1200-900x900-1.png\",\"width\":900,\"height\":900},{\"@type\":\"WebPage\",\"@id\":\"https:\/\/spectrebaltics.com\/toode\/promotech-pro-2-pb-kompaktne-toru-faasimismasin\/#webpage\",\"url\":\"https:\/\/spectrebaltics.com\/toode\/promotech-pro-2-pb-kompaktne-toru-faasimismasin\/\",\"name\":\"Promotech PRO 2 PB | Kompaktne toru faasimismasin\",\"isPartOf\":{\"@id\":\"https:\/\/spectrebaltics.com\/ru\/#website\"},\"primaryImageOfPage\":{\"@id\":\"https:\/\/spectrebaltics.com\/toode\/promotech-pro-2-pb-kompaktne-toru-faasimismasin\/#primaryimage\"},\"datePublished\":\"2026-05-05T11:50:27+00:00\",\"dateModified\":\"2026-05-05T11:50:28+00:00\",\"breadcrumb\":{\"@id\":\"https:\/\/spectrebaltics.com\/toode\/promotech-pro-2-pb-kompaktne-toru-faasimismasin\/#breadcrumb\"},\"inLanguage\":\"en-US\",\"potentialAction\":[{\"@type\":\"ReadAction\",\"target\":[\"https:\/\/spectrebaltics.com\/toode\/promotech-pro-2-pb-kompaktne-toru-faasimismasin\/\"]}]},{\"@type\":\"BreadcrumbList\",\"@id\":\"https:\/\/spectrebaltics.com\/toode\/promotech-pro-2-pb-kompaktne-toru-faasimismasin\/#breadcrumb\",\"itemListElement\":[{\"@type\":\"ListItem\",\"position\":1,\"name\":\"Home\",\"item\":\"https:\/\/spectrebaltics.com\/en\/\"},{\"@type\":\"ListItem\",\"position\":2,\"name\":\"Catalogue\",\"item\":\"https:\/\/spectrebaltics.com\/en\/catalogue\/\"},{\"@type\":\"ListItem\",\"position\":3,\"name\":\"Promotech PRO 2 PB | Kompaktne toru faasimismasin\"}]}]}<\/script>\n<!-- \/ Yoast SEO plugin. -->","yoast_head_json":{"title":"Promotech PRO 2 PB | Kompaktne toru faasimismasin","robots":{"index":"index","follow":"follow","max-snippet":"max-snippet:-1","max-image-preview":"max-image-preview:large","max-video-preview":"max-video-preview:-1"},"canonical":"https:\/\/spectrebaltics.com\/toode\/promotech-pro-2-pb-kompaktne-toru-faasimismasin\/","og_locale":"en_US","og_type":"article","og_title":"Promotech PRO 2 PB | Kompaktne toru faasimismasin","og_description":"PRO-2 PB on kompaktne ja kerge kaasaskantav kaldl\u00f5ikur, mis on loodud ideaalse keevis\u00f5mbluse ettevalmistamise serva loomiseks s\u00fcsinik- ja roostevabast terasest, alumiiniumisulamitest ja vaskenklist valmistatud torudele. Saadaval kas pneumaatilise mootori, elektrimootori v\u00f5i akutoitel ning kaldfreesi saab paigaldada torusse v\u00f5i torustikku, mille minimaalne sisel\u00e4bim\u00f5\u00f5t on 15,5 mm (0,61 tolli) ja kaldserva v\u00e4lisl\u00e4bim\u00f5\u00f5t kuni 60,3 mm (2,37 tolli)....","og_url":"https:\/\/spectrebaltics.com\/toode\/promotech-pro-2-pb-kompaktne-toru-faasimismasin\/","og_site_name":"Spectrebaltics","article_modified_time":"2026-05-05T11:50:28+00:00","og_image":[{"width":900,"height":900,"url":"https:\/\/spectrebaltics.com\/wp-content\/uploads\/2026\/05\/pro_2_1200-900x900-1.png","type":"image\/png"}],"twitter_card":"summary_large_image","twitter_misc":{"Est. reading time":"1 minute"},"schema":{"@context":"https:\/\/schema.org","@graph":[{"@type":"Organization","@id":"https:\/\/spectrebaltics.com\/ru\/#organization","name":"Spectrebaltics","url":"https:\/\/spectrebaltics.com\/ru\/","sameAs":[],"logo":{"@type":"ImageObject","@id":"https:\/\/spectrebaltics.com\/ru\/#logo","inLanguage":"en-US","url":"https:\/\/spectrebaltics.com\/wp-content\/uploads\/2024\/03\/Spectrebaltics-logo.svg","contentUrl":"https:\/\/spectrebaltics.com\/wp-content\/uploads\/2024\/03\/Spectrebaltics-logo.svg","caption":"Spectrebaltics"},"image":{"@id":"https:\/\/spectrebaltics.com\/ru\/#logo"}},{"@type":"WebSite","@id":"https:\/\/spectrebaltics.com\/ru\/#website","url":"https:\/\/spectrebaltics.com\/ru\/","name":"Spectrebaltics","description":"","publisher":{"@id":"https:\/\/spectrebaltics.com\/ru\/#organization"},"potentialAction":[{"@type":"SearchAction","target":{"@type":"EntryPoint","urlTemplate":"https:\/\/spectrebaltics.com\/ru\/?s={search_term_string}"},"query-input":"required name=search_term_string"}],"inLanguage":"en-US"},{"@type":"ImageObject","@id":"https:\/\/spectrebaltics.com\/toode\/promotech-pro-2-pb-kompaktne-toru-faasimismasin\/#primaryimage","inLanguage":"en-US","url":"https:\/\/spectrebaltics.com\/wp-content\/uploads\/2026\/05\/pro_2_1200-900x900-1.png","contentUrl":"https:\/\/spectrebaltics.com\/wp-content\/uploads\/2026\/05\/pro_2_1200-900x900-1.png","width":900,"height":900},{"@type":"WebPage","@id":"https:\/\/spectrebaltics.com\/toode\/promotech-pro-2-pb-kompaktne-toru-faasimismasin\/#webpage","url":"https:\/\/spectrebaltics.com\/toode\/promotech-pro-2-pb-kompaktne-toru-faasimismasin\/","name":"Promotech PRO 2 PB | Kompaktne toru faasimismasin","isPartOf":{"@id":"https:\/\/spectrebaltics.com\/ru\/#website"},"primaryImageOfPage":{"@id":"https:\/\/spectrebaltics.com\/toode\/promotech-pro-2-pb-kompaktne-toru-faasimismasin\/#primaryimage"},"datePublished":"2026-05-05T11:50:27+00:00","dateModified":"2026-05-05T11:50:28+00:00","breadcrumb":{"@id":"https:\/\/spectrebaltics.com\/toode\/promotech-pro-2-pb-kompaktne-toru-faasimismasin\/#breadcrumb"},"inLanguage":"en-US","potentialAction":[{"@type":"ReadAction","target":["https:\/\/spectrebaltics.com\/toode\/promotech-pro-2-pb-kompaktne-toru-faasimismasin\/"]}]},{"@type":"BreadcrumbList","@id":"https:\/\/spectrebaltics.com\/toode\/promotech-pro-2-pb-kompaktne-toru-faasimismasin\/#breadcrumb","itemListElement":[{"@type":"ListItem","position":1,"name":"Home","item":"https:\/\/spectrebaltics.com\/en\/"},{"@type":"ListItem","position":2,"name":"Catalogue","item":"https:\/\/spectrebaltics.com\/en\/catalogue\/"},{"@type":"ListItem","position":3,"name":"Promotech PRO 2 PB | Kompaktne toru faasimismasin"}]}]}},"_links":{"self":[{"href":"https:\/\/spectrebaltics.com\/en\/wp-json\/wp\/v2\/product\/12733"}],"collection":[{"href":"https:\/\/spectrebaltics.com\/en\/wp-json\/wp\/v2\/product"}],"about":[{"href":"https:\/\/spectrebaltics.com\/en\/wp-json\/wp\/v2\/types\/product"}],"wp:featuredmedia":[{"embeddable":true,"href":"https:\/\/spectrebaltics.com\/en\/wp-json\/wp\/v2\/media\/12734"}],"wp:attachment":[{"href":"https:\/\/spectrebaltics.com\/en\/wp-json\/wp\/v2\/media?parent=12733"}],"wp:term":[{"taxonomy":"product_cat","embeddable":true,"href":"https:\/\/spectrebaltics.com\/en\/wp-json\/wp\/v2\/product_cat?post=12733"},{"taxonomy":"product_tag","embeddable":true,"href":"https:\/\/spectrebaltics.com\/en\/wp-json\/wp\/v2\/product_tag?post=12733"}],"curies":[{"name":"wp","href":"https:\/\/api.w.org\/{rel}","templated":true}]}}