{"id":12741,"date":"2026-05-05T11:54:13","date_gmt":"2026-05-05T11:54:13","guid":{"rendered":"https:\/\/spectrebaltics.com\/?post_type=product&#038;p=12741"},"modified":"2026-05-05T11:54:13","modified_gmt":"2026-05-05T11:54:13","slug":"promotech-pro-10-pb-kaasaskantav-toruloikur-ja-aarik-faasimismasin","status":"publish","type":"product","link":"https:\/\/spectrebaltics.com\/en\/toode\/promotech-pro-10-pb-kaasaskantav-toruloikur-ja-aarik-faasimismasin\/","title":{"rendered":"Promotech PRO-10 PB | Kaasaskantav torul\u00f5ikur ja \u00e4\u00e4rik, faasimismasin"},"content":{"rendered":"<p>PRO-10 PB on vastupidav sisediameetriga toru kaldl\u00f5ikur, mis kasutab isetsentreeruvaid paisuvaid mandreleid, et tagada toru v\u00f5i vooliku kiire ja \u00f5ige joondamine enne t\u00f6\u00f6tlemist. Kaldl\u00f5ikur suudab freesida v\u00e4lisdiameetri kalde, juurepinna ja sisediameetri s\u00fcvendi, et luua vuugi \u00fcmber \u00fchtlane seinapaksus ja tagada keevis\u00f5mbluse t\u00e4ielik l\u00e4bitungimine. Lisatarvikud laiendavad PRO-10 PB rakendusv\u00f5imalusi, sealhulgas \u00e4\u00e4riku pinnat\u00f6\u00f6tlust ja ovaalse kaldl\u00f5ikuse tegemist. saab paigaldada torusse v\u00f5i torustikku, mille minimaalne sisel\u00e4bim\u00f5\u00f5t on 38 mm (1,5 tolli) ja kaldserva v\u00e4lisl\u00e4bim\u00f5\u00f5t kuni 355 mm (14 tolli).<br \/>\nsaadaval v\u00f5imsa pneumaatilise mootori v\u00f5i suure p\u00f6\u00f6rdemomendiga elektrimootoriga.<br \/>\nspindli ketas kahe t\u00f6\u00f6riistaotsakuhoidikuga t\u00f6\u00f6riistaotsakute stabiilsema ja v\u00e4hem pingetundliku t\u00f6\u00f6 tagamiseks.<br \/>\nsaadaval on standardsed ja eritellimusel valmistatud t\u00f6\u00f6riistaotsakud.<br \/>\nsaadaval on J-kujulised kaldservaga t\u00f6\u00f6riistaotsakud paksema seinaga torude k\u00f5rge keevitust\u00f5hususe tagamiseks.<br \/>\nisetsentreeruvad, laiendatavad ID-kinnitusega mandrelid v\u00f5imaldavad v\u00e4ga korduvat ja j\u00e4rjepidevat sobitust ning neid saab kiiresti \u00fchelt torult teisele paigaldada, et l\u00fchendada ts\u00fckliaegu ja parandada t\u00f6\u00f6voogu.<br \/>\nseda saab t\u00f5husalt kasutada \u00fcks operaator.<br \/>\n2-aastane garantii.<\/p>\n<p>Rohkem teavet:<\/p>\n<blockquote class=\"wp-embedded-content\" data-secret=\"mNNEHpysZV\"><p><a href=\"https:\/\/www.promotech.eu\/product\/pro-10-pb-portable-pipe-beveller-flange-facer\/\">PRO-10 PB | Portable Pipe Beveler &#038; Flange Facer<\/a><\/p><\/blockquote>\n<p><iframe class=\"wp-embedded-content\" sandbox=\"allow-scripts\" security=\"restricted\" style=\"position: absolute; clip: rect(1px, 1px, 1px, 1px);\" title=\"&#8222;PRO-10 PB | Portable Pipe Beveler &#038; Flange Facer&#8221; &#8212; PROMOTECH\" src=\"https:\/\/www.promotech.eu\/product\/pro-10-pb-portable-pipe-beveller-flange-facer\/embed\/#?secret=kPTDynifOS#?secret=mNNEHpysZV\" data-secret=\"mNNEHpysZV\" width=\"600\" height=\"338\" frameborder=\"0\" marginwidth=\"0\" marginheight=\"0\" scrolling=\"no\"><\/iframe><\/p>\n","protected":false},"excerpt":{"rendered":"<p>PRO-10 PB on vastupidav sisediameetriga toru kaldl\u00f5ikur, mis kasutab isetsentreeruvaid paisuvaid mandreleid, et tagada toru v\u00f5i vooliku kiire ja \u00f5ige joondamine enne t\u00f6\u00f6tlemist. Kaldl\u00f5ikur suudab freesida v\u00e4lisdiameetri kalde, juurepinna ja sisediameetri s\u00fcvendi, et luua vuugi \u00fcmber \u00fchtlane seinapaksus ja tagada keevis\u00f5mbluse t\u00e4ielik l\u00e4bitungimine. Lisatarvikud laiendavad PRO-10 PB rakendusv\u00f5imalusi, sealhulgas \u00e4\u00e4riku pinnat\u00f6\u00f6tlust ja ovaalse kaldl\u00f5ikuse tegemist&#8230;.<\/p>\n","protected":false},"featured_media":12742,"template":"","meta":[],"product_cat":[325,119],"product_tag":[],"yoast_head":"<!-- This site is optimized with the Yoast SEO plugin v18.4.1 - https:\/\/yoast.com\/wordpress\/plugins\/seo\/ -->\n<title>Promotech PRO-10 PB | Kaasaskantav torul\u00f5ikur ja \u00e4\u00e4rik, faasimismasin<\/title>\n<meta name=\"robots\" content=\"index, follow, max-snippet:-1, max-image-preview:large, max-video-preview:-1\" \/>\n<link rel=\"canonical\" href=\"https:\/\/spectrebaltics.com\/toode\/promotech-pro-10-pb-kaasaskantav-toruloikur-ja-aarik-faasimismasin\/\" \/>\n<meta property=\"og:locale\" content=\"en_US\" \/>\n<meta property=\"og:type\" content=\"article\" \/>\n<meta property=\"og:title\" content=\"Promotech PRO-10 PB | Kaasaskantav torul\u00f5ikur ja \u00e4\u00e4rik, faasimismasin\" \/>\n<meta property=\"og:description\" content=\"PRO-10 PB on vastupidav sisediameetriga toru kaldl\u00f5ikur, mis kasutab isetsentreeruvaid paisuvaid mandreleid, et tagada toru v\u00f5i vooliku kiire ja \u00f5ige joondamine enne t\u00f6\u00f6tlemist. Kaldl\u00f5ikur suudab freesida v\u00e4lisdiameetri kalde, juurepinna ja sisediameetri s\u00fcvendi, et luua vuugi \u00fcmber \u00fchtlane seinapaksus ja tagada keevis\u00f5mbluse t\u00e4ielik l\u00e4bitungimine. Lisatarvikud laiendavad PRO-10 PB rakendusv\u00f5imalusi, sealhulgas \u00e4\u00e4riku pinnat\u00f6\u00f6tlust ja ovaalse kaldl\u00f5ikuse tegemist....\" \/>\n<meta property=\"og:url\" content=\"https:\/\/spectrebaltics.com\/toode\/promotech-pro-10-pb-kaasaskantav-toruloikur-ja-aarik-faasimismasin\/\" \/>\n<meta property=\"og:site_name\" content=\"Spectrebaltics\" \/>\n<meta property=\"og:image\" content=\"https:\/\/spectrebaltics.com\/wp-content\/uploads\/2026\/05\/pro_10_1200-900x900-1.png\" \/>\n\t<meta property=\"og:image:width\" content=\"900\" \/>\n\t<meta property=\"og:image:height\" content=\"900\" \/>\n\t<meta property=\"og:image:type\" content=\"image\/png\" \/>\n<meta name=\"twitter:card\" content=\"summary_large_image\" \/>\n<meta name=\"twitter:label1\" content=\"Est. reading time\" \/>\n\t<meta name=\"twitter:data1\" content=\"1 minute\" \/>\n<script type=\"application\/ld+json\" class=\"yoast-schema-graph\">{\"@context\":\"https:\/\/schema.org\",\"@graph\":[{\"@type\":\"Organization\",\"@id\":\"https:\/\/spectrebaltics.com\/ru\/#organization\",\"name\":\"Spectrebaltics\",\"url\":\"https:\/\/spectrebaltics.com\/ru\/\",\"sameAs\":[],\"logo\":{\"@type\":\"ImageObject\",\"@id\":\"https:\/\/spectrebaltics.com\/ru\/#logo\",\"inLanguage\":\"en-US\",\"url\":\"https:\/\/spectrebaltics.com\/wp-content\/uploads\/2024\/03\/Spectrebaltics-logo.svg\",\"contentUrl\":\"https:\/\/spectrebaltics.com\/wp-content\/uploads\/2024\/03\/Spectrebaltics-logo.svg\",\"caption\":\"Spectrebaltics\"},\"image\":{\"@id\":\"https:\/\/spectrebaltics.com\/ru\/#logo\"}},{\"@type\":\"WebSite\",\"@id\":\"https:\/\/spectrebaltics.com\/ru\/#website\",\"url\":\"https:\/\/spectrebaltics.com\/ru\/\",\"name\":\"Spectrebaltics\",\"description\":\"\",\"publisher\":{\"@id\":\"https:\/\/spectrebaltics.com\/ru\/#organization\"},\"potentialAction\":[{\"@type\":\"SearchAction\",\"target\":{\"@type\":\"EntryPoint\",\"urlTemplate\":\"https:\/\/spectrebaltics.com\/ru\/?s={search_term_string}\"},\"query-input\":\"required name=search_term_string\"}],\"inLanguage\":\"en-US\"},{\"@type\":\"ImageObject\",\"@id\":\"https:\/\/spectrebaltics.com\/toode\/promotech-pro-10-pb-kaasaskantav-toruloikur-ja-aarik-faasimismasin\/#primaryimage\",\"inLanguage\":\"en-US\",\"url\":\"https:\/\/spectrebaltics.com\/wp-content\/uploads\/2026\/05\/pro_10_1200-900x900-1.png\",\"contentUrl\":\"https:\/\/spectrebaltics.com\/wp-content\/uploads\/2026\/05\/pro_10_1200-900x900-1.png\",\"width\":900,\"height\":900},{\"@type\":\"WebPage\",\"@id\":\"https:\/\/spectrebaltics.com\/toode\/promotech-pro-10-pb-kaasaskantav-toruloikur-ja-aarik-faasimismasin\/#webpage\",\"url\":\"https:\/\/spectrebaltics.com\/toode\/promotech-pro-10-pb-kaasaskantav-toruloikur-ja-aarik-faasimismasin\/\",\"name\":\"Promotech PRO-10 PB | Kaasaskantav torul\u00f5ikur ja \u00e4\u00e4rik, faasimismasin\",\"isPartOf\":{\"@id\":\"https:\/\/spectrebaltics.com\/ru\/#website\"},\"primaryImageOfPage\":{\"@id\":\"https:\/\/spectrebaltics.com\/toode\/promotech-pro-10-pb-kaasaskantav-toruloikur-ja-aarik-faasimismasin\/#primaryimage\"},\"datePublished\":\"2026-05-05T11:54:13+00:00\",\"dateModified\":\"2026-05-05T11:54:13+00:00\",\"breadcrumb\":{\"@id\":\"https:\/\/spectrebaltics.com\/toode\/promotech-pro-10-pb-kaasaskantav-toruloikur-ja-aarik-faasimismasin\/#breadcrumb\"},\"inLanguage\":\"en-US\",\"potentialAction\":[{\"@type\":\"ReadAction\",\"target\":[\"https:\/\/spectrebaltics.com\/toode\/promotech-pro-10-pb-kaasaskantav-toruloikur-ja-aarik-faasimismasin\/\"]}]},{\"@type\":\"BreadcrumbList\",\"@id\":\"https:\/\/spectrebaltics.com\/toode\/promotech-pro-10-pb-kaasaskantav-toruloikur-ja-aarik-faasimismasin\/#breadcrumb\",\"itemListElement\":[{\"@type\":\"ListItem\",\"position\":1,\"name\":\"Home\",\"item\":\"https:\/\/spectrebaltics.com\/en\/\"},{\"@type\":\"ListItem\",\"position\":2,\"name\":\"Catalogue\",\"item\":\"https:\/\/spectrebaltics.com\/en\/catalogue\/\"},{\"@type\":\"ListItem\",\"position\":3,\"name\":\"Promotech PRO-10 PB | Kaasaskantav torul\u00f5ikur ja \u00e4\u00e4rik, faasimismasin\"}]}]}<\/script>\n<!-- \/ Yoast SEO plugin. -->","yoast_head_json":{"title":"Promotech PRO-10 PB | Kaasaskantav torul\u00f5ikur ja \u00e4\u00e4rik, faasimismasin","robots":{"index":"index","follow":"follow","max-snippet":"max-snippet:-1","max-image-preview":"max-image-preview:large","max-video-preview":"max-video-preview:-1"},"canonical":"https:\/\/spectrebaltics.com\/toode\/promotech-pro-10-pb-kaasaskantav-toruloikur-ja-aarik-faasimismasin\/","og_locale":"en_US","og_type":"article","og_title":"Promotech PRO-10 PB | Kaasaskantav torul\u00f5ikur ja \u00e4\u00e4rik, faasimismasin","og_description":"PRO-10 PB on vastupidav sisediameetriga toru kaldl\u00f5ikur, mis kasutab isetsentreeruvaid paisuvaid mandreleid, et tagada toru v\u00f5i vooliku kiire ja \u00f5ige joondamine enne t\u00f6\u00f6tlemist. Kaldl\u00f5ikur suudab freesida v\u00e4lisdiameetri kalde, juurepinna ja sisediameetri s\u00fcvendi, et luua vuugi \u00fcmber \u00fchtlane seinapaksus ja tagada keevis\u00f5mbluse t\u00e4ielik l\u00e4bitungimine. Lisatarvikud laiendavad PRO-10 PB rakendusv\u00f5imalusi, sealhulgas \u00e4\u00e4riku pinnat\u00f6\u00f6tlust ja ovaalse kaldl\u00f5ikuse tegemist....","og_url":"https:\/\/spectrebaltics.com\/toode\/promotech-pro-10-pb-kaasaskantav-toruloikur-ja-aarik-faasimismasin\/","og_site_name":"Spectrebaltics","og_image":[{"width":900,"height":900,"url":"https:\/\/spectrebaltics.com\/wp-content\/uploads\/2026\/05\/pro_10_1200-900x900-1.png","type":"image\/png"}],"twitter_card":"summary_large_image","twitter_misc":{"Est. reading time":"1 minute"},"schema":{"@context":"https:\/\/schema.org","@graph":[{"@type":"Organization","@id":"https:\/\/spectrebaltics.com\/ru\/#organization","name":"Spectrebaltics","url":"https:\/\/spectrebaltics.com\/ru\/","sameAs":[],"logo":{"@type":"ImageObject","@id":"https:\/\/spectrebaltics.com\/ru\/#logo","inLanguage":"en-US","url":"https:\/\/spectrebaltics.com\/wp-content\/uploads\/2024\/03\/Spectrebaltics-logo.svg","contentUrl":"https:\/\/spectrebaltics.com\/wp-content\/uploads\/2024\/03\/Spectrebaltics-logo.svg","caption":"Spectrebaltics"},"image":{"@id":"https:\/\/spectrebaltics.com\/ru\/#logo"}},{"@type":"WebSite","@id":"https:\/\/spectrebaltics.com\/ru\/#website","url":"https:\/\/spectrebaltics.com\/ru\/","name":"Spectrebaltics","description":"","publisher":{"@id":"https:\/\/spectrebaltics.com\/ru\/#organization"},"potentialAction":[{"@type":"SearchAction","target":{"@type":"EntryPoint","urlTemplate":"https:\/\/spectrebaltics.com\/ru\/?s={search_term_string}"},"query-input":"required name=search_term_string"}],"inLanguage":"en-US"},{"@type":"ImageObject","@id":"https:\/\/spectrebaltics.com\/toode\/promotech-pro-10-pb-kaasaskantav-toruloikur-ja-aarik-faasimismasin\/#primaryimage","inLanguage":"en-US","url":"https:\/\/spectrebaltics.com\/wp-content\/uploads\/2026\/05\/pro_10_1200-900x900-1.png","contentUrl":"https:\/\/spectrebaltics.com\/wp-content\/uploads\/2026\/05\/pro_10_1200-900x900-1.png","width":900,"height":900},{"@type":"WebPage","@id":"https:\/\/spectrebaltics.com\/toode\/promotech-pro-10-pb-kaasaskantav-toruloikur-ja-aarik-faasimismasin\/#webpage","url":"https:\/\/spectrebaltics.com\/toode\/promotech-pro-10-pb-kaasaskantav-toruloikur-ja-aarik-faasimismasin\/","name":"Promotech PRO-10 PB | Kaasaskantav torul\u00f5ikur ja \u00e4\u00e4rik, faasimismasin","isPartOf":{"@id":"https:\/\/spectrebaltics.com\/ru\/#website"},"primaryImageOfPage":{"@id":"https:\/\/spectrebaltics.com\/toode\/promotech-pro-10-pb-kaasaskantav-toruloikur-ja-aarik-faasimismasin\/#primaryimage"},"datePublished":"2026-05-05T11:54:13+00:00","dateModified":"2026-05-05T11:54:13+00:00","breadcrumb":{"@id":"https:\/\/spectrebaltics.com\/toode\/promotech-pro-10-pb-kaasaskantav-toruloikur-ja-aarik-faasimismasin\/#breadcrumb"},"inLanguage":"en-US","potentialAction":[{"@type":"ReadAction","target":["https:\/\/spectrebaltics.com\/toode\/promotech-pro-10-pb-kaasaskantav-toruloikur-ja-aarik-faasimismasin\/"]}]},{"@type":"BreadcrumbList","@id":"https:\/\/spectrebaltics.com\/toode\/promotech-pro-10-pb-kaasaskantav-toruloikur-ja-aarik-faasimismasin\/#breadcrumb","itemListElement":[{"@type":"ListItem","position":1,"name":"Home","item":"https:\/\/spectrebaltics.com\/en\/"},{"@type":"ListItem","position":2,"name":"Catalogue","item":"https:\/\/spectrebaltics.com\/en\/catalogue\/"},{"@type":"ListItem","position":3,"name":"Promotech PRO-10 PB | Kaasaskantav torul\u00f5ikur ja \u00e4\u00e4rik, faasimismasin"}]}]}},"_links":{"self":[{"href":"https:\/\/spectrebaltics.com\/en\/wp-json\/wp\/v2\/product\/12741"}],"collection":[{"href":"https:\/\/spectrebaltics.com\/en\/wp-json\/wp\/v2\/product"}],"about":[{"href":"https:\/\/spectrebaltics.com\/en\/wp-json\/wp\/v2\/types\/product"}],"wp:featuredmedia":[{"embeddable":true,"href":"https:\/\/spectrebaltics.com\/en\/wp-json\/wp\/v2\/media\/12742"}],"wp:attachment":[{"href":"https:\/\/spectrebaltics.com\/en\/wp-json\/wp\/v2\/media?parent=12741"}],"wp:term":[{"taxonomy":"product_cat","embeddable":true,"href":"https:\/\/spectrebaltics.com\/en\/wp-json\/wp\/v2\/product_cat?post=12741"},{"taxonomy":"product_tag","embeddable":true,"href":"https:\/\/spectrebaltics.com\/en\/wp-json\/wp\/v2\/product_tag?post=12741"}],"curies":[{"name":"wp","href":"https:\/\/api.w.org\/{rel}","templated":true}]}}