{"id":12749,"date":"2026-05-05T12:06:07","date_gmt":"2026-05-05T12:06:07","guid":{"rendered":"https:\/\/spectrebaltics.com\/?post_type=product&#038;p=12749"},"modified":"2026-05-05T12:06:07","modified_gmt":"2026-05-05T12:06:07","slug":"promotech-pro-36r-aku-akuga-roopapuurpink","status":"publish","type":"product","link":"https:\/\/spectrebaltics.com\/en\/toode\/promotech-pro-36r-aku-akuga-roopapuurpink\/","title":{"rendered":"Promotech PRO-36R aku | Akuga r\u00f6\u00f6papuurpink"},"content":{"rendered":"<p>See akutoitel t\u00f6\u00f6tav, v\u00e4ga v\u00f5imas, kompaktne ja kerge r\u00f6\u00f6papuurmasin on ideaalne lahendus v\u00e4lit\u00f6\u00f6deks kaugemates piirkondades, kus toiteallikas puudub.<br \/>\nKiire positsioneerimine, kiirkinnitus ja kohene avamine muudavad selle kasulikuks ja ohutuks seadmeks.<br \/>\nPRO-36R aku v\u00f5imaldab puurida mis tahes standardi r\u00f6\u00f6paid kahe valikulise r\u00f6\u00f6paprofiili malli ja \u00fche augu keskpunkti positsioneerimise abil, mille kliendid saavad valida laia valiku lisatarvikute hulgast, mis on m\u00f5eldud erinevat t\u00fc\u00fcpi r\u00f6\u00f6bastele.<\/p>\n<p>2-aastane garantii<\/p>\n<p>Rohkem teavet:<\/p>\n<blockquote class=\"wp-embedded-content\" data-secret=\"HcSR1Aop7P\"><p><a href=\"https:\/\/www.promotech.eu\/product\/pro-36-r-battery-cordless-rail-drilling-machine\/\">PRO-36R Battery | Cordless Rail Drilling Machine<\/a><\/p><\/blockquote>\n<p><iframe class=\"wp-embedded-content\" sandbox=\"allow-scripts\" security=\"restricted\" style=\"position: absolute; clip: rect(1px, 1px, 1px, 1px);\" title=\"&#8222;PRO-36R Battery | Cordless Rail Drilling Machine&#8221; &#8212; PROMOTECH\" src=\"https:\/\/www.promotech.eu\/product\/pro-36-r-battery-cordless-rail-drilling-machine\/embed\/#?secret=ddkdRRt9oL#?secret=HcSR1Aop7P\" data-secret=\"HcSR1Aop7P\" width=\"600\" height=\"338\" frameborder=\"0\" marginwidth=\"0\" marginheight=\"0\" scrolling=\"no\"><\/iframe><\/p>\n","protected":false},"excerpt":{"rendered":"<p>See akutoitel t\u00f6\u00f6tav, v\u00e4ga v\u00f5imas, kompaktne ja kerge r\u00f6\u00f6papuurmasin on ideaalne lahendus v\u00e4lit\u00f6\u00f6deks kaugemates piirkondades, kus toiteallikas puudub. Kiire positsioneerimine, kiirkinnitus ja kohene avamine muudavad selle kasulikuks ja ohutuks seadmeks. PRO-36R aku v\u00f5imaldab puurida mis tahes standardi r\u00f6\u00f6paid kahe valikulise r\u00f6\u00f6paprofiili malli ja \u00fche augu keskpunkti positsioneerimise abil, mille kliendid saavad valida laia valiku lisatarvikute&#8230;<\/p>\n","protected":false},"featured_media":12750,"template":"","meta":[],"product_cat":[326,119],"product_tag":[],"yoast_head":"<!-- This site is optimized with the Yoast SEO plugin v18.4.1 - https:\/\/yoast.com\/wordpress\/plugins\/seo\/ -->\n<title>Promotech PRO-36R aku | Akuga r\u00f6\u00f6papuurpink<\/title>\n<meta name=\"robots\" content=\"index, follow, max-snippet:-1, max-image-preview:large, max-video-preview:-1\" \/>\n<link rel=\"canonical\" href=\"https:\/\/spectrebaltics.com\/toode\/promotech-pro-36r-aku-akuga-roopapuurpink\/\" \/>\n<meta property=\"og:locale\" content=\"en_US\" \/>\n<meta property=\"og:type\" content=\"article\" \/>\n<meta property=\"og:title\" content=\"Promotech PRO-36R aku | Akuga r\u00f6\u00f6papuurpink\" \/>\n<meta property=\"og:description\" content=\"See akutoitel t\u00f6\u00f6tav, v\u00e4ga v\u00f5imas, kompaktne ja kerge r\u00f6\u00f6papuurmasin on ideaalne lahendus v\u00e4lit\u00f6\u00f6deks kaugemates piirkondades, kus toiteallikas puudub. Kiire positsioneerimine, kiirkinnitus ja kohene avamine muudavad selle kasulikuks ja ohutuks seadmeks. PRO-36R aku v\u00f5imaldab puurida mis tahes standardi r\u00f6\u00f6paid kahe valikulise r\u00f6\u00f6paprofiili malli ja \u00fche augu keskpunkti positsioneerimise abil, mille kliendid saavad valida laia valiku lisatarvikute...\" \/>\n<meta property=\"og:url\" content=\"https:\/\/spectrebaltics.com\/toode\/promotech-pro-36r-aku-akuga-roopapuurpink\/\" \/>\n<meta property=\"og:site_name\" content=\"Spectrebaltics\" \/>\n<meta name=\"twitter:card\" content=\"summary_large_image\" \/>\n<meta name=\"twitter:image\" content=\"https:\/\/spectrebaltics.com\/wp-content\/uploads\/2026\/05\/pro-36r-battery-rusty-900x600-1.webp\" \/>\n<meta name=\"twitter:label1\" content=\"Est. reading time\" \/>\n\t<meta name=\"twitter:data1\" content=\"1 minute\" \/>\n<script type=\"application\/ld+json\" class=\"yoast-schema-graph\">{\"@context\":\"https:\/\/schema.org\",\"@graph\":[{\"@type\":\"Organization\",\"@id\":\"https:\/\/spectrebaltics.com\/ru\/#organization\",\"name\":\"Spectrebaltics\",\"url\":\"https:\/\/spectrebaltics.com\/ru\/\",\"sameAs\":[],\"logo\":{\"@type\":\"ImageObject\",\"@id\":\"https:\/\/spectrebaltics.com\/ru\/#logo\",\"inLanguage\":\"en-US\",\"url\":\"https:\/\/spectrebaltics.com\/wp-content\/uploads\/2024\/03\/Spectrebaltics-logo.svg\",\"contentUrl\":\"https:\/\/spectrebaltics.com\/wp-content\/uploads\/2024\/03\/Spectrebaltics-logo.svg\",\"caption\":\"Spectrebaltics\"},\"image\":{\"@id\":\"https:\/\/spectrebaltics.com\/ru\/#logo\"}},{\"@type\":\"WebSite\",\"@id\":\"https:\/\/spectrebaltics.com\/ru\/#website\",\"url\":\"https:\/\/spectrebaltics.com\/ru\/\",\"name\":\"Spectrebaltics\",\"description\":\"\",\"publisher\":{\"@id\":\"https:\/\/spectrebaltics.com\/ru\/#organization\"},\"potentialAction\":[{\"@type\":\"SearchAction\",\"target\":{\"@type\":\"EntryPoint\",\"urlTemplate\":\"https:\/\/spectrebaltics.com\/ru\/?s={search_term_string}\"},\"query-input\":\"required name=search_term_string\"}],\"inLanguage\":\"en-US\"},{\"@type\":\"ImageObject\",\"@id\":\"https:\/\/spectrebaltics.com\/toode\/promotech-pro-36r-aku-akuga-roopapuurpink\/#primaryimage\",\"inLanguage\":\"en-US\",\"url\":\"https:\/\/spectrebaltics.com\/wp-content\/uploads\/2026\/05\/pro-36r-battery-rusty-900x600-1.webp\",\"contentUrl\":\"https:\/\/spectrebaltics.com\/wp-content\/uploads\/2026\/05\/pro-36r-battery-rusty-900x600-1.webp\",\"width\":900,\"height\":600},{\"@type\":\"WebPage\",\"@id\":\"https:\/\/spectrebaltics.com\/toode\/promotech-pro-36r-aku-akuga-roopapuurpink\/#webpage\",\"url\":\"https:\/\/spectrebaltics.com\/toode\/promotech-pro-36r-aku-akuga-roopapuurpink\/\",\"name\":\"Promotech PRO-36R aku | Akuga r\u00f6\u00f6papuurpink\",\"isPartOf\":{\"@id\":\"https:\/\/spectrebaltics.com\/ru\/#website\"},\"primaryImageOfPage\":{\"@id\":\"https:\/\/spectrebaltics.com\/toode\/promotech-pro-36r-aku-akuga-roopapuurpink\/#primaryimage\"},\"datePublished\":\"2026-05-05T12:06:07+00:00\",\"dateModified\":\"2026-05-05T12:06:07+00:00\",\"breadcrumb\":{\"@id\":\"https:\/\/spectrebaltics.com\/toode\/promotech-pro-36r-aku-akuga-roopapuurpink\/#breadcrumb\"},\"inLanguage\":\"en-US\",\"potentialAction\":[{\"@type\":\"ReadAction\",\"target\":[\"https:\/\/spectrebaltics.com\/toode\/promotech-pro-36r-aku-akuga-roopapuurpink\/\"]}]},{\"@type\":\"BreadcrumbList\",\"@id\":\"https:\/\/spectrebaltics.com\/toode\/promotech-pro-36r-aku-akuga-roopapuurpink\/#breadcrumb\",\"itemListElement\":[{\"@type\":\"ListItem\",\"position\":1,\"name\":\"Home\",\"item\":\"https:\/\/spectrebaltics.com\/en\/\"},{\"@type\":\"ListItem\",\"position\":2,\"name\":\"Catalogue\",\"item\":\"https:\/\/spectrebaltics.com\/en\/catalogue\/\"},{\"@type\":\"ListItem\",\"position\":3,\"name\":\"Promotech PRO-36R aku | Akuga r\u00f6\u00f6papuurpink\"}]}]}<\/script>\n<!-- \/ Yoast SEO plugin. -->","yoast_head_json":{"title":"Promotech PRO-36R aku | Akuga r\u00f6\u00f6papuurpink","robots":{"index":"index","follow":"follow","max-snippet":"max-snippet:-1","max-image-preview":"max-image-preview:large","max-video-preview":"max-video-preview:-1"},"canonical":"https:\/\/spectrebaltics.com\/toode\/promotech-pro-36r-aku-akuga-roopapuurpink\/","og_locale":"en_US","og_type":"article","og_title":"Promotech PRO-36R aku | Akuga r\u00f6\u00f6papuurpink","og_description":"See akutoitel t\u00f6\u00f6tav, v\u00e4ga v\u00f5imas, kompaktne ja kerge r\u00f6\u00f6papuurmasin on ideaalne lahendus v\u00e4lit\u00f6\u00f6deks kaugemates piirkondades, kus toiteallikas puudub. Kiire positsioneerimine, kiirkinnitus ja kohene avamine muudavad selle kasulikuks ja ohutuks seadmeks. PRO-36R aku v\u00f5imaldab puurida mis tahes standardi r\u00f6\u00f6paid kahe valikulise r\u00f6\u00f6paprofiili malli ja \u00fche augu keskpunkti positsioneerimise abil, mille kliendid saavad valida laia valiku lisatarvikute...","og_url":"https:\/\/spectrebaltics.com\/toode\/promotech-pro-36r-aku-akuga-roopapuurpink\/","og_site_name":"Spectrebaltics","twitter_card":"summary_large_image","twitter_image":"https:\/\/spectrebaltics.com\/wp-content\/uploads\/2026\/05\/pro-36r-battery-rusty-900x600-1.webp","twitter_misc":{"Est. reading time":"1 minute"},"schema":{"@context":"https:\/\/schema.org","@graph":[{"@type":"Organization","@id":"https:\/\/spectrebaltics.com\/ru\/#organization","name":"Spectrebaltics","url":"https:\/\/spectrebaltics.com\/ru\/","sameAs":[],"logo":{"@type":"ImageObject","@id":"https:\/\/spectrebaltics.com\/ru\/#logo","inLanguage":"en-US","url":"https:\/\/spectrebaltics.com\/wp-content\/uploads\/2024\/03\/Spectrebaltics-logo.svg","contentUrl":"https:\/\/spectrebaltics.com\/wp-content\/uploads\/2024\/03\/Spectrebaltics-logo.svg","caption":"Spectrebaltics"},"image":{"@id":"https:\/\/spectrebaltics.com\/ru\/#logo"}},{"@type":"WebSite","@id":"https:\/\/spectrebaltics.com\/ru\/#website","url":"https:\/\/spectrebaltics.com\/ru\/","name":"Spectrebaltics","description":"","publisher":{"@id":"https:\/\/spectrebaltics.com\/ru\/#organization"},"potentialAction":[{"@type":"SearchAction","target":{"@type":"EntryPoint","urlTemplate":"https:\/\/spectrebaltics.com\/ru\/?s={search_term_string}"},"query-input":"required name=search_term_string"}],"inLanguage":"en-US"},{"@type":"ImageObject","@id":"https:\/\/spectrebaltics.com\/toode\/promotech-pro-36r-aku-akuga-roopapuurpink\/#primaryimage","inLanguage":"en-US","url":"https:\/\/spectrebaltics.com\/wp-content\/uploads\/2026\/05\/pro-36r-battery-rusty-900x600-1.webp","contentUrl":"https:\/\/spectrebaltics.com\/wp-content\/uploads\/2026\/05\/pro-36r-battery-rusty-900x600-1.webp","width":900,"height":600},{"@type":"WebPage","@id":"https:\/\/spectrebaltics.com\/toode\/promotech-pro-36r-aku-akuga-roopapuurpink\/#webpage","url":"https:\/\/spectrebaltics.com\/toode\/promotech-pro-36r-aku-akuga-roopapuurpink\/","name":"Promotech PRO-36R aku | Akuga r\u00f6\u00f6papuurpink","isPartOf":{"@id":"https:\/\/spectrebaltics.com\/ru\/#website"},"primaryImageOfPage":{"@id":"https:\/\/spectrebaltics.com\/toode\/promotech-pro-36r-aku-akuga-roopapuurpink\/#primaryimage"},"datePublished":"2026-05-05T12:06:07+00:00","dateModified":"2026-05-05T12:06:07+00:00","breadcrumb":{"@id":"https:\/\/spectrebaltics.com\/toode\/promotech-pro-36r-aku-akuga-roopapuurpink\/#breadcrumb"},"inLanguage":"en-US","potentialAction":[{"@type":"ReadAction","target":["https:\/\/spectrebaltics.com\/toode\/promotech-pro-36r-aku-akuga-roopapuurpink\/"]}]},{"@type":"BreadcrumbList","@id":"https:\/\/spectrebaltics.com\/toode\/promotech-pro-36r-aku-akuga-roopapuurpink\/#breadcrumb","itemListElement":[{"@type":"ListItem","position":1,"name":"Home","item":"https:\/\/spectrebaltics.com\/en\/"},{"@type":"ListItem","position":2,"name":"Catalogue","item":"https:\/\/spectrebaltics.com\/en\/catalogue\/"},{"@type":"ListItem","position":3,"name":"Promotech PRO-36R aku | Akuga r\u00f6\u00f6papuurpink"}]}]}},"_links":{"self":[{"href":"https:\/\/spectrebaltics.com\/en\/wp-json\/wp\/v2\/product\/12749"}],"collection":[{"href":"https:\/\/spectrebaltics.com\/en\/wp-json\/wp\/v2\/product"}],"about":[{"href":"https:\/\/spectrebaltics.com\/en\/wp-json\/wp\/v2\/types\/product"}],"wp:featuredmedia":[{"embeddable":true,"href":"https:\/\/spectrebaltics.com\/en\/wp-json\/wp\/v2\/media\/12750"}],"wp:attachment":[{"href":"https:\/\/spectrebaltics.com\/en\/wp-json\/wp\/v2\/media?parent=12749"}],"wp:term":[{"taxonomy":"product_cat","embeddable":true,"href":"https:\/\/spectrebaltics.com\/en\/wp-json\/wp\/v2\/product_cat?post=12749"},{"taxonomy":"product_tag","embeddable":true,"href":"https:\/\/spectrebaltics.com\/en\/wp-json\/wp\/v2\/product_tag?post=12749"}],"curies":[{"name":"wp","href":"https:\/\/api.w.org\/{rel}","templated":true}]}}