{"id":12757,"date":"2026-05-05T12:12:19","date_gmt":"2026-05-05T12:12:19","guid":{"rendered":"https:\/\/spectrebaltics.com\/?post_type=product&#038;p=12757"},"modified":"2026-05-05T12:12:19","modified_gmt":"2026-05-05T12:12:19","slug":"promotech-pro-40-ad-atex-pneumaatiline-magnetpuur","status":"publish","type":"product","link":"https:\/\/spectrebaltics.com\/en\/toode\/promotech-pro-40-ad-atex-pneumaatiline-magnetpuur\/","title":{"rendered":"Promotech PRO-40 AD ATEX | Pneumaatiline magnetpuur"},"content":{"rendered":"<p>PRO 40 AD Atex masin on loodud aukude puurimiseks r\u00f5ngasl\u00f5ikuritega ja 16 mm aukude puurimiseks keerdpuuridega, millel on 19 mm (3\/4\u2033) Weldoni vars. Pneumaatilise ajami ja p\u00fcsimagnetiga aluse kombinatsioon v\u00e4listab vajaduse elektritoiteallika j\u00e4rele. \u00c4\u00e4rmiselt v\u00e4ike ATEX-sertifikaadiga pneumaatiline puur sobib ideaalselt piiratud ruumiga ja ohtlikesse keskkondadesse, nagu naftapuurplatvormid, rafineerimistehased, laevaehitus ja naftakeemiat\u00f6\u00f6stus, kus elektriseadmed on ohutuskaalutlustel keelatud.<\/p>\n<p>ATEX-sertifikaadiga materjalid. Ohutu kasutada Ex-tsoonides ja keskkondades, kus on ohtlikke, tuleohtlikke v\u00f5i s\u00fcttivaid aure, vedelikke, tolmu v\u00f5i j\u00e4\u00e4ke.<\/p>\n<p>Tugev p\u00fcsimagnet. Kinnitab puuri ilma elektritoiteallika vajaduseta.<\/p>\n<p>P\u00fcsimagnetiga alus V-kujulise prismaga jalaga. V\u00f5imaldab puurida torusid alates 250 mm.<br \/>\nUuenduslik libisev pneumaatiline mootori SISSE\/V\u00c4LJA l\u00fcliti.<br \/>\nMehaaniline turvalukk. Hoiab \u00e4ra mootori juhusliku aktiveerimise.<br \/>\nMagneti SISSE\/V\u00c4LJA indikaator.<br \/>\n\u00dclimadal disain. Ideaalne kitsastesse kohtadesse, k\u00f5rgusega vaid 185 mm. Kompaktne suurus ja kerge. Ideaalne ehitusplatsil t\u00f6\u00f6tamiseks.<\/p>\n<p>2-aastane garantii<\/p>\n<p>Rohkem teavet:<\/p>\n<blockquote class=\"wp-embedded-content\" data-secret=\"KK5Z0UVNVG\"><p><a href=\"https:\/\/www.promotech.eu\/product\/pro-40-ad-atex-pneumatic-mag-drill\/\">PRO-40 AD ATEX | Pneumatic Mag Drill<\/a><\/p><\/blockquote>\n<p><iframe class=\"wp-embedded-content\" sandbox=\"allow-scripts\" security=\"restricted\" style=\"position: absolute; clip: rect(1px, 1px, 1px, 1px);\" title=\"&#8222;PRO-40 AD ATEX | Pneumatic Mag Drill&#8221; &#8212; PROMOTECH\" src=\"https:\/\/www.promotech.eu\/product\/pro-40-ad-atex-pneumatic-mag-drill\/embed\/#?secret=lDOYlxZfoa#?secret=KK5Z0UVNVG\" data-secret=\"KK5Z0UVNVG\" width=\"600\" height=\"338\" frameborder=\"0\" marginwidth=\"0\" marginheight=\"0\" scrolling=\"no\"><\/iframe><\/p>\n","protected":false},"excerpt":{"rendered":"<p>PRO 40 AD Atex masin on loodud aukude puurimiseks r\u00f5ngasl\u00f5ikuritega ja 16 mm aukude puurimiseks keerdpuuridega, millel on 19 mm (3\/4\u2033) Weldoni vars. Pneumaatilise ajami ja p\u00fcsimagnetiga aluse kombinatsioon v\u00e4listab vajaduse elektritoiteallika j\u00e4rele. \u00c4\u00e4rmiselt v\u00e4ike ATEX-sertifikaadiga pneumaatiline puur sobib ideaalselt piiratud ruumiga ja ohtlikesse keskkondadesse, nagu naftapuurplatvormid, rafineerimistehased, laevaehitus ja naftakeemiat\u00f6\u00f6stus, kus elektriseadmed on ohutuskaalutlustel&#8230;<\/p>\n","protected":false},"featured_media":12758,"template":"","meta":[],"product_cat":[326,119],"product_tag":[],"yoast_head":"<!-- This site is optimized with the Yoast SEO plugin v18.4.1 - https:\/\/yoast.com\/wordpress\/plugins\/seo\/ -->\n<title>Promotech PRO-40 AD ATEX | Pneumaatiline magnetpuur<\/title>\n<meta name=\"robots\" content=\"index, follow, max-snippet:-1, max-image-preview:large, max-video-preview:-1\" \/>\n<link rel=\"canonical\" href=\"https:\/\/spectrebaltics.com\/toode\/promotech-pro-40-ad-atex-pneumaatiline-magnetpuur\/\" \/>\n<meta property=\"og:locale\" content=\"en_US\" \/>\n<meta property=\"og:type\" content=\"article\" \/>\n<meta property=\"og:title\" content=\"Promotech PRO-40 AD ATEX | Pneumaatiline magnetpuur\" \/>\n<meta property=\"og:description\" content=\"PRO 40 AD Atex masin on loodud aukude puurimiseks r\u00f5ngasl\u00f5ikuritega ja 16 mm aukude puurimiseks keerdpuuridega, millel on 19 mm (3\/4\u2033) Weldoni vars. Pneumaatilise ajami ja p\u00fcsimagnetiga aluse kombinatsioon v\u00e4listab vajaduse elektritoiteallika j\u00e4rele. \u00c4\u00e4rmiselt v\u00e4ike ATEX-sertifikaadiga pneumaatiline puur sobib ideaalselt piiratud ruumiga ja ohtlikesse keskkondadesse, nagu naftapuurplatvormid, rafineerimistehased, laevaehitus ja naftakeemiat\u00f6\u00f6stus, kus elektriseadmed on ohutuskaalutlustel...\" \/>\n<meta property=\"og:url\" content=\"https:\/\/spectrebaltics.com\/toode\/promotech-pro-40-ad-atex-pneumaatiline-magnetpuur\/\" \/>\n<meta property=\"og:site_name\" content=\"Spectrebaltics\" \/>\n<meta property=\"og:image\" content=\"https:\/\/spectrebaltics.com\/wp-content\/uploads\/2026\/05\/pro-40-ad-atex-pneumatic-mag-drill-900x788-1.png\" \/>\n\t<meta property=\"og:image:width\" content=\"900\" \/>\n\t<meta property=\"og:image:height\" content=\"788\" \/>\n\t<meta property=\"og:image:type\" content=\"image\/png\" \/>\n<meta name=\"twitter:card\" content=\"summary_large_image\" \/>\n<meta name=\"twitter:label1\" content=\"Est. reading time\" \/>\n\t<meta name=\"twitter:data1\" content=\"1 minute\" \/>\n<script type=\"application\/ld+json\" class=\"yoast-schema-graph\">{\"@context\":\"https:\/\/schema.org\",\"@graph\":[{\"@type\":\"Organization\",\"@id\":\"https:\/\/spectrebaltics.com\/ru\/#organization\",\"name\":\"Spectrebaltics\",\"url\":\"https:\/\/spectrebaltics.com\/ru\/\",\"sameAs\":[],\"logo\":{\"@type\":\"ImageObject\",\"@id\":\"https:\/\/spectrebaltics.com\/ru\/#logo\",\"inLanguage\":\"en-US\",\"url\":\"https:\/\/spectrebaltics.com\/wp-content\/uploads\/2024\/03\/Spectrebaltics-logo.svg\",\"contentUrl\":\"https:\/\/spectrebaltics.com\/wp-content\/uploads\/2024\/03\/Spectrebaltics-logo.svg\",\"caption\":\"Spectrebaltics\"},\"image\":{\"@id\":\"https:\/\/spectrebaltics.com\/ru\/#logo\"}},{\"@type\":\"WebSite\",\"@id\":\"https:\/\/spectrebaltics.com\/ru\/#website\",\"url\":\"https:\/\/spectrebaltics.com\/ru\/\",\"name\":\"Spectrebaltics\",\"description\":\"\",\"publisher\":{\"@id\":\"https:\/\/spectrebaltics.com\/ru\/#organization\"},\"potentialAction\":[{\"@type\":\"SearchAction\",\"target\":{\"@type\":\"EntryPoint\",\"urlTemplate\":\"https:\/\/spectrebaltics.com\/ru\/?s={search_term_string}\"},\"query-input\":\"required name=search_term_string\"}],\"inLanguage\":\"en-US\"},{\"@type\":\"ImageObject\",\"@id\":\"https:\/\/spectrebaltics.com\/toode\/promotech-pro-40-ad-atex-pneumaatiline-magnetpuur\/#primaryimage\",\"inLanguage\":\"en-US\",\"url\":\"https:\/\/spectrebaltics.com\/wp-content\/uploads\/2026\/05\/pro-40-ad-atex-pneumatic-mag-drill-900x788-1.png\",\"contentUrl\":\"https:\/\/spectrebaltics.com\/wp-content\/uploads\/2026\/05\/pro-40-ad-atex-pneumatic-mag-drill-900x788-1.png\",\"width\":900,\"height\":788},{\"@type\":\"WebPage\",\"@id\":\"https:\/\/spectrebaltics.com\/toode\/promotech-pro-40-ad-atex-pneumaatiline-magnetpuur\/#webpage\",\"url\":\"https:\/\/spectrebaltics.com\/toode\/promotech-pro-40-ad-atex-pneumaatiline-magnetpuur\/\",\"name\":\"Promotech PRO-40 AD ATEX | Pneumaatiline magnetpuur\",\"isPartOf\":{\"@id\":\"https:\/\/spectrebaltics.com\/ru\/#website\"},\"primaryImageOfPage\":{\"@id\":\"https:\/\/spectrebaltics.com\/toode\/promotech-pro-40-ad-atex-pneumaatiline-magnetpuur\/#primaryimage\"},\"datePublished\":\"2026-05-05T12:12:19+00:00\",\"dateModified\":\"2026-05-05T12:12:19+00:00\",\"breadcrumb\":{\"@id\":\"https:\/\/spectrebaltics.com\/toode\/promotech-pro-40-ad-atex-pneumaatiline-magnetpuur\/#breadcrumb\"},\"inLanguage\":\"en-US\",\"potentialAction\":[{\"@type\":\"ReadAction\",\"target\":[\"https:\/\/spectrebaltics.com\/toode\/promotech-pro-40-ad-atex-pneumaatiline-magnetpuur\/\"]}]},{\"@type\":\"BreadcrumbList\",\"@id\":\"https:\/\/spectrebaltics.com\/toode\/promotech-pro-40-ad-atex-pneumaatiline-magnetpuur\/#breadcrumb\",\"itemListElement\":[{\"@type\":\"ListItem\",\"position\":1,\"name\":\"Home\",\"item\":\"https:\/\/spectrebaltics.com\/en\/\"},{\"@type\":\"ListItem\",\"position\":2,\"name\":\"Catalogue\",\"item\":\"https:\/\/spectrebaltics.com\/en\/catalogue\/\"},{\"@type\":\"ListItem\",\"position\":3,\"name\":\"Promotech PRO-40 AD ATEX | Pneumaatiline magnetpuur\"}]}]}<\/script>\n<!-- \/ Yoast SEO plugin. -->","yoast_head_json":{"title":"Promotech PRO-40 AD ATEX | Pneumaatiline magnetpuur","robots":{"index":"index","follow":"follow","max-snippet":"max-snippet:-1","max-image-preview":"max-image-preview:large","max-video-preview":"max-video-preview:-1"},"canonical":"https:\/\/spectrebaltics.com\/toode\/promotech-pro-40-ad-atex-pneumaatiline-magnetpuur\/","og_locale":"en_US","og_type":"article","og_title":"Promotech PRO-40 AD ATEX | Pneumaatiline magnetpuur","og_description":"PRO 40 AD Atex masin on loodud aukude puurimiseks r\u00f5ngasl\u00f5ikuritega ja 16 mm aukude puurimiseks keerdpuuridega, millel on 19 mm (3\/4\u2033) Weldoni vars. Pneumaatilise ajami ja p\u00fcsimagnetiga aluse kombinatsioon v\u00e4listab vajaduse elektritoiteallika j\u00e4rele. \u00c4\u00e4rmiselt v\u00e4ike ATEX-sertifikaadiga pneumaatiline puur sobib ideaalselt piiratud ruumiga ja ohtlikesse keskkondadesse, nagu naftapuurplatvormid, rafineerimistehased, laevaehitus ja naftakeemiat\u00f6\u00f6stus, kus elektriseadmed on ohutuskaalutlustel...","og_url":"https:\/\/spectrebaltics.com\/toode\/promotech-pro-40-ad-atex-pneumaatiline-magnetpuur\/","og_site_name":"Spectrebaltics","og_image":[{"width":900,"height":788,"url":"https:\/\/spectrebaltics.com\/wp-content\/uploads\/2026\/05\/pro-40-ad-atex-pneumatic-mag-drill-900x788-1.png","type":"image\/png"}],"twitter_card":"summary_large_image","twitter_misc":{"Est. reading time":"1 minute"},"schema":{"@context":"https:\/\/schema.org","@graph":[{"@type":"Organization","@id":"https:\/\/spectrebaltics.com\/ru\/#organization","name":"Spectrebaltics","url":"https:\/\/spectrebaltics.com\/ru\/","sameAs":[],"logo":{"@type":"ImageObject","@id":"https:\/\/spectrebaltics.com\/ru\/#logo","inLanguage":"en-US","url":"https:\/\/spectrebaltics.com\/wp-content\/uploads\/2024\/03\/Spectrebaltics-logo.svg","contentUrl":"https:\/\/spectrebaltics.com\/wp-content\/uploads\/2024\/03\/Spectrebaltics-logo.svg","caption":"Spectrebaltics"},"image":{"@id":"https:\/\/spectrebaltics.com\/ru\/#logo"}},{"@type":"WebSite","@id":"https:\/\/spectrebaltics.com\/ru\/#website","url":"https:\/\/spectrebaltics.com\/ru\/","name":"Spectrebaltics","description":"","publisher":{"@id":"https:\/\/spectrebaltics.com\/ru\/#organization"},"potentialAction":[{"@type":"SearchAction","target":{"@type":"EntryPoint","urlTemplate":"https:\/\/spectrebaltics.com\/ru\/?s={search_term_string}"},"query-input":"required name=search_term_string"}],"inLanguage":"en-US"},{"@type":"ImageObject","@id":"https:\/\/spectrebaltics.com\/toode\/promotech-pro-40-ad-atex-pneumaatiline-magnetpuur\/#primaryimage","inLanguage":"en-US","url":"https:\/\/spectrebaltics.com\/wp-content\/uploads\/2026\/05\/pro-40-ad-atex-pneumatic-mag-drill-900x788-1.png","contentUrl":"https:\/\/spectrebaltics.com\/wp-content\/uploads\/2026\/05\/pro-40-ad-atex-pneumatic-mag-drill-900x788-1.png","width":900,"height":788},{"@type":"WebPage","@id":"https:\/\/spectrebaltics.com\/toode\/promotech-pro-40-ad-atex-pneumaatiline-magnetpuur\/#webpage","url":"https:\/\/spectrebaltics.com\/toode\/promotech-pro-40-ad-atex-pneumaatiline-magnetpuur\/","name":"Promotech PRO-40 AD ATEX | Pneumaatiline magnetpuur","isPartOf":{"@id":"https:\/\/spectrebaltics.com\/ru\/#website"},"primaryImageOfPage":{"@id":"https:\/\/spectrebaltics.com\/toode\/promotech-pro-40-ad-atex-pneumaatiline-magnetpuur\/#primaryimage"},"datePublished":"2026-05-05T12:12:19+00:00","dateModified":"2026-05-05T12:12:19+00:00","breadcrumb":{"@id":"https:\/\/spectrebaltics.com\/toode\/promotech-pro-40-ad-atex-pneumaatiline-magnetpuur\/#breadcrumb"},"inLanguage":"en-US","potentialAction":[{"@type":"ReadAction","target":["https:\/\/spectrebaltics.com\/toode\/promotech-pro-40-ad-atex-pneumaatiline-magnetpuur\/"]}]},{"@type":"BreadcrumbList","@id":"https:\/\/spectrebaltics.com\/toode\/promotech-pro-40-ad-atex-pneumaatiline-magnetpuur\/#breadcrumb","itemListElement":[{"@type":"ListItem","position":1,"name":"Home","item":"https:\/\/spectrebaltics.com\/en\/"},{"@type":"ListItem","position":2,"name":"Catalogue","item":"https:\/\/spectrebaltics.com\/en\/catalogue\/"},{"@type":"ListItem","position":3,"name":"Promotech PRO-40 AD ATEX | Pneumaatiline magnetpuur"}]}]}},"_links":{"self":[{"href":"https:\/\/spectrebaltics.com\/en\/wp-json\/wp\/v2\/product\/12757"}],"collection":[{"href":"https:\/\/spectrebaltics.com\/en\/wp-json\/wp\/v2\/product"}],"about":[{"href":"https:\/\/spectrebaltics.com\/en\/wp-json\/wp\/v2\/types\/product"}],"wp:featuredmedia":[{"embeddable":true,"href":"https:\/\/spectrebaltics.com\/en\/wp-json\/wp\/v2\/media\/12758"}],"wp:attachment":[{"href":"https:\/\/spectrebaltics.com\/en\/wp-json\/wp\/v2\/media?parent=12757"}],"wp:term":[{"taxonomy":"product_cat","embeddable":true,"href":"https:\/\/spectrebaltics.com\/en\/wp-json\/wp\/v2\/product_cat?post=12757"},{"taxonomy":"product_tag","embeddable":true,"href":"https:\/\/spectrebaltics.com\/en\/wp-json\/wp\/v2\/product_tag?post=12757"}],"curies":[{"name":"wp","href":"https:\/\/api.w.org\/{rel}","templated":true}]}}