{"id":12789,"date":"2026-05-05T12:24:26","date_gmt":"2026-05-05T12:24:26","guid":{"rendered":"https:\/\/spectrebaltics.com\/?post_type=product&#038;p=12789"},"modified":"2026-05-05T12:24:26","modified_gmt":"2026-05-05T12:24:26","slug":"promotech-pro-62-magnetpuurmasin","status":"publish","type":"product","link":"https:\/\/spectrebaltics.com\/en\/toode\/promotech-pro-62-magnetpuurmasin\/","title":{"rendered":"Promotech PRO-62 | Magnetpuurmasin"},"content":{"rendered":"<p>19 mm (3\/4\u2033) Weldoni t\u00f6\u00f6riistahoidikuga varustatud PRO-62 puur kasutab TCT ja HSS r\u00f5ngasl\u00f5ikureid. V\u00f5imas mootor v\u00f5imaldab l\u00f5ikes\u00fcgavust kuni 65 mm (2-9\/16\u2033) ja l\u00f5ikes\u00fcgavust kuni 75 mm (3\u2033). Kahekordse juhtvardaga s\u00fcsteem tagab erakordse j\u00e4ikuse ja reguleerimisvaba t\u00f6\u00f6.<\/p>\n<p>J\u00e4ik valuplokk pikendab t\u00f6\u00f6riista eluiga.<br \/>\nMootor seiskub, kui harjad on kulunud (mootori taask\u00e4ivitamiseks vahetage harjad v\u00e4lja).<br \/>\nUuenduslik nutikas magnet v\u00e4hendatud kaaluga.<br \/>\nSuure mahutavusega jahutusvedeliku paak, et rohkem auke saaks teha ilma uuesti t\u00e4itmiseta.<br \/>\nEnergias\u00e4\u00e4stlik alus (ESB) kasutab mootori seiskamise ajal ainult 50% oma v\u00f5imsusest.<br \/>\nMagnetv\u00e4lja kuju kontroll (MFSC) tagab \u00f5hukeste materjalide maksimaalse hoidej\u00f5u.<br \/>\nMagnetilise j\u00f5u adhesiooni kontroll (MPAC) tuvastab elektromagnetilise aluse kleepumisj\u00f5u ja kaitseb nii masinat kui ka operaatorit liiga \u00f5hukese toorikuga t\u00f6\u00f6tamise eest.<br \/>\n2-aastane garantii.<\/p>\n<p>Rohkem teavet:<\/p>\n<blockquote class=\"wp-embedded-content\" data-secret=\"gS8ddTNTFL\"><p><a href=\"https:\/\/www.promotech.eu\/product\/pro-62-annular-cutter-drilling-machine\/\">PRO-62 | Annular Cutter Drilling Machine<\/a><\/p><\/blockquote>\n<p><iframe class=\"wp-embedded-content\" sandbox=\"allow-scripts\" security=\"restricted\" style=\"position: absolute; clip: rect(1px, 1px, 1px, 1px);\" title=\"&#8222;PRO-62 | Annular Cutter Drilling Machine&#8221; &#8212; PROMOTECH\" src=\"https:\/\/www.promotech.eu\/product\/pro-62-annular-cutter-drilling-machine\/embed\/#?secret=gXXVqlgWJX#?secret=gS8ddTNTFL\" data-secret=\"gS8ddTNTFL\" width=\"600\" height=\"338\" frameborder=\"0\" marginwidth=\"0\" marginheight=\"0\" scrolling=\"no\"><\/iframe><\/p>\n","protected":false},"excerpt":{"rendered":"<p>19 mm (3\/4\u2033) Weldoni t\u00f6\u00f6riistahoidikuga varustatud PRO-62 puur kasutab TCT ja HSS r\u00f5ngasl\u00f5ikureid. V\u00f5imas mootor v\u00f5imaldab l\u00f5ikes\u00fcgavust kuni 65 mm (2-9\/16\u2033) ja l\u00f5ikes\u00fcgavust kuni 75 mm (3\u2033). Kahekordse juhtvardaga s\u00fcsteem tagab erakordse j\u00e4ikuse ja reguleerimisvaba t\u00f6\u00f6. J\u00e4ik valuplokk pikendab t\u00f6\u00f6riista eluiga. Mootor seiskub, kui harjad on kulunud (mootori taask\u00e4ivitamiseks vahetage harjad v\u00e4lja). Uuenduslik nutikas magnet&#8230;<\/p>\n","protected":false},"featured_media":12790,"template":"","meta":[],"product_cat":[326,119],"product_tag":[],"yoast_head":"<!-- This site is optimized with the Yoast SEO plugin v18.4.1 - https:\/\/yoast.com\/wordpress\/plugins\/seo\/ -->\n<title>Promotech PRO-62 | Magnetpuurmasin<\/title>\n<meta name=\"robots\" content=\"index, follow, max-snippet:-1, max-image-preview:large, max-video-preview:-1\" \/>\n<link rel=\"canonical\" href=\"https:\/\/spectrebaltics.com\/toode\/promotech-pro-62-magnetpuurmasin\/\" \/>\n<meta property=\"og:locale\" content=\"en_US\" \/>\n<meta property=\"og:type\" content=\"article\" \/>\n<meta property=\"og:title\" content=\"Promotech PRO-62 | Magnetpuurmasin\" \/>\n<meta property=\"og:description\" content=\"19 mm (3\/4\u2033) Weldoni t\u00f6\u00f6riistahoidikuga varustatud PRO-62 puur kasutab TCT ja HSS r\u00f5ngasl\u00f5ikureid. V\u00f5imas mootor v\u00f5imaldab l\u00f5ikes\u00fcgavust kuni 65 mm (2-9\/16\u2033) ja l\u00f5ikes\u00fcgavust kuni 75 mm (3\u2033). Kahekordse juhtvardaga s\u00fcsteem tagab erakordse j\u00e4ikuse ja reguleerimisvaba t\u00f6\u00f6. J\u00e4ik valuplokk pikendab t\u00f6\u00f6riista eluiga. Mootor seiskub, kui harjad on kulunud (mootori taask\u00e4ivitamiseks vahetage harjad v\u00e4lja). Uuenduslik nutikas magnet...\" \/>\n<meta property=\"og:url\" content=\"https:\/\/spectrebaltics.com\/toode\/promotech-pro-62-magnetpuurmasin\/\" \/>\n<meta property=\"og:site_name\" content=\"Spectrebaltics\" \/>\n<meta name=\"twitter:card\" content=\"summary_large_image\" \/>\n<meta name=\"twitter:image\" content=\"https:\/\/spectrebaltics.com\/wp-content\/uploads\/2026\/05\/pro-62_1-900x1226-1.webp\" \/>\n<meta name=\"twitter:label1\" content=\"Est. reading time\" \/>\n\t<meta name=\"twitter:data1\" content=\"1 minute\" \/>\n<script type=\"application\/ld+json\" class=\"yoast-schema-graph\">{\"@context\":\"https:\/\/schema.org\",\"@graph\":[{\"@type\":\"Organization\",\"@id\":\"https:\/\/spectrebaltics.com\/ru\/#organization\",\"name\":\"Spectrebaltics\",\"url\":\"https:\/\/spectrebaltics.com\/ru\/\",\"sameAs\":[],\"logo\":{\"@type\":\"ImageObject\",\"@id\":\"https:\/\/spectrebaltics.com\/ru\/#logo\",\"inLanguage\":\"en-US\",\"url\":\"https:\/\/spectrebaltics.com\/wp-content\/uploads\/2024\/03\/Spectrebaltics-logo.svg\",\"contentUrl\":\"https:\/\/spectrebaltics.com\/wp-content\/uploads\/2024\/03\/Spectrebaltics-logo.svg\",\"caption\":\"Spectrebaltics\"},\"image\":{\"@id\":\"https:\/\/spectrebaltics.com\/ru\/#logo\"}},{\"@type\":\"WebSite\",\"@id\":\"https:\/\/spectrebaltics.com\/ru\/#website\",\"url\":\"https:\/\/spectrebaltics.com\/ru\/\",\"name\":\"Spectrebaltics\",\"description\":\"\",\"publisher\":{\"@id\":\"https:\/\/spectrebaltics.com\/ru\/#organization\"},\"potentialAction\":[{\"@type\":\"SearchAction\",\"target\":{\"@type\":\"EntryPoint\",\"urlTemplate\":\"https:\/\/spectrebaltics.com\/ru\/?s={search_term_string}\"},\"query-input\":\"required name=search_term_string\"}],\"inLanguage\":\"en-US\"},{\"@type\":\"ImageObject\",\"@id\":\"https:\/\/spectrebaltics.com\/toode\/promotech-pro-62-magnetpuurmasin\/#primaryimage\",\"inLanguage\":\"en-US\",\"url\":\"https:\/\/spectrebaltics.com\/wp-content\/uploads\/2026\/05\/pro-62_1-900x1226-1.webp\",\"contentUrl\":\"https:\/\/spectrebaltics.com\/wp-content\/uploads\/2026\/05\/pro-62_1-900x1226-1.webp\",\"width\":900,\"height\":1226},{\"@type\":\"WebPage\",\"@id\":\"https:\/\/spectrebaltics.com\/toode\/promotech-pro-62-magnetpuurmasin\/#webpage\",\"url\":\"https:\/\/spectrebaltics.com\/toode\/promotech-pro-62-magnetpuurmasin\/\",\"name\":\"Promotech PRO-62 | Magnetpuurmasin\",\"isPartOf\":{\"@id\":\"https:\/\/spectrebaltics.com\/ru\/#website\"},\"primaryImageOfPage\":{\"@id\":\"https:\/\/spectrebaltics.com\/toode\/promotech-pro-62-magnetpuurmasin\/#primaryimage\"},\"datePublished\":\"2026-05-05T12:24:26+00:00\",\"dateModified\":\"2026-05-05T12:24:26+00:00\",\"breadcrumb\":{\"@id\":\"https:\/\/spectrebaltics.com\/toode\/promotech-pro-62-magnetpuurmasin\/#breadcrumb\"},\"inLanguage\":\"en-US\",\"potentialAction\":[{\"@type\":\"ReadAction\",\"target\":[\"https:\/\/spectrebaltics.com\/toode\/promotech-pro-62-magnetpuurmasin\/\"]}]},{\"@type\":\"BreadcrumbList\",\"@id\":\"https:\/\/spectrebaltics.com\/toode\/promotech-pro-62-magnetpuurmasin\/#breadcrumb\",\"itemListElement\":[{\"@type\":\"ListItem\",\"position\":1,\"name\":\"Home\",\"item\":\"https:\/\/spectrebaltics.com\/en\/\"},{\"@type\":\"ListItem\",\"position\":2,\"name\":\"Catalogue\",\"item\":\"https:\/\/spectrebaltics.com\/en\/catalogue\/\"},{\"@type\":\"ListItem\",\"position\":3,\"name\":\"Promotech PRO-62 | Magnetpuurmasin\"}]}]}<\/script>\n<!-- \/ Yoast SEO plugin. -->","yoast_head_json":{"title":"Promotech PRO-62 | Magnetpuurmasin","robots":{"index":"index","follow":"follow","max-snippet":"max-snippet:-1","max-image-preview":"max-image-preview:large","max-video-preview":"max-video-preview:-1"},"canonical":"https:\/\/spectrebaltics.com\/toode\/promotech-pro-62-magnetpuurmasin\/","og_locale":"en_US","og_type":"article","og_title":"Promotech PRO-62 | Magnetpuurmasin","og_description":"19 mm (3\/4\u2033) Weldoni t\u00f6\u00f6riistahoidikuga varustatud PRO-62 puur kasutab TCT ja HSS r\u00f5ngasl\u00f5ikureid. V\u00f5imas mootor v\u00f5imaldab l\u00f5ikes\u00fcgavust kuni 65 mm (2-9\/16\u2033) ja l\u00f5ikes\u00fcgavust kuni 75 mm (3\u2033). Kahekordse juhtvardaga s\u00fcsteem tagab erakordse j\u00e4ikuse ja reguleerimisvaba t\u00f6\u00f6. J\u00e4ik valuplokk pikendab t\u00f6\u00f6riista eluiga. Mootor seiskub, kui harjad on kulunud (mootori taask\u00e4ivitamiseks vahetage harjad v\u00e4lja). Uuenduslik nutikas magnet...","og_url":"https:\/\/spectrebaltics.com\/toode\/promotech-pro-62-magnetpuurmasin\/","og_site_name":"Spectrebaltics","twitter_card":"summary_large_image","twitter_image":"https:\/\/spectrebaltics.com\/wp-content\/uploads\/2026\/05\/pro-62_1-900x1226-1.webp","twitter_misc":{"Est. reading time":"1 minute"},"schema":{"@context":"https:\/\/schema.org","@graph":[{"@type":"Organization","@id":"https:\/\/spectrebaltics.com\/ru\/#organization","name":"Spectrebaltics","url":"https:\/\/spectrebaltics.com\/ru\/","sameAs":[],"logo":{"@type":"ImageObject","@id":"https:\/\/spectrebaltics.com\/ru\/#logo","inLanguage":"en-US","url":"https:\/\/spectrebaltics.com\/wp-content\/uploads\/2024\/03\/Spectrebaltics-logo.svg","contentUrl":"https:\/\/spectrebaltics.com\/wp-content\/uploads\/2024\/03\/Spectrebaltics-logo.svg","caption":"Spectrebaltics"},"image":{"@id":"https:\/\/spectrebaltics.com\/ru\/#logo"}},{"@type":"WebSite","@id":"https:\/\/spectrebaltics.com\/ru\/#website","url":"https:\/\/spectrebaltics.com\/ru\/","name":"Spectrebaltics","description":"","publisher":{"@id":"https:\/\/spectrebaltics.com\/ru\/#organization"},"potentialAction":[{"@type":"SearchAction","target":{"@type":"EntryPoint","urlTemplate":"https:\/\/spectrebaltics.com\/ru\/?s={search_term_string}"},"query-input":"required name=search_term_string"}],"inLanguage":"en-US"},{"@type":"ImageObject","@id":"https:\/\/spectrebaltics.com\/toode\/promotech-pro-62-magnetpuurmasin\/#primaryimage","inLanguage":"en-US","url":"https:\/\/spectrebaltics.com\/wp-content\/uploads\/2026\/05\/pro-62_1-900x1226-1.webp","contentUrl":"https:\/\/spectrebaltics.com\/wp-content\/uploads\/2026\/05\/pro-62_1-900x1226-1.webp","width":900,"height":1226},{"@type":"WebPage","@id":"https:\/\/spectrebaltics.com\/toode\/promotech-pro-62-magnetpuurmasin\/#webpage","url":"https:\/\/spectrebaltics.com\/toode\/promotech-pro-62-magnetpuurmasin\/","name":"Promotech PRO-62 | Magnetpuurmasin","isPartOf":{"@id":"https:\/\/spectrebaltics.com\/ru\/#website"},"primaryImageOfPage":{"@id":"https:\/\/spectrebaltics.com\/toode\/promotech-pro-62-magnetpuurmasin\/#primaryimage"},"datePublished":"2026-05-05T12:24:26+00:00","dateModified":"2026-05-05T12:24:26+00:00","breadcrumb":{"@id":"https:\/\/spectrebaltics.com\/toode\/promotech-pro-62-magnetpuurmasin\/#breadcrumb"},"inLanguage":"en-US","potentialAction":[{"@type":"ReadAction","target":["https:\/\/spectrebaltics.com\/toode\/promotech-pro-62-magnetpuurmasin\/"]}]},{"@type":"BreadcrumbList","@id":"https:\/\/spectrebaltics.com\/toode\/promotech-pro-62-magnetpuurmasin\/#breadcrumb","itemListElement":[{"@type":"ListItem","position":1,"name":"Home","item":"https:\/\/spectrebaltics.com\/en\/"},{"@type":"ListItem","position":2,"name":"Catalogue","item":"https:\/\/spectrebaltics.com\/en\/catalogue\/"},{"@type":"ListItem","position":3,"name":"Promotech PRO-62 | Magnetpuurmasin"}]}]}},"_links":{"self":[{"href":"https:\/\/spectrebaltics.com\/en\/wp-json\/wp\/v2\/product\/12789"}],"collection":[{"href":"https:\/\/spectrebaltics.com\/en\/wp-json\/wp\/v2\/product"}],"about":[{"href":"https:\/\/spectrebaltics.com\/en\/wp-json\/wp\/v2\/types\/product"}],"wp:featuredmedia":[{"embeddable":true,"href":"https:\/\/spectrebaltics.com\/en\/wp-json\/wp\/v2\/media\/12790"}],"wp:attachment":[{"href":"https:\/\/spectrebaltics.com\/en\/wp-json\/wp\/v2\/media?parent=12789"}],"wp:term":[{"taxonomy":"product_cat","embeddable":true,"href":"https:\/\/spectrebaltics.com\/en\/wp-json\/wp\/v2\/product_cat?post=12789"},{"taxonomy":"product_tag","embeddable":true,"href":"https:\/\/spectrebaltics.com\/en\/wp-json\/wp\/v2\/product_tag?post=12789"}],"curies":[{"name":"wp","href":"https:\/\/api.w.org\/{rel}","templated":true}]}}