{"id":12797,"date":"2026-05-05T12:30:58","date_gmt":"2026-05-05T12:30:58","guid":{"rendered":"https:\/\/spectrebaltics.com\/?post_type=product&#038;p=12797"},"modified":"2026-05-05T12:30:58","modified_gmt":"2026-05-05T12:30:58","slug":"promotech-pro-52t-universaalne-keermestus-ja-puurmasin","status":"publish","type":"product","link":"https:\/\/spectrebaltics.com\/en\/toode\/promotech-pro-52t-universaalne-keermestus-ja-puurmasin\/","title":{"rendered":"Promotech PRO-52T | Universaalne keermestus- ja puurmasin"},"content":{"rendered":"<p>PRO-52T magnetpuur v\u00f5imaldab freesimisv\u00f5imsust kuni 50 mm ja puurimisv\u00f5imsust kuni 23 mm. Edasi- ja tagasisuunas t\u00f6\u00f6tamise re\u017eiimid v\u00f5imaldavad PROMOTECHi keermestuss\u00fcsteemiga keermestada l\u00e4bivaid ja ummisauke l\u00e4bim\u00f5\u00f5duga kuni M20. Kahekiiruseline k\u00e4igukast pideva kiiruse reguleerimisega v\u00f5imaldab seadistada optimaalse kiiruse olenevalt l\u00e4bim\u00f5\u00f5dust, terase klassist v\u00f5i t\u00f6\u00f6riista kvaliteedist. Intelligentne kiiruse reguleerimise s\u00fcsteem hoiab mootori kiirust konstantsena olenemata muutuvatest koormustest, samas kui nii \u00fclekoormus- kui ka \u00fclekuumenemiskaitse takistavad masina v\u00e4\u00e4rkasutamist.<\/p>\n<p>Integreeritud edasi-\/tagasisuunas t\u00f6\u00f6tamine \u2013 v\u00f5imalus keermestada eelpuuritud auke l\u00e4bim\u00f5\u00f5duga kuni M20.<br \/>\n360-kraadine visuaalne j\u00e4lgimiss\u00fcsteem n\u00e4itab puuri hetkeseisukorda ja annab ohutus- ja diagnostilist teavet, nt. Kulunud harjad<br \/>\nElektrooniline kiiruse stabiliseerimiss\u00fcsteem (ESSS) hoiab stabiilset kiirust olenemata koormuse muutustest<br \/>\nJ\u00e4ik valuplokk, mis on loodud taluma allapoole suunatud puurimisj\u00f5udu, pikendades t\u00f6\u00f6riista eluiga<br \/>\nKallutusandur \u2013 mootori peatamiseks, kui masin t\u00f6\u00f6tamise ajal pinnast lahti tuleb<br \/>\nPoolautomaatne kiilu reguleerimine v\u00f5imaldab lihtsat, kiiret, \u00f5iget ja korduvat libiseva l\u00f5tku seadistamist ilma eksperditeadmiste v\u00f5i kogemusteta<br \/>\nEnergias\u00e4\u00e4stlik alus (ESB) kasutab mootori seismise ajal ainult 50% oma v\u00f5imsusest<br \/>\nMagnetv\u00e4lja kuju kontroll (MFSC) tagab maksimaalse hoidej\u00f5u \u00f5hukeste materjalide puhul<br \/>\n2-aastane garantii<\/p>\n<p>Rohkem teavet:<\/p>\n<blockquote class=\"wp-embedded-content\" data-secret=\"7yhI8qa3BB\"><p><a href=\"https:\/\/www.promotech.eu\/product\/pro-52t-universal-tapping-and-drilling-machine\/\">PRO-52T | Universal Tapping and Drilling Machine<\/a><\/p><\/blockquote>\n<p><iframe class=\"wp-embedded-content\" sandbox=\"allow-scripts\" security=\"restricted\" style=\"position: absolute; clip: rect(1px, 1px, 1px, 1px);\" title=\"&#8222;PRO-52T | Universal Tapping and Drilling Machine&#8221; &#8212; PROMOTECH\" src=\"https:\/\/www.promotech.eu\/product\/pro-52t-universal-tapping-and-drilling-machine\/embed\/#?secret=bKOTFdyhbA#?secret=7yhI8qa3BB\" data-secret=\"7yhI8qa3BB\" width=\"600\" height=\"338\" frameborder=\"0\" marginwidth=\"0\" marginheight=\"0\" scrolling=\"no\"><\/iframe><\/p>\n","protected":false},"excerpt":{"rendered":"<p>PRO-52T magnetpuur v\u00f5imaldab freesimisv\u00f5imsust kuni 50 mm ja puurimisv\u00f5imsust kuni 23 mm. Edasi- ja tagasisuunas t\u00f6\u00f6tamise re\u017eiimid v\u00f5imaldavad PROMOTECHi keermestuss\u00fcsteemiga keermestada l\u00e4bivaid ja ummisauke l\u00e4bim\u00f5\u00f5duga kuni M20. Kahekiiruseline k\u00e4igukast pideva kiiruse reguleerimisega v\u00f5imaldab seadistada optimaalse kiiruse olenevalt l\u00e4bim\u00f5\u00f5dust, terase klassist v\u00f5i t\u00f6\u00f6riista kvaliteedist. Intelligentne kiiruse reguleerimise s\u00fcsteem hoiab mootori kiirust konstantsena olenemata muutuvatest koormustest, samas&#8230;<\/p>\n","protected":false},"featured_media":12798,"template":"","meta":[],"product_cat":[326,119],"product_tag":[],"yoast_head":"<!-- This site is optimized with the Yoast SEO plugin v18.4.1 - https:\/\/yoast.com\/wordpress\/plugins\/seo\/ -->\n<title>Promotech PRO-52T | Universaalne keermestus- ja puurmasin<\/title>\n<meta name=\"robots\" content=\"index, follow, max-snippet:-1, max-image-preview:large, max-video-preview:-1\" \/>\n<link rel=\"canonical\" href=\"https:\/\/spectrebaltics.com\/toode\/promotech-pro-52t-universaalne-keermestus-ja-puurmasin\/\" \/>\n<meta property=\"og:locale\" content=\"en_US\" \/>\n<meta property=\"og:type\" content=\"article\" \/>\n<meta property=\"og:title\" content=\"Promotech PRO-52T | Universaalne keermestus- ja puurmasin\" \/>\n<meta property=\"og:description\" content=\"PRO-52T magnetpuur v\u00f5imaldab freesimisv\u00f5imsust kuni 50 mm ja puurimisv\u00f5imsust kuni 23 mm. Edasi- ja tagasisuunas t\u00f6\u00f6tamise re\u017eiimid v\u00f5imaldavad PROMOTECHi keermestuss\u00fcsteemiga keermestada l\u00e4bivaid ja ummisauke l\u00e4bim\u00f5\u00f5duga kuni M20. Kahekiiruseline k\u00e4igukast pideva kiiruse reguleerimisega v\u00f5imaldab seadistada optimaalse kiiruse olenevalt l\u00e4bim\u00f5\u00f5dust, terase klassist v\u00f5i t\u00f6\u00f6riista kvaliteedist. Intelligentne kiiruse reguleerimise s\u00fcsteem hoiab mootori kiirust konstantsena olenemata muutuvatest koormustest, samas...\" \/>\n<meta property=\"og:url\" content=\"https:\/\/spectrebaltics.com\/toode\/promotech-pro-52t-universaalne-keermestus-ja-puurmasin\/\" \/>\n<meta property=\"og:site_name\" content=\"Spectrebaltics\" \/>\n<meta property=\"og:image\" content=\"https:\/\/spectrebaltics.com\/wp-content\/uploads\/2026\/05\/pro-52t.png\" \/>\n\t<meta property=\"og:image:width\" content=\"900\" \/>\n\t<meta property=\"og:image:height\" content=\"1320\" \/>\n\t<meta property=\"og:image:type\" content=\"image\/png\" \/>\n<meta name=\"twitter:card\" content=\"summary_large_image\" \/>\n<meta name=\"twitter:label1\" content=\"Est. reading time\" \/>\n\t<meta name=\"twitter:data1\" content=\"1 minute\" \/>\n<script type=\"application\/ld+json\" class=\"yoast-schema-graph\">{\"@context\":\"https:\/\/schema.org\",\"@graph\":[{\"@type\":\"Organization\",\"@id\":\"https:\/\/spectrebaltics.com\/ru\/#organization\",\"name\":\"Spectrebaltics\",\"url\":\"https:\/\/spectrebaltics.com\/ru\/\",\"sameAs\":[],\"logo\":{\"@type\":\"ImageObject\",\"@id\":\"https:\/\/spectrebaltics.com\/ru\/#logo\",\"inLanguage\":\"en-US\",\"url\":\"https:\/\/spectrebaltics.com\/wp-content\/uploads\/2024\/03\/Spectrebaltics-logo.svg\",\"contentUrl\":\"https:\/\/spectrebaltics.com\/wp-content\/uploads\/2024\/03\/Spectrebaltics-logo.svg\",\"caption\":\"Spectrebaltics\"},\"image\":{\"@id\":\"https:\/\/spectrebaltics.com\/ru\/#logo\"}},{\"@type\":\"WebSite\",\"@id\":\"https:\/\/spectrebaltics.com\/ru\/#website\",\"url\":\"https:\/\/spectrebaltics.com\/ru\/\",\"name\":\"Spectrebaltics\",\"description\":\"\",\"publisher\":{\"@id\":\"https:\/\/spectrebaltics.com\/ru\/#organization\"},\"potentialAction\":[{\"@type\":\"SearchAction\",\"target\":{\"@type\":\"EntryPoint\",\"urlTemplate\":\"https:\/\/spectrebaltics.com\/ru\/?s={search_term_string}\"},\"query-input\":\"required name=search_term_string\"}],\"inLanguage\":\"en-US\"},{\"@type\":\"ImageObject\",\"@id\":\"https:\/\/spectrebaltics.com\/toode\/promotech-pro-52t-universaalne-keermestus-ja-puurmasin\/#primaryimage\",\"inLanguage\":\"en-US\",\"url\":\"https:\/\/spectrebaltics.com\/wp-content\/uploads\/2026\/05\/pro-52t.png\",\"contentUrl\":\"https:\/\/spectrebaltics.com\/wp-content\/uploads\/2026\/05\/pro-52t.png\",\"width\":900,\"height\":1320},{\"@type\":\"WebPage\",\"@id\":\"https:\/\/spectrebaltics.com\/toode\/promotech-pro-52t-universaalne-keermestus-ja-puurmasin\/#webpage\",\"url\":\"https:\/\/spectrebaltics.com\/toode\/promotech-pro-52t-universaalne-keermestus-ja-puurmasin\/\",\"name\":\"Promotech PRO-52T | Universaalne keermestus- ja puurmasin\",\"isPartOf\":{\"@id\":\"https:\/\/spectrebaltics.com\/ru\/#website\"},\"primaryImageOfPage\":{\"@id\":\"https:\/\/spectrebaltics.com\/toode\/promotech-pro-52t-universaalne-keermestus-ja-puurmasin\/#primaryimage\"},\"datePublished\":\"2026-05-05T12:30:58+00:00\",\"dateModified\":\"2026-05-05T12:30:58+00:00\",\"breadcrumb\":{\"@id\":\"https:\/\/spectrebaltics.com\/toode\/promotech-pro-52t-universaalne-keermestus-ja-puurmasin\/#breadcrumb\"},\"inLanguage\":\"en-US\",\"potentialAction\":[{\"@type\":\"ReadAction\",\"target\":[\"https:\/\/spectrebaltics.com\/toode\/promotech-pro-52t-universaalne-keermestus-ja-puurmasin\/\"]}]},{\"@type\":\"BreadcrumbList\",\"@id\":\"https:\/\/spectrebaltics.com\/toode\/promotech-pro-52t-universaalne-keermestus-ja-puurmasin\/#breadcrumb\",\"itemListElement\":[{\"@type\":\"ListItem\",\"position\":1,\"name\":\"Home\",\"item\":\"https:\/\/spectrebaltics.com\/en\/\"},{\"@type\":\"ListItem\",\"position\":2,\"name\":\"Catalogue\",\"item\":\"https:\/\/spectrebaltics.com\/en\/catalogue\/\"},{\"@type\":\"ListItem\",\"position\":3,\"name\":\"Promotech PRO-52T | Universaalne keermestus- ja puurmasin\"}]}]}<\/script>\n<!-- \/ Yoast SEO plugin. -->","yoast_head_json":{"title":"Promotech PRO-52T | Universaalne keermestus- ja puurmasin","robots":{"index":"index","follow":"follow","max-snippet":"max-snippet:-1","max-image-preview":"max-image-preview:large","max-video-preview":"max-video-preview:-1"},"canonical":"https:\/\/spectrebaltics.com\/toode\/promotech-pro-52t-universaalne-keermestus-ja-puurmasin\/","og_locale":"en_US","og_type":"article","og_title":"Promotech PRO-52T | Universaalne keermestus- ja puurmasin","og_description":"PRO-52T magnetpuur v\u00f5imaldab freesimisv\u00f5imsust kuni 50 mm ja puurimisv\u00f5imsust kuni 23 mm. Edasi- ja tagasisuunas t\u00f6\u00f6tamise re\u017eiimid v\u00f5imaldavad PROMOTECHi keermestuss\u00fcsteemiga keermestada l\u00e4bivaid ja ummisauke l\u00e4bim\u00f5\u00f5duga kuni M20. Kahekiiruseline k\u00e4igukast pideva kiiruse reguleerimisega v\u00f5imaldab seadistada optimaalse kiiruse olenevalt l\u00e4bim\u00f5\u00f5dust, terase klassist v\u00f5i t\u00f6\u00f6riista kvaliteedist. Intelligentne kiiruse reguleerimise s\u00fcsteem hoiab mootori kiirust konstantsena olenemata muutuvatest koormustest, samas...","og_url":"https:\/\/spectrebaltics.com\/toode\/promotech-pro-52t-universaalne-keermestus-ja-puurmasin\/","og_site_name":"Spectrebaltics","og_image":[{"width":900,"height":1320,"url":"https:\/\/spectrebaltics.com\/wp-content\/uploads\/2026\/05\/pro-52t.png","type":"image\/png"}],"twitter_card":"summary_large_image","twitter_misc":{"Est. reading time":"1 minute"},"schema":{"@context":"https:\/\/schema.org","@graph":[{"@type":"Organization","@id":"https:\/\/spectrebaltics.com\/ru\/#organization","name":"Spectrebaltics","url":"https:\/\/spectrebaltics.com\/ru\/","sameAs":[],"logo":{"@type":"ImageObject","@id":"https:\/\/spectrebaltics.com\/ru\/#logo","inLanguage":"en-US","url":"https:\/\/spectrebaltics.com\/wp-content\/uploads\/2024\/03\/Spectrebaltics-logo.svg","contentUrl":"https:\/\/spectrebaltics.com\/wp-content\/uploads\/2024\/03\/Spectrebaltics-logo.svg","caption":"Spectrebaltics"},"image":{"@id":"https:\/\/spectrebaltics.com\/ru\/#logo"}},{"@type":"WebSite","@id":"https:\/\/spectrebaltics.com\/ru\/#website","url":"https:\/\/spectrebaltics.com\/ru\/","name":"Spectrebaltics","description":"","publisher":{"@id":"https:\/\/spectrebaltics.com\/ru\/#organization"},"potentialAction":[{"@type":"SearchAction","target":{"@type":"EntryPoint","urlTemplate":"https:\/\/spectrebaltics.com\/ru\/?s={search_term_string}"},"query-input":"required name=search_term_string"}],"inLanguage":"en-US"},{"@type":"ImageObject","@id":"https:\/\/spectrebaltics.com\/toode\/promotech-pro-52t-universaalne-keermestus-ja-puurmasin\/#primaryimage","inLanguage":"en-US","url":"https:\/\/spectrebaltics.com\/wp-content\/uploads\/2026\/05\/pro-52t.png","contentUrl":"https:\/\/spectrebaltics.com\/wp-content\/uploads\/2026\/05\/pro-52t.png","width":900,"height":1320},{"@type":"WebPage","@id":"https:\/\/spectrebaltics.com\/toode\/promotech-pro-52t-universaalne-keermestus-ja-puurmasin\/#webpage","url":"https:\/\/spectrebaltics.com\/toode\/promotech-pro-52t-universaalne-keermestus-ja-puurmasin\/","name":"Promotech PRO-52T | Universaalne keermestus- ja puurmasin","isPartOf":{"@id":"https:\/\/spectrebaltics.com\/ru\/#website"},"primaryImageOfPage":{"@id":"https:\/\/spectrebaltics.com\/toode\/promotech-pro-52t-universaalne-keermestus-ja-puurmasin\/#primaryimage"},"datePublished":"2026-05-05T12:30:58+00:00","dateModified":"2026-05-05T12:30:58+00:00","breadcrumb":{"@id":"https:\/\/spectrebaltics.com\/toode\/promotech-pro-52t-universaalne-keermestus-ja-puurmasin\/#breadcrumb"},"inLanguage":"en-US","potentialAction":[{"@type":"ReadAction","target":["https:\/\/spectrebaltics.com\/toode\/promotech-pro-52t-universaalne-keermestus-ja-puurmasin\/"]}]},{"@type":"BreadcrumbList","@id":"https:\/\/spectrebaltics.com\/toode\/promotech-pro-52t-universaalne-keermestus-ja-puurmasin\/#breadcrumb","itemListElement":[{"@type":"ListItem","position":1,"name":"Home","item":"https:\/\/spectrebaltics.com\/en\/"},{"@type":"ListItem","position":2,"name":"Catalogue","item":"https:\/\/spectrebaltics.com\/en\/catalogue\/"},{"@type":"ListItem","position":3,"name":"Promotech PRO-52T | Universaalne keermestus- ja puurmasin"}]}]}},"_links":{"self":[{"href":"https:\/\/spectrebaltics.com\/en\/wp-json\/wp\/v2\/product\/12797"}],"collection":[{"href":"https:\/\/spectrebaltics.com\/en\/wp-json\/wp\/v2\/product"}],"about":[{"href":"https:\/\/spectrebaltics.com\/en\/wp-json\/wp\/v2\/types\/product"}],"wp:featuredmedia":[{"embeddable":true,"href":"https:\/\/spectrebaltics.com\/en\/wp-json\/wp\/v2\/media\/12798"}],"wp:attachment":[{"href":"https:\/\/spectrebaltics.com\/en\/wp-json\/wp\/v2\/media?parent=12797"}],"wp:term":[{"taxonomy":"product_cat","embeddable":true,"href":"https:\/\/spectrebaltics.com\/en\/wp-json\/wp\/v2\/product_cat?post=12797"},{"taxonomy":"product_tag","embeddable":true,"href":"https:\/\/spectrebaltics.com\/en\/wp-json\/wp\/v2\/product_tag?post=12797"}],"curies":[{"name":"wp","href":"https:\/\/api.w.org\/{rel}","templated":true}]}}