{"id":12801,"date":"2026-05-05T12:32:14","date_gmt":"2026-05-05T12:32:14","guid":{"rendered":"https:\/\/spectrebaltics.com\/?post_type=product&#038;p=12801"},"modified":"2026-05-05T12:32:15","modified_gmt":"2026-05-05T12:32:15","slug":"promotech-pro-50-tct-kahekaiguline-puurmasin","status":"publish","type":"product","link":"https:\/\/spectrebaltics.com\/en\/toode\/promotech-pro-50-tct-kahekaiguline-puurmasin\/","title":{"rendered":"Promotech PRO-50 TCT | Kahek\u00e4iguline puurmasin"},"content":{"rendered":"<p>PRO-50 TCT on varustatud spetsiaalselt loodud mootori ja kahek\u00e4igulise k\u00e4igukastiga (320\/640 p\/min) ning on optimeeritud pakkuma sobivat kiirust kuni 45 mm l\u00e4bim\u00f5\u00f5duga TCT-l\u00f5ikuritega ja kuni 18 mm l\u00e4bim\u00f5\u00f5duga keerdpuuridega t\u00f6\u00f6tamiseks. J\u00e4ik konstruktsioon, mis on optimeeritud FEA (l\u00f5plike elementide anal\u00fc\u00fcsi) tarkvara abil, pikendab t\u00f6\u00f6riista eluiga ja v\u00f5imaldab l\u00f5ikes\u00fcgavust kuni 75 mm. Kompaktne disain koos uuendusliku ja v\u00e4hendatud kaaluga nutika magnetiga muudab selle kergeks masinaks.<\/p>\n<p>Kompaktne disain suurep\u00e4rase kaalu\/v\u00f5imsuse suhtega<br \/>\nJ\u00e4ik valuplokk, mis on loodud taluma allapoole suunatud puurimisj\u00f5udu, pikendades t\u00f6\u00f6riista eluiga<br \/>\nPikk k\u00e4ik v\u00f5imaldab pikkade t\u00f6\u00f6riistade kasutamist<br \/>\nUuenduslik ja v\u00e4hendatud kaaluga nutikas magnet<br \/>\nEnergias\u00e4\u00e4stlik alus (ESB) kasutab mootori seismise ajal ainult 50% oma v\u00f5imsusest<br \/>\nMagnetv\u00e4lja kuju kontroll (MFSC) tagab maksimaalse hoidej\u00f5u \u00f5hukeste materjalide puhul<br \/>\nMagnetj\u00f5u adhesioonikontroll (MPAC) tuvastab elektromagnetilise aluse adhesioonij\u00f5u ja kaitseb nii masinat kui ka operaatorit liiga \u00f5hukese toorikuga t\u00f6\u00f6tamise eest<br \/>\n2-aastane garantii<\/p>\n<p>Rohkem teavet:<\/p>\n<blockquote class=\"wp-embedded-content\" data-secret=\"PL2Yrl0ndl\"><p><a href=\"https:\/\/www.promotech.eu\/product\/pro-50-tct-2-speed-drilling-machine\/\">PRO-50 TCT | 2-Speed Drilling Machine<\/a><\/p><\/blockquote>\n<p><iframe class=\"wp-embedded-content\" sandbox=\"allow-scripts\" security=\"restricted\" style=\"position: absolute; clip: rect(1px, 1px, 1px, 1px);\" title=\"&#8222;PRO-50 TCT | 2-Speed Drilling Machine&#8221; &#8212; PROMOTECH\" src=\"https:\/\/www.promotech.eu\/product\/pro-50-tct-2-speed-drilling-machine\/embed\/#?secret=G6TirUd6BK#?secret=PL2Yrl0ndl\" data-secret=\"PL2Yrl0ndl\" width=\"600\" height=\"338\" frameborder=\"0\" marginwidth=\"0\" marginheight=\"0\" scrolling=\"no\"><\/iframe><\/p>\n","protected":false},"excerpt":{"rendered":"<p>PRO-50 TCT on varustatud spetsiaalselt loodud mootori ja kahek\u00e4igulise k\u00e4igukastiga (320\/640 p\/min) ning on optimeeritud pakkuma sobivat kiirust kuni 45 mm l\u00e4bim\u00f5\u00f5duga TCT-l\u00f5ikuritega ja kuni 18 mm l\u00e4bim\u00f5\u00f5duga keerdpuuridega t\u00f6\u00f6tamiseks. J\u00e4ik konstruktsioon, mis on optimeeritud FEA (l\u00f5plike elementide anal\u00fc\u00fcsi) tarkvara abil, pikendab t\u00f6\u00f6riista eluiga ja v\u00f5imaldab l\u00f5ikes\u00fcgavust kuni 75 mm. Kompaktne disain koos uuendusliku ja&#8230;<\/p>\n","protected":false},"featured_media":12802,"template":"","meta":[],"product_cat":[326,119],"product_tag":[],"yoast_head":"<!-- This site is optimized with the Yoast SEO plugin v18.4.1 - https:\/\/yoast.com\/wordpress\/plugins\/seo\/ -->\n<title>Promotech PRO-50 TCT | Kahek\u00e4iguline puurmasin<\/title>\n<meta name=\"robots\" content=\"index, follow, max-snippet:-1, max-image-preview:large, max-video-preview:-1\" \/>\n<link rel=\"canonical\" href=\"https:\/\/spectrebaltics.com\/toode\/promotech-pro-50-tct-kahekaiguline-puurmasin\/\" \/>\n<meta property=\"og:locale\" content=\"en_US\" \/>\n<meta property=\"og:type\" content=\"article\" \/>\n<meta property=\"og:title\" content=\"Promotech PRO-50 TCT | Kahek\u00e4iguline puurmasin\" \/>\n<meta property=\"og:description\" content=\"PRO-50 TCT on varustatud spetsiaalselt loodud mootori ja kahek\u00e4igulise k\u00e4igukastiga (320\/640 p\/min) ning on optimeeritud pakkuma sobivat kiirust kuni 45 mm l\u00e4bim\u00f5\u00f5duga TCT-l\u00f5ikuritega ja kuni 18 mm l\u00e4bim\u00f5\u00f5duga keerdpuuridega t\u00f6\u00f6tamiseks. J\u00e4ik konstruktsioon, mis on optimeeritud FEA (l\u00f5plike elementide anal\u00fc\u00fcsi) tarkvara abil, pikendab t\u00f6\u00f6riista eluiga ja v\u00f5imaldab l\u00f5ikes\u00fcgavust kuni 75 mm. Kompaktne disain koos uuendusliku ja...\" \/>\n<meta property=\"og:url\" content=\"https:\/\/spectrebaltics.com\/toode\/promotech-pro-50-tct-kahekaiguline-puurmasin\/\" \/>\n<meta property=\"og:site_name\" content=\"Spectrebaltics\" \/>\n<meta property=\"article:modified_time\" content=\"2026-05-05T12:32:15+00:00\" \/>\n<meta property=\"og:image\" content=\"https:\/\/spectrebaltics.com\/wp-content\/uploads\/2026\/05\/pro-50tct-900x1506-1.png\" \/>\n\t<meta property=\"og:image:width\" content=\"900\" \/>\n\t<meta property=\"og:image:height\" content=\"1506\" \/>\n\t<meta property=\"og:image:type\" content=\"image\/png\" \/>\n<meta name=\"twitter:card\" content=\"summary_large_image\" \/>\n<meta name=\"twitter:label1\" content=\"Est. reading time\" \/>\n\t<meta name=\"twitter:data1\" content=\"1 minute\" \/>\n<script type=\"application\/ld+json\" class=\"yoast-schema-graph\">{\"@context\":\"https:\/\/schema.org\",\"@graph\":[{\"@type\":\"Organization\",\"@id\":\"https:\/\/spectrebaltics.com\/ru\/#organization\",\"name\":\"Spectrebaltics\",\"url\":\"https:\/\/spectrebaltics.com\/ru\/\",\"sameAs\":[],\"logo\":{\"@type\":\"ImageObject\",\"@id\":\"https:\/\/spectrebaltics.com\/ru\/#logo\",\"inLanguage\":\"en-US\",\"url\":\"https:\/\/spectrebaltics.com\/wp-content\/uploads\/2024\/03\/Spectrebaltics-logo.svg\",\"contentUrl\":\"https:\/\/spectrebaltics.com\/wp-content\/uploads\/2024\/03\/Spectrebaltics-logo.svg\",\"caption\":\"Spectrebaltics\"},\"image\":{\"@id\":\"https:\/\/spectrebaltics.com\/ru\/#logo\"}},{\"@type\":\"WebSite\",\"@id\":\"https:\/\/spectrebaltics.com\/ru\/#website\",\"url\":\"https:\/\/spectrebaltics.com\/ru\/\",\"name\":\"Spectrebaltics\",\"description\":\"\",\"publisher\":{\"@id\":\"https:\/\/spectrebaltics.com\/ru\/#organization\"},\"potentialAction\":[{\"@type\":\"SearchAction\",\"target\":{\"@type\":\"EntryPoint\",\"urlTemplate\":\"https:\/\/spectrebaltics.com\/ru\/?s={search_term_string}\"},\"query-input\":\"required name=search_term_string\"}],\"inLanguage\":\"en-US\"},{\"@type\":\"ImageObject\",\"@id\":\"https:\/\/spectrebaltics.com\/toode\/promotech-pro-50-tct-kahekaiguline-puurmasin\/#primaryimage\",\"inLanguage\":\"en-US\",\"url\":\"https:\/\/spectrebaltics.com\/wp-content\/uploads\/2026\/05\/pro-50tct-900x1506-1.png\",\"contentUrl\":\"https:\/\/spectrebaltics.com\/wp-content\/uploads\/2026\/05\/pro-50tct-900x1506-1.png\",\"width\":900,\"height\":1506},{\"@type\":\"WebPage\",\"@id\":\"https:\/\/spectrebaltics.com\/toode\/promotech-pro-50-tct-kahekaiguline-puurmasin\/#webpage\",\"url\":\"https:\/\/spectrebaltics.com\/toode\/promotech-pro-50-tct-kahekaiguline-puurmasin\/\",\"name\":\"Promotech PRO-50 TCT | Kahek\u00e4iguline puurmasin\",\"isPartOf\":{\"@id\":\"https:\/\/spectrebaltics.com\/ru\/#website\"},\"primaryImageOfPage\":{\"@id\":\"https:\/\/spectrebaltics.com\/toode\/promotech-pro-50-tct-kahekaiguline-puurmasin\/#primaryimage\"},\"datePublished\":\"2026-05-05T12:32:14+00:00\",\"dateModified\":\"2026-05-05T12:32:15+00:00\",\"breadcrumb\":{\"@id\":\"https:\/\/spectrebaltics.com\/toode\/promotech-pro-50-tct-kahekaiguline-puurmasin\/#breadcrumb\"},\"inLanguage\":\"en-US\",\"potentialAction\":[{\"@type\":\"ReadAction\",\"target\":[\"https:\/\/spectrebaltics.com\/toode\/promotech-pro-50-tct-kahekaiguline-puurmasin\/\"]}]},{\"@type\":\"BreadcrumbList\",\"@id\":\"https:\/\/spectrebaltics.com\/toode\/promotech-pro-50-tct-kahekaiguline-puurmasin\/#breadcrumb\",\"itemListElement\":[{\"@type\":\"ListItem\",\"position\":1,\"name\":\"Home\",\"item\":\"https:\/\/spectrebaltics.com\/en\/\"},{\"@type\":\"ListItem\",\"position\":2,\"name\":\"Catalogue\",\"item\":\"https:\/\/spectrebaltics.com\/en\/catalogue\/\"},{\"@type\":\"ListItem\",\"position\":3,\"name\":\"Promotech PRO-50 TCT | Kahek\u00e4iguline puurmasin\"}]}]}<\/script>\n<!-- \/ Yoast SEO plugin. -->","yoast_head_json":{"title":"Promotech PRO-50 TCT | Kahek\u00e4iguline puurmasin","robots":{"index":"index","follow":"follow","max-snippet":"max-snippet:-1","max-image-preview":"max-image-preview:large","max-video-preview":"max-video-preview:-1"},"canonical":"https:\/\/spectrebaltics.com\/toode\/promotech-pro-50-tct-kahekaiguline-puurmasin\/","og_locale":"en_US","og_type":"article","og_title":"Promotech PRO-50 TCT | Kahek\u00e4iguline puurmasin","og_description":"PRO-50 TCT on varustatud spetsiaalselt loodud mootori ja kahek\u00e4igulise k\u00e4igukastiga (320\/640 p\/min) ning on optimeeritud pakkuma sobivat kiirust kuni 45 mm l\u00e4bim\u00f5\u00f5duga TCT-l\u00f5ikuritega ja kuni 18 mm l\u00e4bim\u00f5\u00f5duga keerdpuuridega t\u00f6\u00f6tamiseks. J\u00e4ik konstruktsioon, mis on optimeeritud FEA (l\u00f5plike elementide anal\u00fc\u00fcsi) tarkvara abil, pikendab t\u00f6\u00f6riista eluiga ja v\u00f5imaldab l\u00f5ikes\u00fcgavust kuni 75 mm. Kompaktne disain koos uuendusliku ja...","og_url":"https:\/\/spectrebaltics.com\/toode\/promotech-pro-50-tct-kahekaiguline-puurmasin\/","og_site_name":"Spectrebaltics","article_modified_time":"2026-05-05T12:32:15+00:00","og_image":[{"width":900,"height":1506,"url":"https:\/\/spectrebaltics.com\/wp-content\/uploads\/2026\/05\/pro-50tct-900x1506-1.png","type":"image\/png"}],"twitter_card":"summary_large_image","twitter_misc":{"Est. reading time":"1 minute"},"schema":{"@context":"https:\/\/schema.org","@graph":[{"@type":"Organization","@id":"https:\/\/spectrebaltics.com\/ru\/#organization","name":"Spectrebaltics","url":"https:\/\/spectrebaltics.com\/ru\/","sameAs":[],"logo":{"@type":"ImageObject","@id":"https:\/\/spectrebaltics.com\/ru\/#logo","inLanguage":"en-US","url":"https:\/\/spectrebaltics.com\/wp-content\/uploads\/2024\/03\/Spectrebaltics-logo.svg","contentUrl":"https:\/\/spectrebaltics.com\/wp-content\/uploads\/2024\/03\/Spectrebaltics-logo.svg","caption":"Spectrebaltics"},"image":{"@id":"https:\/\/spectrebaltics.com\/ru\/#logo"}},{"@type":"WebSite","@id":"https:\/\/spectrebaltics.com\/ru\/#website","url":"https:\/\/spectrebaltics.com\/ru\/","name":"Spectrebaltics","description":"","publisher":{"@id":"https:\/\/spectrebaltics.com\/ru\/#organization"},"potentialAction":[{"@type":"SearchAction","target":{"@type":"EntryPoint","urlTemplate":"https:\/\/spectrebaltics.com\/ru\/?s={search_term_string}"},"query-input":"required name=search_term_string"}],"inLanguage":"en-US"},{"@type":"ImageObject","@id":"https:\/\/spectrebaltics.com\/toode\/promotech-pro-50-tct-kahekaiguline-puurmasin\/#primaryimage","inLanguage":"en-US","url":"https:\/\/spectrebaltics.com\/wp-content\/uploads\/2026\/05\/pro-50tct-900x1506-1.png","contentUrl":"https:\/\/spectrebaltics.com\/wp-content\/uploads\/2026\/05\/pro-50tct-900x1506-1.png","width":900,"height":1506},{"@type":"WebPage","@id":"https:\/\/spectrebaltics.com\/toode\/promotech-pro-50-tct-kahekaiguline-puurmasin\/#webpage","url":"https:\/\/spectrebaltics.com\/toode\/promotech-pro-50-tct-kahekaiguline-puurmasin\/","name":"Promotech PRO-50 TCT | Kahek\u00e4iguline puurmasin","isPartOf":{"@id":"https:\/\/spectrebaltics.com\/ru\/#website"},"primaryImageOfPage":{"@id":"https:\/\/spectrebaltics.com\/toode\/promotech-pro-50-tct-kahekaiguline-puurmasin\/#primaryimage"},"datePublished":"2026-05-05T12:32:14+00:00","dateModified":"2026-05-05T12:32:15+00:00","breadcrumb":{"@id":"https:\/\/spectrebaltics.com\/toode\/promotech-pro-50-tct-kahekaiguline-puurmasin\/#breadcrumb"},"inLanguage":"en-US","potentialAction":[{"@type":"ReadAction","target":["https:\/\/spectrebaltics.com\/toode\/promotech-pro-50-tct-kahekaiguline-puurmasin\/"]}]},{"@type":"BreadcrumbList","@id":"https:\/\/spectrebaltics.com\/toode\/promotech-pro-50-tct-kahekaiguline-puurmasin\/#breadcrumb","itemListElement":[{"@type":"ListItem","position":1,"name":"Home","item":"https:\/\/spectrebaltics.com\/en\/"},{"@type":"ListItem","position":2,"name":"Catalogue","item":"https:\/\/spectrebaltics.com\/en\/catalogue\/"},{"@type":"ListItem","position":3,"name":"Promotech PRO-50 TCT | Kahek\u00e4iguline puurmasin"}]}]}},"_links":{"self":[{"href":"https:\/\/spectrebaltics.com\/en\/wp-json\/wp\/v2\/product\/12801"}],"collection":[{"href":"https:\/\/spectrebaltics.com\/en\/wp-json\/wp\/v2\/product"}],"about":[{"href":"https:\/\/spectrebaltics.com\/en\/wp-json\/wp\/v2\/types\/product"}],"wp:featuredmedia":[{"embeddable":true,"href":"https:\/\/spectrebaltics.com\/en\/wp-json\/wp\/v2\/media\/12802"}],"wp:attachment":[{"href":"https:\/\/spectrebaltics.com\/en\/wp-json\/wp\/v2\/media?parent=12801"}],"wp:term":[{"taxonomy":"product_cat","embeddable":true,"href":"https:\/\/spectrebaltics.com\/en\/wp-json\/wp\/v2\/product_cat?post=12801"},{"taxonomy":"product_tag","embeddable":true,"href":"https:\/\/spectrebaltics.com\/en\/wp-json\/wp\/v2\/product_tag?post=12801"}],"curies":[{"name":"wp","href":"https:\/\/api.w.org\/{rel}","templated":true}]}}