{"id":12813,"date":"2026-05-05T12:36:18","date_gmt":"2026-05-05T12:36:18","guid":{"rendered":"https:\/\/spectrebaltics.com\/?post_type=product&#038;p=12813"},"modified":"2026-05-05T12:36:18","modified_gmt":"2026-05-05T12:36:18","slug":"promotech-vaakumpadi-magnetpuurite-jaoks","status":"publish","type":"product","link":"https:\/\/spectrebaltics.com\/en\/toode\/promotech-vaakumpadi-magnetpuurite-jaoks\/","title":{"rendered":"Promotech Vaakumpadi magnetpuurite jaoks"},"content":{"rendered":"<p>Vaakumpadi on spetsiaalne kinnitusseade, mis v\u00f5imaldab kompaktsetel magnetpuurpuuridel t\u00f5husalt t\u00f6\u00f6tada mitteferrosmetallide materjalidega, kus magnetilise puuraluse otse t\u00f6\u00f6deldavale detailile kinnitamine on v\u00f5imatu. See on m\u00f5eldud kasutamiseks roostevaba terase, alumiiniumi ja \u00f5hukeste s\u00fcsinikterasest plaatide ning teatud pinnadefektidega materjalidega. S\u00f5ltuvalt n\u00f5uetest ja t\u00f6\u00f6tingimustest saab padja toita vaakum- v\u00f5i suru\u00f5huvarustusega.<\/p>\n<p>Lihtne ja t\u00f5hus lahendus elektromagnetilise alusega puuri kinnitamiseks mitteferrosmetalli pinnale<br \/>\nV\u00f5imaldab puurida tasaseid, \u00f5hukesi v\u00f5i mitteferrosmetallide materjale<br \/>\nKaks v\u00f5imalikku konfiguratsiooni kaasaskantava vaakumpumbaga, mis sisaldab ohutusreservuaari (standardvarustuses) v\u00f5i suru\u00f5huvarustust (valikuline), mille vahel valida<br \/>\nValikuline suru\u00f5huejektor v\u00f5imaldab kasutamist paljudes t\u00f6\u00f6stusettev\u00f5tetes ja t\u00f6\u00f6kodades, kus tavaliselt kasutatakse suru\u00f5hutorustikku<br \/>\nSobib PROMOTECHi magnetpuurpuuridele: PRO-16, PRO-36, PRO-40, PRO-50, PRO-50TCT, PRO-51, PRO-52T, PRO-55 ja PRO-55TCT ning ka teistele kaubam\u00e4rkidele<\/p>\n<p>Rohkem teavet:<\/p>\n<blockquote class=\"wp-embedded-content\" data-secret=\"S5JggGYrgF\"><p><a href=\"https:\/\/www.promotech.eu\/product\/vacuum-pad-for-mag-drills\/\">Vacuum Pad For Mag Drills<\/a><\/p><\/blockquote>\n<p><iframe class=\"wp-embedded-content\" sandbox=\"allow-scripts\" security=\"restricted\" style=\"position: absolute; clip: rect(1px, 1px, 1px, 1px);\" title=\"&#8222;Vacuum Pad For Mag Drills&#8221; &#8212; PROMOTECH\" src=\"https:\/\/www.promotech.eu\/product\/vacuum-pad-for-mag-drills\/embed\/#?secret=pFgl7txKnx#?secret=S5JggGYrgF\" data-secret=\"S5JggGYrgF\" width=\"600\" height=\"338\" frameborder=\"0\" marginwidth=\"0\" marginheight=\"0\" scrolling=\"no\"><\/iframe><\/p>\n","protected":false},"excerpt":{"rendered":"<p>Vaakumpadi on spetsiaalne kinnitusseade, mis v\u00f5imaldab kompaktsetel magnetpuurpuuridel t\u00f5husalt t\u00f6\u00f6tada mitteferrosmetallide materjalidega, kus magnetilise puuraluse otse t\u00f6\u00f6deldavale detailile kinnitamine on v\u00f5imatu. See on m\u00f5eldud kasutamiseks roostevaba terase, alumiiniumi ja \u00f5hukeste s\u00fcsinikterasest plaatide ning teatud pinnadefektidega materjalidega. S\u00f5ltuvalt n\u00f5uetest ja t\u00f6\u00f6tingimustest saab padja toita vaakum- v\u00f5i suru\u00f5huvarustusega. Lihtne ja t\u00f5hus lahendus elektromagnetilise alusega puuri kinnitamiseks mitteferrosmetalli&#8230;<\/p>\n","protected":false},"featured_media":12814,"template":"","meta":[],"product_cat":[326,119],"product_tag":[],"yoast_head":"<!-- This site is optimized with the Yoast SEO plugin v18.4.1 - https:\/\/yoast.com\/wordpress\/plugins\/seo\/ -->\n<title>Promotech Vaakumpadi magnetpuurite jaoks<\/title>\n<meta name=\"robots\" content=\"index, follow, max-snippet:-1, max-image-preview:large, max-video-preview:-1\" \/>\n<link rel=\"canonical\" href=\"https:\/\/spectrebaltics.com\/toode\/promotech-vaakumpadi-magnetpuurite-jaoks\/\" \/>\n<meta property=\"og:locale\" content=\"en_US\" \/>\n<meta property=\"og:type\" content=\"article\" \/>\n<meta property=\"og:title\" content=\"Promotech Vaakumpadi magnetpuurite jaoks\" \/>\n<meta property=\"og:description\" content=\"Vaakumpadi on spetsiaalne kinnitusseade, mis v\u00f5imaldab kompaktsetel magnetpuurpuuridel t\u00f5husalt t\u00f6\u00f6tada mitteferrosmetallide materjalidega, kus magnetilise puuraluse otse t\u00f6\u00f6deldavale detailile kinnitamine on v\u00f5imatu. See on m\u00f5eldud kasutamiseks roostevaba terase, alumiiniumi ja \u00f5hukeste s\u00fcsinikterasest plaatide ning teatud pinnadefektidega materjalidega. S\u00f5ltuvalt n\u00f5uetest ja t\u00f6\u00f6tingimustest saab padja toita vaakum- v\u00f5i suru\u00f5huvarustusega. Lihtne ja t\u00f5hus lahendus elektromagnetilise alusega puuri kinnitamiseks mitteferrosmetalli...\" \/>\n<meta property=\"og:url\" content=\"https:\/\/spectrebaltics.com\/toode\/promotech-vaakumpadi-magnetpuurite-jaoks\/\" \/>\n<meta property=\"og:site_name\" content=\"Spectrebaltics\" \/>\n<meta property=\"og:image\" content=\"https:\/\/spectrebaltics.com\/wp-content\/uploads\/2026\/05\/vacuum-pad-for-mag-drills.png\" \/>\n\t<meta property=\"og:image:width\" content=\"750\" \/>\n\t<meta property=\"og:image:height\" content=\"594\" \/>\n\t<meta property=\"og:image:type\" content=\"image\/png\" \/>\n<meta name=\"twitter:card\" content=\"summary_large_image\" \/>\n<meta name=\"twitter:label1\" content=\"Est. reading time\" \/>\n\t<meta name=\"twitter:data1\" content=\"1 minute\" \/>\n<script type=\"application\/ld+json\" class=\"yoast-schema-graph\">{\"@context\":\"https:\/\/schema.org\",\"@graph\":[{\"@type\":\"Organization\",\"@id\":\"https:\/\/spectrebaltics.com\/ru\/#organization\",\"name\":\"Spectrebaltics\",\"url\":\"https:\/\/spectrebaltics.com\/ru\/\",\"sameAs\":[],\"logo\":{\"@type\":\"ImageObject\",\"@id\":\"https:\/\/spectrebaltics.com\/ru\/#logo\",\"inLanguage\":\"en-US\",\"url\":\"https:\/\/spectrebaltics.com\/wp-content\/uploads\/2024\/03\/Spectrebaltics-logo.svg\",\"contentUrl\":\"https:\/\/spectrebaltics.com\/wp-content\/uploads\/2024\/03\/Spectrebaltics-logo.svg\",\"caption\":\"Spectrebaltics\"},\"image\":{\"@id\":\"https:\/\/spectrebaltics.com\/ru\/#logo\"}},{\"@type\":\"WebSite\",\"@id\":\"https:\/\/spectrebaltics.com\/ru\/#website\",\"url\":\"https:\/\/spectrebaltics.com\/ru\/\",\"name\":\"Spectrebaltics\",\"description\":\"\",\"publisher\":{\"@id\":\"https:\/\/spectrebaltics.com\/ru\/#organization\"},\"potentialAction\":[{\"@type\":\"SearchAction\",\"target\":{\"@type\":\"EntryPoint\",\"urlTemplate\":\"https:\/\/spectrebaltics.com\/ru\/?s={search_term_string}\"},\"query-input\":\"required name=search_term_string\"}],\"inLanguage\":\"en-US\"},{\"@type\":\"ImageObject\",\"@id\":\"https:\/\/spectrebaltics.com\/toode\/promotech-vaakumpadi-magnetpuurite-jaoks\/#primaryimage\",\"inLanguage\":\"en-US\",\"url\":\"https:\/\/spectrebaltics.com\/wp-content\/uploads\/2026\/05\/vacuum-pad-for-mag-drills.png\",\"contentUrl\":\"https:\/\/spectrebaltics.com\/wp-content\/uploads\/2026\/05\/vacuum-pad-for-mag-drills.png\",\"width\":750,\"height\":594},{\"@type\":\"WebPage\",\"@id\":\"https:\/\/spectrebaltics.com\/toode\/promotech-vaakumpadi-magnetpuurite-jaoks\/#webpage\",\"url\":\"https:\/\/spectrebaltics.com\/toode\/promotech-vaakumpadi-magnetpuurite-jaoks\/\",\"name\":\"Promotech Vaakumpadi magnetpuurite jaoks\",\"isPartOf\":{\"@id\":\"https:\/\/spectrebaltics.com\/ru\/#website\"},\"primaryImageOfPage\":{\"@id\":\"https:\/\/spectrebaltics.com\/toode\/promotech-vaakumpadi-magnetpuurite-jaoks\/#primaryimage\"},\"datePublished\":\"2026-05-05T12:36:18+00:00\",\"dateModified\":\"2026-05-05T12:36:18+00:00\",\"breadcrumb\":{\"@id\":\"https:\/\/spectrebaltics.com\/toode\/promotech-vaakumpadi-magnetpuurite-jaoks\/#breadcrumb\"},\"inLanguage\":\"en-US\",\"potentialAction\":[{\"@type\":\"ReadAction\",\"target\":[\"https:\/\/spectrebaltics.com\/toode\/promotech-vaakumpadi-magnetpuurite-jaoks\/\"]}]},{\"@type\":\"BreadcrumbList\",\"@id\":\"https:\/\/spectrebaltics.com\/toode\/promotech-vaakumpadi-magnetpuurite-jaoks\/#breadcrumb\",\"itemListElement\":[{\"@type\":\"ListItem\",\"position\":1,\"name\":\"Home\",\"item\":\"https:\/\/spectrebaltics.com\/en\/\"},{\"@type\":\"ListItem\",\"position\":2,\"name\":\"Catalogue\",\"item\":\"https:\/\/spectrebaltics.com\/en\/catalogue\/\"},{\"@type\":\"ListItem\",\"position\":3,\"name\":\"Promotech Vaakumpadi magnetpuurite jaoks\"}]}]}<\/script>\n<!-- \/ Yoast SEO plugin. -->","yoast_head_json":{"title":"Promotech Vaakumpadi magnetpuurite jaoks","robots":{"index":"index","follow":"follow","max-snippet":"max-snippet:-1","max-image-preview":"max-image-preview:large","max-video-preview":"max-video-preview:-1"},"canonical":"https:\/\/spectrebaltics.com\/toode\/promotech-vaakumpadi-magnetpuurite-jaoks\/","og_locale":"en_US","og_type":"article","og_title":"Promotech Vaakumpadi magnetpuurite jaoks","og_description":"Vaakumpadi on spetsiaalne kinnitusseade, mis v\u00f5imaldab kompaktsetel magnetpuurpuuridel t\u00f5husalt t\u00f6\u00f6tada mitteferrosmetallide materjalidega, kus magnetilise puuraluse otse t\u00f6\u00f6deldavale detailile kinnitamine on v\u00f5imatu. See on m\u00f5eldud kasutamiseks roostevaba terase, alumiiniumi ja \u00f5hukeste s\u00fcsinikterasest plaatide ning teatud pinnadefektidega materjalidega. S\u00f5ltuvalt n\u00f5uetest ja t\u00f6\u00f6tingimustest saab padja toita vaakum- v\u00f5i suru\u00f5huvarustusega. Lihtne ja t\u00f5hus lahendus elektromagnetilise alusega puuri kinnitamiseks mitteferrosmetalli...","og_url":"https:\/\/spectrebaltics.com\/toode\/promotech-vaakumpadi-magnetpuurite-jaoks\/","og_site_name":"Spectrebaltics","og_image":[{"width":750,"height":594,"url":"https:\/\/spectrebaltics.com\/wp-content\/uploads\/2026\/05\/vacuum-pad-for-mag-drills.png","type":"image\/png"}],"twitter_card":"summary_large_image","twitter_misc":{"Est. reading time":"1 minute"},"schema":{"@context":"https:\/\/schema.org","@graph":[{"@type":"Organization","@id":"https:\/\/spectrebaltics.com\/ru\/#organization","name":"Spectrebaltics","url":"https:\/\/spectrebaltics.com\/ru\/","sameAs":[],"logo":{"@type":"ImageObject","@id":"https:\/\/spectrebaltics.com\/ru\/#logo","inLanguage":"en-US","url":"https:\/\/spectrebaltics.com\/wp-content\/uploads\/2024\/03\/Spectrebaltics-logo.svg","contentUrl":"https:\/\/spectrebaltics.com\/wp-content\/uploads\/2024\/03\/Spectrebaltics-logo.svg","caption":"Spectrebaltics"},"image":{"@id":"https:\/\/spectrebaltics.com\/ru\/#logo"}},{"@type":"WebSite","@id":"https:\/\/spectrebaltics.com\/ru\/#website","url":"https:\/\/spectrebaltics.com\/ru\/","name":"Spectrebaltics","description":"","publisher":{"@id":"https:\/\/spectrebaltics.com\/ru\/#organization"},"potentialAction":[{"@type":"SearchAction","target":{"@type":"EntryPoint","urlTemplate":"https:\/\/spectrebaltics.com\/ru\/?s={search_term_string}"},"query-input":"required name=search_term_string"}],"inLanguage":"en-US"},{"@type":"ImageObject","@id":"https:\/\/spectrebaltics.com\/toode\/promotech-vaakumpadi-magnetpuurite-jaoks\/#primaryimage","inLanguage":"en-US","url":"https:\/\/spectrebaltics.com\/wp-content\/uploads\/2026\/05\/vacuum-pad-for-mag-drills.png","contentUrl":"https:\/\/spectrebaltics.com\/wp-content\/uploads\/2026\/05\/vacuum-pad-for-mag-drills.png","width":750,"height":594},{"@type":"WebPage","@id":"https:\/\/spectrebaltics.com\/toode\/promotech-vaakumpadi-magnetpuurite-jaoks\/#webpage","url":"https:\/\/spectrebaltics.com\/toode\/promotech-vaakumpadi-magnetpuurite-jaoks\/","name":"Promotech Vaakumpadi magnetpuurite jaoks","isPartOf":{"@id":"https:\/\/spectrebaltics.com\/ru\/#website"},"primaryImageOfPage":{"@id":"https:\/\/spectrebaltics.com\/toode\/promotech-vaakumpadi-magnetpuurite-jaoks\/#primaryimage"},"datePublished":"2026-05-05T12:36:18+00:00","dateModified":"2026-05-05T12:36:18+00:00","breadcrumb":{"@id":"https:\/\/spectrebaltics.com\/toode\/promotech-vaakumpadi-magnetpuurite-jaoks\/#breadcrumb"},"inLanguage":"en-US","potentialAction":[{"@type":"ReadAction","target":["https:\/\/spectrebaltics.com\/toode\/promotech-vaakumpadi-magnetpuurite-jaoks\/"]}]},{"@type":"BreadcrumbList","@id":"https:\/\/spectrebaltics.com\/toode\/promotech-vaakumpadi-magnetpuurite-jaoks\/#breadcrumb","itemListElement":[{"@type":"ListItem","position":1,"name":"Home","item":"https:\/\/spectrebaltics.com\/en\/"},{"@type":"ListItem","position":2,"name":"Catalogue","item":"https:\/\/spectrebaltics.com\/en\/catalogue\/"},{"@type":"ListItem","position":3,"name":"Promotech Vaakumpadi magnetpuurite jaoks"}]}]}},"_links":{"self":[{"href":"https:\/\/spectrebaltics.com\/en\/wp-json\/wp\/v2\/product\/12813"}],"collection":[{"href":"https:\/\/spectrebaltics.com\/en\/wp-json\/wp\/v2\/product"}],"about":[{"href":"https:\/\/spectrebaltics.com\/en\/wp-json\/wp\/v2\/types\/product"}],"wp:featuredmedia":[{"embeddable":true,"href":"https:\/\/spectrebaltics.com\/en\/wp-json\/wp\/v2\/media\/12814"}],"wp:attachment":[{"href":"https:\/\/spectrebaltics.com\/en\/wp-json\/wp\/v2\/media?parent=12813"}],"wp:term":[{"taxonomy":"product_cat","embeddable":true,"href":"https:\/\/spectrebaltics.com\/en\/wp-json\/wp\/v2\/product_cat?post=12813"},{"taxonomy":"product_tag","embeddable":true,"href":"https:\/\/spectrebaltics.com\/en\/wp-json\/wp\/v2\/product_tag?post=12813"}],"curies":[{"name":"wp","href":"https:\/\/api.w.org\/{rel}","templated":true}]}}