{"id":12817,"date":"2026-05-05T12:38:28","date_gmt":"2026-05-05T12:38:28","guid":{"rendered":"https:\/\/spectrebaltics.com\/?post_type=product&#038;p=12817"},"modified":"2026-05-05T12:38:28","modified_gmt":"2026-05-05T12:38:28","slug":"promotech-pro-40-ad-super-tugev-magnetbaasiga-madala-profiiliga-puur","status":"publish","type":"product","link":"https:\/\/spectrebaltics.com\/en\/toode\/promotech-pro-40-ad-super-tugev-magnetbaasiga-madala-profiiliga-puur\/","title":{"rendered":"Promotech PRO-40 AD | SUPER tugev magnetbaasiga madala profiiliga puur"},"content":{"rendered":"<p>PRO-40 AD on madala profiiliga magnetpuur, mis sobib k\u00f5ige kitsamatesse kohtadesse. Ideaalne lahendus igasugusteks rakendusteks kitsastes ruumides, kus t\u00fc\u00fcpilised magnetpuurmasinad on liiga suured. Selle v\u00f5imas mootor v\u00f5imaldab puurida kuni 40 mm (1-9\/16 tolli) l\u00e4bim\u00f5\u00f5duga ja kuni 40 mm (1-9\/16 tolli) s\u00fcgavustega auke. Uuenduslik \u00fclitugev magnetalus, millel on suur j\u00f5udlus \u00f5hupiludel, v\u00f5imaldab t\u00f6\u00f6tada isegi v\u00e4rvitud, roostes v\u00f5i \u00f5hukestel pindadel. Magnetilise adhesiooni kontroll (MPAC) kaitseb nii puurit kui ka operaatorit liiga \u00f5hukestel v\u00f5i ebapiisavatel pindadel t\u00f6\u00f6tamise eest, takistades mootori sissel\u00fclitumist, kui liimj\u00f5ud on ohtlikult madal. PRO-40 AD \u00fchildub nii TCT- kui ka HSS-l\u00f5ikuritega ja keerdpuuritega, millel on 19,05 mm (3\/4\u201d) Weldon-vars.<\/p>\n<p>Madala profiiliga magnetpuur, mille k\u00f5rgus on vaid 185 mm.<br \/>\n\u00dclitugev magnetiline alus hoidej\u00f5uga 1009 kgf (9900 N).<br \/>\nKompaktne ja kerge disain, kaalub vaid 10 kg.<br \/>\nFreesimisv\u00f5imsus kuni 40 mm r\u00f5ngasl\u00f5ikuritega.<br \/>\nSobib ka 19,05 mm (3\/4\u201d) Weldon-varrega keerdpuuritega.<br \/>\nPikendatud 45 mm k\u00e4ik v\u00f5imaldab kuni 40 mm l\u00f5ikes\u00fcgavust.<br \/>\nMagnetv\u00e4lja kuju kontroll (MFSC) tagab maksimaalse hoidej\u00f5u \u00f5hukeste materjalide puhul.<br \/>\n2-aastane garantii.<\/p>\n<p>Rohkem teavet:<\/p>\n<blockquote class=\"wp-embedded-content\" data-secret=\"pUuyHegB96\"><p><a href=\"https:\/\/www.promotech.eu\/product\/pro-40-ad-super-strong-mag-base-low-profile-drill\/\">PRO-40 AD | Super-Strong Mag Base Low Profile Drill<\/a><\/p><\/blockquote>\n<p><iframe class=\"wp-embedded-content\" sandbox=\"allow-scripts\" security=\"restricted\" style=\"position: absolute; clip: rect(1px, 1px, 1px, 1px);\" title=\"&#8222;PRO-40 AD | Super-Strong Mag Base Low Profile Drill&#8221; &#8212; PROMOTECH\" src=\"https:\/\/www.promotech.eu\/product\/pro-40-ad-super-strong-mag-base-low-profile-drill\/embed\/#?secret=191Vl1J0NI#?secret=pUuyHegB96\" data-secret=\"pUuyHegB96\" width=\"600\" height=\"338\" frameborder=\"0\" marginwidth=\"0\" marginheight=\"0\" scrolling=\"no\"><\/iframe><\/p>\n","protected":false},"excerpt":{"rendered":"<p>PRO-40 AD on madala profiiliga magnetpuur, mis sobib k\u00f5ige kitsamatesse kohtadesse. Ideaalne lahendus igasugusteks rakendusteks kitsastes ruumides, kus t\u00fc\u00fcpilised magnetpuurmasinad on liiga suured. Selle v\u00f5imas mootor v\u00f5imaldab puurida kuni 40 mm (1-9\/16 tolli) l\u00e4bim\u00f5\u00f5duga ja kuni 40 mm (1-9\/16 tolli) s\u00fcgavustega auke. Uuenduslik \u00fclitugev magnetalus, millel on suur j\u00f5udlus \u00f5hupiludel, v\u00f5imaldab t\u00f6\u00f6tada isegi v\u00e4rvitud, roostes&#8230;<\/p>\n","protected":false},"featured_media":12818,"template":"","meta":[],"product_cat":[326,119],"product_tag":[],"yoast_head":"<!-- This site is optimized with the Yoast SEO plugin v18.4.1 - https:\/\/yoast.com\/wordpress\/plugins\/seo\/ -->\n<title>Promotech PRO-40 AD | SUPER tugev magnetbaasiga madala profiiliga puur<\/title>\n<meta name=\"robots\" content=\"index, follow, max-snippet:-1, max-image-preview:large, max-video-preview:-1\" \/>\n<link rel=\"canonical\" href=\"https:\/\/spectrebaltics.com\/toode\/promotech-pro-40-ad-super-tugev-magnetbaasiga-madala-profiiliga-puur\/\" \/>\n<meta property=\"og:locale\" content=\"en_US\" \/>\n<meta property=\"og:type\" content=\"article\" \/>\n<meta property=\"og:title\" content=\"Promotech PRO-40 AD | SUPER tugev magnetbaasiga madala profiiliga puur\" \/>\n<meta property=\"og:description\" content=\"PRO-40 AD on madala profiiliga magnetpuur, mis sobib k\u00f5ige kitsamatesse kohtadesse. Ideaalne lahendus igasugusteks rakendusteks kitsastes ruumides, kus t\u00fc\u00fcpilised magnetpuurmasinad on liiga suured. Selle v\u00f5imas mootor v\u00f5imaldab puurida kuni 40 mm (1-9\/16 tolli) l\u00e4bim\u00f5\u00f5duga ja kuni 40 mm (1-9\/16 tolli) s\u00fcgavustega auke. Uuenduslik \u00fclitugev magnetalus, millel on suur j\u00f5udlus \u00f5hupiludel, v\u00f5imaldab t\u00f6\u00f6tada isegi v\u00e4rvitud, roostes...\" \/>\n<meta property=\"og:url\" content=\"https:\/\/spectrebaltics.com\/toode\/promotech-pro-40-ad-super-tugev-magnetbaasiga-madala-profiiliga-puur\/\" \/>\n<meta property=\"og:site_name\" content=\"Spectrebaltics\" \/>\n<meta property=\"og:image\" content=\"https:\/\/spectrebaltics.com\/wp-content\/uploads\/2026\/05\/pro-40-ad-super-strong-mag-base-low-profile-drill-1.png\" \/>\n\t<meta property=\"og:image:width\" content=\"900\" \/>\n\t<meta property=\"og:image:height\" content=\"1050\" \/>\n\t<meta property=\"og:image:type\" content=\"image\/png\" \/>\n<meta name=\"twitter:card\" content=\"summary_large_image\" \/>\n<meta name=\"twitter:label1\" content=\"Est. reading time\" \/>\n\t<meta name=\"twitter:data1\" content=\"1 minute\" \/>\n<script type=\"application\/ld+json\" class=\"yoast-schema-graph\">{\"@context\":\"https:\/\/schema.org\",\"@graph\":[{\"@type\":\"Organization\",\"@id\":\"https:\/\/spectrebaltics.com\/ru\/#organization\",\"name\":\"Spectrebaltics\",\"url\":\"https:\/\/spectrebaltics.com\/ru\/\",\"sameAs\":[],\"logo\":{\"@type\":\"ImageObject\",\"@id\":\"https:\/\/spectrebaltics.com\/ru\/#logo\",\"inLanguage\":\"en-US\",\"url\":\"https:\/\/spectrebaltics.com\/wp-content\/uploads\/2024\/03\/Spectrebaltics-logo.svg\",\"contentUrl\":\"https:\/\/spectrebaltics.com\/wp-content\/uploads\/2024\/03\/Spectrebaltics-logo.svg\",\"caption\":\"Spectrebaltics\"},\"image\":{\"@id\":\"https:\/\/spectrebaltics.com\/ru\/#logo\"}},{\"@type\":\"WebSite\",\"@id\":\"https:\/\/spectrebaltics.com\/ru\/#website\",\"url\":\"https:\/\/spectrebaltics.com\/ru\/\",\"name\":\"Spectrebaltics\",\"description\":\"\",\"publisher\":{\"@id\":\"https:\/\/spectrebaltics.com\/ru\/#organization\"},\"potentialAction\":[{\"@type\":\"SearchAction\",\"target\":{\"@type\":\"EntryPoint\",\"urlTemplate\":\"https:\/\/spectrebaltics.com\/ru\/?s={search_term_string}\"},\"query-input\":\"required name=search_term_string\"}],\"inLanguage\":\"en-US\"},{\"@type\":\"ImageObject\",\"@id\":\"https:\/\/spectrebaltics.com\/toode\/promotech-pro-40-ad-super-tugev-magnetbaasiga-madala-profiiliga-puur\/#primaryimage\",\"inLanguage\":\"en-US\",\"url\":\"https:\/\/spectrebaltics.com\/wp-content\/uploads\/2026\/05\/pro-40-ad-super-strong-mag-base-low-profile-drill-1.png\",\"contentUrl\":\"https:\/\/spectrebaltics.com\/wp-content\/uploads\/2026\/05\/pro-40-ad-super-strong-mag-base-low-profile-drill-1.png\",\"width\":900,\"height\":1050},{\"@type\":\"WebPage\",\"@id\":\"https:\/\/spectrebaltics.com\/toode\/promotech-pro-40-ad-super-tugev-magnetbaasiga-madala-profiiliga-puur\/#webpage\",\"url\":\"https:\/\/spectrebaltics.com\/toode\/promotech-pro-40-ad-super-tugev-magnetbaasiga-madala-profiiliga-puur\/\",\"name\":\"Promotech PRO-40 AD | SUPER tugev magnetbaasiga madala profiiliga puur\",\"isPartOf\":{\"@id\":\"https:\/\/spectrebaltics.com\/ru\/#website\"},\"primaryImageOfPage\":{\"@id\":\"https:\/\/spectrebaltics.com\/toode\/promotech-pro-40-ad-super-tugev-magnetbaasiga-madala-profiiliga-puur\/#primaryimage\"},\"datePublished\":\"2026-05-05T12:38:28+00:00\",\"dateModified\":\"2026-05-05T12:38:28+00:00\",\"breadcrumb\":{\"@id\":\"https:\/\/spectrebaltics.com\/toode\/promotech-pro-40-ad-super-tugev-magnetbaasiga-madala-profiiliga-puur\/#breadcrumb\"},\"inLanguage\":\"en-US\",\"potentialAction\":[{\"@type\":\"ReadAction\",\"target\":[\"https:\/\/spectrebaltics.com\/toode\/promotech-pro-40-ad-super-tugev-magnetbaasiga-madala-profiiliga-puur\/\"]}]},{\"@type\":\"BreadcrumbList\",\"@id\":\"https:\/\/spectrebaltics.com\/toode\/promotech-pro-40-ad-super-tugev-magnetbaasiga-madala-profiiliga-puur\/#breadcrumb\",\"itemListElement\":[{\"@type\":\"ListItem\",\"position\":1,\"name\":\"Home\",\"item\":\"https:\/\/spectrebaltics.com\/en\/\"},{\"@type\":\"ListItem\",\"position\":2,\"name\":\"Catalogue\",\"item\":\"https:\/\/spectrebaltics.com\/en\/catalogue\/\"},{\"@type\":\"ListItem\",\"position\":3,\"name\":\"Promotech PRO-40 AD | SUPER tugev magnetbaasiga madala profiiliga puur\"}]}]}<\/script>\n<!-- \/ Yoast SEO plugin. -->","yoast_head_json":{"title":"Promotech PRO-40 AD | SUPER tugev magnetbaasiga madala profiiliga puur","robots":{"index":"index","follow":"follow","max-snippet":"max-snippet:-1","max-image-preview":"max-image-preview:large","max-video-preview":"max-video-preview:-1"},"canonical":"https:\/\/spectrebaltics.com\/toode\/promotech-pro-40-ad-super-tugev-magnetbaasiga-madala-profiiliga-puur\/","og_locale":"en_US","og_type":"article","og_title":"Promotech PRO-40 AD | SUPER tugev magnetbaasiga madala profiiliga puur","og_description":"PRO-40 AD on madala profiiliga magnetpuur, mis sobib k\u00f5ige kitsamatesse kohtadesse. Ideaalne lahendus igasugusteks rakendusteks kitsastes ruumides, kus t\u00fc\u00fcpilised magnetpuurmasinad on liiga suured. Selle v\u00f5imas mootor v\u00f5imaldab puurida kuni 40 mm (1-9\/16 tolli) l\u00e4bim\u00f5\u00f5duga ja kuni 40 mm (1-9\/16 tolli) s\u00fcgavustega auke. Uuenduslik \u00fclitugev magnetalus, millel on suur j\u00f5udlus \u00f5hupiludel, v\u00f5imaldab t\u00f6\u00f6tada isegi v\u00e4rvitud, roostes...","og_url":"https:\/\/spectrebaltics.com\/toode\/promotech-pro-40-ad-super-tugev-magnetbaasiga-madala-profiiliga-puur\/","og_site_name":"Spectrebaltics","og_image":[{"width":900,"height":1050,"url":"https:\/\/spectrebaltics.com\/wp-content\/uploads\/2026\/05\/pro-40-ad-super-strong-mag-base-low-profile-drill-1.png","type":"image\/png"}],"twitter_card":"summary_large_image","twitter_misc":{"Est. reading time":"1 minute"},"schema":{"@context":"https:\/\/schema.org","@graph":[{"@type":"Organization","@id":"https:\/\/spectrebaltics.com\/ru\/#organization","name":"Spectrebaltics","url":"https:\/\/spectrebaltics.com\/ru\/","sameAs":[],"logo":{"@type":"ImageObject","@id":"https:\/\/spectrebaltics.com\/ru\/#logo","inLanguage":"en-US","url":"https:\/\/spectrebaltics.com\/wp-content\/uploads\/2024\/03\/Spectrebaltics-logo.svg","contentUrl":"https:\/\/spectrebaltics.com\/wp-content\/uploads\/2024\/03\/Spectrebaltics-logo.svg","caption":"Spectrebaltics"},"image":{"@id":"https:\/\/spectrebaltics.com\/ru\/#logo"}},{"@type":"WebSite","@id":"https:\/\/spectrebaltics.com\/ru\/#website","url":"https:\/\/spectrebaltics.com\/ru\/","name":"Spectrebaltics","description":"","publisher":{"@id":"https:\/\/spectrebaltics.com\/ru\/#organization"},"potentialAction":[{"@type":"SearchAction","target":{"@type":"EntryPoint","urlTemplate":"https:\/\/spectrebaltics.com\/ru\/?s={search_term_string}"},"query-input":"required name=search_term_string"}],"inLanguage":"en-US"},{"@type":"ImageObject","@id":"https:\/\/spectrebaltics.com\/toode\/promotech-pro-40-ad-super-tugev-magnetbaasiga-madala-profiiliga-puur\/#primaryimage","inLanguage":"en-US","url":"https:\/\/spectrebaltics.com\/wp-content\/uploads\/2026\/05\/pro-40-ad-super-strong-mag-base-low-profile-drill-1.png","contentUrl":"https:\/\/spectrebaltics.com\/wp-content\/uploads\/2026\/05\/pro-40-ad-super-strong-mag-base-low-profile-drill-1.png","width":900,"height":1050},{"@type":"WebPage","@id":"https:\/\/spectrebaltics.com\/toode\/promotech-pro-40-ad-super-tugev-magnetbaasiga-madala-profiiliga-puur\/#webpage","url":"https:\/\/spectrebaltics.com\/toode\/promotech-pro-40-ad-super-tugev-magnetbaasiga-madala-profiiliga-puur\/","name":"Promotech PRO-40 AD | SUPER tugev magnetbaasiga madala profiiliga puur","isPartOf":{"@id":"https:\/\/spectrebaltics.com\/ru\/#website"},"primaryImageOfPage":{"@id":"https:\/\/spectrebaltics.com\/toode\/promotech-pro-40-ad-super-tugev-magnetbaasiga-madala-profiiliga-puur\/#primaryimage"},"datePublished":"2026-05-05T12:38:28+00:00","dateModified":"2026-05-05T12:38:28+00:00","breadcrumb":{"@id":"https:\/\/spectrebaltics.com\/toode\/promotech-pro-40-ad-super-tugev-magnetbaasiga-madala-profiiliga-puur\/#breadcrumb"},"inLanguage":"en-US","potentialAction":[{"@type":"ReadAction","target":["https:\/\/spectrebaltics.com\/toode\/promotech-pro-40-ad-super-tugev-magnetbaasiga-madala-profiiliga-puur\/"]}]},{"@type":"BreadcrumbList","@id":"https:\/\/spectrebaltics.com\/toode\/promotech-pro-40-ad-super-tugev-magnetbaasiga-madala-profiiliga-puur\/#breadcrumb","itemListElement":[{"@type":"ListItem","position":1,"name":"Home","item":"https:\/\/spectrebaltics.com\/en\/"},{"@type":"ListItem","position":2,"name":"Catalogue","item":"https:\/\/spectrebaltics.com\/en\/catalogue\/"},{"@type":"ListItem","position":3,"name":"Promotech PRO-40 AD | SUPER tugev magnetbaasiga madala profiiliga puur"}]}]}},"_links":{"self":[{"href":"https:\/\/spectrebaltics.com\/en\/wp-json\/wp\/v2\/product\/12817"}],"collection":[{"href":"https:\/\/spectrebaltics.com\/en\/wp-json\/wp\/v2\/product"}],"about":[{"href":"https:\/\/spectrebaltics.com\/en\/wp-json\/wp\/v2\/types\/product"}],"wp:featuredmedia":[{"embeddable":true,"href":"https:\/\/spectrebaltics.com\/en\/wp-json\/wp\/v2\/media\/12818"}],"wp:attachment":[{"href":"https:\/\/spectrebaltics.com\/en\/wp-json\/wp\/v2\/media?parent=12817"}],"wp:term":[{"taxonomy":"product_cat","embeddable":true,"href":"https:\/\/spectrebaltics.com\/en\/wp-json\/wp\/v2\/product_cat?post=12817"},{"taxonomy":"product_tag","embeddable":true,"href":"https:\/\/spectrebaltics.com\/en\/wp-json\/wp\/v2\/product_tag?post=12817"}],"curies":[{"name":"wp","href":"https:\/\/api.w.org\/{rel}","templated":true}]}}