{"id":12825,"date":"2026-05-05T12:43:58","date_gmt":"2026-05-05T12:43:58","guid":{"rendered":"https:\/\/spectrebaltics.com\/?post_type=product&#038;p=12825"},"modified":"2026-05-05T12:43:58","modified_gmt":"2026-05-05T12:43:58","slug":"promotech-pro-36-t3-magnetic-puur-special-applications","status":"publish","type":"product","link":"https:\/\/spectrebaltics.com\/en\/toode\/promotech-pro-36-t3-magnetic-puur-special-applications\/","title":{"rendered":"Promotech PRO-36 T3 | Magnetic Puur Special Applications"},"content":{"rendered":"<p>Elektromagnetilise alusega masin on kohandatud terasprofiilidega t\u00f6\u00f6tamiseks, mis r\u00f5hutab selle v\u00f5imet t\u00f5husalt t\u00f6\u00f6tada minimaalse paksusega materjalidega. See on spetsiaalselt konstrueeritud k\u00e4sitlema kuni 3 mm paksuseid seinu. See v\u00f5imekus saavutatakse ainulaadse disaini abil, mis optimeerib magnetv\u00e4lja jaotust, tagades, et hoidej\u00f5ud j\u00e4\u00e4b tugevaks ja v\u00f5rreldavaks tavap\u00e4rase aluse omaga, mis suhtleb kahekordse paksusega materjalidega.<\/p>\n<p>See uuenduslik l\u00e4henemine magnetv\u00e4lja jaotusele t\u00e4hendab, et masina elektromagnetiline alus suudab s\u00e4ilitada tugeva ja usaldusv\u00e4\u00e4rse haarde \u00e4\u00e4rmiselt \u00f5hukeste materjalide puhul. See omadus on eriti kasulik \u00f5hukeste terasprofiilidega t\u00e4ppist\u00f6\u00f6de puhul, kus stabiilsuse ja t\u00e4psuse s\u00e4ilitamine on \u00fclioluline. V\u00f5imalus t\u00f6\u00f6tada t\u00f5husalt selliste \u00f5hukeste materjalidega avab uusi v\u00f5imalusi ehitus- ja tootmisprojektides, muutes selle masina v\u00e4\u00e4rtuslikuks t\u00f6\u00f6riistaks spetsialistidele, kes otsivad oma t\u00f6\u00f6s mitmek\u00fclgsust ja t\u00f5husust.<\/p>\n<p>Rohkem teavet:<\/p>\n<blockquote class=\"wp-embedded-content\" data-secret=\"txlJcsoOUI\"><p><a href=\"https:\/\/www.promotech.eu\/product\/pro-36-t3-drill-for-special-applications\/\">PRO-36 T3 | Drill for Special Applications<\/a><\/p><\/blockquote>\n<p><iframe class=\"wp-embedded-content\" sandbox=\"allow-scripts\" security=\"restricted\" style=\"position: absolute; clip: rect(1px, 1px, 1px, 1px);\" title=\"&#8222;PRO-36 T3 | Drill for Special Applications&#8221; &#8212; PROMOTECH\" src=\"https:\/\/www.promotech.eu\/product\/pro-36-t3-drill-for-special-applications\/embed\/#?secret=c1rSZj9YxN#?secret=txlJcsoOUI\" data-secret=\"txlJcsoOUI\" width=\"600\" height=\"338\" frameborder=\"0\" marginwidth=\"0\" marginheight=\"0\" scrolling=\"no\"><\/iframe><\/p>\n","protected":false},"excerpt":{"rendered":"<p>Elektromagnetilise alusega masin on kohandatud terasprofiilidega t\u00f6\u00f6tamiseks, mis r\u00f5hutab selle v\u00f5imet t\u00f5husalt t\u00f6\u00f6tada minimaalse paksusega materjalidega. See on spetsiaalselt konstrueeritud k\u00e4sitlema kuni 3 mm paksuseid seinu. See v\u00f5imekus saavutatakse ainulaadse disaini abil, mis optimeerib magnetv\u00e4lja jaotust, tagades, et hoidej\u00f5ud j\u00e4\u00e4b tugevaks ja v\u00f5rreldavaks tavap\u00e4rase aluse omaga, mis suhtleb kahekordse paksusega materjalidega. See uuenduslik l\u00e4henemine magnetv\u00e4lja&#8230;<\/p>\n","protected":false},"featured_media":12826,"template":"","meta":[],"product_cat":[326,119],"product_tag":[],"yoast_head":"<!-- This site is optimized with the Yoast SEO plugin v18.4.1 - https:\/\/yoast.com\/wordpress\/plugins\/seo\/ -->\n<title>Promotech PRO-36 T3 | Magnetic Puur Special Applications<\/title>\n<meta name=\"robots\" content=\"index, follow, max-snippet:-1, max-image-preview:large, max-video-preview:-1\" \/>\n<link rel=\"canonical\" href=\"https:\/\/spectrebaltics.com\/toode\/promotech-pro-36-t3-magnetic-puur-special-applications\/\" \/>\n<meta property=\"og:locale\" content=\"en_US\" \/>\n<meta property=\"og:type\" content=\"article\" \/>\n<meta property=\"og:title\" content=\"Promotech PRO-36 T3 | Magnetic Puur Special Applications\" \/>\n<meta property=\"og:description\" content=\"Elektromagnetilise alusega masin on kohandatud terasprofiilidega t\u00f6\u00f6tamiseks, mis r\u00f5hutab selle v\u00f5imet t\u00f5husalt t\u00f6\u00f6tada minimaalse paksusega materjalidega. See on spetsiaalselt konstrueeritud k\u00e4sitlema kuni 3 mm paksuseid seinu. See v\u00f5imekus saavutatakse ainulaadse disaini abil, mis optimeerib magnetv\u00e4lja jaotust, tagades, et hoidej\u00f5ud j\u00e4\u00e4b tugevaks ja v\u00f5rreldavaks tavap\u00e4rase aluse omaga, mis suhtleb kahekordse paksusega materjalidega. See uuenduslik l\u00e4henemine magnetv\u00e4lja...\" \/>\n<meta property=\"og:url\" content=\"https:\/\/spectrebaltics.com\/toode\/promotech-pro-36-t3-magnetic-puur-special-applications\/\" \/>\n<meta property=\"og:site_name\" content=\"Spectrebaltics\" \/>\n<meta property=\"og:image\" content=\"https:\/\/spectrebaltics.com\/wp-content\/uploads\/2026\/05\/pro-36-t3.png\" \/>\n\t<meta property=\"og:image:width\" content=\"900\" \/>\n\t<meta property=\"og:image:height\" content=\"962\" \/>\n\t<meta property=\"og:image:type\" content=\"image\/png\" \/>\n<meta name=\"twitter:card\" content=\"summary_large_image\" \/>\n<meta name=\"twitter:label1\" content=\"Est. reading time\" \/>\n\t<meta name=\"twitter:data1\" content=\"1 minute\" \/>\n<script type=\"application\/ld+json\" class=\"yoast-schema-graph\">{\"@context\":\"https:\/\/schema.org\",\"@graph\":[{\"@type\":\"Organization\",\"@id\":\"https:\/\/spectrebaltics.com\/ru\/#organization\",\"name\":\"Spectrebaltics\",\"url\":\"https:\/\/spectrebaltics.com\/ru\/\",\"sameAs\":[],\"logo\":{\"@type\":\"ImageObject\",\"@id\":\"https:\/\/spectrebaltics.com\/ru\/#logo\",\"inLanguage\":\"en-US\",\"url\":\"https:\/\/spectrebaltics.com\/wp-content\/uploads\/2024\/03\/Spectrebaltics-logo.svg\",\"contentUrl\":\"https:\/\/spectrebaltics.com\/wp-content\/uploads\/2024\/03\/Spectrebaltics-logo.svg\",\"caption\":\"Spectrebaltics\"},\"image\":{\"@id\":\"https:\/\/spectrebaltics.com\/ru\/#logo\"}},{\"@type\":\"WebSite\",\"@id\":\"https:\/\/spectrebaltics.com\/ru\/#website\",\"url\":\"https:\/\/spectrebaltics.com\/ru\/\",\"name\":\"Spectrebaltics\",\"description\":\"\",\"publisher\":{\"@id\":\"https:\/\/spectrebaltics.com\/ru\/#organization\"},\"potentialAction\":[{\"@type\":\"SearchAction\",\"target\":{\"@type\":\"EntryPoint\",\"urlTemplate\":\"https:\/\/spectrebaltics.com\/ru\/?s={search_term_string}\"},\"query-input\":\"required name=search_term_string\"}],\"inLanguage\":\"en-US\"},{\"@type\":\"ImageObject\",\"@id\":\"https:\/\/spectrebaltics.com\/toode\/promotech-pro-36-t3-magnetic-puur-special-applications\/#primaryimage\",\"inLanguage\":\"en-US\",\"url\":\"https:\/\/spectrebaltics.com\/wp-content\/uploads\/2026\/05\/pro-36-t3.png\",\"contentUrl\":\"https:\/\/spectrebaltics.com\/wp-content\/uploads\/2026\/05\/pro-36-t3.png\",\"width\":900,\"height\":962},{\"@type\":\"WebPage\",\"@id\":\"https:\/\/spectrebaltics.com\/toode\/promotech-pro-36-t3-magnetic-puur-special-applications\/#webpage\",\"url\":\"https:\/\/spectrebaltics.com\/toode\/promotech-pro-36-t3-magnetic-puur-special-applications\/\",\"name\":\"Promotech PRO-36 T3 | Magnetic Puur Special Applications\",\"isPartOf\":{\"@id\":\"https:\/\/spectrebaltics.com\/ru\/#website\"},\"primaryImageOfPage\":{\"@id\":\"https:\/\/spectrebaltics.com\/toode\/promotech-pro-36-t3-magnetic-puur-special-applications\/#primaryimage\"},\"datePublished\":\"2026-05-05T12:43:58+00:00\",\"dateModified\":\"2026-05-05T12:43:58+00:00\",\"breadcrumb\":{\"@id\":\"https:\/\/spectrebaltics.com\/toode\/promotech-pro-36-t3-magnetic-puur-special-applications\/#breadcrumb\"},\"inLanguage\":\"en-US\",\"potentialAction\":[{\"@type\":\"ReadAction\",\"target\":[\"https:\/\/spectrebaltics.com\/toode\/promotech-pro-36-t3-magnetic-puur-special-applications\/\"]}]},{\"@type\":\"BreadcrumbList\",\"@id\":\"https:\/\/spectrebaltics.com\/toode\/promotech-pro-36-t3-magnetic-puur-special-applications\/#breadcrumb\",\"itemListElement\":[{\"@type\":\"ListItem\",\"position\":1,\"name\":\"Home\",\"item\":\"https:\/\/spectrebaltics.com\/en\/\"},{\"@type\":\"ListItem\",\"position\":2,\"name\":\"Catalogue\",\"item\":\"https:\/\/spectrebaltics.com\/en\/catalogue\/\"},{\"@type\":\"ListItem\",\"position\":3,\"name\":\"Promotech PRO-36 T3 | Magnetic Puur Special Applications\"}]}]}<\/script>\n<!-- \/ Yoast SEO plugin. -->","yoast_head_json":{"title":"Promotech PRO-36 T3 | Magnetic Puur Special Applications","robots":{"index":"index","follow":"follow","max-snippet":"max-snippet:-1","max-image-preview":"max-image-preview:large","max-video-preview":"max-video-preview:-1"},"canonical":"https:\/\/spectrebaltics.com\/toode\/promotech-pro-36-t3-magnetic-puur-special-applications\/","og_locale":"en_US","og_type":"article","og_title":"Promotech PRO-36 T3 | Magnetic Puur Special Applications","og_description":"Elektromagnetilise alusega masin on kohandatud terasprofiilidega t\u00f6\u00f6tamiseks, mis r\u00f5hutab selle v\u00f5imet t\u00f5husalt t\u00f6\u00f6tada minimaalse paksusega materjalidega. See on spetsiaalselt konstrueeritud k\u00e4sitlema kuni 3 mm paksuseid seinu. See v\u00f5imekus saavutatakse ainulaadse disaini abil, mis optimeerib magnetv\u00e4lja jaotust, tagades, et hoidej\u00f5ud j\u00e4\u00e4b tugevaks ja v\u00f5rreldavaks tavap\u00e4rase aluse omaga, mis suhtleb kahekordse paksusega materjalidega. See uuenduslik l\u00e4henemine magnetv\u00e4lja...","og_url":"https:\/\/spectrebaltics.com\/toode\/promotech-pro-36-t3-magnetic-puur-special-applications\/","og_site_name":"Spectrebaltics","og_image":[{"width":900,"height":962,"url":"https:\/\/spectrebaltics.com\/wp-content\/uploads\/2026\/05\/pro-36-t3.png","type":"image\/png"}],"twitter_card":"summary_large_image","twitter_misc":{"Est. reading time":"1 minute"},"schema":{"@context":"https:\/\/schema.org","@graph":[{"@type":"Organization","@id":"https:\/\/spectrebaltics.com\/ru\/#organization","name":"Spectrebaltics","url":"https:\/\/spectrebaltics.com\/ru\/","sameAs":[],"logo":{"@type":"ImageObject","@id":"https:\/\/spectrebaltics.com\/ru\/#logo","inLanguage":"en-US","url":"https:\/\/spectrebaltics.com\/wp-content\/uploads\/2024\/03\/Spectrebaltics-logo.svg","contentUrl":"https:\/\/spectrebaltics.com\/wp-content\/uploads\/2024\/03\/Spectrebaltics-logo.svg","caption":"Spectrebaltics"},"image":{"@id":"https:\/\/spectrebaltics.com\/ru\/#logo"}},{"@type":"WebSite","@id":"https:\/\/spectrebaltics.com\/ru\/#website","url":"https:\/\/spectrebaltics.com\/ru\/","name":"Spectrebaltics","description":"","publisher":{"@id":"https:\/\/spectrebaltics.com\/ru\/#organization"},"potentialAction":[{"@type":"SearchAction","target":{"@type":"EntryPoint","urlTemplate":"https:\/\/spectrebaltics.com\/ru\/?s={search_term_string}"},"query-input":"required name=search_term_string"}],"inLanguage":"en-US"},{"@type":"ImageObject","@id":"https:\/\/spectrebaltics.com\/toode\/promotech-pro-36-t3-magnetic-puur-special-applications\/#primaryimage","inLanguage":"en-US","url":"https:\/\/spectrebaltics.com\/wp-content\/uploads\/2026\/05\/pro-36-t3.png","contentUrl":"https:\/\/spectrebaltics.com\/wp-content\/uploads\/2026\/05\/pro-36-t3.png","width":900,"height":962},{"@type":"WebPage","@id":"https:\/\/spectrebaltics.com\/toode\/promotech-pro-36-t3-magnetic-puur-special-applications\/#webpage","url":"https:\/\/spectrebaltics.com\/toode\/promotech-pro-36-t3-magnetic-puur-special-applications\/","name":"Promotech PRO-36 T3 | Magnetic Puur Special Applications","isPartOf":{"@id":"https:\/\/spectrebaltics.com\/ru\/#website"},"primaryImageOfPage":{"@id":"https:\/\/spectrebaltics.com\/toode\/promotech-pro-36-t3-magnetic-puur-special-applications\/#primaryimage"},"datePublished":"2026-05-05T12:43:58+00:00","dateModified":"2026-05-05T12:43:58+00:00","breadcrumb":{"@id":"https:\/\/spectrebaltics.com\/toode\/promotech-pro-36-t3-magnetic-puur-special-applications\/#breadcrumb"},"inLanguage":"en-US","potentialAction":[{"@type":"ReadAction","target":["https:\/\/spectrebaltics.com\/toode\/promotech-pro-36-t3-magnetic-puur-special-applications\/"]}]},{"@type":"BreadcrumbList","@id":"https:\/\/spectrebaltics.com\/toode\/promotech-pro-36-t3-magnetic-puur-special-applications\/#breadcrumb","itemListElement":[{"@type":"ListItem","position":1,"name":"Home","item":"https:\/\/spectrebaltics.com\/en\/"},{"@type":"ListItem","position":2,"name":"Catalogue","item":"https:\/\/spectrebaltics.com\/en\/catalogue\/"},{"@type":"ListItem","position":3,"name":"Promotech PRO-36 T3 | Magnetic Puur Special Applications"}]}]}},"_links":{"self":[{"href":"https:\/\/spectrebaltics.com\/en\/wp-json\/wp\/v2\/product\/12825"}],"collection":[{"href":"https:\/\/spectrebaltics.com\/en\/wp-json\/wp\/v2\/product"}],"about":[{"href":"https:\/\/spectrebaltics.com\/en\/wp-json\/wp\/v2\/types\/product"}],"wp:featuredmedia":[{"embeddable":true,"href":"https:\/\/spectrebaltics.com\/en\/wp-json\/wp\/v2\/media\/12826"}],"wp:attachment":[{"href":"https:\/\/spectrebaltics.com\/en\/wp-json\/wp\/v2\/media?parent=12825"}],"wp:term":[{"taxonomy":"product_cat","embeddable":true,"href":"https:\/\/spectrebaltics.com\/en\/wp-json\/wp\/v2\/product_cat?post=12825"},{"taxonomy":"product_tag","embeddable":true,"href":"https:\/\/spectrebaltics.com\/en\/wp-json\/wp\/v2\/product_tag?post=12825"}],"curies":[{"name":"wp","href":"https:\/\/api.w.org\/{rel}","templated":true}]}}