{"id":12837,"date":"2026-05-05T12:51:14","date_gmt":"2026-05-05T12:51:14","guid":{"rendered":"https:\/\/spectrebaltics.com\/?post_type=product&#038;p=12837"},"modified":"2026-05-05T12:51:14","modified_gmt":"2026-05-05T12:51:14","slug":"promotech-pro-36-auto-automaatse-sootmisega-magneetidega-puur","status":"publish","type":"product","link":"https:\/\/spectrebaltics.com\/en\/toode\/promotech-pro-36-auto-automaatse-sootmisega-magneetidega-puur\/","title":{"rendered":"Promotech PRO-36 Auto | Automaatse s\u00f6\u00f6tmisega magneetidega puur"},"content":{"rendered":"<p>PRO-36 AUTO on varustatud ainulaadse LED-j\u00e4lgimiss\u00fcsteemiga, mis n\u00e4itab puuri hetkeseisukorda ning annab t\u00e4iendavat ohutus- ja diagnostilist teavet. Auto Feed Smart Drive optimeerib iga t\u00f6\u00f6riista freesimisparameetreid individuaalselt, olenevalt selle t\u00fc\u00fcbist (HSS v\u00f5i TCT) ja ava l\u00e4bim\u00f5\u00f5dust 12 mm kuni 36 mm, mis pikendab oluliselt t\u00f6\u00f6riista eluiga. S\u00fcvistamine ja \u00f5hukeste toorikute t\u00f6\u00f6tlemine, kui LED-tuli n\u00e4itab madalat kinnitusj\u00f5udu (vilkuv roheline), on v\u00f5imalik ainult k\u00e4sitsire\u017eiimis.<\/p>\n<p>LED-j\u00e4lgimiss\u00fcsteem vilgub roheliselt, kui tuvastatakse ebapiisav haardumine nt t\u00fchimiku v\u00f5i \u00f5hukese tooriku t\u00f5ttu.<\/p>\n<p>Automaatne s\u00f6\u00f6tmise juhtimine peatab masina, kui l\u00f5ikur l\u00e4bib t\u00f6\u00f6riista.<\/p>\n<p>Kahe vardaga juhts\u00fcsteem tagab erakordse j\u00e4ikuse ja reguleerimisvaba t\u00f6\u00f6.<\/p>\n<p>\u00dclekoormuskaitse hoiab \u00e4ra masina v\u00e4\u00e4rkasutuse.<\/p>\n<p>Kallutusandur \u2013 mootori peatamiseks, kui masin t\u00f6\u00f6tamise ajal pinnast lahti tuleb.<\/p>\n<p>Magnetv\u00e4lja kuju juhtimine (MFSC) tagab maksimaalse kinnitusj\u00f5u \u00f5hukeste materjalide puhul.<\/p>\n<p>Suurem tootlikkus \u2013 \u00fcks operaator saab korraga juhtida mitut masinat.<br \/>\n2-aastane garantii.<\/p>\n<p>Rohkem teavet:<\/p>\n<blockquote class=\"wp-embedded-content\" data-secret=\"0vOjS6TBkq\"><p><a href=\"https:\/\/www.promotech.eu\/product\/pro-36-auto-auto-feed-mag-drill\/\">PRO-36 Auto | Auto Feed Mag Drill<\/a><\/p><\/blockquote>\n<p><iframe class=\"wp-embedded-content\" sandbox=\"allow-scripts\" security=\"restricted\" style=\"position: absolute; clip: rect(1px, 1px, 1px, 1px);\" title=\"&#8222;PRO-36 Auto | Auto Feed Mag Drill&#8221; &#8212; PROMOTECH\" src=\"https:\/\/www.promotech.eu\/product\/pro-36-auto-auto-feed-mag-drill\/embed\/#?secret=1WAgGv86Zr#?secret=0vOjS6TBkq\" data-secret=\"0vOjS6TBkq\" width=\"600\" height=\"338\" frameborder=\"0\" marginwidth=\"0\" marginheight=\"0\" scrolling=\"no\"><\/iframe><\/p>\n","protected":false},"excerpt":{"rendered":"<p>PRO-36 AUTO on varustatud ainulaadse LED-j\u00e4lgimiss\u00fcsteemiga, mis n\u00e4itab puuri hetkeseisukorda ning annab t\u00e4iendavat ohutus- ja diagnostilist teavet. Auto Feed Smart Drive optimeerib iga t\u00f6\u00f6riista freesimisparameetreid individuaalselt, olenevalt selle t\u00fc\u00fcbist (HSS v\u00f5i TCT) ja ava l\u00e4bim\u00f5\u00f5dust 12 mm kuni 36 mm, mis pikendab oluliselt t\u00f6\u00f6riista eluiga. S\u00fcvistamine ja \u00f5hukeste toorikute t\u00f6\u00f6tlemine, kui LED-tuli n\u00e4itab madalat kinnitusj\u00f5udu&#8230;<\/p>\n","protected":false},"featured_media":12838,"template":"","meta":[],"product_cat":[326,119],"product_tag":[],"yoast_head":"<!-- This site is optimized with the Yoast SEO plugin v18.4.1 - https:\/\/yoast.com\/wordpress\/plugins\/seo\/ -->\n<title>Promotech PRO-36 Auto | Automaatse s\u00f6\u00f6tmisega magneetidega puur<\/title>\n<meta name=\"robots\" content=\"index, follow, max-snippet:-1, max-image-preview:large, max-video-preview:-1\" \/>\n<link rel=\"canonical\" href=\"https:\/\/spectrebaltics.com\/toode\/promotech-pro-36-auto-automaatse-sootmisega-magneetidega-puur\/\" \/>\n<meta property=\"og:locale\" content=\"en_US\" \/>\n<meta property=\"og:type\" content=\"article\" \/>\n<meta property=\"og:title\" content=\"Promotech PRO-36 Auto | Automaatse s\u00f6\u00f6tmisega magneetidega puur\" \/>\n<meta property=\"og:description\" content=\"PRO-36 AUTO on varustatud ainulaadse LED-j\u00e4lgimiss\u00fcsteemiga, mis n\u00e4itab puuri hetkeseisukorda ning annab t\u00e4iendavat ohutus- ja diagnostilist teavet. Auto Feed Smart Drive optimeerib iga t\u00f6\u00f6riista freesimisparameetreid individuaalselt, olenevalt selle t\u00fc\u00fcbist (HSS v\u00f5i TCT) ja ava l\u00e4bim\u00f5\u00f5dust 12 mm kuni 36 mm, mis pikendab oluliselt t\u00f6\u00f6riista eluiga. S\u00fcvistamine ja \u00f5hukeste toorikute t\u00f6\u00f6tlemine, kui LED-tuli n\u00e4itab madalat kinnitusj\u00f5udu...\" \/>\n<meta property=\"og:url\" content=\"https:\/\/spectrebaltics.com\/toode\/promotech-pro-36-auto-automaatse-sootmisega-magneetidega-puur\/\" \/>\n<meta property=\"og:site_name\" content=\"Spectrebaltics\" \/>\n<meta name=\"twitter:card\" content=\"summary_large_image\" \/>\n<meta name=\"twitter:image\" content=\"https:\/\/spectrebaltics.com\/wp-content\/uploads\/2026\/05\/pro-36-auto-900x1050-1.webp\" \/>\n<meta name=\"twitter:label1\" content=\"Est. reading time\" \/>\n\t<meta name=\"twitter:data1\" content=\"1 minute\" \/>\n<script type=\"application\/ld+json\" class=\"yoast-schema-graph\">{\"@context\":\"https:\/\/schema.org\",\"@graph\":[{\"@type\":\"Organization\",\"@id\":\"https:\/\/spectrebaltics.com\/ru\/#organization\",\"name\":\"Spectrebaltics\",\"url\":\"https:\/\/spectrebaltics.com\/ru\/\",\"sameAs\":[],\"logo\":{\"@type\":\"ImageObject\",\"@id\":\"https:\/\/spectrebaltics.com\/ru\/#logo\",\"inLanguage\":\"en-US\",\"url\":\"https:\/\/spectrebaltics.com\/wp-content\/uploads\/2024\/03\/Spectrebaltics-logo.svg\",\"contentUrl\":\"https:\/\/spectrebaltics.com\/wp-content\/uploads\/2024\/03\/Spectrebaltics-logo.svg\",\"caption\":\"Spectrebaltics\"},\"image\":{\"@id\":\"https:\/\/spectrebaltics.com\/ru\/#logo\"}},{\"@type\":\"WebSite\",\"@id\":\"https:\/\/spectrebaltics.com\/ru\/#website\",\"url\":\"https:\/\/spectrebaltics.com\/ru\/\",\"name\":\"Spectrebaltics\",\"description\":\"\",\"publisher\":{\"@id\":\"https:\/\/spectrebaltics.com\/ru\/#organization\"},\"potentialAction\":[{\"@type\":\"SearchAction\",\"target\":{\"@type\":\"EntryPoint\",\"urlTemplate\":\"https:\/\/spectrebaltics.com\/ru\/?s={search_term_string}\"},\"query-input\":\"required name=search_term_string\"}],\"inLanguage\":\"en-US\"},{\"@type\":\"ImageObject\",\"@id\":\"https:\/\/spectrebaltics.com\/toode\/promotech-pro-36-auto-automaatse-sootmisega-magneetidega-puur\/#primaryimage\",\"inLanguage\":\"en-US\",\"url\":\"https:\/\/spectrebaltics.com\/wp-content\/uploads\/2026\/05\/pro-36-auto-900x1050-1.webp\",\"contentUrl\":\"https:\/\/spectrebaltics.com\/wp-content\/uploads\/2026\/05\/pro-36-auto-900x1050-1.webp\",\"width\":900,\"height\":1050},{\"@type\":\"WebPage\",\"@id\":\"https:\/\/spectrebaltics.com\/toode\/promotech-pro-36-auto-automaatse-sootmisega-magneetidega-puur\/#webpage\",\"url\":\"https:\/\/spectrebaltics.com\/toode\/promotech-pro-36-auto-automaatse-sootmisega-magneetidega-puur\/\",\"name\":\"Promotech PRO-36 Auto | Automaatse s\u00f6\u00f6tmisega magneetidega puur\",\"isPartOf\":{\"@id\":\"https:\/\/spectrebaltics.com\/ru\/#website\"},\"primaryImageOfPage\":{\"@id\":\"https:\/\/spectrebaltics.com\/toode\/promotech-pro-36-auto-automaatse-sootmisega-magneetidega-puur\/#primaryimage\"},\"datePublished\":\"2026-05-05T12:51:14+00:00\",\"dateModified\":\"2026-05-05T12:51:14+00:00\",\"breadcrumb\":{\"@id\":\"https:\/\/spectrebaltics.com\/toode\/promotech-pro-36-auto-automaatse-sootmisega-magneetidega-puur\/#breadcrumb\"},\"inLanguage\":\"en-US\",\"potentialAction\":[{\"@type\":\"ReadAction\",\"target\":[\"https:\/\/spectrebaltics.com\/toode\/promotech-pro-36-auto-automaatse-sootmisega-magneetidega-puur\/\"]}]},{\"@type\":\"BreadcrumbList\",\"@id\":\"https:\/\/spectrebaltics.com\/toode\/promotech-pro-36-auto-automaatse-sootmisega-magneetidega-puur\/#breadcrumb\",\"itemListElement\":[{\"@type\":\"ListItem\",\"position\":1,\"name\":\"Home\",\"item\":\"https:\/\/spectrebaltics.com\/en\/\"},{\"@type\":\"ListItem\",\"position\":2,\"name\":\"Catalogue\",\"item\":\"https:\/\/spectrebaltics.com\/en\/catalogue\/\"},{\"@type\":\"ListItem\",\"position\":3,\"name\":\"Promotech PRO-36 Auto | Automaatse s\u00f6\u00f6tmisega magneetidega puur\"}]}]}<\/script>\n<!-- \/ Yoast SEO plugin. -->","yoast_head_json":{"title":"Promotech PRO-36 Auto | Automaatse s\u00f6\u00f6tmisega magneetidega puur","robots":{"index":"index","follow":"follow","max-snippet":"max-snippet:-1","max-image-preview":"max-image-preview:large","max-video-preview":"max-video-preview:-1"},"canonical":"https:\/\/spectrebaltics.com\/toode\/promotech-pro-36-auto-automaatse-sootmisega-magneetidega-puur\/","og_locale":"en_US","og_type":"article","og_title":"Promotech PRO-36 Auto | Automaatse s\u00f6\u00f6tmisega magneetidega puur","og_description":"PRO-36 AUTO on varustatud ainulaadse LED-j\u00e4lgimiss\u00fcsteemiga, mis n\u00e4itab puuri hetkeseisukorda ning annab t\u00e4iendavat ohutus- ja diagnostilist teavet. Auto Feed Smart Drive optimeerib iga t\u00f6\u00f6riista freesimisparameetreid individuaalselt, olenevalt selle t\u00fc\u00fcbist (HSS v\u00f5i TCT) ja ava l\u00e4bim\u00f5\u00f5dust 12 mm kuni 36 mm, mis pikendab oluliselt t\u00f6\u00f6riista eluiga. S\u00fcvistamine ja \u00f5hukeste toorikute t\u00f6\u00f6tlemine, kui LED-tuli n\u00e4itab madalat kinnitusj\u00f5udu...","og_url":"https:\/\/spectrebaltics.com\/toode\/promotech-pro-36-auto-automaatse-sootmisega-magneetidega-puur\/","og_site_name":"Spectrebaltics","twitter_card":"summary_large_image","twitter_image":"https:\/\/spectrebaltics.com\/wp-content\/uploads\/2026\/05\/pro-36-auto-900x1050-1.webp","twitter_misc":{"Est. reading time":"1 minute"},"schema":{"@context":"https:\/\/schema.org","@graph":[{"@type":"Organization","@id":"https:\/\/spectrebaltics.com\/ru\/#organization","name":"Spectrebaltics","url":"https:\/\/spectrebaltics.com\/ru\/","sameAs":[],"logo":{"@type":"ImageObject","@id":"https:\/\/spectrebaltics.com\/ru\/#logo","inLanguage":"en-US","url":"https:\/\/spectrebaltics.com\/wp-content\/uploads\/2024\/03\/Spectrebaltics-logo.svg","contentUrl":"https:\/\/spectrebaltics.com\/wp-content\/uploads\/2024\/03\/Spectrebaltics-logo.svg","caption":"Spectrebaltics"},"image":{"@id":"https:\/\/spectrebaltics.com\/ru\/#logo"}},{"@type":"WebSite","@id":"https:\/\/spectrebaltics.com\/ru\/#website","url":"https:\/\/spectrebaltics.com\/ru\/","name":"Spectrebaltics","description":"","publisher":{"@id":"https:\/\/spectrebaltics.com\/ru\/#organization"},"potentialAction":[{"@type":"SearchAction","target":{"@type":"EntryPoint","urlTemplate":"https:\/\/spectrebaltics.com\/ru\/?s={search_term_string}"},"query-input":"required name=search_term_string"}],"inLanguage":"en-US"},{"@type":"ImageObject","@id":"https:\/\/spectrebaltics.com\/toode\/promotech-pro-36-auto-automaatse-sootmisega-magneetidega-puur\/#primaryimage","inLanguage":"en-US","url":"https:\/\/spectrebaltics.com\/wp-content\/uploads\/2026\/05\/pro-36-auto-900x1050-1.webp","contentUrl":"https:\/\/spectrebaltics.com\/wp-content\/uploads\/2026\/05\/pro-36-auto-900x1050-1.webp","width":900,"height":1050},{"@type":"WebPage","@id":"https:\/\/spectrebaltics.com\/toode\/promotech-pro-36-auto-automaatse-sootmisega-magneetidega-puur\/#webpage","url":"https:\/\/spectrebaltics.com\/toode\/promotech-pro-36-auto-automaatse-sootmisega-magneetidega-puur\/","name":"Promotech PRO-36 Auto | Automaatse s\u00f6\u00f6tmisega magneetidega puur","isPartOf":{"@id":"https:\/\/spectrebaltics.com\/ru\/#website"},"primaryImageOfPage":{"@id":"https:\/\/spectrebaltics.com\/toode\/promotech-pro-36-auto-automaatse-sootmisega-magneetidega-puur\/#primaryimage"},"datePublished":"2026-05-05T12:51:14+00:00","dateModified":"2026-05-05T12:51:14+00:00","breadcrumb":{"@id":"https:\/\/spectrebaltics.com\/toode\/promotech-pro-36-auto-automaatse-sootmisega-magneetidega-puur\/#breadcrumb"},"inLanguage":"en-US","potentialAction":[{"@type":"ReadAction","target":["https:\/\/spectrebaltics.com\/toode\/promotech-pro-36-auto-automaatse-sootmisega-magneetidega-puur\/"]}]},{"@type":"BreadcrumbList","@id":"https:\/\/spectrebaltics.com\/toode\/promotech-pro-36-auto-automaatse-sootmisega-magneetidega-puur\/#breadcrumb","itemListElement":[{"@type":"ListItem","position":1,"name":"Home","item":"https:\/\/spectrebaltics.com\/en\/"},{"@type":"ListItem","position":2,"name":"Catalogue","item":"https:\/\/spectrebaltics.com\/en\/catalogue\/"},{"@type":"ListItem","position":3,"name":"Promotech PRO-36 Auto | Automaatse s\u00f6\u00f6tmisega magneetidega puur"}]}]}},"_links":{"self":[{"href":"https:\/\/spectrebaltics.com\/en\/wp-json\/wp\/v2\/product\/12837"}],"collection":[{"href":"https:\/\/spectrebaltics.com\/en\/wp-json\/wp\/v2\/product"}],"about":[{"href":"https:\/\/spectrebaltics.com\/en\/wp-json\/wp\/v2\/types\/product"}],"wp:featuredmedia":[{"embeddable":true,"href":"https:\/\/spectrebaltics.com\/en\/wp-json\/wp\/v2\/media\/12838"}],"wp:attachment":[{"href":"https:\/\/spectrebaltics.com\/en\/wp-json\/wp\/v2\/media?parent=12837"}],"wp:term":[{"taxonomy":"product_cat","embeddable":true,"href":"https:\/\/spectrebaltics.com\/en\/wp-json\/wp\/v2\/product_cat?post=12837"},{"taxonomy":"product_tag","embeddable":true,"href":"https:\/\/spectrebaltics.com\/en\/wp-json\/wp\/v2\/product_tag?post=12837"}],"curies":[{"name":"wp","href":"https:\/\/api.w.org\/{rel}","templated":true}]}}